{"id":213455,"date":"2024-12-05T13:51:59","date_gmt":"2024-12-05T13:51:59","guid":{"rendered":"https:\/\/amaruantiques.com\/?post_type=product&#038;p=213455"},"modified":"2025-06-26T15:55:31","modified_gmt":"2025-06-26T15:55:31","slug":"anciens-seaux-en-metal-galvanise-vers-1920-ensemble-3-pieces-3-am14039-s3-3","status":"publish","type":"product","link":"https:\/\/amaruoptim.stg.uzero.cat\/fr\/meubles-anciens\/accessoires-de-jardin-anciens\/anciens-seaux-en-metal-galvanise-vers-1920-ensemble-3-pieces-3-am14039-s3-3\/","title":{"rendered":"Anciens seaux en m\u00e9tal galvanis\u00e9 (vers 1920). Ensemble 3 pi\u00e8ces #3"},"content":{"rendered":"<p><strong>Anciens seaux en m\u00e9tal galvanis\u00e9 <\/strong>(vers 1920)<\/p>\n<ul>\n<li><b>Dimensions :<\/b>\n<ul>\n<li>Seau #1 : Largeur : 47 cm Profondeur : 34 cm Hauteur : 31 cm<\/li>\n<li>Seau #2 : Largeur : 40 cm Profondeur : 29 cm Hauteur : 26 cm<\/li>\n<li>Seau #3 : Largeur : 36 cm Profondeur : 27 cm Hauteur : 23 cm<\/li>\n<\/ul>\n<\/li>\n<li><b>Style :<\/b> Rustique<\/li>\n<li><b>Mat\u00e9riaux et techniques :<\/b> Acier galvanis\u00e9<\/li>\n<li><b>Lieu d&#8217;origine :<\/b> France<\/li>\n<li><b>P\u00e9riode :<\/b> D\u00e9but du 20e si\u00e8cle<\/li>\n<li><b>Date de fabrication :<\/b> Vers 1900<\/li>\n<li><b>\u00c9tat :<\/b> Bon \u00e9tat. Usure correspond \u00e0 l&#8217;\u00e2ge et \u00e0 l&#8217;utilisation.<\/li>\n<\/ul>\n<p>Il est en excellent \u00e9tat de conservation, \u00e0 l&#8217;exception des imperfections caract\u00e9ristiques de toute antiquit\u00e9, dues au passage du temps.<\/p>\n<p>Ajoutez une touche d&#8217;originalit\u00e9 \u00e0 votre int\u00e9rieur avec ces pi\u00e8ces uniques, qui s&#8217;int\u00e8grent au style contemporain et apportent de la personnalit\u00e9 \u00e0 votre int\u00e9rieur. Cet ensemble de cubes en m\u00e9tal peut \u00eatre associ\u00e9 \u00e0 l&#8217;un de nos <a href=\"https:\/\/amaruantiques.com\/fr\/categoria-producto\/coussins-en-lin\/\">coussins en lin ancien<\/a>. ou avec nos <a href=\"https:\/\/amaruantiques.com\/fr\/categoria-producto\/ilots-de-cuisine-anciennes\/\">\u00eelots de cuisine<\/a> disponibles.<\/p>\n<p><em>PI\u00c8CES UNIQUES<\/em><\/p>\n","protected":false},"excerpt":{"rendered":"<p>Anciens seaux en m\u00e9tal galvanis\u00e9 (vers 1920) Dimensions : Seau #1 : Largeur : 47 cm Profondeur : 34 cm Hauteur : 31 cm Seau #2 : Largeur : 40 cm Profondeur : 29 cm Hauteur : 26 cm Seau #3 : Largeur : 36 cm Profondeur : 27 cm Hauteur : 23 cm Style [&hellip;]<\/p>\n","protected":false},"featured_media":190297,"template":"","meta":[],"product_brand":[],"product_cat":[638,634,628],"product_tag":[],"class_list":{"0":"post-213455","1":"product","2":"type-product","3":"status-publish","4":"has-post-thumbnail","6":"product_cat-autres-objets-et-artefacts-anciens","7":"product_cat-seaux-metalliques-anciens","8":"product_cat-accessoires-de-jardin-anciens","9":"product_shipping_class-large-150-fr","10":"pa_estilo-style-rustique","12":"first","13":"instock","14":"sold-individually","15":"taxable","16":"shipping-taxable","17":"purchasable","18":"product-type-simple"},"yoast_head":"<!-- This site is optimized with the Yoast SEO plugin v26.0 - https:\/\/yoast.com\/wordpress\/plugins\/seo\/ -->\n<title>Anciens seaux en m\u00e9tal | Seaux en m\u00e9tal | AMARU ANTIQUES<\/title>\n<meta name=\"description\" content=\"Anciens seaux en m\u00e9tal galvanis\u00e9 (vers 1920). Pi\u00e8ce unique en parfait \u00e9tat. Visitez notre site web et d\u00e9couvrez notre belle s\u00e9lection de seaux m\u00e9talliques anciens.\" \/>\n<meta name=\"robots\" content=\"index, follow, max-snippet:-1, max-image-preview:large, max-video-preview:-1\" \/>\n<link rel=\"canonical\" href=\"https:\/\/amaruoptim.stg.uzero.cat\/fr\/meubles-anciens\/accessoires-de-jardin-anciens\/anciens-seaux-en-metal-galvanise-vers-1920-ensemble-3-pieces-3-am14039-s3-3\/\" \/>\n<meta property=\"og:locale\" content=\"fr_FR\" \/>\n<meta property=\"og:type\" content=\"article\" \/>\n<meta property=\"og:title\" content=\"Anciens seaux en m\u00e9tal | Seaux en m\u00e9tal | AMARU ANTIQUES\" \/>\n<meta property=\"og:description\" content=\"Anciens seaux en m\u00e9tal galvanis\u00e9 (vers 1920). Pi\u00e8ce unique en parfait \u00e9tat. Visitez notre site web et d\u00e9couvrez notre belle s\u00e9lection de seaux m\u00e9talliques anciens.\" \/>\n<meta property=\"og:url\" content=\"https:\/\/amaruoptim.stg.uzero.cat\/fr\/meubles-anciens\/accessoires-de-jardin-anciens\/anciens-seaux-en-metal-galvanise-vers-1920-ensemble-3-pieces-3-am14039-s3-3\/\" \/>\n<meta property=\"og:site_name\" content=\"AMARU\" \/>\n<meta property=\"article:modified_time\" content=\"2025-06-26T15:55:31+00:00\" \/>\n<meta property=\"og:image\" content=\"https:\/\/amaruantiques.com\/wp-content\/uploads\/2025\/06\/AM14039-S3-3-D-6-1.jpg\" \/>\n\t<meta property=\"og:image:width\" content=\"1200\" \/>\n\t<meta property=\"og:image:height\" content=\"1200\" \/>\n\t<meta property=\"og:image:type\" content=\"image\/jpeg\" \/>\n<meta name=\"twitter:card\" content=\"summary_large_image\" \/>\n<meta name=\"twitter:label1\" content=\"Dur\u00e9e de lecture estim\u00e9e\" \/>\n\t<meta name=\"twitter:data1\" content=\"2 minutes\" \/>\n<!-- \/ Yoast SEO plugin. -->","yoast_head_json":{"title":"Anciens seaux en m\u00e9tal | Seaux en m\u00e9tal | AMARU ANTIQUES","description":"Anciens seaux en m\u00e9tal galvanis\u00e9 (vers 1920). Pi\u00e8ce unique en parfait \u00e9tat. Visitez notre site web et d\u00e9couvrez notre belle s\u00e9lection de seaux m\u00e9talliques anciens.","robots":{"index":"index","follow":"follow","max-snippet":"max-snippet:-1","max-image-preview":"max-image-preview:large","max-video-preview":"max-video-preview:-1"},"canonical":"https:\/\/amaruoptim.stg.uzero.cat\/fr\/meubles-anciens\/accessoires-de-jardin-anciens\/anciens-seaux-en-metal-galvanise-vers-1920-ensemble-3-pieces-3-am14039-s3-3\/","og_locale":"fr_FR","og_type":"article","og_title":"Anciens seaux en m\u00e9tal | Seaux en m\u00e9tal | AMARU ANTIQUES","og_description":"Anciens seaux en m\u00e9tal galvanis\u00e9 (vers 1920). Pi\u00e8ce unique en parfait \u00e9tat. Visitez notre site web et d\u00e9couvrez notre belle s\u00e9lection de seaux m\u00e9talliques anciens.","og_url":"https:\/\/amaruoptim.stg.uzero.cat\/fr\/meubles-anciens\/accessoires-de-jardin-anciens\/anciens-seaux-en-metal-galvanise-vers-1920-ensemble-3-pieces-3-am14039-s3-3\/","og_site_name":"AMARU","article_modified_time":"2025-06-26T15:55:31+00:00","og_image":[{"width":1200,"height":1200,"url":"https:\/\/amaruantiques.com\/wp-content\/uploads\/2025\/06\/AM14039-S3-3-D-6-1.jpg","type":"image\/jpeg"}],"twitter_card":"summary_large_image","twitter_misc":{"Dur\u00e9e de lecture estim\u00e9e":"2 minutes"},"schema":{"@context":"https:\/\/schema.org","@graph":[{"@type":"WebPage","@id":"https:\/\/amaruoptim.stg.uzero.cat\/fr\/meubles-anciens\/accessoires-de-jardin-anciens\/anciens-seaux-en-metal-galvanise-vers-1920-ensemble-3-pieces-3-am14039-s3-3\/","url":"https:\/\/amaruoptim.stg.uzero.cat\/fr\/meubles-anciens\/accessoires-de-jardin-anciens\/anciens-seaux-en-metal-galvanise-vers-1920-ensemble-3-pieces-3-am14039-s3-3\/","name":"Anciens seaux en m\u00e9tal | Seaux en m\u00e9tal | AMARU ANTIQUES","isPartOf":{"@id":"https:\/\/amaruantiques.com\/#website"},"primaryImageOfPage":{"@id":"https:\/\/amaruoptim.stg.uzero.cat\/fr\/meubles-anciens\/accessoires-de-jardin-anciens\/anciens-seaux-en-metal-galvanise-vers-1920-ensemble-3-pieces-3-am14039-s3-3\/#primaryimage"},"image":{"@id":"https:\/\/amaruoptim.stg.uzero.cat\/fr\/meubles-anciens\/accessoires-de-jardin-anciens\/anciens-seaux-en-metal-galvanise-vers-1920-ensemble-3-pieces-3-am14039-s3-3\/#primaryimage"},"thumbnailUrl":"https:\/\/amaruoptim.stg.uzero.cat\/wp-content\/uploads\/2025\/06\/AM14039-S3-3-D-6-1.jpg","datePublished":"2024-12-05T13:51:59+00:00","dateModified":"2025-06-26T15:55:31+00:00","description":"Anciens seaux en m\u00e9tal galvanis\u00e9 (vers 1920). Pi\u00e8ce unique en parfait \u00e9tat. Visitez notre site web et d\u00e9couvrez notre belle s\u00e9lection de seaux m\u00e9talliques anciens.","breadcrumb":{"@id":"https:\/\/amaruoptim.stg.uzero.cat\/fr\/meubles-anciens\/accessoires-de-jardin-anciens\/anciens-seaux-en-metal-galvanise-vers-1920-ensemble-3-pieces-3-am14039-s3-3\/#breadcrumb"},"inLanguage":"fr-FR","potentialAction":[{"@type":"ReadAction","target":["https:\/\/amaruoptim.stg.uzero.cat\/fr\/meubles-anciens\/accessoires-de-jardin-anciens\/anciens-seaux-en-metal-galvanise-vers-1920-ensemble-3-pieces-3-am14039-s3-3\/"]}]},{"@type":"ImageObject","inLanguage":"fr-FR","@id":"https:\/\/amaruoptim.stg.uzero.cat\/fr\/meubles-anciens\/accessoires-de-jardin-anciens\/anciens-seaux-en-metal-galvanise-vers-1920-ensemble-3-pieces-3-am14039-s3-3\/#primaryimage","url":"https:\/\/amaruoptim.stg.uzero.cat\/wp-content\/uploads\/2025\/06\/AM14039-S3-3-D-6-1.jpg","contentUrl":"https:\/\/amaruoptim.stg.uzero.cat\/wp-content\/uploads\/2025\/06\/AM14039-S3-3-D-6-1.jpg","width":1200,"height":1200},{"@type":"BreadcrumbList","@id":"https:\/\/amaruoptim.stg.uzero.cat\/fr\/meubles-anciens\/accessoires-de-jardin-anciens\/anciens-seaux-en-metal-galvanise-vers-1920-ensemble-3-pieces-3-am14039-s3-3\/#breadcrumb","itemListElement":[{"@type":"ListItem","position":1,"name":"Accueil","item":"https:\/\/amaruantiques.com\/fr\/"},{"@type":"ListItem","position":2,"name":"Boutique","item":"https:\/\/amaruantiques.com\/fr\/boutique\/"},{"@type":"ListItem","position":3,"name":"Anciens seaux en m\u00e9tal galvanis\u00e9 (vers 1920). Ensemble 3 pi\u00e8ces #3"}]},{"@type":"WebSite","@id":"https:\/\/amaruantiques.com\/#website","url":"https:\/\/amaruantiques.com\/","name":"AMARU - Timeless Antiques","description":"Timeless antiques","publisher":{"@id":"https:\/\/amaruantiques.com\/#organization"},"potentialAction":[{"@type":"SearchAction","target":{"@type":"EntryPoint","urlTemplate":"https:\/\/amaruantiques.com\/?s={search_term_string}"},"query-input":{"@type":"PropertyValueSpecification","valueRequired":true,"valueName":"search_term_string"}}],"inLanguage":"fr-FR"},{"@type":"Organization","@id":"https:\/\/amaruantiques.com\/#organization","name":"AMARU","url":"https:\/\/amaruantiques.com\/","logo":{"@type":"ImageObject","inLanguage":"fr-FR","@id":"https:\/\/amaruantiques.com\/#\/schema\/logo\/image\/","url":"https:\/\/amaruoptim.stg.uzero.cat\/wp-content\/uploads\/2025\/04\/logo-AMARU.svg","contentUrl":"https:\/\/amaruoptim.stg.uzero.cat\/wp-content\/uploads\/2025\/04\/logo-AMARU.svg","caption":"AMARU"},"image":{"@id":"https:\/\/amaruantiques.com\/#\/schema\/logo\/image\/"}}]}},"_links":{"self":[{"href":"https:\/\/amaruoptim.stg.uzero.cat\/fr\/wp-json\/wp\/v2\/product\/213455","targetHints":{"allow":["GET"]}}],"collection":[{"href":"https:\/\/amaruoptim.stg.uzero.cat\/fr\/wp-json\/wp\/v2\/product"}],"about":[{"href":"https:\/\/amaruoptim.stg.uzero.cat\/fr\/wp-json\/wp\/v2\/types\/product"}],"wp:featuredmedia":[{"embeddable":true,"href":"https:\/\/amaruoptim.stg.uzero.cat\/fr\/wp-json\/wp\/v2\/media\/190297"}],"wp:attachment":[{"href":"https:\/\/amaruoptim.stg.uzero.cat\/fr\/wp-json\/wp\/v2\/media?parent=213455"}],"wp:term":[{"taxonomy":"product_brand","embeddable":true,"href":"https:\/\/amaruoptim.stg.uzero.cat\/fr\/wp-json\/wp\/v2\/product_brand?post=213455"},{"taxonomy":"product_cat","embeddable":true,"href":"https:\/\/amaruoptim.stg.uzero.cat\/fr\/wp-json\/wp\/v2\/product_cat?post=213455"},{"taxonomy":"product_tag","embeddable":true,"href":"https:\/\/amaruoptim.stg.uzero.cat\/fr\/wp-json\/wp\/v2\/product_tag?post=213455"}],"curies":[{"name":"wp","href":"https:\/\/api.w.org\/{rel}","templated":true}]}}