{"id":213451,"date":"2024-12-05T11:33:29","date_gmt":"2024-12-05T11:33:29","guid":{"rendered":"https:\/\/amaruantiques.com\/?post_type=product&#038;p=213451"},"modified":"2025-06-26T15:55:29","modified_gmt":"2025-06-26T15:55:29","slug":"ancien-porte-manteau-en-fer-c-1920-1-am14036-1","status":"publish","type":"product","link":"https:\/\/amaruoptim.stg.uzero.cat\/fr\/meubles-anciens\/autres-objets-et-artefacts-anciens\/ancien-porte-manteau-en-fer-c-1920-1-am14036-1\/","title":{"rendered":"Ancien porte-manteau en fer (c.1920) #1"},"content":{"rendered":"<p><strong>Ancien porte-manteau en fer<\/strong> (c.1920)<\/p>\n<ul>\n<li><b>Dimensions : <\/b>Diam\u00e8tre : 62 cm Hauteur : 188 cm<\/li>\n<li><b>Style :<\/b> Art nouveau<\/li>\n<li><b>Mat\u00e9riaux et techniques :<\/b> Fer forg\u00e9<\/li>\n<li><b>Lieu d&#8217;origine :<\/b> France<\/li>\n<li><b>P\u00e9riode :<\/b> D\u00e9but du 20e si\u00e8cle<\/li>\n<li><b>Date de fabrication :<\/b> Vers 1900<\/li>\n<li><b>\u00c9tat :<\/b> Bon \u00e9tat. Usure correspond \u00e0 l&#8217;\u00e2ge et \u00e0 l&#8217;utilisation.<\/li>\n<\/ul>\n<p>Notre <em>porte-manteau d&#8217;entr\u00e9e <\/em>est une pi\u00e8ce unique qui se distingue par :<\/p>\n<ul>\n<li>Son design haut et fin le rend id\u00e9al pour l&#8217;entr\u00e9e de votre maison, de votre chambre ou de votre biblioth\u00e8que personnelle.<\/li>\n<li>Des crochets en bas ajoutent une fonctionnalit\u00e9 suppl\u00e9mentaire, id\u00e9ale pour les sacs, les parapluies ou les petits objets.<\/li>\n<li>Son savoir-faire de forgeron se retrouve dans les d\u00e9tails de notre portemanteau ancien.<\/li>\n<\/ul>\n<p>Il est en excellent \u00e9tat de conservation, \u00e0 l&#8217;exception des imperfections caract\u00e9ristiques de toute antiquit\u00e9, dues au passage du temps.<\/p>\n<p>Donnez \u00e0 votre int\u00e9rieur une touche d&#8217;originalit\u00e9 avec une pi\u00e8ce unique qui s&#8217;int\u00e8gre dans le style contemporain et apporte de la personnalit\u00e9 \u00e0 votre int\u00e9rieur. Ce porte-manteau en fer peut \u00eatre combin\u00e9 avec l&#8217;un de nos <a href=\"https:\/\/amaruantiques.com\/fr\/categoria-producto\/fauteuils-anciens-bouffees-anciens\/\">fauteuils<\/a> ou avec nos <a href=\"https:\/\/amaruantiques.com\/fr\/categoria-producto\/consoles-anciennes\/\">tables consoles anciennes<\/a> disponibles.<\/p>\n<p><em>PI\u00c8CE UNIQUE<\/em><\/p>\n","protected":false},"excerpt":{"rendered":"<p>Ancien porte-manteau en fer (c.1920) Dimensions : Diam\u00e8tre : 62 cm Hauteur : 188 cm Style : Art nouveau Mat\u00e9riaux et techniques : Fer forg\u00e9 Lieu d&#8217;origine : France P\u00e9riode : D\u00e9but du 20e si\u00e8cle Date de fabrication : Vers 1900 \u00c9tat : Bon \u00e9tat. Usure correspond \u00e0 l&#8217;\u00e2ge et \u00e0 l&#8217;utilisation. Notre porte-manteau d&#8217;entr\u00e9e [&hellip;]<\/p>\n","protected":false},"featured_media":190192,"template":"","meta":[],"product_brand":[],"product_cat":[638],"product_tag":[],"class_list":{"0":"post-213451","1":"product","2":"type-product","3":"status-publish","4":"has-post-thumbnail","6":"product_cat-autres-objets-et-artefacts-anciens","7":"product_shipping_class-gran-cargo-625-fr","8":"pa_estilo-art-nouveau-fr","10":"first","11":"instock","12":"sale","13":"sold-individually","14":"taxable","15":"shipping-taxable","16":"purchasable","17":"product-type-simple"},"yoast_head":"<!-- This site is optimized with the Yoast SEO plugin v26.0 - https:\/\/yoast.com\/wordpress\/plugins\/seo\/ -->\n<title>Ancien porte-manteau en fer | Porte-manteau ancien | AMARU ANTIQUES<\/title>\n<meta name=\"description\" content=\"Ancien porte-manteau en fer (vers 1920). Bienvenue dans notre galerie de meubles anciens et de pi\u00e8ces uniques collect\u00e9s \u00e0 travers l&#039;Europe et l&#039;Asie.\" \/>\n<meta name=\"robots\" content=\"index, follow, max-snippet:-1, max-image-preview:large, max-video-preview:-1\" \/>\n<link rel=\"canonical\" href=\"https:\/\/amaruoptim.stg.uzero.cat\/fr\/meubles-anciens\/autres-objets-et-artefacts-anciens\/ancien-porte-manteau-en-fer-c-1920-1-am14036-1\/\" \/>\n<meta property=\"og:locale\" content=\"fr_FR\" \/>\n<meta property=\"og:type\" content=\"article\" \/>\n<meta property=\"og:title\" content=\"Ancien porte-manteau en fer | Porte-manteau ancien | AMARU ANTIQUES\" \/>\n<meta property=\"og:description\" content=\"Ancien porte-manteau en fer (vers 1920). Bienvenue dans notre galerie de meubles anciens et de pi\u00e8ces uniques collect\u00e9s \u00e0 travers l&#039;Europe et l&#039;Asie.\" \/>\n<meta property=\"og:url\" content=\"https:\/\/amaruoptim.stg.uzero.cat\/fr\/meubles-anciens\/autres-objets-et-artefacts-anciens\/ancien-porte-manteau-en-fer-c-1920-1-am14036-1\/\" \/>\n<meta property=\"og:site_name\" content=\"AMARU\" \/>\n<meta property=\"article:modified_time\" content=\"2025-06-26T15:55:29+00:00\" \/>\n<meta property=\"og:image\" content=\"https:\/\/amaruantiques.com\/wp-content\/uploads\/2025\/06\/AM14036-1-D-1-1.jpg\" \/>\n\t<meta property=\"og:image:width\" content=\"1200\" \/>\n\t<meta property=\"og:image:height\" content=\"1200\" \/>\n\t<meta property=\"og:image:type\" content=\"image\/jpeg\" \/>\n<meta name=\"twitter:card\" content=\"summary_large_image\" \/>\n<meta name=\"twitter:label1\" content=\"Dur\u00e9e de lecture estim\u00e9e\" \/>\n\t<meta name=\"twitter:data1\" content=\"2 minutes\" \/>\n<!-- \/ Yoast SEO plugin. -->","yoast_head_json":{"title":"Ancien porte-manteau en fer | Porte-manteau ancien | AMARU ANTIQUES","description":"Ancien porte-manteau en fer (vers 1920). Bienvenue dans notre galerie de meubles anciens et de pi\u00e8ces uniques collect\u00e9s \u00e0 travers l'Europe et l'Asie.","robots":{"index":"index","follow":"follow","max-snippet":"max-snippet:-1","max-image-preview":"max-image-preview:large","max-video-preview":"max-video-preview:-1"},"canonical":"https:\/\/amaruoptim.stg.uzero.cat\/fr\/meubles-anciens\/autres-objets-et-artefacts-anciens\/ancien-porte-manteau-en-fer-c-1920-1-am14036-1\/","og_locale":"fr_FR","og_type":"article","og_title":"Ancien porte-manteau en fer | Porte-manteau ancien | AMARU ANTIQUES","og_description":"Ancien porte-manteau en fer (vers 1920). Bienvenue dans notre galerie de meubles anciens et de pi\u00e8ces uniques collect\u00e9s \u00e0 travers l'Europe et l'Asie.","og_url":"https:\/\/amaruoptim.stg.uzero.cat\/fr\/meubles-anciens\/autres-objets-et-artefacts-anciens\/ancien-porte-manteau-en-fer-c-1920-1-am14036-1\/","og_site_name":"AMARU","article_modified_time":"2025-06-26T15:55:29+00:00","og_image":[{"width":1200,"height":1200,"url":"https:\/\/amaruantiques.com\/wp-content\/uploads\/2025\/06\/AM14036-1-D-1-1.jpg","type":"image\/jpeg"}],"twitter_card":"summary_large_image","twitter_misc":{"Dur\u00e9e de lecture estim\u00e9e":"2 minutes"},"schema":{"@context":"https:\/\/schema.org","@graph":[{"@type":"WebPage","@id":"https:\/\/amaruoptim.stg.uzero.cat\/fr\/meubles-anciens\/autres-objets-et-artefacts-anciens\/ancien-porte-manteau-en-fer-c-1920-1-am14036-1\/","url":"https:\/\/amaruoptim.stg.uzero.cat\/fr\/meubles-anciens\/autres-objets-et-artefacts-anciens\/ancien-porte-manteau-en-fer-c-1920-1-am14036-1\/","name":"Ancien porte-manteau en fer | Porte-manteau ancien | AMARU ANTIQUES","isPartOf":{"@id":"https:\/\/amaruantiques.com\/#website"},"primaryImageOfPage":{"@id":"https:\/\/amaruoptim.stg.uzero.cat\/fr\/meubles-anciens\/autres-objets-et-artefacts-anciens\/ancien-porte-manteau-en-fer-c-1920-1-am14036-1\/#primaryimage"},"image":{"@id":"https:\/\/amaruoptim.stg.uzero.cat\/fr\/meubles-anciens\/autres-objets-et-artefacts-anciens\/ancien-porte-manteau-en-fer-c-1920-1-am14036-1\/#primaryimage"},"thumbnailUrl":"https:\/\/amaruoptim.stg.uzero.cat\/wp-content\/uploads\/2025\/06\/AM14036-1-D-1-1.jpg","datePublished":"2024-12-05T11:33:29+00:00","dateModified":"2025-06-26T15:55:29+00:00","description":"Ancien porte-manteau en fer (vers 1920). Bienvenue dans notre galerie de meubles anciens et de pi\u00e8ces uniques collect\u00e9s \u00e0 travers l'Europe et l'Asie.","breadcrumb":{"@id":"https:\/\/amaruoptim.stg.uzero.cat\/fr\/meubles-anciens\/autres-objets-et-artefacts-anciens\/ancien-porte-manteau-en-fer-c-1920-1-am14036-1\/#breadcrumb"},"inLanguage":"fr-FR","potentialAction":[{"@type":"ReadAction","target":["https:\/\/amaruoptim.stg.uzero.cat\/fr\/meubles-anciens\/autres-objets-et-artefacts-anciens\/ancien-porte-manteau-en-fer-c-1920-1-am14036-1\/"]}]},{"@type":"ImageObject","inLanguage":"fr-FR","@id":"https:\/\/amaruoptim.stg.uzero.cat\/fr\/meubles-anciens\/autres-objets-et-artefacts-anciens\/ancien-porte-manteau-en-fer-c-1920-1-am14036-1\/#primaryimage","url":"https:\/\/amaruoptim.stg.uzero.cat\/wp-content\/uploads\/2025\/06\/AM14036-1-D-1-1.jpg","contentUrl":"https:\/\/amaruoptim.stg.uzero.cat\/wp-content\/uploads\/2025\/06\/AM14036-1-D-1-1.jpg","width":1200,"height":1200},{"@type":"BreadcrumbList","@id":"https:\/\/amaruoptim.stg.uzero.cat\/fr\/meubles-anciens\/autres-objets-et-artefacts-anciens\/ancien-porte-manteau-en-fer-c-1920-1-am14036-1\/#breadcrumb","itemListElement":[{"@type":"ListItem","position":1,"name":"Accueil","item":"https:\/\/amaruantiques.com\/fr\/"},{"@type":"ListItem","position":2,"name":"Boutique","item":"https:\/\/amaruantiques.com\/fr\/boutique\/"},{"@type":"ListItem","position":3,"name":"Ancien porte-manteau en fer (c.1920) #1"}]},{"@type":"WebSite","@id":"https:\/\/amaruantiques.com\/#website","url":"https:\/\/amaruantiques.com\/","name":"AMARU - Timeless Antiques","description":"Timeless antiques","publisher":{"@id":"https:\/\/amaruantiques.com\/#organization"},"potentialAction":[{"@type":"SearchAction","target":{"@type":"EntryPoint","urlTemplate":"https:\/\/amaruantiques.com\/?s={search_term_string}"},"query-input":{"@type":"PropertyValueSpecification","valueRequired":true,"valueName":"search_term_string"}}],"inLanguage":"fr-FR"},{"@type":"Organization","@id":"https:\/\/amaruantiques.com\/#organization","name":"AMARU","url":"https:\/\/amaruantiques.com\/","logo":{"@type":"ImageObject","inLanguage":"fr-FR","@id":"https:\/\/amaruantiques.com\/#\/schema\/logo\/image\/","url":"https:\/\/amaruoptim.stg.uzero.cat\/wp-content\/uploads\/2025\/04\/logo-AMARU.svg","contentUrl":"https:\/\/amaruoptim.stg.uzero.cat\/wp-content\/uploads\/2025\/04\/logo-AMARU.svg","caption":"AMARU"},"image":{"@id":"https:\/\/amaruantiques.com\/#\/schema\/logo\/image\/"}}]}},"_links":{"self":[{"href":"https:\/\/amaruoptim.stg.uzero.cat\/fr\/wp-json\/wp\/v2\/product\/213451","targetHints":{"allow":["GET"]}}],"collection":[{"href":"https:\/\/amaruoptim.stg.uzero.cat\/fr\/wp-json\/wp\/v2\/product"}],"about":[{"href":"https:\/\/amaruoptim.stg.uzero.cat\/fr\/wp-json\/wp\/v2\/types\/product"}],"wp:featuredmedia":[{"embeddable":true,"href":"https:\/\/amaruoptim.stg.uzero.cat\/fr\/wp-json\/wp\/v2\/media\/190192"}],"wp:attachment":[{"href":"https:\/\/amaruoptim.stg.uzero.cat\/fr\/wp-json\/wp\/v2\/media?parent=213451"}],"wp:term":[{"taxonomy":"product_brand","embeddable":true,"href":"https:\/\/amaruoptim.stg.uzero.cat\/fr\/wp-json\/wp\/v2\/product_brand?post=213451"},{"taxonomy":"product_cat","embeddable":true,"href":"https:\/\/amaruoptim.stg.uzero.cat\/fr\/wp-json\/wp\/v2\/product_cat?post=213451"},{"taxonomy":"product_tag","embeddable":true,"href":"https:\/\/amaruoptim.stg.uzero.cat\/fr\/wp-json\/wp\/v2\/product_tag?post=213451"}],"curies":[{"name":"wp","href":"https:\/\/api.w.org\/{rel}","templated":true}]}}