{"id":213445,"date":"2024-12-05T09:43:16","date_gmt":"2024-12-05T09:43:17","guid":{"rendered":"https:\/\/amaruantiques.com\/?post_type=product&#038;p=213445"},"modified":"2025-06-26T15:55:27","modified_gmt":"2025-06-26T15:55:27","slug":"ancien-plateau-a-fromage-c-1920-12-am16111-12","status":"publish","type":"product","link":"https:\/\/amaruoptim.stg.uzero.cat\/fr\/meubles-anciens\/planches-a-decouper-anciennes\/ancien-plateau-a-fromage-c-1920-12-am16111-12\/","title":{"rendered":"Ancien plateau \u00e0 fromage (c.1920) #12"},"content":{"rendered":"<p><strong>Ancien plateau \u00e0 fromage <\/strong>(c.1920)<\/p>\n<ul>\n<li><b>Dimensions : <\/b>Largeur : 71 cm Profondeur : 38 cm Hauteur : 2 cm<\/li>\n<li><b>Style :<\/b> Rustique<\/li>\n<li><b>Mat\u00e9riaux et techniques :<\/b> Ch\u00eane<\/li>\n<li><b>Lieu d&#8217;origine :<\/b> France<\/li>\n<li><b>P\u00e9riode :<\/b> D\u00e9but du 20e si\u00e8cle<\/li>\n<li><b>Date de fabrication :<\/b> Vers 1920<\/li>\n<li><b>\u00c9tat :<\/b> Bon \u00e9tat. Usure correspond \u00e0 l&#8217;\u00e2ge et \u00e0 l&#8217;utilisation.<\/li>\n<\/ul>\n<p>Il est en excellent \u00e9tat de conservation, \u00e0 l&#8217;exception des imperfections caract\u00e9ristiques de toute antiquit\u00e9, dues au passage du temps.<\/p>\n<p>Donnez \u00e0 votre int\u00e9rieur une touche d&#8217;originalit\u00e9 avec cette pi\u00e8ce unique, qui se fond dans le style contemporain et apporte de la personnalit\u00e9 \u00e0 votre int\u00e9rieur. Ce plateau \u00e0 fromage ancien peut \u00eatre combin\u00e9 avec l&#8217;une de nos <a href=\"https:\/\/amaruantiques.com\/fr\/categoria-producto\/tables-dappoint-tables-du-salon-et-tables-basses\/\"> tables basses<\/a> ou avec l&#8217;un de nos<a href=\"https:\/\/amaruantiques.com\/fr\/categoria-producto\/anciens-vases\/\"> vases anciens<\/a> disponibles.<\/p>\n<p><em>PI\u00c8CE UNIQUE<\/em><\/p>\n","protected":false},"excerpt":{"rendered":"<p>Ancien plateau \u00e0 fromage (c.1920) Dimensions : Largeur : 71 cm Profondeur : 38 cm Hauteur : 2 cm Style : Rustique Mat\u00e9riaux et techniques : Ch\u00eane Lieu d&#8217;origine : France P\u00e9riode : D\u00e9but du 20e si\u00e8cle Date de fabrication : Vers 1920 \u00c9tat : Bon \u00e9tat. Usure correspond \u00e0 l&#8217;\u00e2ge et \u00e0 l&#8217;utilisation. Il [&hellip;]<\/p>\n","protected":false},"featured_media":190065,"template":"","meta":[],"product_brand":[],"product_cat":[632],"product_tag":[],"class_list":{"0":"post-213445","1":"product","2":"type-product","3":"status-publish","4":"has-post-thumbnail","6":"product_cat-planches-a-decouper-anciennes","7":"product_shipping_class-small-50-fr","8":"pa_estilo-provencal-francais","10":"first","11":"instock","12":"sold-individually","13":"taxable","14":"shipping-taxable","15":"purchasable","16":"product-type-simple"},"yoast_head":"<!-- This site is optimized with the Yoast SEO plugin v26.0 - https:\/\/yoast.com\/wordpress\/plugins\/seo\/ -->\n<title>Ancienne planche \u00e0 fromage | Grande planche \u00e0 d\u00e9couper | AMARU<\/title>\n<meta name=\"description\" content=\"Ancien plateau \u00e0 fromage (c.1920). Pi\u00e8ce unique en parfait \u00e9tat. Visitez notre site web et d\u00e9couvrez notre belle s\u00e9lection de bancs anciens.\" \/>\n<meta name=\"robots\" content=\"index, follow, max-snippet:-1, max-image-preview:large, max-video-preview:-1\" \/>\n<link rel=\"canonical\" href=\"https:\/\/amaruoptim.stg.uzero.cat\/fr\/meubles-anciens\/planches-a-decouper-anciennes\/ancien-plateau-a-fromage-c-1920-12-am16111-12\/\" \/>\n<meta property=\"og:locale\" content=\"fr_FR\" \/>\n<meta property=\"og:type\" content=\"article\" \/>\n<meta property=\"og:title\" content=\"Ancienne planche \u00e0 fromage | Grande planche \u00e0 d\u00e9couper | AMARU\" \/>\n<meta property=\"og:description\" content=\"Ancien plateau \u00e0 fromage (c.1920). Pi\u00e8ce unique en parfait \u00e9tat. Visitez notre site web et d\u00e9couvrez notre belle s\u00e9lection de bancs anciens.\" \/>\n<meta property=\"og:url\" content=\"https:\/\/amaruoptim.stg.uzero.cat\/fr\/meubles-anciens\/planches-a-decouper-anciennes\/ancien-plateau-a-fromage-c-1920-12-am16111-12\/\" \/>\n<meta property=\"og:site_name\" content=\"AMARU\" \/>\n<meta property=\"article:modified_time\" content=\"2025-06-26T15:55:27+00:00\" \/>\n<meta property=\"og:image\" content=\"https:\/\/amaruantiques.com\/wp-content\/uploads\/2025\/06\/AM16111-12-D-2-1.jpg\" \/>\n\t<meta property=\"og:image:width\" content=\"1200\" \/>\n\t<meta property=\"og:image:height\" content=\"1200\" \/>\n\t<meta property=\"og:image:type\" content=\"image\/jpeg\" \/>\n<meta name=\"twitter:card\" content=\"summary_large_image\" \/>\n<meta name=\"twitter:label1\" content=\"Dur\u00e9e de lecture estim\u00e9e\" \/>\n\t<meta name=\"twitter:data1\" content=\"1 minute\" \/>\n<!-- \/ Yoast SEO plugin. -->","yoast_head_json":{"title":"Ancienne planche \u00e0 fromage | Grande planche \u00e0 d\u00e9couper | AMARU","description":"Ancien plateau \u00e0 fromage (c.1920). Pi\u00e8ce unique en parfait \u00e9tat. Visitez notre site web et d\u00e9couvrez notre belle s\u00e9lection de bancs anciens.","robots":{"index":"index","follow":"follow","max-snippet":"max-snippet:-1","max-image-preview":"max-image-preview:large","max-video-preview":"max-video-preview:-1"},"canonical":"https:\/\/amaruoptim.stg.uzero.cat\/fr\/meubles-anciens\/planches-a-decouper-anciennes\/ancien-plateau-a-fromage-c-1920-12-am16111-12\/","og_locale":"fr_FR","og_type":"article","og_title":"Ancienne planche \u00e0 fromage | Grande planche \u00e0 d\u00e9couper | AMARU","og_description":"Ancien plateau \u00e0 fromage (c.1920). Pi\u00e8ce unique en parfait \u00e9tat. Visitez notre site web et d\u00e9couvrez notre belle s\u00e9lection de bancs anciens.","og_url":"https:\/\/amaruoptim.stg.uzero.cat\/fr\/meubles-anciens\/planches-a-decouper-anciennes\/ancien-plateau-a-fromage-c-1920-12-am16111-12\/","og_site_name":"AMARU","article_modified_time":"2025-06-26T15:55:27+00:00","og_image":[{"width":1200,"height":1200,"url":"https:\/\/amaruantiques.com\/wp-content\/uploads\/2025\/06\/AM16111-12-D-2-1.jpg","type":"image\/jpeg"}],"twitter_card":"summary_large_image","twitter_misc":{"Dur\u00e9e de lecture estim\u00e9e":"1 minute"},"schema":{"@context":"https:\/\/schema.org","@graph":[{"@type":"WebPage","@id":"https:\/\/amaruoptim.stg.uzero.cat\/fr\/meubles-anciens\/planches-a-decouper-anciennes\/ancien-plateau-a-fromage-c-1920-12-am16111-12\/","url":"https:\/\/amaruoptim.stg.uzero.cat\/fr\/meubles-anciens\/planches-a-decouper-anciennes\/ancien-plateau-a-fromage-c-1920-12-am16111-12\/","name":"Ancienne planche \u00e0 fromage | Grande planche \u00e0 d\u00e9couper | AMARU","isPartOf":{"@id":"https:\/\/amaruantiques.com\/#website"},"primaryImageOfPage":{"@id":"https:\/\/amaruoptim.stg.uzero.cat\/fr\/meubles-anciens\/planches-a-decouper-anciennes\/ancien-plateau-a-fromage-c-1920-12-am16111-12\/#primaryimage"},"image":{"@id":"https:\/\/amaruoptim.stg.uzero.cat\/fr\/meubles-anciens\/planches-a-decouper-anciennes\/ancien-plateau-a-fromage-c-1920-12-am16111-12\/#primaryimage"},"thumbnailUrl":"https:\/\/amaruoptim.stg.uzero.cat\/wp-content\/uploads\/2025\/06\/AM16111-12-D-2-1.jpg","datePublished":"2024-12-05T09:43:17+00:00","dateModified":"2025-06-26T15:55:27+00:00","description":"Ancien plateau \u00e0 fromage (c.1920). Pi\u00e8ce unique en parfait \u00e9tat. Visitez notre site web et d\u00e9couvrez notre belle s\u00e9lection de bancs anciens.","breadcrumb":{"@id":"https:\/\/amaruoptim.stg.uzero.cat\/fr\/meubles-anciens\/planches-a-decouper-anciennes\/ancien-plateau-a-fromage-c-1920-12-am16111-12\/#breadcrumb"},"inLanguage":"fr-FR","potentialAction":[{"@type":"ReadAction","target":["https:\/\/amaruoptim.stg.uzero.cat\/fr\/meubles-anciens\/planches-a-decouper-anciennes\/ancien-plateau-a-fromage-c-1920-12-am16111-12\/"]}]},{"@type":"ImageObject","inLanguage":"fr-FR","@id":"https:\/\/amaruoptim.stg.uzero.cat\/fr\/meubles-anciens\/planches-a-decouper-anciennes\/ancien-plateau-a-fromage-c-1920-12-am16111-12\/#primaryimage","url":"https:\/\/amaruoptim.stg.uzero.cat\/wp-content\/uploads\/2025\/06\/AM16111-12-D-2-1.jpg","contentUrl":"https:\/\/amaruoptim.stg.uzero.cat\/wp-content\/uploads\/2025\/06\/AM16111-12-D-2-1.jpg","width":1200,"height":1200},{"@type":"BreadcrumbList","@id":"https:\/\/amaruoptim.stg.uzero.cat\/fr\/meubles-anciens\/planches-a-decouper-anciennes\/ancien-plateau-a-fromage-c-1920-12-am16111-12\/#breadcrumb","itemListElement":[{"@type":"ListItem","position":1,"name":"Accueil","item":"https:\/\/amaruantiques.com\/fr\/"},{"@type":"ListItem","position":2,"name":"Boutique","item":"https:\/\/amaruantiques.com\/fr\/boutique\/"},{"@type":"ListItem","position":3,"name":"Ancien plateau \u00e0 fromage (c.1920) #12"}]},{"@type":"WebSite","@id":"https:\/\/amaruantiques.com\/#website","url":"https:\/\/amaruantiques.com\/","name":"AMARU - Timeless Antiques","description":"Timeless antiques","publisher":{"@id":"https:\/\/amaruantiques.com\/#organization"},"potentialAction":[{"@type":"SearchAction","target":{"@type":"EntryPoint","urlTemplate":"https:\/\/amaruantiques.com\/?s={search_term_string}"},"query-input":{"@type":"PropertyValueSpecification","valueRequired":true,"valueName":"search_term_string"}}],"inLanguage":"fr-FR"},{"@type":"Organization","@id":"https:\/\/amaruantiques.com\/#organization","name":"AMARU","url":"https:\/\/amaruantiques.com\/","logo":{"@type":"ImageObject","inLanguage":"fr-FR","@id":"https:\/\/amaruantiques.com\/#\/schema\/logo\/image\/","url":"https:\/\/amaruoptim.stg.uzero.cat\/wp-content\/uploads\/2025\/04\/logo-AMARU.svg","contentUrl":"https:\/\/amaruoptim.stg.uzero.cat\/wp-content\/uploads\/2025\/04\/logo-AMARU.svg","caption":"AMARU"},"image":{"@id":"https:\/\/amaruantiques.com\/#\/schema\/logo\/image\/"}}]}},"_links":{"self":[{"href":"https:\/\/amaruoptim.stg.uzero.cat\/fr\/wp-json\/wp\/v2\/product\/213445","targetHints":{"allow":["GET"]}}],"collection":[{"href":"https:\/\/amaruoptim.stg.uzero.cat\/fr\/wp-json\/wp\/v2\/product"}],"about":[{"href":"https:\/\/amaruoptim.stg.uzero.cat\/fr\/wp-json\/wp\/v2\/types\/product"}],"wp:featuredmedia":[{"embeddable":true,"href":"https:\/\/amaruoptim.stg.uzero.cat\/fr\/wp-json\/wp\/v2\/media\/190065"}],"wp:attachment":[{"href":"https:\/\/amaruoptim.stg.uzero.cat\/fr\/wp-json\/wp\/v2\/media?parent=213445"}],"wp:term":[{"taxonomy":"product_brand","embeddable":true,"href":"https:\/\/amaruoptim.stg.uzero.cat\/fr\/wp-json\/wp\/v2\/product_brand?post=213445"},{"taxonomy":"product_cat","embeddable":true,"href":"https:\/\/amaruoptim.stg.uzero.cat\/fr\/wp-json\/wp\/v2\/product_cat?post=213445"},{"taxonomy":"product_tag","embeddable":true,"href":"https:\/\/amaruoptim.stg.uzero.cat\/fr\/wp-json\/wp\/v2\/product_tag?post=213445"}],"curies":[{"name":"wp","href":"https:\/\/api.w.org\/{rel}","templated":true}]}}