{"id":213444,"date":"2024-12-04T15:20:38","date_gmt":"2024-12-04T15:20:39","guid":{"rendered":"https:\/\/amaruantiques.com\/?post_type=product&#038;p=213444"},"modified":"2025-06-26T15:55:26","modified_gmt":"2025-06-26T15:55:26","slug":"anciennes-planches-a-decouper-c-1920-ensemble-de-3-pieces-32-am0c032","status":"publish","type":"product","link":"https:\/\/amaruoptim.stg.uzero.cat\/fr\/meubles-anciens\/planches-a-decouper-anciennes\/anciennes-planches-a-decouper-c-1920-ensemble-de-3-pieces-32-am0c032\/","title":{"rendered":"Anciennes planches \u00e0 d\u00e9couper (c.1920). Ensemble de 3 pi\u00e8ces #32"},"content":{"rendered":"<p><strong>Anciennes planches \u00e0 d\u00e9couper (<\/strong> vers 1920)<\/p>\n<ul>\n<li><b>Dimensions :<\/b>\n<ul>\n<li>Table #1 : Largeur : 48 cm Profondeur : 29 cm Hauteur : 2 cm<\/li>\n<li>Table #2 : Largeur : 45 cm Profondeur : 29 cm Hauteur : 2 cm<\/li>\n<li>Table #3 : Largeur : 40 cm Profondeur : 27 cm Hauteur : 2 cm<\/li>\n<\/ul>\n<\/li>\n<li><b>Style :<\/b> Rustique<\/li>\n<li><b>Mat\u00e9riaux et techniques :<\/b> Ch\u00eane et pin<\/li>\n<li><b>Lieu d&#8217;origine :<\/b> France<\/li>\n<li><b>P\u00e9riode :<\/b> D\u00e9but du 20e si\u00e8cle<\/li>\n<li><b>Date de fabrication :<\/b> Vers 1920<\/li>\n<li><b>\u00c9tat :<\/b> Bon \u00e9tat. Usure correspond \u00e0 l&#8217;\u00e2ge et \u00e0 l&#8217;utilisation.<\/li>\n<\/ul>\n<p>Il est en excellent \u00e9tat de conservation, \u00e0 l&#8217;exception des imperfections caract\u00e9ristiques de toute antiquit\u00e9, dues au passage du temps.<\/p>\n<p>Donnez \u00e0 votre int\u00e9rieur une touche d&#8217;originalit\u00e9 avec ces pi\u00e8ces uniques, qui s&#8217;int\u00e8grent dans le style contemporain et apportent de la personnalit\u00e9 \u00e0 votre int\u00e9rieur. Cet ensemble de planches \u00e0 d\u00e9couper anciennes peut \u00eatre combin\u00e9 avec l&#8217;une de nos <a href=\"https:\/\/amaruantiques.com\/fr\/categoria-producto\/armoires-anciennes\/\">armoires<\/a> ou avec l&#8217;une de nos <a href=\"https:\/\/amaruantiques.com\/fr\/categoria-producto\/malles-anciennes\/\">malles anciennes<\/a> disponibles.<\/p>\n<p><em>PI\u00c8CES UNIQUES<\/em><\/p>\n","protected":false},"excerpt":{"rendered":"<p>Anciennes planches \u00e0 d\u00e9couper ( vers 1920) Dimensions : Table #1 : Largeur : 48 cm Profondeur : 29 cm Hauteur : 2 cm Table #2 : Largeur : 45 cm Profondeur : 29 cm Hauteur : 2 cm Table #3 : Largeur : 40 cm Profondeur : 27 cm Hauteur : 2 cm Style [&hellip;]<\/p>\n","protected":false},"featured_media":190050,"template":"","meta":[],"product_brand":[],"product_cat":[632],"product_tag":[],"class_list":{"0":"post-213444","1":"product","2":"type-product","3":"status-publish","4":"has-post-thumbnail","6":"product_cat-planches-a-decouper-anciennes","7":"product_shipping_class-small-50-fr","8":"pa_estilo-style-rustique","10":"first","11":"instock","12":"sold-individually","13":"taxable","14":"shipping-taxable","15":"purchasable","16":"product-type-simple"},"yoast_head":"<!-- This site is optimized with the Yoast SEO plugin v26.0 - https:\/\/yoast.com\/wordpress\/plugins\/seo\/ -->\n<title>Planches \u00e0 d\u00e9couper anciennes | Planches en bois anciennes | AMARU<\/title>\n<meta name=\"description\" content=\"Anciennes planches \u00e0 d\u00e9couper (vers 1920). Une pi\u00e8ce unique pour des espaces uniques. Venez d\u00e9couvrir ici notre concept de meubles anciens et vintage.\" \/>\n<meta name=\"robots\" content=\"index, follow, max-snippet:-1, max-image-preview:large, max-video-preview:-1\" \/>\n<link rel=\"canonical\" href=\"https:\/\/amaruoptim.stg.uzero.cat\/fr\/meubles-anciens\/planches-a-decouper-anciennes\/anciennes-planches-a-decouper-c-1920-ensemble-de-3-pieces-32-am0c032\/\" \/>\n<meta property=\"og:locale\" content=\"fr_FR\" \/>\n<meta property=\"og:type\" content=\"article\" \/>\n<meta property=\"og:title\" content=\"Planches \u00e0 d\u00e9couper anciennes | Planches en bois anciennes | AMARU\" \/>\n<meta property=\"og:description\" content=\"Anciennes planches \u00e0 d\u00e9couper (vers 1920). Une pi\u00e8ce unique pour des espaces uniques. Venez d\u00e9couvrir ici notre concept de meubles anciens et vintage.\" \/>\n<meta property=\"og:url\" content=\"https:\/\/amaruoptim.stg.uzero.cat\/fr\/meubles-anciens\/planches-a-decouper-anciennes\/anciennes-planches-a-decouper-c-1920-ensemble-de-3-pieces-32-am0c032\/\" \/>\n<meta property=\"og:site_name\" content=\"AMARU\" \/>\n<meta property=\"article:modified_time\" content=\"2025-06-26T15:55:26+00:00\" \/>\n<meta property=\"og:image\" content=\"https:\/\/amaruantiques.com\/wp-content\/uploads\/2025\/06\/AM0C032-D-1-1.jpg\" \/>\n\t<meta property=\"og:image:width\" content=\"1200\" \/>\n\t<meta property=\"og:image:height\" content=\"1200\" \/>\n\t<meta property=\"og:image:type\" content=\"image\/jpeg\" \/>\n<meta name=\"twitter:card\" content=\"summary_large_image\" \/>\n<meta name=\"twitter:label1\" content=\"Dur\u00e9e de lecture estim\u00e9e\" \/>\n\t<meta name=\"twitter:data1\" content=\"1 minute\" \/>\n<!-- \/ Yoast SEO plugin. -->","yoast_head_json":{"title":"Planches \u00e0 d\u00e9couper anciennes | Planches en bois anciennes | AMARU","description":"Anciennes planches \u00e0 d\u00e9couper (vers 1920). Une pi\u00e8ce unique pour des espaces uniques. Venez d\u00e9couvrir ici notre concept de meubles anciens et vintage.","robots":{"index":"index","follow":"follow","max-snippet":"max-snippet:-1","max-image-preview":"max-image-preview:large","max-video-preview":"max-video-preview:-1"},"canonical":"https:\/\/amaruoptim.stg.uzero.cat\/fr\/meubles-anciens\/planches-a-decouper-anciennes\/anciennes-planches-a-decouper-c-1920-ensemble-de-3-pieces-32-am0c032\/","og_locale":"fr_FR","og_type":"article","og_title":"Planches \u00e0 d\u00e9couper anciennes | Planches en bois anciennes | AMARU","og_description":"Anciennes planches \u00e0 d\u00e9couper (vers 1920). Une pi\u00e8ce unique pour des espaces uniques. Venez d\u00e9couvrir ici notre concept de meubles anciens et vintage.","og_url":"https:\/\/amaruoptim.stg.uzero.cat\/fr\/meubles-anciens\/planches-a-decouper-anciennes\/anciennes-planches-a-decouper-c-1920-ensemble-de-3-pieces-32-am0c032\/","og_site_name":"AMARU","article_modified_time":"2025-06-26T15:55:26+00:00","og_image":[{"width":1200,"height":1200,"url":"https:\/\/amaruantiques.com\/wp-content\/uploads\/2025\/06\/AM0C032-D-1-1.jpg","type":"image\/jpeg"}],"twitter_card":"summary_large_image","twitter_misc":{"Dur\u00e9e de lecture estim\u00e9e":"1 minute"},"schema":{"@context":"https:\/\/schema.org","@graph":[{"@type":"WebPage","@id":"https:\/\/amaruoptim.stg.uzero.cat\/fr\/meubles-anciens\/planches-a-decouper-anciennes\/anciennes-planches-a-decouper-c-1920-ensemble-de-3-pieces-32-am0c032\/","url":"https:\/\/amaruoptim.stg.uzero.cat\/fr\/meubles-anciens\/planches-a-decouper-anciennes\/anciennes-planches-a-decouper-c-1920-ensemble-de-3-pieces-32-am0c032\/","name":"Planches \u00e0 d\u00e9couper anciennes | Planches en bois anciennes | AMARU","isPartOf":{"@id":"https:\/\/amaruantiques.com\/#website"},"primaryImageOfPage":{"@id":"https:\/\/amaruoptim.stg.uzero.cat\/fr\/meubles-anciens\/planches-a-decouper-anciennes\/anciennes-planches-a-decouper-c-1920-ensemble-de-3-pieces-32-am0c032\/#primaryimage"},"image":{"@id":"https:\/\/amaruoptim.stg.uzero.cat\/fr\/meubles-anciens\/planches-a-decouper-anciennes\/anciennes-planches-a-decouper-c-1920-ensemble-de-3-pieces-32-am0c032\/#primaryimage"},"thumbnailUrl":"https:\/\/amaruoptim.stg.uzero.cat\/wp-content\/uploads\/2025\/06\/AM0C032-D-1-1.jpg","datePublished":"2024-12-04T15:20:39+00:00","dateModified":"2025-06-26T15:55:26+00:00","description":"Anciennes planches \u00e0 d\u00e9couper (vers 1920). Une pi\u00e8ce unique pour des espaces uniques. Venez d\u00e9couvrir ici notre concept de meubles anciens et vintage.","breadcrumb":{"@id":"https:\/\/amaruoptim.stg.uzero.cat\/fr\/meubles-anciens\/planches-a-decouper-anciennes\/anciennes-planches-a-decouper-c-1920-ensemble-de-3-pieces-32-am0c032\/#breadcrumb"},"inLanguage":"fr-FR","potentialAction":[{"@type":"ReadAction","target":["https:\/\/amaruoptim.stg.uzero.cat\/fr\/meubles-anciens\/planches-a-decouper-anciennes\/anciennes-planches-a-decouper-c-1920-ensemble-de-3-pieces-32-am0c032\/"]}]},{"@type":"ImageObject","inLanguage":"fr-FR","@id":"https:\/\/amaruoptim.stg.uzero.cat\/fr\/meubles-anciens\/planches-a-decouper-anciennes\/anciennes-planches-a-decouper-c-1920-ensemble-de-3-pieces-32-am0c032\/#primaryimage","url":"https:\/\/amaruoptim.stg.uzero.cat\/wp-content\/uploads\/2025\/06\/AM0C032-D-1-1.jpg","contentUrl":"https:\/\/amaruoptim.stg.uzero.cat\/wp-content\/uploads\/2025\/06\/AM0C032-D-1-1.jpg","width":1200,"height":1200},{"@type":"BreadcrumbList","@id":"https:\/\/amaruoptim.stg.uzero.cat\/fr\/meubles-anciens\/planches-a-decouper-anciennes\/anciennes-planches-a-decouper-c-1920-ensemble-de-3-pieces-32-am0c032\/#breadcrumb","itemListElement":[{"@type":"ListItem","position":1,"name":"Accueil","item":"https:\/\/amaruantiques.com\/fr\/"},{"@type":"ListItem","position":2,"name":"Boutique","item":"https:\/\/amaruantiques.com\/fr\/boutique\/"},{"@type":"ListItem","position":3,"name":"Anciennes planches \u00e0 d\u00e9couper (c.1920). Ensemble de 3 pi\u00e8ces #32"}]},{"@type":"WebSite","@id":"https:\/\/amaruantiques.com\/#website","url":"https:\/\/amaruantiques.com\/","name":"AMARU - Timeless Antiques","description":"Timeless antiques","publisher":{"@id":"https:\/\/amaruantiques.com\/#organization"},"potentialAction":[{"@type":"SearchAction","target":{"@type":"EntryPoint","urlTemplate":"https:\/\/amaruantiques.com\/?s={search_term_string}"},"query-input":{"@type":"PropertyValueSpecification","valueRequired":true,"valueName":"search_term_string"}}],"inLanguage":"fr-FR"},{"@type":"Organization","@id":"https:\/\/amaruantiques.com\/#organization","name":"AMARU","url":"https:\/\/amaruantiques.com\/","logo":{"@type":"ImageObject","inLanguage":"fr-FR","@id":"https:\/\/amaruantiques.com\/#\/schema\/logo\/image\/","url":"https:\/\/amaruoptim.stg.uzero.cat\/wp-content\/uploads\/2025\/04\/logo-AMARU.svg","contentUrl":"https:\/\/amaruoptim.stg.uzero.cat\/wp-content\/uploads\/2025\/04\/logo-AMARU.svg","caption":"AMARU"},"image":{"@id":"https:\/\/amaruantiques.com\/#\/schema\/logo\/image\/"}}]}},"_links":{"self":[{"href":"https:\/\/amaruoptim.stg.uzero.cat\/fr\/wp-json\/wp\/v2\/product\/213444","targetHints":{"allow":["GET"]}}],"collection":[{"href":"https:\/\/amaruoptim.stg.uzero.cat\/fr\/wp-json\/wp\/v2\/product"}],"about":[{"href":"https:\/\/amaruoptim.stg.uzero.cat\/fr\/wp-json\/wp\/v2\/types\/product"}],"wp:featuredmedia":[{"embeddable":true,"href":"https:\/\/amaruoptim.stg.uzero.cat\/fr\/wp-json\/wp\/v2\/media\/190050"}],"wp:attachment":[{"href":"https:\/\/amaruoptim.stg.uzero.cat\/fr\/wp-json\/wp\/v2\/media?parent=213444"}],"wp:term":[{"taxonomy":"product_brand","embeddable":true,"href":"https:\/\/amaruoptim.stg.uzero.cat\/fr\/wp-json\/wp\/v2\/product_brand?post=213444"},{"taxonomy":"product_cat","embeddable":true,"href":"https:\/\/amaruoptim.stg.uzero.cat\/fr\/wp-json\/wp\/v2\/product_cat?post=213444"},{"taxonomy":"product_tag","embeddable":true,"href":"https:\/\/amaruoptim.stg.uzero.cat\/fr\/wp-json\/wp\/v2\/product_tag?post=213444"}],"curies":[{"name":"wp","href":"https:\/\/api.w.org\/{rel}","templated":true}]}}