{"id":213403,"date":"2024-11-15T16:07:55","date_gmt":"2024-11-15T16:07:56","guid":{"rendered":"https:\/\/amaruantiques.com\/?post_type=product&#038;p=213403"},"modified":"2025-06-26T15:55:03","modified_gmt":"2025-06-26T15:55:03","slug":"jarron-esmaltado-antiguo-de-estilo-wabi-sabi-c-1900-5-am13058-5","status":"publish","type":"product","link":"https:\/\/amaruoptim.stg.uzero.cat\/fr\/meubles-anciens\/anciens-vases\/jarron-esmaltado-antiguo-de-estilo-wabi-sabi-c-1900-5-am13058-5\/","title":{"rendered":"Grand vase ancien \u00e9maill\u00e9 wabi-sabi (c.1900) #5"},"content":{"rendered":"<p><strong>Ancien vase \u00e9maill\u00e9 wabi-sabi (c.1900)<\/strong> #5<\/p>\n<ul>\n<li><b>Dimensions : <\/b>Diam\u00e8tre : 38 cm Hauteur : 46 cm<\/li>\n<li><b>Style :<\/b> Qing<\/li>\n<li><b>Mat\u00e9riaux et techniques :<\/b> C\u00e9ramique<\/li>\n<li><b>Lieu d&#8217;origine :<\/b> Chine<\/li>\n<li><b>P\u00e9riode :<\/b> D\u00e9but du 20e si\u00e8cle<\/li>\n<li><b>Date de fabrication :<\/b> Vers 1900<\/li>\n<li><b>\u00c9tat :<\/b> Bon \u00e9tat. Usure correspond \u00e0 l&#8217;\u00e2ge et \u00e0 l&#8217;utilisation. <\/li>\n<\/ul>\n<p>Il est en excellent \u00e9tat de conservation, \u00e0 l&#8217;exception des imperfections caract\u00e9ristiques de toute antiquit\u00e9, dues au passage du temps.<\/p>\n<p>Donnez \u00e0 votre int\u00e9rieur une touche d&#8217;originalit\u00e9 avec une pi\u00e8ce unique qui s&#8217;int\u00e8gre dans le style contemporain et apporte de la personnalit\u00e9 \u00e0 votre int\u00e9rieur. Ce vase \u00e9maill\u00e9 ancien peut \u00eatre associ\u00e9 \u00e0 l&#8217;une de nos <a href=\"https:\/\/amaruantiques.com\/fr\/categoria-producto\/tables-de-jardin-et-de-terrasse-anciennes\/\">tables d&#8217;ext\u00e9rieur<\/a> ou \u00e0 nos<a href=\"https:\/\/amaruantiques.com\/fr\/categoria-producto\/bancs-anciens\/\"> bancs anciens. <\/a> <\/p>\n<p><em>PI\u00c8CE UNIQUE<\/em><\/p>\n","protected":false},"excerpt":{"rendered":"<p><strong>Dimensions:<\/strong> 30 cm de diam\u00e8tre x 30 cm de hauteur<\/p>\n<p><em>PI\u00c8CE UNIQUE<\/em><\/p>\n","protected":false},"featured_media":189019,"template":"","meta":[],"product_brand":[],"product_cat":[635],"product_tag":[112],"class_list":{"0":"post-213403","1":"product","2":"type-product","3":"status-publish","4":"has-post-thumbnail","6":"product_cat-anciens-vases","7":"product_tag-vase","8":"product_shipping_class-large-150-fr","9":"pa_estilo-dynastie-qing","11":"first","12":"instock","13":"taxable","14":"shipping-taxable","15":"purchasable","16":"product-type-simple"},"yoast_head":"<!-- This site is optimized with the Yoast SEO plugin v26.0 - https:\/\/yoast.com\/wordpress\/plugins\/seo\/ -->\n<title>Vase \u00e9maill\u00e9 : Vase chinois ancien : Vase chinois ancien : Vase chinois ancien AMARU ANTIQUES<\/title>\n<meta name=\"description\" content=\"Ancien vase \u00e9maill\u00e9 wabi-sabi (c.1900). Donnez vie \u00e0 vos espaces avec la beaut\u00e9 intemporelle de nos vases anciens en c\u00e9ramique.\" \/>\n<meta name=\"robots\" content=\"index, follow, max-snippet:-1, max-image-preview:large, max-video-preview:-1\" \/>\n<link rel=\"canonical\" href=\"https:\/\/amaruoptim.stg.uzero.cat\/fr\/meubles-anciens\/anciens-vases\/jarron-esmaltado-antiguo-de-estilo-wabi-sabi-c-1900-5-am13058-5\/\" \/>\n<meta property=\"og:locale\" content=\"fr_FR\" \/>\n<meta property=\"og:type\" content=\"article\" \/>\n<meta property=\"og:title\" content=\"Vase \u00e9maill\u00e9 : Vase chinois ancien : Vase chinois ancien : Vase chinois ancien AMARU ANTIQUES\" \/>\n<meta property=\"og:description\" content=\"Ancien vase \u00e9maill\u00e9 wabi-sabi (c.1900). Donnez vie \u00e0 vos espaces avec la beaut\u00e9 intemporelle de nos vases anciens en c\u00e9ramique.\" \/>\n<meta property=\"og:url\" content=\"https:\/\/amaruoptim.stg.uzero.cat\/fr\/meubles-anciens\/anciens-vases\/jarron-esmaltado-antiguo-de-estilo-wabi-sabi-c-1900-5-am13058-5\/\" \/>\n<meta property=\"og:site_name\" content=\"AMARU\" \/>\n<meta property=\"article:modified_time\" content=\"2025-06-26T15:55:03+00:00\" \/>\n<meta property=\"og:image\" content=\"https:\/\/amaruantiques.com\/wp-content\/uploads\/2025\/06\/AM13058-2-D-1-1.jpg\" \/>\n\t<meta property=\"og:image:width\" content=\"1600\" \/>\n\t<meta property=\"og:image:height\" content=\"1600\" \/>\n\t<meta property=\"og:image:type\" content=\"image\/jpeg\" \/>\n<meta name=\"twitter:card\" content=\"summary_large_image\" \/>\n<meta name=\"twitter:label1\" content=\"Dur\u00e9e de lecture estim\u00e9e\" \/>\n\t<meta name=\"twitter:data1\" content=\"2 minutes\" \/>\n<!-- \/ Yoast SEO plugin. -->","yoast_head_json":{"title":"Vase \u00e9maill\u00e9 : Vase chinois ancien : Vase chinois ancien : Vase chinois ancien AMARU ANTIQUES","description":"Ancien vase \u00e9maill\u00e9 wabi-sabi (c.1900). Donnez vie \u00e0 vos espaces avec la beaut\u00e9 intemporelle de nos vases anciens en c\u00e9ramique.","robots":{"index":"index","follow":"follow","max-snippet":"max-snippet:-1","max-image-preview":"max-image-preview:large","max-video-preview":"max-video-preview:-1"},"canonical":"https:\/\/amaruoptim.stg.uzero.cat\/fr\/meubles-anciens\/anciens-vases\/jarron-esmaltado-antiguo-de-estilo-wabi-sabi-c-1900-5-am13058-5\/","og_locale":"fr_FR","og_type":"article","og_title":"Vase \u00e9maill\u00e9 : Vase chinois ancien : Vase chinois ancien : Vase chinois ancien AMARU ANTIQUES","og_description":"Ancien vase \u00e9maill\u00e9 wabi-sabi (c.1900). Donnez vie \u00e0 vos espaces avec la beaut\u00e9 intemporelle de nos vases anciens en c\u00e9ramique.","og_url":"https:\/\/amaruoptim.stg.uzero.cat\/fr\/meubles-anciens\/anciens-vases\/jarron-esmaltado-antiguo-de-estilo-wabi-sabi-c-1900-5-am13058-5\/","og_site_name":"AMARU","article_modified_time":"2025-06-26T15:55:03+00:00","og_image":[{"width":1600,"height":1600,"url":"https:\/\/amaruantiques.com\/wp-content\/uploads\/2025\/06\/AM13058-2-D-1-1.jpg","type":"image\/jpeg"}],"twitter_card":"summary_large_image","twitter_misc":{"Dur\u00e9e de lecture estim\u00e9e":"2 minutes"},"schema":{"@context":"https:\/\/schema.org","@graph":[{"@type":"WebPage","@id":"https:\/\/amaruoptim.stg.uzero.cat\/fr\/meubles-anciens\/anciens-vases\/jarron-esmaltado-antiguo-de-estilo-wabi-sabi-c-1900-5-am13058-5\/","url":"https:\/\/amaruoptim.stg.uzero.cat\/fr\/meubles-anciens\/anciens-vases\/jarron-esmaltado-antiguo-de-estilo-wabi-sabi-c-1900-5-am13058-5\/","name":"Vase \u00e9maill\u00e9 : Vase chinois ancien : Vase chinois ancien : Vase chinois ancien AMARU ANTIQUES","isPartOf":{"@id":"https:\/\/amaruantiques.com\/#website"},"primaryImageOfPage":{"@id":"https:\/\/amaruoptim.stg.uzero.cat\/fr\/meubles-anciens\/anciens-vases\/jarron-esmaltado-antiguo-de-estilo-wabi-sabi-c-1900-5-am13058-5\/#primaryimage"},"image":{"@id":"https:\/\/amaruoptim.stg.uzero.cat\/fr\/meubles-anciens\/anciens-vases\/jarron-esmaltado-antiguo-de-estilo-wabi-sabi-c-1900-5-am13058-5\/#primaryimage"},"thumbnailUrl":"https:\/\/amaruoptim.stg.uzero.cat\/wp-content\/uploads\/2025\/06\/AM13058-2-D-1-1.jpg","datePublished":"2024-11-15T16:07:56+00:00","dateModified":"2025-06-26T15:55:03+00:00","description":"Ancien vase \u00e9maill\u00e9 wabi-sabi (c.1900). Donnez vie \u00e0 vos espaces avec la beaut\u00e9 intemporelle de nos vases anciens en c\u00e9ramique.","breadcrumb":{"@id":"https:\/\/amaruoptim.stg.uzero.cat\/fr\/meubles-anciens\/anciens-vases\/jarron-esmaltado-antiguo-de-estilo-wabi-sabi-c-1900-5-am13058-5\/#breadcrumb"},"inLanguage":"fr-FR","potentialAction":[{"@type":"ReadAction","target":["https:\/\/amaruoptim.stg.uzero.cat\/fr\/meubles-anciens\/anciens-vases\/jarron-esmaltado-antiguo-de-estilo-wabi-sabi-c-1900-5-am13058-5\/"]}]},{"@type":"ImageObject","inLanguage":"fr-FR","@id":"https:\/\/amaruoptim.stg.uzero.cat\/fr\/meubles-anciens\/anciens-vases\/jarron-esmaltado-antiguo-de-estilo-wabi-sabi-c-1900-5-am13058-5\/#primaryimage","url":"https:\/\/amaruoptim.stg.uzero.cat\/wp-content\/uploads\/2025\/06\/AM13058-2-D-1-1.jpg","contentUrl":"https:\/\/amaruoptim.stg.uzero.cat\/wp-content\/uploads\/2025\/06\/AM13058-2-D-1-1.jpg","width":1600,"height":1600},{"@type":"BreadcrumbList","@id":"https:\/\/amaruoptim.stg.uzero.cat\/fr\/meubles-anciens\/anciens-vases\/jarron-esmaltado-antiguo-de-estilo-wabi-sabi-c-1900-5-am13058-5\/#breadcrumb","itemListElement":[{"@type":"ListItem","position":1,"name":"Accueil","item":"https:\/\/amaruantiques.com\/fr\/"},{"@type":"ListItem","position":2,"name":"Boutique","item":"https:\/\/amaruantiques.com\/fr\/boutique\/"},{"@type":"ListItem","position":3,"name":"Grand vase ancien \u00e9maill\u00e9 wabi-sabi (c.1900) #5"}]},{"@type":"WebSite","@id":"https:\/\/amaruantiques.com\/#website","url":"https:\/\/amaruantiques.com\/","name":"AMARU - Timeless Antiques","description":"Timeless antiques","publisher":{"@id":"https:\/\/amaruantiques.com\/#organization"},"potentialAction":[{"@type":"SearchAction","target":{"@type":"EntryPoint","urlTemplate":"https:\/\/amaruantiques.com\/?s={search_term_string}"},"query-input":{"@type":"PropertyValueSpecification","valueRequired":true,"valueName":"search_term_string"}}],"inLanguage":"fr-FR"},{"@type":"Organization","@id":"https:\/\/amaruantiques.com\/#organization","name":"AMARU","url":"https:\/\/amaruantiques.com\/","logo":{"@type":"ImageObject","inLanguage":"fr-FR","@id":"https:\/\/amaruantiques.com\/#\/schema\/logo\/image\/","url":"https:\/\/amaruoptim.stg.uzero.cat\/wp-content\/uploads\/2025\/04\/logo-AMARU.svg","contentUrl":"https:\/\/amaruoptim.stg.uzero.cat\/wp-content\/uploads\/2025\/04\/logo-AMARU.svg","caption":"AMARU"},"image":{"@id":"https:\/\/amaruantiques.com\/#\/schema\/logo\/image\/"}}]}},"_links":{"self":[{"href":"https:\/\/amaruoptim.stg.uzero.cat\/fr\/wp-json\/wp\/v2\/product\/213403","targetHints":{"allow":["GET"]}}],"collection":[{"href":"https:\/\/amaruoptim.stg.uzero.cat\/fr\/wp-json\/wp\/v2\/product"}],"about":[{"href":"https:\/\/amaruoptim.stg.uzero.cat\/fr\/wp-json\/wp\/v2\/types\/product"}],"wp:featuredmedia":[{"embeddable":true,"href":"https:\/\/amaruoptim.stg.uzero.cat\/fr\/wp-json\/wp\/v2\/media\/189019"}],"wp:attachment":[{"href":"https:\/\/amaruoptim.stg.uzero.cat\/fr\/wp-json\/wp\/v2\/media?parent=213403"}],"wp:term":[{"taxonomy":"product_brand","embeddable":true,"href":"https:\/\/amaruoptim.stg.uzero.cat\/fr\/wp-json\/wp\/v2\/product_brand?post=213403"},{"taxonomy":"product_cat","embeddable":true,"href":"https:\/\/amaruoptim.stg.uzero.cat\/fr\/wp-json\/wp\/v2\/product_cat?post=213403"},{"taxonomy":"product_tag","embeddable":true,"href":"https:\/\/amaruoptim.stg.uzero.cat\/fr\/wp-json\/wp\/v2\/product_tag?post=213403"}],"curies":[{"name":"wp","href":"https:\/\/api.w.org\/{rel}","templated":true}]}}