{"id":213377,"date":"2024-10-31T10:52:32","date_gmt":"2024-10-31T10:52:34","guid":{"rendered":"https:\/\/amaruantiques.com\/?post_type=product&#038;p=213377"},"modified":"2025-06-26T15:54:49","modified_gmt":"2025-06-26T15:54:49","slug":"sillas-para-patio-antiguas-en-color-violeta-c-1920-conjunto-de-2-piezas-am14021","status":"publish","type":"product","link":"https:\/\/amaruoptim.stg.uzero.cat\/fr\/meubles-anciens\/chaises-anciennes\/sillas-para-patio-antiguas-en-color-violeta-c-1920-conjunto-de-2-piezas-am14021\/","title":{"rendered":"Anciennes chaises de patio violettes (c.1920). Ensemble de 2 pi\u00e8ces"},"content":{"rendered":"<p><strong>Anciennes chaises de patio violettes<\/strong> (c.1920)<\/p>\n<ul>\n<li><strong>Dimensions : Largeur : 56 cm Profondeur : 46 cm Hauteur : 85 cm Si\u00e8ge : 45 cm <\/strong>Largeur : 56 cm Profondeur : 46 cm Hauteur : 85 cm Assise : 45 cm<\/li>\n<li><strong>Style :<\/strong> Rustique<\/li>\n<li><strong>Mat\u00e9riaux et techniques :<\/strong> bois de pin et fer.<\/li>\n<li><strong>Lieu d&#8217;origine :<\/strong> France<\/li>\n<li><strong>P\u00e9riode :<\/strong> D\u00e9but du 20e si\u00e8cle<\/li>\n<li><strong>Date de fabrication :<\/strong> Vers 1920<\/li>\n<li><strong>\u00c9tat :<\/strong> Bon \u00e9tat. Usure correspond \u00e0 l&#8217;\u00e2ge et \u00e0 l&#8217;utilisation. <\/li>\n<\/ul>\n<p>Nos <em>anciennes chaises de patio<\/em><em> <\/em>sont des pi\u00e8ces uniques qui se distinguent par leur qualit\u00e9 :<\/p>\n<ul>\n<li>Sa couleur vibrante et authentique contraste magnifiquement avec le vert du jardin, cr\u00e9ant un espace plein de vie et de personnalit\u00e9.<\/li>\n<li>Son style convient \u00e0 une grande vari\u00e9t\u00e9 d&#8217;espaces, tels que les jardins, les patios, les terrasses et m\u00eame les int\u00e9rieurs.<\/li>\n<\/ul>\n<p>Il est en excellent \u00e9tat de conservation, \u00e0 l&#8217;exception des imperfections caract\u00e9ristiques de toute antiquit\u00e9, dues au passage du temps.<\/p>\n<p>Donnez \u00e0 votre int\u00e9rieur une touche d&#8217;originalit\u00e9 avec ces pi\u00e8ces uniques, qui s&#8217;int\u00e8grent dans le style contemporain et apportent de la personnalit\u00e9 \u00e0 votre int\u00e9rieur. Cet ensemble de chaises peut \u00eatre combin\u00e9 avec l&#8217;une de nos <a href=\"https:\/\/amaruantiques.com\/fr\/categoria-producto\/tables-de-jardin-et-de-terrasse-anciennes\/\">tables de jardin<\/a> ou avec nos <a href=\"https:\/\/amaruantiques.com\/fr\/categoria-producto\/autres-objets-et-artefacts-anciens\/\">autres objets anciens<\/a>.<a href=\"https:\/\/amaruantiques.com\/fr\/categoria-producto\/coussins-en-lin\/\"> <\/a>disponible.<\/p>\n<p><em>PI\u00c8CES UNIQUES<\/em><\/p>\n","protected":false},"excerpt":{"rendered":"<p><strong>Dimensions : <\/strong>46 x 40 x 88 cm (L x l x H) et 48 cm de hauteur d&#8217;assise<\/p>\n<p><em>PI\u00c8CES UNIQUES<\/em><\/p>\n","protected":false},"featured_media":188306,"template":"","meta":[],"product_brand":[],"product_cat":[618,625,621],"product_tag":[],"class_list":{"0":"post-213377","1":"product","2":"type-product","3":"status-publish","4":"has-post-thumbnail","6":"product_cat-chaises-anciennes","7":"product_cat-chaises-exterieures-anciennes","8":"product_cat-meubles-de-jardin-anciens","9":"product_shipping_class-extra-large-250-fr","10":"pa_estilo-provencal-francais","12":"first","13":"instock","14":"taxable","15":"shipping-taxable","16":"purchasable","17":"product-type-simple"},"yoast_head":"<!-- This site is optimized with the Yoast SEO plugin v26.0 - https:\/\/yoast.com\/wordpress\/plugins\/seo\/ -->\n<title>Chaises de patio anciennes | Chaises de jardin | Chaises de jardin | Chaises de patio AMARU ANTIQUES<\/title>\n<meta name=\"description\" content=\"Anciennes chaises de patio violettes (c.1920). Venez d\u00e9couvrir notre collection de meubles anciens, des pi\u00e8ces pleines de beaut\u00e9 pour des espaces uniques.\" \/>\n<meta name=\"robots\" content=\"index, follow, max-snippet:-1, max-image-preview:large, max-video-preview:-1\" \/>\n<link rel=\"canonical\" href=\"https:\/\/amaruoptim.stg.uzero.cat\/fr\/meubles-anciens\/chaises-anciennes\/sillas-para-patio-antiguas-en-color-violeta-c-1920-conjunto-de-2-piezas-am14021\/\" \/>\n<meta property=\"og:locale\" content=\"fr_FR\" \/>\n<meta property=\"og:type\" content=\"article\" \/>\n<meta property=\"og:title\" content=\"Chaises de patio anciennes | Chaises de jardin | Chaises de jardin | Chaises de patio AMARU ANTIQUES\" \/>\n<meta property=\"og:description\" content=\"Anciennes chaises de patio violettes (c.1920). Venez d\u00e9couvrir notre collection de meubles anciens, des pi\u00e8ces pleines de beaut\u00e9 pour des espaces uniques.\" \/>\n<meta property=\"og:url\" content=\"https:\/\/amaruoptim.stg.uzero.cat\/fr\/meubles-anciens\/chaises-anciennes\/sillas-para-patio-antiguas-en-color-violeta-c-1920-conjunto-de-2-piezas-am14021\/\" \/>\n<meta property=\"og:site_name\" content=\"AMARU\" \/>\n<meta property=\"article:modified_time\" content=\"2025-06-26T15:54:49+00:00\" \/>\n<meta property=\"og:image\" content=\"https:\/\/amaruantiques.com\/wp-content\/uploads\/2025\/06\/Sillas-para-patio-antiguas-en-color-violeta-c.1920.-Conjunto-de-2-piezas-AM14021-D-1-1.jpg\" \/>\n\t<meta property=\"og:image:width\" content=\"1600\" \/>\n\t<meta property=\"og:image:height\" content=\"1600\" \/>\n\t<meta property=\"og:image:type\" content=\"image\/jpeg\" \/>\n<meta name=\"twitter:card\" content=\"summary_large_image\" \/>\n<meta name=\"twitter:label1\" content=\"Dur\u00e9e de lecture estim\u00e9e\" \/>\n\t<meta name=\"twitter:data1\" content=\"1 minute\" \/>\n<!-- \/ Yoast SEO plugin. -->","yoast_head_json":{"title":"Chaises de patio anciennes | Chaises de jardin | Chaises de jardin | Chaises de patio AMARU ANTIQUES","description":"Anciennes chaises de patio violettes (c.1920). Venez d\u00e9couvrir notre collection de meubles anciens, des pi\u00e8ces pleines de beaut\u00e9 pour des espaces uniques.","robots":{"index":"index","follow":"follow","max-snippet":"max-snippet:-1","max-image-preview":"max-image-preview:large","max-video-preview":"max-video-preview:-1"},"canonical":"https:\/\/amaruoptim.stg.uzero.cat\/fr\/meubles-anciens\/chaises-anciennes\/sillas-para-patio-antiguas-en-color-violeta-c-1920-conjunto-de-2-piezas-am14021\/","og_locale":"fr_FR","og_type":"article","og_title":"Chaises de patio anciennes | Chaises de jardin | Chaises de jardin | Chaises de patio AMARU ANTIQUES","og_description":"Anciennes chaises de patio violettes (c.1920). Venez d\u00e9couvrir notre collection de meubles anciens, des pi\u00e8ces pleines de beaut\u00e9 pour des espaces uniques.","og_url":"https:\/\/amaruoptim.stg.uzero.cat\/fr\/meubles-anciens\/chaises-anciennes\/sillas-para-patio-antiguas-en-color-violeta-c-1920-conjunto-de-2-piezas-am14021\/","og_site_name":"AMARU","article_modified_time":"2025-06-26T15:54:49+00:00","og_image":[{"width":1600,"height":1600,"url":"https:\/\/amaruantiques.com\/wp-content\/uploads\/2025\/06\/Sillas-para-patio-antiguas-en-color-violeta-c.1920.-Conjunto-de-2-piezas-AM14021-D-1-1.jpg","type":"image\/jpeg"}],"twitter_card":"summary_large_image","twitter_misc":{"Dur\u00e9e de lecture estim\u00e9e":"1 minute"},"schema":{"@context":"https:\/\/schema.org","@graph":[{"@type":"WebPage","@id":"https:\/\/amaruoptim.stg.uzero.cat\/fr\/meubles-anciens\/chaises-anciennes\/sillas-para-patio-antiguas-en-color-violeta-c-1920-conjunto-de-2-piezas-am14021\/","url":"https:\/\/amaruoptim.stg.uzero.cat\/fr\/meubles-anciens\/chaises-anciennes\/sillas-para-patio-antiguas-en-color-violeta-c-1920-conjunto-de-2-piezas-am14021\/","name":"Chaises de patio anciennes | Chaises de jardin | Chaises de jardin | Chaises de patio AMARU ANTIQUES","isPartOf":{"@id":"https:\/\/amaruantiques.com\/#website"},"primaryImageOfPage":{"@id":"https:\/\/amaruoptim.stg.uzero.cat\/fr\/meubles-anciens\/chaises-anciennes\/sillas-para-patio-antiguas-en-color-violeta-c-1920-conjunto-de-2-piezas-am14021\/#primaryimage"},"image":{"@id":"https:\/\/amaruoptim.stg.uzero.cat\/fr\/meubles-anciens\/chaises-anciennes\/sillas-para-patio-antiguas-en-color-violeta-c-1920-conjunto-de-2-piezas-am14021\/#primaryimage"},"thumbnailUrl":"https:\/\/amaruoptim.stg.uzero.cat\/wp-content\/uploads\/2025\/06\/Sillas-para-patio-antiguas-en-color-violeta-c.1920.-Conjunto-de-2-piezas-AM14021-D-1-1.jpg","datePublished":"2024-10-31T10:52:34+00:00","dateModified":"2025-06-26T15:54:49+00:00","description":"Anciennes chaises de patio violettes (c.1920). Venez d\u00e9couvrir notre collection de meubles anciens, des pi\u00e8ces pleines de beaut\u00e9 pour des espaces uniques.","breadcrumb":{"@id":"https:\/\/amaruoptim.stg.uzero.cat\/fr\/meubles-anciens\/chaises-anciennes\/sillas-para-patio-antiguas-en-color-violeta-c-1920-conjunto-de-2-piezas-am14021\/#breadcrumb"},"inLanguage":"fr-FR","potentialAction":[{"@type":"ReadAction","target":["https:\/\/amaruoptim.stg.uzero.cat\/fr\/meubles-anciens\/chaises-anciennes\/sillas-para-patio-antiguas-en-color-violeta-c-1920-conjunto-de-2-piezas-am14021\/"]}]},{"@type":"ImageObject","inLanguage":"fr-FR","@id":"https:\/\/amaruoptim.stg.uzero.cat\/fr\/meubles-anciens\/chaises-anciennes\/sillas-para-patio-antiguas-en-color-violeta-c-1920-conjunto-de-2-piezas-am14021\/#primaryimage","url":"https:\/\/amaruoptim.stg.uzero.cat\/wp-content\/uploads\/2025\/06\/Sillas-para-patio-antiguas-en-color-violeta-c.1920.-Conjunto-de-2-piezas-AM14021-D-1-1.jpg","contentUrl":"https:\/\/amaruoptim.stg.uzero.cat\/wp-content\/uploads\/2025\/06\/Sillas-para-patio-antiguas-en-color-violeta-c.1920.-Conjunto-de-2-piezas-AM14021-D-1-1.jpg","width":1600,"height":1600},{"@type":"BreadcrumbList","@id":"https:\/\/amaruoptim.stg.uzero.cat\/fr\/meubles-anciens\/chaises-anciennes\/sillas-para-patio-antiguas-en-color-violeta-c-1920-conjunto-de-2-piezas-am14021\/#breadcrumb","itemListElement":[{"@type":"ListItem","position":1,"name":"Accueil","item":"https:\/\/amaruantiques.com\/fr\/"},{"@type":"ListItem","position":2,"name":"Boutique","item":"https:\/\/amaruantiques.com\/fr\/boutique\/"},{"@type":"ListItem","position":3,"name":"Anciennes chaises de patio violettes (c.1920). Ensemble de 2 pi\u00e8ces"}]},{"@type":"WebSite","@id":"https:\/\/amaruantiques.com\/#website","url":"https:\/\/amaruantiques.com\/","name":"AMARU - Timeless Antiques","description":"Timeless antiques","publisher":{"@id":"https:\/\/amaruantiques.com\/#organization"},"potentialAction":[{"@type":"SearchAction","target":{"@type":"EntryPoint","urlTemplate":"https:\/\/amaruantiques.com\/?s={search_term_string}"},"query-input":{"@type":"PropertyValueSpecification","valueRequired":true,"valueName":"search_term_string"}}],"inLanguage":"fr-FR"},{"@type":"Organization","@id":"https:\/\/amaruantiques.com\/#organization","name":"AMARU","url":"https:\/\/amaruantiques.com\/","logo":{"@type":"ImageObject","inLanguage":"fr-FR","@id":"https:\/\/amaruantiques.com\/#\/schema\/logo\/image\/","url":"https:\/\/amaruoptim.stg.uzero.cat\/wp-content\/uploads\/2025\/04\/logo-AMARU.svg","contentUrl":"https:\/\/amaruoptim.stg.uzero.cat\/wp-content\/uploads\/2025\/04\/logo-AMARU.svg","caption":"AMARU"},"image":{"@id":"https:\/\/amaruantiques.com\/#\/schema\/logo\/image\/"}}]}},"_links":{"self":[{"href":"https:\/\/amaruoptim.stg.uzero.cat\/fr\/wp-json\/wp\/v2\/product\/213377","targetHints":{"allow":["GET"]}}],"collection":[{"href":"https:\/\/amaruoptim.stg.uzero.cat\/fr\/wp-json\/wp\/v2\/product"}],"about":[{"href":"https:\/\/amaruoptim.stg.uzero.cat\/fr\/wp-json\/wp\/v2\/types\/product"}],"wp:featuredmedia":[{"embeddable":true,"href":"https:\/\/amaruoptim.stg.uzero.cat\/fr\/wp-json\/wp\/v2\/media\/188306"}],"wp:attachment":[{"href":"https:\/\/amaruoptim.stg.uzero.cat\/fr\/wp-json\/wp\/v2\/media?parent=213377"}],"wp:term":[{"taxonomy":"product_brand","embeddable":true,"href":"https:\/\/amaruoptim.stg.uzero.cat\/fr\/wp-json\/wp\/v2\/product_brand?post=213377"},{"taxonomy":"product_cat","embeddable":true,"href":"https:\/\/amaruoptim.stg.uzero.cat\/fr\/wp-json\/wp\/v2\/product_cat?post=213377"},{"taxonomy":"product_tag","embeddable":true,"href":"https:\/\/amaruoptim.stg.uzero.cat\/fr\/wp-json\/wp\/v2\/product_tag?post=213377"}],"curies":[{"name":"wp","href":"https:\/\/api.w.org\/{rel}","templated":true}]}}