{"id":213361,"date":"2024-10-29T14:35:34","date_gmt":"2024-10-29T14:35:35","guid":{"rendered":"https:\/\/amaruantiques.com\/?post_type=product&#038;p=213361"},"modified":"2025-06-26T15:54:44","modified_gmt":"2025-06-26T15:54:44","slug":"petite-table-dappoint-ancienne-c-1850-1-am13051-1","status":"publish","type":"product","link":"https:\/\/amaruoptim.stg.uzero.cat\/fr\/meubles-anciens\/tables-dappoint-tables-du-salon-et-tables-basses\/petite-table-dappoint-ancienne-c-1850-1-am13051-1\/","title":{"rendered":"Petite table d&#8217;appoint ancienne (c.1850) #1"},"content":{"rendered":"<p><strong>Petite table d&#8217;appoint<\/strong> <strong>ancienne<\/strong> (vers 1850)<\/p>\n<ul>\n<li><strong>Dimensions : <\/strong>Largeur : 34 cm Profondeur : 34 cm Hauteur : 33 cm<\/li>\n<li><strong>Style :<\/strong> P\u00e9riode Qing<\/li>\n<li><strong>Mat\u00e9riaux et techniques :<\/strong> Bois d&#8217;orme<\/li>\n<li><strong>Lieu d&#8217;origine :<\/strong> Chine<\/li>\n<li><strong>P\u00e9riode :<\/strong> milieu du 19e si\u00e8cle<\/li>\n<li><strong>Date de fabrication :<\/strong> Vers 1850<\/li>\n<li><strong>\u00c9tat :<\/strong> Bon \u00e9tat. Usure correspond \u00e0 l&#8217;\u00e2ge et \u00e0 l&#8217;utilisation.<\/li>\n<\/ul>\n<p>Notre <i>petite table d&#8217;appoint <\/i>est une pi\u00e8ce unique qui se distingue par :<\/p>\n<ul>\n<li style=\"list-style-type: none;\">\n<ul>\n<li>Son design est \u00e0 la fois minimaliste et \u00e9l\u00e9gant.<\/li>\n<li>Assemblages traditionnels sans colle ni clous.<\/li>\n<li>Elle peut \u00eatre utilis\u00e9e comme pi\u00e8ce centrale d\u00e9corative devant un canap\u00e9, dans un salon ou comme table de terrasse sur un porche.<\/li>\n<\/ul>\n<\/li>\n<\/ul>\n<p>Il est en excellent \u00e9tat de conservation, \u00e0 l&#8217;exception des imperfections caract\u00e9ristiques de toute antiquit\u00e9, dues au passage du temps.<\/p>\n<p>Donnez \u00e0 votre int\u00e9rieur une touche d&#8217;originalit\u00e9 avec une pi\u00e8ce unique qui s&#8217;int\u00e8gre dans le style contemporain et apporte de la personnalit\u00e9 \u00e0 votre int\u00e9rieur. Cette table basse peut \u00eatre combin\u00e9e avec l&#8217;un de nos <a href=\"https:\/\/amaruantiques.com\/fr\/categoria-producto\/fauteuils-anciens-bouffees-anciens\/\">fauteuils anciens<\/a> ou avec nos <a href=\"https:\/\/amaruantiques.com\/fr\/categoria-producto\/consoles-anciennes\/\">tables consoles<\/a> disponibles.<\/p>\n<p><em>PI\u00c8CE UNIQUE<\/em><\/p>\n","protected":false},"excerpt":{"rendered":"<p>Petite table d&#8217;appoint ancienne (vers 1850) Dimensions : Largeur : 34 cm Profondeur : 34 cm Hauteur : 33 cm Style : P\u00e9riode Qing Mat\u00e9riaux et techniques : Bois d&#8217;orme Lieu d&#8217;origine : Chine P\u00e9riode : milieu du 19e si\u00e8cle Date de fabrication : Vers 1850 \u00c9tat : Bon \u00e9tat. Usure correspond \u00e0 l&#8217;\u00e2ge et [&hellip;]<\/p>\n","protected":false},"featured_media":187947,"template":"","meta":[],"product_brand":[],"product_cat":[622],"product_tag":[],"class_list":{"0":"post-213361","1":"product","2":"type-product","3":"status-publish","4":"has-post-thumbnail","6":"product_cat-tables-dappoint-tables-du-salon-et-tables-basses","7":"product_shipping_class-medium-100-fr","8":"pa_estilo-dynastie-qing","10":"first","11":"instock","12":"taxable","13":"shipping-taxable","14":"purchasable","15":"product-type-simple"},"yoast_head":"<!-- This site is optimized with the Yoast SEO plugin v26.0 - https:\/\/yoast.com\/wordpress\/plugins\/seo\/ -->\n<title>Petite table d&#039;appoint | Table chinoise ancienne | AMARU ANTIQUES<\/title>\n<meta name=\"description\" content=\"Petite table d&#039;appoint ancienne (vers 1850). Venez d\u00e9couvrir notre plus belle collection de pi\u00e8ces uniques et de tr\u00e9sors du monde entier...\" \/>\n<meta name=\"robots\" content=\"index, follow, max-snippet:-1, max-image-preview:large, max-video-preview:-1\" \/>\n<link rel=\"canonical\" href=\"https:\/\/amaruoptim.stg.uzero.cat\/fr\/meubles-anciens\/tables-dappoint-tables-du-salon-et-tables-basses\/petite-table-dappoint-ancienne-c-1850-1-am13051-1\/\" \/>\n<meta property=\"og:locale\" content=\"fr_FR\" \/>\n<meta property=\"og:type\" content=\"article\" \/>\n<meta property=\"og:title\" content=\"Petite table d&#039;appoint | Table chinoise ancienne | AMARU ANTIQUES\" \/>\n<meta property=\"og:description\" content=\"Petite table d&#039;appoint ancienne (vers 1850). Venez d\u00e9couvrir notre plus belle collection de pi\u00e8ces uniques et de tr\u00e9sors du monde entier...\" \/>\n<meta property=\"og:url\" content=\"https:\/\/amaruoptim.stg.uzero.cat\/fr\/meubles-anciens\/tables-dappoint-tables-du-salon-et-tables-basses\/petite-table-dappoint-ancienne-c-1850-1-am13051-1\/\" \/>\n<meta property=\"og:site_name\" content=\"AMARU\" \/>\n<meta property=\"article:modified_time\" content=\"2025-06-26T15:54:44+00:00\" \/>\n<meta property=\"og:image\" content=\"https:\/\/amaruantiques.com\/wp-content\/uploads\/2025\/06\/AM13051-1-D-1-1.jpg\" \/>\n\t<meta property=\"og:image:width\" content=\"1600\" \/>\n\t<meta property=\"og:image:height\" content=\"1600\" \/>\n\t<meta property=\"og:image:type\" content=\"image\/jpeg\" \/>\n<meta name=\"twitter:card\" content=\"summary_large_image\" \/>\n<meta name=\"twitter:label1\" content=\"Dur\u00e9e de lecture estim\u00e9e\" \/>\n\t<meta name=\"twitter:data1\" content=\"2 minutes\" \/>\n<!-- \/ Yoast SEO plugin. -->","yoast_head_json":{"title":"Petite table d'appoint | Table chinoise ancienne | AMARU ANTIQUES","description":"Petite table d'appoint ancienne (vers 1850). Venez d\u00e9couvrir notre plus belle collection de pi\u00e8ces uniques et de tr\u00e9sors du monde entier...","robots":{"index":"index","follow":"follow","max-snippet":"max-snippet:-1","max-image-preview":"max-image-preview:large","max-video-preview":"max-video-preview:-1"},"canonical":"https:\/\/amaruoptim.stg.uzero.cat\/fr\/meubles-anciens\/tables-dappoint-tables-du-salon-et-tables-basses\/petite-table-dappoint-ancienne-c-1850-1-am13051-1\/","og_locale":"fr_FR","og_type":"article","og_title":"Petite table d'appoint | Table chinoise ancienne | AMARU ANTIQUES","og_description":"Petite table d'appoint ancienne (vers 1850). Venez d\u00e9couvrir notre plus belle collection de pi\u00e8ces uniques et de tr\u00e9sors du monde entier...","og_url":"https:\/\/amaruoptim.stg.uzero.cat\/fr\/meubles-anciens\/tables-dappoint-tables-du-salon-et-tables-basses\/petite-table-dappoint-ancienne-c-1850-1-am13051-1\/","og_site_name":"AMARU","article_modified_time":"2025-06-26T15:54:44+00:00","og_image":[{"width":1600,"height":1600,"url":"https:\/\/amaruantiques.com\/wp-content\/uploads\/2025\/06\/AM13051-1-D-1-1.jpg","type":"image\/jpeg"}],"twitter_card":"summary_large_image","twitter_misc":{"Dur\u00e9e de lecture estim\u00e9e":"2 minutes"},"schema":{"@context":"https:\/\/schema.org","@graph":[{"@type":"WebPage","@id":"https:\/\/amaruoptim.stg.uzero.cat\/fr\/meubles-anciens\/tables-dappoint-tables-du-salon-et-tables-basses\/petite-table-dappoint-ancienne-c-1850-1-am13051-1\/","url":"https:\/\/amaruoptim.stg.uzero.cat\/fr\/meubles-anciens\/tables-dappoint-tables-du-salon-et-tables-basses\/petite-table-dappoint-ancienne-c-1850-1-am13051-1\/","name":"Petite table d'appoint | Table chinoise ancienne | AMARU ANTIQUES","isPartOf":{"@id":"https:\/\/amaruantiques.com\/#website"},"primaryImageOfPage":{"@id":"https:\/\/amaruoptim.stg.uzero.cat\/fr\/meubles-anciens\/tables-dappoint-tables-du-salon-et-tables-basses\/petite-table-dappoint-ancienne-c-1850-1-am13051-1\/#primaryimage"},"image":{"@id":"https:\/\/amaruoptim.stg.uzero.cat\/fr\/meubles-anciens\/tables-dappoint-tables-du-salon-et-tables-basses\/petite-table-dappoint-ancienne-c-1850-1-am13051-1\/#primaryimage"},"thumbnailUrl":"https:\/\/amaruoptim.stg.uzero.cat\/wp-content\/uploads\/2025\/06\/AM13051-1-D-1-1.jpg","datePublished":"2024-10-29T14:35:35+00:00","dateModified":"2025-06-26T15:54:44+00:00","description":"Petite table d'appoint ancienne (vers 1850). Venez d\u00e9couvrir notre plus belle collection de pi\u00e8ces uniques et de tr\u00e9sors du monde entier...","breadcrumb":{"@id":"https:\/\/amaruoptim.stg.uzero.cat\/fr\/meubles-anciens\/tables-dappoint-tables-du-salon-et-tables-basses\/petite-table-dappoint-ancienne-c-1850-1-am13051-1\/#breadcrumb"},"inLanguage":"fr-FR","potentialAction":[{"@type":"ReadAction","target":["https:\/\/amaruoptim.stg.uzero.cat\/fr\/meubles-anciens\/tables-dappoint-tables-du-salon-et-tables-basses\/petite-table-dappoint-ancienne-c-1850-1-am13051-1\/"]}]},{"@type":"ImageObject","inLanguage":"fr-FR","@id":"https:\/\/amaruoptim.stg.uzero.cat\/fr\/meubles-anciens\/tables-dappoint-tables-du-salon-et-tables-basses\/petite-table-dappoint-ancienne-c-1850-1-am13051-1\/#primaryimage","url":"https:\/\/amaruoptim.stg.uzero.cat\/wp-content\/uploads\/2025\/06\/AM13051-1-D-1-1.jpg","contentUrl":"https:\/\/amaruoptim.stg.uzero.cat\/wp-content\/uploads\/2025\/06\/AM13051-1-D-1-1.jpg","width":1600,"height":1600},{"@type":"BreadcrumbList","@id":"https:\/\/amaruoptim.stg.uzero.cat\/fr\/meubles-anciens\/tables-dappoint-tables-du-salon-et-tables-basses\/petite-table-dappoint-ancienne-c-1850-1-am13051-1\/#breadcrumb","itemListElement":[{"@type":"ListItem","position":1,"name":"Accueil","item":"https:\/\/amaruantiques.com\/fr\/"},{"@type":"ListItem","position":2,"name":"Boutique","item":"https:\/\/amaruantiques.com\/fr\/boutique\/"},{"@type":"ListItem","position":3,"name":"Petite table d&#8217;appoint ancienne (c.1850) #1"}]},{"@type":"WebSite","@id":"https:\/\/amaruantiques.com\/#website","url":"https:\/\/amaruantiques.com\/","name":"AMARU - Timeless Antiques","description":"Timeless antiques","publisher":{"@id":"https:\/\/amaruantiques.com\/#organization"},"potentialAction":[{"@type":"SearchAction","target":{"@type":"EntryPoint","urlTemplate":"https:\/\/amaruantiques.com\/?s={search_term_string}"},"query-input":{"@type":"PropertyValueSpecification","valueRequired":true,"valueName":"search_term_string"}}],"inLanguage":"fr-FR"},{"@type":"Organization","@id":"https:\/\/amaruantiques.com\/#organization","name":"AMARU","url":"https:\/\/amaruantiques.com\/","logo":{"@type":"ImageObject","inLanguage":"fr-FR","@id":"https:\/\/amaruantiques.com\/#\/schema\/logo\/image\/","url":"https:\/\/amaruoptim.stg.uzero.cat\/wp-content\/uploads\/2025\/04\/logo-AMARU.svg","contentUrl":"https:\/\/amaruoptim.stg.uzero.cat\/wp-content\/uploads\/2025\/04\/logo-AMARU.svg","caption":"AMARU"},"image":{"@id":"https:\/\/amaruantiques.com\/#\/schema\/logo\/image\/"}}]}},"_links":{"self":[{"href":"https:\/\/amaruoptim.stg.uzero.cat\/fr\/wp-json\/wp\/v2\/product\/213361","targetHints":{"allow":["GET"]}}],"collection":[{"href":"https:\/\/amaruoptim.stg.uzero.cat\/fr\/wp-json\/wp\/v2\/product"}],"about":[{"href":"https:\/\/amaruoptim.stg.uzero.cat\/fr\/wp-json\/wp\/v2\/types\/product"}],"wp:featuredmedia":[{"embeddable":true,"href":"https:\/\/amaruoptim.stg.uzero.cat\/fr\/wp-json\/wp\/v2\/media\/187947"}],"wp:attachment":[{"href":"https:\/\/amaruoptim.stg.uzero.cat\/fr\/wp-json\/wp\/v2\/media?parent=213361"}],"wp:term":[{"taxonomy":"product_brand","embeddable":true,"href":"https:\/\/amaruoptim.stg.uzero.cat\/fr\/wp-json\/wp\/v2\/product_brand?post=213361"},{"taxonomy":"product_cat","embeddable":true,"href":"https:\/\/amaruoptim.stg.uzero.cat\/fr\/wp-json\/wp\/v2\/product_cat?post=213361"},{"taxonomy":"product_tag","embeddable":true,"href":"https:\/\/amaruoptim.stg.uzero.cat\/fr\/wp-json\/wp\/v2\/product_tag?post=213361"}],"curies":[{"name":"wp","href":"https:\/\/api.w.org\/{rel}","templated":true}]}}