{"id":213355,"date":"2024-10-29T09:29:30","date_gmt":"2024-10-29T09:29:32","guid":{"rendered":"https:\/\/amaruantiques.com\/?post_type=product&#038;p=213355"},"modified":"2025-06-26T15:54:39","modified_gmt":"2025-06-26T15:54:39","slug":"ancien-coffre-peint-a-motifs-floraux-c-1900-72-am16072","status":"publish","type":"product","link":"https:\/\/amaruoptim.stg.uzero.cat\/fr\/meubles-anciens\/malles-anciennes\/ancien-coffre-peint-a-motifs-floraux-c-1900-72-am16072\/","title":{"rendered":"Ancien coffre peint \u00e0 motifs floraux (c.1900) #72"},"content":{"rendered":"<p><strong>Ancien coffre peint \u00e0 motifs floraux<\/strong> (vers 1900)<\/p>\n<ul>\n<li style=\"list-style-type: none;\">\n<ul>\n<li><strong>Dimensions : <\/strong>Largeur : 79 cm Profondeur : 36 cm Hauteur : 32 cm<\/li>\n<li><strong>Style :<\/strong> Art populaire<\/li>\n<li><strong>Mat\u00e9riaux et techniques :<\/strong> Bois de pin, peint \u00e0 la main.<\/li>\n<li><strong>Lieu d&#8217;origine :<\/strong> Autriche<\/li>\n<li><strong>P\u00e9riode :<\/strong> D\u00e9but du 20e si\u00e8cle<\/li>\n<li><strong>Date de fabrication :<\/strong> Vers 1900<\/li>\n<li><strong>\u00c9tat :<\/strong> Bon \u00e9tat. Usure correspond \u00e0 l&#8217;\u00e2ge et \u00e0 l&#8217;utilisation.<\/li>\n<\/ul>\n<\/li>\n<\/ul>\n<p>Notre <em>coffre peint ancien <\/em>est une pi\u00e8ce unique qui se distingue par son caract\u00e8re unique :<\/p>\n<ul>\n<li>Les d\u00e9tails peints, bien que subtils, ajoutent de la chaleur et du contraste \u00e0 son style rustique.<\/li>\n<li>Son style polyvalent et intemporel en fait le compl\u00e9ment id\u00e9al d&#8217;un meuble de rangement, d&#8217;une table d&#8217;appoint ou m\u00eame d&#8217;une table basse.<\/li>\n<li>R\u00e9sistance structurelle gr\u00e2ce \u00e0 l&#8217;assemblage en queue d&#8217;aronde.<\/li>\n<\/ul>\n<p>Il est en excellent \u00e9tat de conservation, \u00e0 l&#8217;exception des imperfections caract\u00e9ristiques de toute antiquit\u00e9, dues au passage du temps.<\/p>\n<p>Donnez une touche d&#8217;originalit\u00e9 \u00e0 votre int\u00e9rieur avec cette pi\u00e8ce unique, qui se fond dans le style contemporain et apporte de la personnalit\u00e9 \u00e0 votre int\u00e9rieur. Ce coffre en bois peut \u00eatre associ\u00e9 \u00e0 l&#8217;une de nos <a href=\"https:\/\/amaruantiques.com\/fr\/categoria-producto\/armoires-anciennes\/\">armoires anciennes<\/a> ou \u00e0 nos <a href=\"https:\/\/amaruantiques.com\/fr\/categoria-producto\/tables-dappoint-tables-du-salon-et-tables-basses\/\">tables basses anciennes<\/a> disponibles.<\/p>\n<p><em>PI\u00c8CE UNIQUE<\/em><\/p>\n","protected":false},"excerpt":{"rendered":"<p>Ancien coffre peint \u00e0 motifs floraux (vers 1900) Dimensions : Largeur : 79 cm Profondeur : 36 cm Hauteur : 32 cm Style : Art populaire Mat\u00e9riaux et techniques : Bois de pin, peint \u00e0 la main. Lieu d&#8217;origine : Autriche P\u00e9riode : D\u00e9but du 20e si\u00e8cle Date de fabrication : Vers 1900 \u00c9tat : [&hellip;]<\/p>\n","protected":false},"featured_media":187756,"template":"","meta":[],"product_brand":[],"product_cat":[608],"product_tag":[],"class_list":{"0":"post-213355","1":"product","2":"type-product","3":"status-publish","4":"has-post-thumbnail","6":"product_cat-malles-anciennes","7":"product_shipping_class-large-150-fr","8":"pa_estilo-art-populaire","10":"first","11":"instock","12":"taxable","13":"shipping-taxable","14":"purchasable","15":"product-type-simple"},"yoast_head":"<!-- This site is optimized with the Yoast SEO plugin v26.0 - https:\/\/yoast.com\/wordpress\/plugins\/seo\/ -->\n<title>Ancien coffre peint | Coffre en bois | AMARU ANTIQUES<\/title>\n<meta name=\"description\" content=\"Ancien coffre peint \u00e0 motifs floraux (vers 1900). Venez d\u00e9couvrir notre plus belle collection de pi\u00e8ces uniques et de tr\u00e9sors du monde entier...v\" \/>\n<meta name=\"robots\" content=\"index, follow, max-snippet:-1, max-image-preview:large, max-video-preview:-1\" \/>\n<link rel=\"canonical\" href=\"https:\/\/amaruoptim.stg.uzero.cat\/fr\/meubles-anciens\/malles-anciennes\/ancien-coffre-peint-a-motifs-floraux-c-1900-72-am16072\/\" \/>\n<meta property=\"og:locale\" content=\"fr_FR\" \/>\n<meta property=\"og:type\" content=\"article\" \/>\n<meta property=\"og:title\" content=\"Ancien coffre peint | Coffre en bois | AMARU ANTIQUES\" \/>\n<meta property=\"og:description\" content=\"Ancien coffre peint \u00e0 motifs floraux (vers 1900). Venez d\u00e9couvrir notre plus belle collection de pi\u00e8ces uniques et de tr\u00e9sors du monde entier...v\" \/>\n<meta property=\"og:url\" content=\"https:\/\/amaruoptim.stg.uzero.cat\/fr\/meubles-anciens\/malles-anciennes\/ancien-coffre-peint-a-motifs-floraux-c-1900-72-am16072\/\" \/>\n<meta property=\"og:site_name\" content=\"AMARU\" \/>\n<meta property=\"article:modified_time\" content=\"2025-06-26T15:54:39+00:00\" \/>\n<meta property=\"og:image\" content=\"https:\/\/amaruantiques.com\/wp-content\/uploads\/2025\/06\/AM16072-1-1.jpg\" \/>\n\t<meta property=\"og:image:width\" content=\"1600\" \/>\n\t<meta property=\"og:image:height\" content=\"1600\" \/>\n\t<meta property=\"og:image:type\" content=\"image\/jpeg\" \/>\n<meta name=\"twitter:card\" content=\"summary_large_image\" \/>\n<meta name=\"twitter:label1\" content=\"Dur\u00e9e de lecture estim\u00e9e\" \/>\n\t<meta name=\"twitter:data1\" content=\"1 minute\" \/>\n<!-- \/ Yoast SEO plugin. -->","yoast_head_json":{"title":"Ancien coffre peint | Coffre en bois | AMARU ANTIQUES","description":"Ancien coffre peint \u00e0 motifs floraux (vers 1900). Venez d\u00e9couvrir notre plus belle collection de pi\u00e8ces uniques et de tr\u00e9sors du monde entier...v","robots":{"index":"index","follow":"follow","max-snippet":"max-snippet:-1","max-image-preview":"max-image-preview:large","max-video-preview":"max-video-preview:-1"},"canonical":"https:\/\/amaruoptim.stg.uzero.cat\/fr\/meubles-anciens\/malles-anciennes\/ancien-coffre-peint-a-motifs-floraux-c-1900-72-am16072\/","og_locale":"fr_FR","og_type":"article","og_title":"Ancien coffre peint | Coffre en bois | AMARU ANTIQUES","og_description":"Ancien coffre peint \u00e0 motifs floraux (vers 1900). Venez d\u00e9couvrir notre plus belle collection de pi\u00e8ces uniques et de tr\u00e9sors du monde entier...v","og_url":"https:\/\/amaruoptim.stg.uzero.cat\/fr\/meubles-anciens\/malles-anciennes\/ancien-coffre-peint-a-motifs-floraux-c-1900-72-am16072\/","og_site_name":"AMARU","article_modified_time":"2025-06-26T15:54:39+00:00","og_image":[{"width":1600,"height":1600,"url":"https:\/\/amaruantiques.com\/wp-content\/uploads\/2025\/06\/AM16072-1-1.jpg","type":"image\/jpeg"}],"twitter_card":"summary_large_image","twitter_misc":{"Dur\u00e9e de lecture estim\u00e9e":"1 minute"},"schema":{"@context":"https:\/\/schema.org","@graph":[{"@type":"WebPage","@id":"https:\/\/amaruoptim.stg.uzero.cat\/fr\/meubles-anciens\/malles-anciennes\/ancien-coffre-peint-a-motifs-floraux-c-1900-72-am16072\/","url":"https:\/\/amaruoptim.stg.uzero.cat\/fr\/meubles-anciens\/malles-anciennes\/ancien-coffre-peint-a-motifs-floraux-c-1900-72-am16072\/","name":"Ancien coffre peint | Coffre en bois | AMARU ANTIQUES","isPartOf":{"@id":"https:\/\/amaruantiques.com\/#website"},"primaryImageOfPage":{"@id":"https:\/\/amaruoptim.stg.uzero.cat\/fr\/meubles-anciens\/malles-anciennes\/ancien-coffre-peint-a-motifs-floraux-c-1900-72-am16072\/#primaryimage"},"image":{"@id":"https:\/\/amaruoptim.stg.uzero.cat\/fr\/meubles-anciens\/malles-anciennes\/ancien-coffre-peint-a-motifs-floraux-c-1900-72-am16072\/#primaryimage"},"thumbnailUrl":"https:\/\/amaruoptim.stg.uzero.cat\/wp-content\/uploads\/2025\/06\/AM16072-1-1.jpg","datePublished":"2024-10-29T09:29:32+00:00","dateModified":"2025-06-26T15:54:39+00:00","description":"Ancien coffre peint \u00e0 motifs floraux (vers 1900). Venez d\u00e9couvrir notre plus belle collection de pi\u00e8ces uniques et de tr\u00e9sors du monde entier...v","breadcrumb":{"@id":"https:\/\/amaruoptim.stg.uzero.cat\/fr\/meubles-anciens\/malles-anciennes\/ancien-coffre-peint-a-motifs-floraux-c-1900-72-am16072\/#breadcrumb"},"inLanguage":"fr-FR","potentialAction":[{"@type":"ReadAction","target":["https:\/\/amaruoptim.stg.uzero.cat\/fr\/meubles-anciens\/malles-anciennes\/ancien-coffre-peint-a-motifs-floraux-c-1900-72-am16072\/"]}]},{"@type":"ImageObject","inLanguage":"fr-FR","@id":"https:\/\/amaruoptim.stg.uzero.cat\/fr\/meubles-anciens\/malles-anciennes\/ancien-coffre-peint-a-motifs-floraux-c-1900-72-am16072\/#primaryimage","url":"https:\/\/amaruoptim.stg.uzero.cat\/wp-content\/uploads\/2025\/06\/AM16072-1-1.jpg","contentUrl":"https:\/\/amaruoptim.stg.uzero.cat\/wp-content\/uploads\/2025\/06\/AM16072-1-1.jpg","width":1600,"height":1600},{"@type":"BreadcrumbList","@id":"https:\/\/amaruoptim.stg.uzero.cat\/fr\/meubles-anciens\/malles-anciennes\/ancien-coffre-peint-a-motifs-floraux-c-1900-72-am16072\/#breadcrumb","itemListElement":[{"@type":"ListItem","position":1,"name":"Accueil","item":"https:\/\/amaruantiques.com\/fr\/"},{"@type":"ListItem","position":2,"name":"Boutique","item":"https:\/\/amaruantiques.com\/fr\/boutique\/"},{"@type":"ListItem","position":3,"name":"Ancien coffre peint \u00e0 motifs floraux (c.1900) #72"}]},{"@type":"WebSite","@id":"https:\/\/amaruantiques.com\/#website","url":"https:\/\/amaruantiques.com\/","name":"AMARU - Timeless Antiques","description":"Timeless antiques","publisher":{"@id":"https:\/\/amaruantiques.com\/#organization"},"potentialAction":[{"@type":"SearchAction","target":{"@type":"EntryPoint","urlTemplate":"https:\/\/amaruantiques.com\/?s={search_term_string}"},"query-input":{"@type":"PropertyValueSpecification","valueRequired":true,"valueName":"search_term_string"}}],"inLanguage":"fr-FR"},{"@type":"Organization","@id":"https:\/\/amaruantiques.com\/#organization","name":"AMARU","url":"https:\/\/amaruantiques.com\/","logo":{"@type":"ImageObject","inLanguage":"fr-FR","@id":"https:\/\/amaruantiques.com\/#\/schema\/logo\/image\/","url":"https:\/\/amaruoptim.stg.uzero.cat\/wp-content\/uploads\/2025\/04\/logo-AMARU.svg","contentUrl":"https:\/\/amaruoptim.stg.uzero.cat\/wp-content\/uploads\/2025\/04\/logo-AMARU.svg","caption":"AMARU"},"image":{"@id":"https:\/\/amaruantiques.com\/#\/schema\/logo\/image\/"}}]}},"_links":{"self":[{"href":"https:\/\/amaruoptim.stg.uzero.cat\/fr\/wp-json\/wp\/v2\/product\/213355","targetHints":{"allow":["GET"]}}],"collection":[{"href":"https:\/\/amaruoptim.stg.uzero.cat\/fr\/wp-json\/wp\/v2\/product"}],"about":[{"href":"https:\/\/amaruoptim.stg.uzero.cat\/fr\/wp-json\/wp\/v2\/types\/product"}],"wp:featuredmedia":[{"embeddable":true,"href":"https:\/\/amaruoptim.stg.uzero.cat\/fr\/wp-json\/wp\/v2\/media\/187756"}],"wp:attachment":[{"href":"https:\/\/amaruoptim.stg.uzero.cat\/fr\/wp-json\/wp\/v2\/media?parent=213355"}],"wp:term":[{"taxonomy":"product_brand","embeddable":true,"href":"https:\/\/amaruoptim.stg.uzero.cat\/fr\/wp-json\/wp\/v2\/product_brand?post=213355"},{"taxonomy":"product_cat","embeddable":true,"href":"https:\/\/amaruoptim.stg.uzero.cat\/fr\/wp-json\/wp\/v2\/product_cat?post=213355"},{"taxonomy":"product_tag","embeddable":true,"href":"https:\/\/amaruoptim.stg.uzero.cat\/fr\/wp-json\/wp\/v2\/product_tag?post=213355"}],"curies":[{"name":"wp","href":"https:\/\/api.w.org\/{rel}","templated":true}]}}