{"id":213309,"date":"2024-10-16T14:53:37","date_gmt":"2024-10-16T14:53:39","guid":{"rendered":"https:\/\/amaruantiques.com\/?post_type=product&#038;p=213309"},"modified":"2025-06-26T15:54:18","modified_gmt":"2025-06-26T15:54:18","slug":"ancien-support-pour-plantes-rouge-bordeaux-vers-1920-am14038","status":"publish","type":"product","link":"https:\/\/amaruoptim.stg.uzero.cat\/fr\/meubles-anciens\/autres-objets-et-artefacts-anciens\/ancien-support-pour-plantes-rouge-bordeaux-vers-1920-am14038\/","title":{"rendered":"Ancien support pour plante rouge bordeaux (vers 1920)"},"content":{"rendered":"<p><strong>Ancien support pour plantes rouge bordeaux<\/strong> (vers 1920)<\/p>\n<ul>\n<li><strong>\u00c2ge approximatif:<\/strong> 100 ans<\/li>\n<li><strong>Mat\u00e9riel:<\/strong> Bois du pin<\/li>\n<\/ul>\n<p>Notre <em>ancien support de plantes <\/em>est une pi\u00e8ce unique qui se distingue par :<\/p>\n<ul>\n<li>Son rouge grenat est une couleur chaude et vibrante qui contraste parfaitement avec le vert des plantes.<\/li>\n<li>Son design haut et fin le rend id\u00e9al pour l&#8217;entr\u00e9e de votre maison, de votre salon ou de votre jardin.<\/li>\n<li>Il s&#8217;agit d&#8217;une pi\u00e8ce d\u00e9corative en soi, qui non seulement soutient les plantes, mais embellit \u00e9galement l&#8217;environnement.<\/li>\n<\/ul>\n<p>Il est en excellent \u00e9tat de conservation, \u00e0 l&#8217;exception des imperfections caract\u00e9ristiques de toute antiquit\u00e9, dues au passage du temps.<\/p>\n<p>Donnez \u00e0 votre int\u00e9rieur une touche d&#8217;originalit\u00e9 avec une pi\u00e8ce unique qui s&#8217;int\u00e8gre dans le style contemporain et apporte de la personnalit\u00e9 \u00e0 votre int\u00e9rieur. Cette \u00e9tag\u00e8re peut \u00eatre combin\u00e9e avec l&#8217;un de nos <a href=\"https:\/\/amaruantiques.com\/fr\/categoria-producto\/bancs-anciens\/\">bancs anciens<\/a> ou avec nos <a href=\"https:\/\/amaruantiques.com\/fr\/categoria-producto\/meubles-de-jardin-anciens\/\">meubles de jardin<\/a>. disponible.<\/p>\n<p><em>PI\u00c8CE UNIQUE<\/em><\/p>\n","protected":false},"excerpt":{"rendered":"<p><strong>Dimensions : <\/strong>37 x 37 x 134 cm (Longueur x Largeur x Hauteur)<\/p>\n","protected":false},"featured_media":186314,"template":"","meta":[],"product_brand":[],"product_cat":[638],"product_tag":[],"class_list":{"0":"post-213309","1":"product","2":"type-product","3":"status-publish","4":"has-post-thumbnail","6":"product_cat-autres-objets-et-artefacts-anciens","7":"product_shipping_class-extra-large-250-fr","8":"pa_estilo-provencal-francais","10":"first","11":"instock","12":"sale","13":"sold-individually","14":"taxable","15":"shipping-taxable","16":"purchasable","17":"product-type-simple"},"yoast_head":"<!-- This site is optimized with the Yoast SEO plugin v26.0 - https:\/\/yoast.com\/wordpress\/plugins\/seo\/ -->\n<title>Ancien support pour plantes | Support pour plantes | AMARU ANTIQUES<\/title>\n<meta name=\"description\" content=\"Ancien support pour plantes rouge bordeaux (vers 1920). Venez d\u00e9couvrir notre concept de meubles anciens et vintage sur notre site internet...\" \/>\n<meta name=\"robots\" content=\"index, follow, max-snippet:-1, max-image-preview:large, max-video-preview:-1\" \/>\n<link rel=\"canonical\" href=\"https:\/\/amaruoptim.stg.uzero.cat\/fr\/meubles-anciens\/autres-objets-et-artefacts-anciens\/ancien-support-pour-plantes-rouge-bordeaux-vers-1920-am14038\/\" \/>\n<meta property=\"og:locale\" content=\"fr_FR\" \/>\n<meta property=\"og:type\" content=\"article\" \/>\n<meta property=\"og:title\" content=\"Ancien support pour plantes | Support pour plantes | AMARU ANTIQUES\" \/>\n<meta property=\"og:description\" content=\"Ancien support pour plantes rouge bordeaux (vers 1920). Venez d\u00e9couvrir notre concept de meubles anciens et vintage sur notre site internet...\" \/>\n<meta property=\"og:url\" content=\"https:\/\/amaruoptim.stg.uzero.cat\/fr\/meubles-anciens\/autres-objets-et-artefacts-anciens\/ancien-support-pour-plantes-rouge-bordeaux-vers-1920-am14038\/\" \/>\n<meta property=\"og:site_name\" content=\"AMARU\" \/>\n<meta property=\"article:modified_time\" content=\"2025-06-26T15:54:18+00:00\" \/>\n<meta property=\"og:image\" content=\"https:\/\/amaruantiques.com\/wp-content\/uploads\/2025\/06\/AM14038-5-1.jpg\" \/>\n\t<meta property=\"og:image:width\" content=\"1600\" \/>\n\t<meta property=\"og:image:height\" content=\"1600\" \/>\n\t<meta property=\"og:image:type\" content=\"image\/jpeg\" \/>\n<meta name=\"twitter:card\" content=\"summary_large_image\" \/>\n<meta name=\"twitter:label1\" content=\"Dur\u00e9e de lecture estim\u00e9e\" \/>\n\t<meta name=\"twitter:data1\" content=\"2 minutes\" \/>\n<!-- \/ Yoast SEO plugin. -->","yoast_head_json":{"title":"Ancien support pour plantes | Support pour plantes | AMARU ANTIQUES","description":"Ancien support pour plantes rouge bordeaux (vers 1920). Venez d\u00e9couvrir notre concept de meubles anciens et vintage sur notre site internet...","robots":{"index":"index","follow":"follow","max-snippet":"max-snippet:-1","max-image-preview":"max-image-preview:large","max-video-preview":"max-video-preview:-1"},"canonical":"https:\/\/amaruoptim.stg.uzero.cat\/fr\/meubles-anciens\/autres-objets-et-artefacts-anciens\/ancien-support-pour-plantes-rouge-bordeaux-vers-1920-am14038\/","og_locale":"fr_FR","og_type":"article","og_title":"Ancien support pour plantes | Support pour plantes | AMARU ANTIQUES","og_description":"Ancien support pour plantes rouge bordeaux (vers 1920). Venez d\u00e9couvrir notre concept de meubles anciens et vintage sur notre site internet...","og_url":"https:\/\/amaruoptim.stg.uzero.cat\/fr\/meubles-anciens\/autres-objets-et-artefacts-anciens\/ancien-support-pour-plantes-rouge-bordeaux-vers-1920-am14038\/","og_site_name":"AMARU","article_modified_time":"2025-06-26T15:54:18+00:00","og_image":[{"width":1600,"height":1600,"url":"https:\/\/amaruantiques.com\/wp-content\/uploads\/2025\/06\/AM14038-5-1.jpg","type":"image\/jpeg"}],"twitter_card":"summary_large_image","twitter_misc":{"Dur\u00e9e de lecture estim\u00e9e":"2 minutes"},"schema":{"@context":"https:\/\/schema.org","@graph":[{"@type":"WebPage","@id":"https:\/\/amaruoptim.stg.uzero.cat\/fr\/meubles-anciens\/autres-objets-et-artefacts-anciens\/ancien-support-pour-plantes-rouge-bordeaux-vers-1920-am14038\/","url":"https:\/\/amaruoptim.stg.uzero.cat\/fr\/meubles-anciens\/autres-objets-et-artefacts-anciens\/ancien-support-pour-plantes-rouge-bordeaux-vers-1920-am14038\/","name":"Ancien support pour plantes | Support pour plantes | AMARU ANTIQUES","isPartOf":{"@id":"https:\/\/amaruantiques.com\/#website"},"primaryImageOfPage":{"@id":"https:\/\/amaruoptim.stg.uzero.cat\/fr\/meubles-anciens\/autres-objets-et-artefacts-anciens\/ancien-support-pour-plantes-rouge-bordeaux-vers-1920-am14038\/#primaryimage"},"image":{"@id":"https:\/\/amaruoptim.stg.uzero.cat\/fr\/meubles-anciens\/autres-objets-et-artefacts-anciens\/ancien-support-pour-plantes-rouge-bordeaux-vers-1920-am14038\/#primaryimage"},"thumbnailUrl":"https:\/\/amaruoptim.stg.uzero.cat\/wp-content\/uploads\/2025\/06\/AM14038-5-1.jpg","datePublished":"2024-10-16T14:53:39+00:00","dateModified":"2025-06-26T15:54:18+00:00","description":"Ancien support pour plantes rouge bordeaux (vers 1920). Venez d\u00e9couvrir notre concept de meubles anciens et vintage sur notre site internet...","breadcrumb":{"@id":"https:\/\/amaruoptim.stg.uzero.cat\/fr\/meubles-anciens\/autres-objets-et-artefacts-anciens\/ancien-support-pour-plantes-rouge-bordeaux-vers-1920-am14038\/#breadcrumb"},"inLanguage":"fr-FR","potentialAction":[{"@type":"ReadAction","target":["https:\/\/amaruoptim.stg.uzero.cat\/fr\/meubles-anciens\/autres-objets-et-artefacts-anciens\/ancien-support-pour-plantes-rouge-bordeaux-vers-1920-am14038\/"]}]},{"@type":"ImageObject","inLanguage":"fr-FR","@id":"https:\/\/amaruoptim.stg.uzero.cat\/fr\/meubles-anciens\/autres-objets-et-artefacts-anciens\/ancien-support-pour-plantes-rouge-bordeaux-vers-1920-am14038\/#primaryimage","url":"https:\/\/amaruoptim.stg.uzero.cat\/wp-content\/uploads\/2025\/06\/AM14038-5-1.jpg","contentUrl":"https:\/\/amaruoptim.stg.uzero.cat\/wp-content\/uploads\/2025\/06\/AM14038-5-1.jpg","width":1600,"height":1600},{"@type":"BreadcrumbList","@id":"https:\/\/amaruoptim.stg.uzero.cat\/fr\/meubles-anciens\/autres-objets-et-artefacts-anciens\/ancien-support-pour-plantes-rouge-bordeaux-vers-1920-am14038\/#breadcrumb","itemListElement":[{"@type":"ListItem","position":1,"name":"Accueil","item":"https:\/\/amaruantiques.com\/fr\/"},{"@type":"ListItem","position":2,"name":"Boutique","item":"https:\/\/amaruantiques.com\/fr\/boutique\/"},{"@type":"ListItem","position":3,"name":"Ancien support pour plante rouge bordeaux (vers 1920)"}]},{"@type":"WebSite","@id":"https:\/\/amaruantiques.com\/#website","url":"https:\/\/amaruantiques.com\/","name":"AMARU - Timeless Antiques","description":"Timeless antiques","publisher":{"@id":"https:\/\/amaruantiques.com\/#organization"},"potentialAction":[{"@type":"SearchAction","target":{"@type":"EntryPoint","urlTemplate":"https:\/\/amaruantiques.com\/?s={search_term_string}"},"query-input":{"@type":"PropertyValueSpecification","valueRequired":true,"valueName":"search_term_string"}}],"inLanguage":"fr-FR"},{"@type":"Organization","@id":"https:\/\/amaruantiques.com\/#organization","name":"AMARU","url":"https:\/\/amaruantiques.com\/","logo":{"@type":"ImageObject","inLanguage":"fr-FR","@id":"https:\/\/amaruantiques.com\/#\/schema\/logo\/image\/","url":"https:\/\/amaruoptim.stg.uzero.cat\/wp-content\/uploads\/2025\/04\/logo-AMARU.svg","contentUrl":"https:\/\/amaruoptim.stg.uzero.cat\/wp-content\/uploads\/2025\/04\/logo-AMARU.svg","caption":"AMARU"},"image":{"@id":"https:\/\/amaruantiques.com\/#\/schema\/logo\/image\/"}}]}},"_links":{"self":[{"href":"https:\/\/amaruoptim.stg.uzero.cat\/fr\/wp-json\/wp\/v2\/product\/213309","targetHints":{"allow":["GET"]}}],"collection":[{"href":"https:\/\/amaruoptim.stg.uzero.cat\/fr\/wp-json\/wp\/v2\/product"}],"about":[{"href":"https:\/\/amaruoptim.stg.uzero.cat\/fr\/wp-json\/wp\/v2\/types\/product"}],"wp:featuredmedia":[{"embeddable":true,"href":"https:\/\/amaruoptim.stg.uzero.cat\/fr\/wp-json\/wp\/v2\/media\/186314"}],"wp:attachment":[{"href":"https:\/\/amaruoptim.stg.uzero.cat\/fr\/wp-json\/wp\/v2\/media?parent=213309"}],"wp:term":[{"taxonomy":"product_brand","embeddable":true,"href":"https:\/\/amaruoptim.stg.uzero.cat\/fr\/wp-json\/wp\/v2\/product_brand?post=213309"},{"taxonomy":"product_cat","embeddable":true,"href":"https:\/\/amaruoptim.stg.uzero.cat\/fr\/wp-json\/wp\/v2\/product_cat?post=213309"},{"taxonomy":"product_tag","embeddable":true,"href":"https:\/\/amaruoptim.stg.uzero.cat\/fr\/wp-json\/wp\/v2\/product_tag?post=213309"}],"curies":[{"name":"wp","href":"https:\/\/api.w.org\/{rel}","templated":true}]}}