{"id":213303,"date":"2024-10-16T11:47:11","date_gmt":"2024-10-16T11:47:13","guid":{"rendered":"https:\/\/amaruantiques.com\/?post_type=product&#038;p=213303"},"modified":"2025-06-26T15:54:16","modified_gmt":"2025-06-26T15:54:16","slug":"chaises-de-salle-a-manger-vintage-thonet-c-1950-ensemble-de-4-pieces-am16112","status":"publish","type":"product","link":"https:\/\/amaruoptim.stg.uzero.cat\/fr\/meubles-anciens\/chaises-anciennes\/chaises-de-salle-a-manger-vintage-thonet-c-1950-ensemble-de-4-pieces-am16112\/","title":{"rendered":"Chaises de salle \u00e0 manger vintage Thonet (c.1950). Ensemble de 4 pi\u00e8ces"},"content":{"rendered":"<p><strong>Anciennes chaises de salle \u00e0 manger Thonet<\/strong> (vers 1950). Ensemble de 4 pi\u00e8ces<\/p>\n<ul>\n<li><strong>\u00c2ge approximatif :<\/strong> 80 ans<\/li>\n<li><strong>Mat\u00e9riau : <\/strong>Contreplaqu\u00e9 de h\u00eatre<\/li>\n<\/ul>\n<p>Nos<em> chaises de salle \u00e0 manger Thonet<\/em> sont des pi\u00e8ces uniques qui se distinguent par leur qualit\u00e9 :<\/p>\n<ul>\n<li style=\"list-style-type: none\">\n<ul>\n<li>Son design minimaliste et fonctionnel.<\/li>\n<li>Son style intemporel s&#8217;int\u00e8gre parfaitement \u00e0 une vari\u00e9t\u00e9 de styles.<\/li>\n<li>Conserver le cachet de fabrication original de THONET<\/li>\n<li>Ils sont le compl\u00e9ment id\u00e9al d&#8217;une table \u00e0 manger, d&#8217;un salon ou de tout autre espace contemporain.<\/li>\n<\/ul>\n<\/li>\n<\/ul>\n<p>Il est en excellent \u00e9tat de conservation, \u00e0 l&#8217;exception des imperfections caract\u00e9ristiques de toute antiquit\u00e9, dues au passage du temps.<\/p>\n<p>Ajoutez une touche d&#8217;originalit\u00e9 \u00e0 votre int\u00e9rieur avec ces pi\u00e8ces uniques, qui se fondent dans le style contemporain et apportent de la personnalit\u00e9 \u00e0 votre int\u00e9rieur. Cet ensemble de chaises en bois peut \u00eatre associ\u00e9 \u00e0 l&#8217;une de nos<a href=\"https:\/\/amaruantiques.com\/fr\/categoria-producto\/tables-dappoint-tables-du-salon-et-tables-basses\/\"> tables basses<\/a> ou \u00e0 l&#8217;un de nos <a href=\"https:\/\/amaruantiques.com\/fr\/categoria-producto\/buffets-anciens\/\">buffets anciens<\/a> disponibles.<\/p>\n<p><em>PI\u00c8CES UNIQUES<\/em><\/p>\n","protected":false},"excerpt":{"rendered":"<p>Anciennes chaises de salle \u00e0 manger Thonet (vers 1950). Ensemble de 4 pi\u00e8ces \u00c2ge approximatif : 80 ans Mat\u00e9riau : Contreplaqu\u00e9 de h\u00eatre Nos chaises de salle \u00e0 manger Thonet sont des pi\u00e8ces uniques qui se distinguent par leur qualit\u00e9 : Son design minimaliste et fonctionnel. Son style intemporel s&#8217;int\u00e8gre parfaitement \u00e0 une vari\u00e9t\u00e9 de [&hellip;]<\/p>\n","protected":false},"featured_media":186088,"template":"","meta":[],"product_brand":[],"product_cat":[640,618],"product_tag":[],"class_list":{"0":"post-213303","1":"product","2":"type-product","3":"status-publish","4":"has-post-thumbnail","6":"product_cat-chaises-thonet","7":"product_cat-chaises-anciennes","8":"product_shipping_class-gran-cargo-750-fr","9":"pa_estilo-secession-de-vienne","11":"first","12":"instock","13":"taxable","14":"shipping-taxable","15":"purchasable","16":"product-type-simple"},"yoast_head":"<!-- This site is optimized with the Yoast SEO plugin v26.0 - https:\/\/yoast.com\/wordpress\/plugins\/seo\/ -->\n<title>Chaises de salle \u00e0 manger Thonet | Chaises en bois | AMARU<\/title>\n<meta name=\"description\" content=\"Chaises de salle \u00e0 manger Thonet (vers 1950). Venez d\u00e9couvrir notre plus belle collection de pi\u00e8ces uniques et de tr\u00e9sors du monde entier...\" \/>\n<meta name=\"robots\" content=\"index, follow, max-snippet:-1, max-image-preview:large, max-video-preview:-1\" \/>\n<link rel=\"canonical\" href=\"https:\/\/amaruoptim.stg.uzero.cat\/fr\/meubles-anciens\/chaises-anciennes\/chaises-de-salle-a-manger-vintage-thonet-c-1950-ensemble-de-4-pieces-am16112\/\" \/>\n<meta property=\"og:locale\" content=\"fr_FR\" \/>\n<meta property=\"og:type\" content=\"article\" \/>\n<meta property=\"og:title\" content=\"Chaises de salle \u00e0 manger Thonet | Chaises en bois | AMARU\" \/>\n<meta property=\"og:description\" content=\"Chaises de salle \u00e0 manger Thonet (vers 1950). Venez d\u00e9couvrir notre plus belle collection de pi\u00e8ces uniques et de tr\u00e9sors du monde entier...\" \/>\n<meta property=\"og:url\" content=\"https:\/\/amaruoptim.stg.uzero.cat\/fr\/meubles-anciens\/chaises-anciennes\/chaises-de-salle-a-manger-vintage-thonet-c-1950-ensemble-de-4-pieces-am16112\/\" \/>\n<meta property=\"og:site_name\" content=\"AMARU\" \/>\n<meta property=\"article:modified_time\" content=\"2025-06-26T15:54:16+00:00\" \/>\n<meta property=\"og:image\" content=\"https:\/\/amaruantiques.com\/wp-content\/uploads\/2025\/06\/AM16112-D-1-1-1.jpg\" \/>\n\t<meta property=\"og:image:width\" content=\"1600\" \/>\n\t<meta property=\"og:image:height\" content=\"1600\" \/>\n\t<meta property=\"og:image:type\" content=\"image\/jpeg\" \/>\n<meta name=\"twitter:card\" content=\"summary_large_image\" \/>\n<meta name=\"twitter:label1\" content=\"Dur\u00e9e de lecture estim\u00e9e\" \/>\n\t<meta name=\"twitter:data1\" content=\"1 minute\" \/>\n<!-- \/ Yoast SEO plugin. -->","yoast_head_json":{"title":"Chaises de salle \u00e0 manger Thonet | Chaises en bois | AMARU","description":"Chaises de salle \u00e0 manger Thonet (vers 1950). Venez d\u00e9couvrir notre plus belle collection de pi\u00e8ces uniques et de tr\u00e9sors du monde entier...","robots":{"index":"index","follow":"follow","max-snippet":"max-snippet:-1","max-image-preview":"max-image-preview:large","max-video-preview":"max-video-preview:-1"},"canonical":"https:\/\/amaruoptim.stg.uzero.cat\/fr\/meubles-anciens\/chaises-anciennes\/chaises-de-salle-a-manger-vintage-thonet-c-1950-ensemble-de-4-pieces-am16112\/","og_locale":"fr_FR","og_type":"article","og_title":"Chaises de salle \u00e0 manger Thonet | Chaises en bois | AMARU","og_description":"Chaises de salle \u00e0 manger Thonet (vers 1950). Venez d\u00e9couvrir notre plus belle collection de pi\u00e8ces uniques et de tr\u00e9sors du monde entier...","og_url":"https:\/\/amaruoptim.stg.uzero.cat\/fr\/meubles-anciens\/chaises-anciennes\/chaises-de-salle-a-manger-vintage-thonet-c-1950-ensemble-de-4-pieces-am16112\/","og_site_name":"AMARU","article_modified_time":"2025-06-26T15:54:16+00:00","og_image":[{"width":1600,"height":1600,"url":"https:\/\/amaruantiques.com\/wp-content\/uploads\/2025\/06\/AM16112-D-1-1-1.jpg","type":"image\/jpeg"}],"twitter_card":"summary_large_image","twitter_misc":{"Dur\u00e9e de lecture estim\u00e9e":"1 minute"},"schema":{"@context":"https:\/\/schema.org","@graph":[{"@type":"WebPage","@id":"https:\/\/amaruoptim.stg.uzero.cat\/fr\/meubles-anciens\/chaises-anciennes\/chaises-de-salle-a-manger-vintage-thonet-c-1950-ensemble-de-4-pieces-am16112\/","url":"https:\/\/amaruoptim.stg.uzero.cat\/fr\/meubles-anciens\/chaises-anciennes\/chaises-de-salle-a-manger-vintage-thonet-c-1950-ensemble-de-4-pieces-am16112\/","name":"Chaises de salle \u00e0 manger Thonet | Chaises en bois | AMARU","isPartOf":{"@id":"https:\/\/amaruantiques.com\/#website"},"primaryImageOfPage":{"@id":"https:\/\/amaruoptim.stg.uzero.cat\/fr\/meubles-anciens\/chaises-anciennes\/chaises-de-salle-a-manger-vintage-thonet-c-1950-ensemble-de-4-pieces-am16112\/#primaryimage"},"image":{"@id":"https:\/\/amaruoptim.stg.uzero.cat\/fr\/meubles-anciens\/chaises-anciennes\/chaises-de-salle-a-manger-vintage-thonet-c-1950-ensemble-de-4-pieces-am16112\/#primaryimage"},"thumbnailUrl":"https:\/\/amaruoptim.stg.uzero.cat\/wp-content\/uploads\/2025\/06\/AM16112-D-1-1-1.jpg","datePublished":"2024-10-16T11:47:13+00:00","dateModified":"2025-06-26T15:54:16+00:00","description":"Chaises de salle \u00e0 manger Thonet (vers 1950). Venez d\u00e9couvrir notre plus belle collection de pi\u00e8ces uniques et de tr\u00e9sors du monde entier...","breadcrumb":{"@id":"https:\/\/amaruoptim.stg.uzero.cat\/fr\/meubles-anciens\/chaises-anciennes\/chaises-de-salle-a-manger-vintage-thonet-c-1950-ensemble-de-4-pieces-am16112\/#breadcrumb"},"inLanguage":"fr-FR","potentialAction":[{"@type":"ReadAction","target":["https:\/\/amaruoptim.stg.uzero.cat\/fr\/meubles-anciens\/chaises-anciennes\/chaises-de-salle-a-manger-vintage-thonet-c-1950-ensemble-de-4-pieces-am16112\/"]}]},{"@type":"ImageObject","inLanguage":"fr-FR","@id":"https:\/\/amaruoptim.stg.uzero.cat\/fr\/meubles-anciens\/chaises-anciennes\/chaises-de-salle-a-manger-vintage-thonet-c-1950-ensemble-de-4-pieces-am16112\/#primaryimage","url":"https:\/\/amaruoptim.stg.uzero.cat\/wp-content\/uploads\/2025\/06\/AM16112-D-1-1-1.jpg","contentUrl":"https:\/\/amaruoptim.stg.uzero.cat\/wp-content\/uploads\/2025\/06\/AM16112-D-1-1-1.jpg","width":1600,"height":1600},{"@type":"BreadcrumbList","@id":"https:\/\/amaruoptim.stg.uzero.cat\/fr\/meubles-anciens\/chaises-anciennes\/chaises-de-salle-a-manger-vintage-thonet-c-1950-ensemble-de-4-pieces-am16112\/#breadcrumb","itemListElement":[{"@type":"ListItem","position":1,"name":"Accueil","item":"https:\/\/amaruantiques.com\/fr\/"},{"@type":"ListItem","position":2,"name":"Boutique","item":"https:\/\/amaruantiques.com\/fr\/boutique\/"},{"@type":"ListItem","position":3,"name":"Chaises de salle \u00e0 manger vintage Thonet (c.1950). Ensemble de 4 pi\u00e8ces"}]},{"@type":"WebSite","@id":"https:\/\/amaruantiques.com\/#website","url":"https:\/\/amaruantiques.com\/","name":"AMARU - Timeless Antiques","description":"Timeless antiques","publisher":{"@id":"https:\/\/amaruantiques.com\/#organization"},"potentialAction":[{"@type":"SearchAction","target":{"@type":"EntryPoint","urlTemplate":"https:\/\/amaruantiques.com\/?s={search_term_string}"},"query-input":{"@type":"PropertyValueSpecification","valueRequired":true,"valueName":"search_term_string"}}],"inLanguage":"fr-FR"},{"@type":"Organization","@id":"https:\/\/amaruantiques.com\/#organization","name":"AMARU","url":"https:\/\/amaruantiques.com\/","logo":{"@type":"ImageObject","inLanguage":"fr-FR","@id":"https:\/\/amaruantiques.com\/#\/schema\/logo\/image\/","url":"https:\/\/amaruoptim.stg.uzero.cat\/wp-content\/uploads\/2025\/04\/logo-AMARU.svg","contentUrl":"https:\/\/amaruoptim.stg.uzero.cat\/wp-content\/uploads\/2025\/04\/logo-AMARU.svg","caption":"AMARU"},"image":{"@id":"https:\/\/amaruantiques.com\/#\/schema\/logo\/image\/"}}]}},"_links":{"self":[{"href":"https:\/\/amaruoptim.stg.uzero.cat\/fr\/wp-json\/wp\/v2\/product\/213303","targetHints":{"allow":["GET"]}}],"collection":[{"href":"https:\/\/amaruoptim.stg.uzero.cat\/fr\/wp-json\/wp\/v2\/product"}],"about":[{"href":"https:\/\/amaruoptim.stg.uzero.cat\/fr\/wp-json\/wp\/v2\/types\/product"}],"wp:featuredmedia":[{"embeddable":true,"href":"https:\/\/amaruoptim.stg.uzero.cat\/fr\/wp-json\/wp\/v2\/media\/186088"}],"wp:attachment":[{"href":"https:\/\/amaruoptim.stg.uzero.cat\/fr\/wp-json\/wp\/v2\/media?parent=213303"}],"wp:term":[{"taxonomy":"product_brand","embeddable":true,"href":"https:\/\/amaruoptim.stg.uzero.cat\/fr\/wp-json\/wp\/v2\/product_brand?post=213303"},{"taxonomy":"product_cat","embeddable":true,"href":"https:\/\/amaruoptim.stg.uzero.cat\/fr\/wp-json\/wp\/v2\/product_cat?post=213303"},{"taxonomy":"product_tag","embeddable":true,"href":"https:\/\/amaruoptim.stg.uzero.cat\/fr\/wp-json\/wp\/v2\/product_tag?post=213303"}],"curies":[{"name":"wp","href":"https:\/\/api.w.org\/{rel}","templated":true}]}}