{"id":213292,"date":"2024-10-15T13:28:26","date_gmt":"2024-10-15T13:28:26","guid":{"rendered":"https:\/\/amaruantiques.com\/?post_type=product&#038;p=213292"},"modified":"2025-06-26T15:54:09","modified_gmt":"2025-06-26T15:54:09","slug":"chaises-longues-industrielles-jaunes-et-rouges-vers-1950-ensemble-de-4-pieces-am16006-ar","status":"publish","type":"product","link":"https:\/\/amaruoptim.stg.uzero.cat\/fr\/meubles-anciens\/chaises-anciennes\/chaises-vintage-chaises-retro\/chaises-longues-industrielles-jaunes-et-rouges-vers-1950-ensemble-de-4-pieces-am16006-ar\/","title":{"rendered":"Chaises industrielles jaunes et rouges (vers 1950). Ensemble de 4 pi\u00e8ces"},"content":{"rendered":"<p><strong>Chaises industrielles vintage en jaune et rouge<\/strong> (c.1950).<\/p>\n<ul>\n<li><strong>\u00c2ge approximatif:<\/strong> 100 ans<\/li>\n<li><strong>Mat\u00e9riau :<\/strong> fer, contreplaqu\u00e9<\/li>\n<\/ul>\n<p>Nos<em> chaises industrielles<\/em>\u00a0sont des pi\u00e8ces uniques qui se distinguent par leur qualit\u00e9 :<\/p>\n<ul>\n<li>Leur design polyvalent en fait des objets d\u00e9coratifs parfaits pour les studios, les bureaux ou les espaces cr\u00e9atifs.<\/li>\n<li>La combinaison des couleurs rouge et jaune apporte une touche vibrante et dynamique, remplissant d&#8217;\u00e9nergie n&#8217;importe quel espace.<\/li>\n<li>Leur design minimaliste et polyvalent leur permet de s&#8217;int\u00e9grer aussi bien dans des int\u00e9rieurs modernes que rustiques.<\/li>\n<\/ul>\n<p>Il est en excellent \u00e9tat de conservation, \u00e0 l&#8217;exception des imperfections caract\u00e9ristiques de toute antiquit\u00e9, dues au passage du temps.<\/p>\n<p>Ajoutez une touche d&#8217;originalit\u00e9 \u00e0 votre int\u00e9rieur avec ces pi\u00e8ces uniques, qui se fondent dans le style contemporain et apportent de la personnalit\u00e9 \u00e0 votre int\u00e9rieur. Ces chaises de style industriel peuvent \u00eatre associ\u00e9es \u00e0 l&#8217;un de nos<a href=\"https:\/\/amaruantiques.com\/fr\/categoria-producto\/ilots-de-cuisine-anciennes\/\"> \u00eelots de cuisine<\/a> ou \u00e0 nos <a href=\"https:\/\/amaruantiques.com\/fr\/categoria-producto\/bols-en-bois-anciens\/\">bols en bois anciens<\/a> disponibles.<\/p>\n<p><em>PI\u00c8CES UNIQUES<\/em><\/p>\n","protected":false},"excerpt":{"rendered":"<p><strong>Dimensions : <\/strong>50 x 40 x 82 cm et 48 cm de hauteur d&#8217;assise<\/p>\n","protected":false},"featured_media":185781,"template":"","meta":[],"product_brand":[],"product_cat":[618,641],"product_tag":[],"class_list":{"0":"post-213292","1":"product","2":"type-product","3":"status-publish","4":"has-post-thumbnail","6":"product_cat-chaises-anciennes","7":"product_cat-chaises-vintage-chaises-retro","8":"product_shipping_class-gran-cargo-625-fr","9":"pa_estilo-style-vintage","11":"first","12":"instock","13":"taxable","14":"shipping-taxable","15":"purchasable","16":"product-type-simple"},"yoast_head":"<!-- This site is optimized with the Yoast SEO plugin v26.0 - https:\/\/yoast.com\/wordpress\/plugins\/seo\/ -->\n<title>Chaises industrielles | Chaises vintage | AMARU ANTIQUES<\/title>\n<meta name=\"description\" content=\"Chaises industrielles vintage en jaune et rouge (c.1950). Venez d\u00e9couvrir notre concept de meubles anciens et vintage sur notre site internet...\" \/>\n<meta name=\"robots\" content=\"index, follow, max-snippet:-1, max-image-preview:large, max-video-preview:-1\" \/>\n<link rel=\"canonical\" href=\"https:\/\/amaruoptim.stg.uzero.cat\/fr\/meubles-anciens\/chaises-anciennes\/chaises-vintage-chaises-retro\/chaises-longues-industrielles-jaunes-et-rouges-vers-1950-ensemble-de-4-pieces-am16006-ar\/\" \/>\n<meta property=\"og:locale\" content=\"fr_FR\" \/>\n<meta property=\"og:type\" content=\"article\" \/>\n<meta property=\"og:title\" content=\"Chaises industrielles | Chaises vintage | AMARU ANTIQUES\" \/>\n<meta property=\"og:description\" content=\"Chaises industrielles vintage en jaune et rouge (c.1950). Venez d\u00e9couvrir notre concept de meubles anciens et vintage sur notre site internet...\" \/>\n<meta property=\"og:url\" content=\"https:\/\/amaruoptim.stg.uzero.cat\/fr\/meubles-anciens\/chaises-anciennes\/chaises-vintage-chaises-retro\/chaises-longues-industrielles-jaunes-et-rouges-vers-1950-ensemble-de-4-pieces-am16006-ar\/\" \/>\n<meta property=\"og:site_name\" content=\"AMARU\" \/>\n<meta property=\"article:modified_time\" content=\"2025-06-26T15:54:09+00:00\" \/>\n<meta property=\"og:image\" content=\"https:\/\/amaruantiques.com\/wp-content\/uploads\/2025\/06\/Sillas-industriales-vintage-para-salon-en-color-amarillo-y-rojo-c.1950.-Conjunto-de-4-piezas-AM16006-AR-1-1.jpg\" \/>\n\t<meta property=\"og:image:width\" content=\"1600\" \/>\n\t<meta property=\"og:image:height\" content=\"1600\" \/>\n\t<meta property=\"og:image:type\" content=\"image\/jpeg\" \/>\n<meta name=\"twitter:card\" content=\"summary_large_image\" \/>\n<meta name=\"twitter:label1\" content=\"Dur\u00e9e de lecture estim\u00e9e\" \/>\n\t<meta name=\"twitter:data1\" content=\"1 minute\" \/>\n<!-- \/ Yoast SEO plugin. -->","yoast_head_json":{"title":"Chaises industrielles | Chaises vintage | AMARU ANTIQUES","description":"Chaises industrielles vintage en jaune et rouge (c.1950). Venez d\u00e9couvrir notre concept de meubles anciens et vintage sur notre site internet...","robots":{"index":"index","follow":"follow","max-snippet":"max-snippet:-1","max-image-preview":"max-image-preview:large","max-video-preview":"max-video-preview:-1"},"canonical":"https:\/\/amaruoptim.stg.uzero.cat\/fr\/meubles-anciens\/chaises-anciennes\/chaises-vintage-chaises-retro\/chaises-longues-industrielles-jaunes-et-rouges-vers-1950-ensemble-de-4-pieces-am16006-ar\/","og_locale":"fr_FR","og_type":"article","og_title":"Chaises industrielles | Chaises vintage | AMARU ANTIQUES","og_description":"Chaises industrielles vintage en jaune et rouge (c.1950). Venez d\u00e9couvrir notre concept de meubles anciens et vintage sur notre site internet...","og_url":"https:\/\/amaruoptim.stg.uzero.cat\/fr\/meubles-anciens\/chaises-anciennes\/chaises-vintage-chaises-retro\/chaises-longues-industrielles-jaunes-et-rouges-vers-1950-ensemble-de-4-pieces-am16006-ar\/","og_site_name":"AMARU","article_modified_time":"2025-06-26T15:54:09+00:00","og_image":[{"width":1600,"height":1600,"url":"https:\/\/amaruantiques.com\/wp-content\/uploads\/2025\/06\/Sillas-industriales-vintage-para-salon-en-color-amarillo-y-rojo-c.1950.-Conjunto-de-4-piezas-AM16006-AR-1-1.jpg","type":"image\/jpeg"}],"twitter_card":"summary_large_image","twitter_misc":{"Dur\u00e9e de lecture estim\u00e9e":"1 minute"},"schema":{"@context":"https:\/\/schema.org","@graph":[{"@type":"WebPage","@id":"https:\/\/amaruoptim.stg.uzero.cat\/fr\/meubles-anciens\/chaises-anciennes\/chaises-vintage-chaises-retro\/chaises-longues-industrielles-jaunes-et-rouges-vers-1950-ensemble-de-4-pieces-am16006-ar\/","url":"https:\/\/amaruoptim.stg.uzero.cat\/fr\/meubles-anciens\/chaises-anciennes\/chaises-vintage-chaises-retro\/chaises-longues-industrielles-jaunes-et-rouges-vers-1950-ensemble-de-4-pieces-am16006-ar\/","name":"Chaises industrielles | Chaises vintage | AMARU ANTIQUES","isPartOf":{"@id":"https:\/\/amaruantiques.com\/#website"},"primaryImageOfPage":{"@id":"https:\/\/amaruoptim.stg.uzero.cat\/fr\/meubles-anciens\/chaises-anciennes\/chaises-vintage-chaises-retro\/chaises-longues-industrielles-jaunes-et-rouges-vers-1950-ensemble-de-4-pieces-am16006-ar\/#primaryimage"},"image":{"@id":"https:\/\/amaruoptim.stg.uzero.cat\/fr\/meubles-anciens\/chaises-anciennes\/chaises-vintage-chaises-retro\/chaises-longues-industrielles-jaunes-et-rouges-vers-1950-ensemble-de-4-pieces-am16006-ar\/#primaryimage"},"thumbnailUrl":"https:\/\/amaruoptim.stg.uzero.cat\/wp-content\/uploads\/2025\/06\/Sillas-industriales-vintage-para-salon-en-color-amarillo-y-rojo-c.1950.-Conjunto-de-4-piezas-AM16006-AR-1-1.jpg","datePublished":"2024-10-15T13:28:26+00:00","dateModified":"2025-06-26T15:54:09+00:00","description":"Chaises industrielles vintage en jaune et rouge (c.1950). Venez d\u00e9couvrir notre concept de meubles anciens et vintage sur notre site internet...","breadcrumb":{"@id":"https:\/\/amaruoptim.stg.uzero.cat\/fr\/meubles-anciens\/chaises-anciennes\/chaises-vintage-chaises-retro\/chaises-longues-industrielles-jaunes-et-rouges-vers-1950-ensemble-de-4-pieces-am16006-ar\/#breadcrumb"},"inLanguage":"fr-FR","potentialAction":[{"@type":"ReadAction","target":["https:\/\/amaruoptim.stg.uzero.cat\/fr\/meubles-anciens\/chaises-anciennes\/chaises-vintage-chaises-retro\/chaises-longues-industrielles-jaunes-et-rouges-vers-1950-ensemble-de-4-pieces-am16006-ar\/"]}]},{"@type":"ImageObject","inLanguage":"fr-FR","@id":"https:\/\/amaruoptim.stg.uzero.cat\/fr\/meubles-anciens\/chaises-anciennes\/chaises-vintage-chaises-retro\/chaises-longues-industrielles-jaunes-et-rouges-vers-1950-ensemble-de-4-pieces-am16006-ar\/#primaryimage","url":"https:\/\/amaruoptim.stg.uzero.cat\/wp-content\/uploads\/2025\/06\/Sillas-industriales-vintage-para-salon-en-color-amarillo-y-rojo-c.1950.-Conjunto-de-4-piezas-AM16006-AR-1-1.jpg","contentUrl":"https:\/\/amaruoptim.stg.uzero.cat\/wp-content\/uploads\/2025\/06\/Sillas-industriales-vintage-para-salon-en-color-amarillo-y-rojo-c.1950.-Conjunto-de-4-piezas-AM16006-AR-1-1.jpg","width":1600,"height":1600},{"@type":"BreadcrumbList","@id":"https:\/\/amaruoptim.stg.uzero.cat\/fr\/meubles-anciens\/chaises-anciennes\/chaises-vintage-chaises-retro\/chaises-longues-industrielles-jaunes-et-rouges-vers-1950-ensemble-de-4-pieces-am16006-ar\/#breadcrumb","itemListElement":[{"@type":"ListItem","position":1,"name":"Accueil","item":"https:\/\/amaruantiques.com\/fr\/"},{"@type":"ListItem","position":2,"name":"Boutique","item":"https:\/\/amaruantiques.com\/fr\/boutique\/"},{"@type":"ListItem","position":3,"name":"Chaises industrielles jaunes et rouges (vers 1950). Ensemble de 4 pi\u00e8ces"}]},{"@type":"WebSite","@id":"https:\/\/amaruantiques.com\/#website","url":"https:\/\/amaruantiques.com\/","name":"AMARU - Timeless Antiques","description":"Timeless antiques","publisher":{"@id":"https:\/\/amaruantiques.com\/#organization"},"potentialAction":[{"@type":"SearchAction","target":{"@type":"EntryPoint","urlTemplate":"https:\/\/amaruantiques.com\/?s={search_term_string}"},"query-input":{"@type":"PropertyValueSpecification","valueRequired":true,"valueName":"search_term_string"}}],"inLanguage":"fr-FR"},{"@type":"Organization","@id":"https:\/\/amaruantiques.com\/#organization","name":"AMARU","url":"https:\/\/amaruantiques.com\/","logo":{"@type":"ImageObject","inLanguage":"fr-FR","@id":"https:\/\/amaruantiques.com\/#\/schema\/logo\/image\/","url":"https:\/\/amaruoptim.stg.uzero.cat\/wp-content\/uploads\/2025\/04\/logo-AMARU.svg","contentUrl":"https:\/\/amaruoptim.stg.uzero.cat\/wp-content\/uploads\/2025\/04\/logo-AMARU.svg","caption":"AMARU"},"image":{"@id":"https:\/\/amaruantiques.com\/#\/schema\/logo\/image\/"}}]}},"_links":{"self":[{"href":"https:\/\/amaruoptim.stg.uzero.cat\/fr\/wp-json\/wp\/v2\/product\/213292","targetHints":{"allow":["GET"]}}],"collection":[{"href":"https:\/\/amaruoptim.stg.uzero.cat\/fr\/wp-json\/wp\/v2\/product"}],"about":[{"href":"https:\/\/amaruoptim.stg.uzero.cat\/fr\/wp-json\/wp\/v2\/types\/product"}],"wp:featuredmedia":[{"embeddable":true,"href":"https:\/\/amaruoptim.stg.uzero.cat\/fr\/wp-json\/wp\/v2\/media\/185781"}],"wp:attachment":[{"href":"https:\/\/amaruoptim.stg.uzero.cat\/fr\/wp-json\/wp\/v2\/media?parent=213292"}],"wp:term":[{"taxonomy":"product_brand","embeddable":true,"href":"https:\/\/amaruoptim.stg.uzero.cat\/fr\/wp-json\/wp\/v2\/product_brand?post=213292"},{"taxonomy":"product_cat","embeddable":true,"href":"https:\/\/amaruoptim.stg.uzero.cat\/fr\/wp-json\/wp\/v2\/product_cat?post=213292"},{"taxonomy":"product_tag","embeddable":true,"href":"https:\/\/amaruoptim.stg.uzero.cat\/fr\/wp-json\/wp\/v2\/product_tag?post=213292"}],"curies":[{"name":"wp","href":"https:\/\/api.w.org\/{rel}","templated":true}]}}