{"id":213283,"date":"2024-10-08T09:41:57","date_gmt":"2024-10-08T09:41:58","guid":{"rendered":"https:\/\/amaruantiques.com\/?post_type=product&#038;p=213283"},"modified":"2025-06-26T15:54:05","modified_gmt":"2025-06-26T15:54:05","slug":"boite-a-munitions-vintage-de-la-seconde-guerre-mondiale-c-1945-9-am16001-9","status":"publish","type":"product","link":"https:\/\/amaruoptim.stg.uzero.cat\/fr\/meubles-anciens\/malles-anciennes\/boite-a-munitions-vintage-de-la-seconde-guerre-mondiale-c-1945-9-am16001-9\/","title":{"rendered":"Bo\u00eete \u00e0 munitions vintage de la Seconde Guerre mondiale (c.1945) #9"},"content":{"rendered":"<p><strong>Bo\u00eete \u00e0 munitions vintage de la Seconde Guerre mondiale<\/strong> (c.1945)<\/p>\n<ul>\n<li><strong>\u00c2ge approximatif :<\/strong> 79 ans<\/li>\n<li><strong>Mat\u00e9riel:<\/strong> Bois du pin<\/li>\n<\/ul>\n<p>Notre <em>bo\u00eete\u00a0vintage <\/em>est une pi\u00e8ce unique qui se distingue par.. :<\/p>\n<ul>\n<li>La couleur vert militaire apporte une touche de sobri\u00e9t\u00e9 et de robustesse.<\/li>\n<li>Son style polyvalent et intemporel en fait le compl\u00e9ment id\u00e9al pour le rangement ou la d\u00e9coration d&#8217;un salon, d&#8217;une biblioth\u00e8que ou d&#8217;un bureau.<\/li>\n<li>Les marques sur son bois t\u00e9moignent de son passage dans le temps.<\/li>\n<\/ul>\n<p>Il est en excellent \u00e9tat de conservation, \u00e0 l&#8217;exception des imperfections caract\u00e9ristiques de toute antiquit\u00e9, dues au passage du temps.<\/p>\n<p>Donnez une touche d&#8217;originalit\u00e9 \u00e0 votre int\u00e9rieur avec cette pi\u00e8ce unique, qui se fond dans le style contemporain et apporte de la personnalit\u00e9 \u00e0 votre int\u00e9rieur. Ce coffre en bois peut \u00eatre associ\u00e9 \u00e0 l&#8217;une de nos <a href=\"https:\/\/amaruantiques.com\/fr\/categoria-producto\/consoles-anciennes\/\">tables consoles<\/a> disponibles.<\/p>\n<p><em>PI\u00c8CE UNIQUE<\/em><\/p>\n","protected":false},"excerpt":{"rendered":"<p><strong>Dimensions : <\/strong>43 x 27 x 21 cm (Longueur x Largeur x Hauteur)<\/p>\n","protected":false},"featured_media":185497,"template":"","meta":[],"product_brand":[],"product_cat":[608],"product_tag":[],"class_list":{"0":"post-213283","1":"product","2":"type-product","3":"status-publish","4":"has-post-thumbnail","6":"product_cat-malles-anciennes","7":"product_shipping_class-small-50-fr","8":"pa_estilo-style-rustique","10":"first","11":"instock","12":"taxable","13":"shipping-taxable","14":"purchasable","15":"product-type-simple"},"yoast_head":"<!-- This site is optimized with the Yoast SEO plugin v26.0 - https:\/\/yoast.com\/wordpress\/plugins\/seo\/ -->\n<title>Bo\u00eete vintage | Coffre en bois | AMARU ANTIQUES<\/title>\n<meta name=\"description\" content=\"Bo\u00eete \u00e0 munitions d&#039;\u00e9poque de la Seconde Guerre mondiale (vers 1945). Notre passion est de rechercher sans rel\u00e2che des tr\u00e9sors cach\u00e9s et de leur donner une nouvelle vie.\" \/>\n<meta name=\"robots\" content=\"index, follow, max-snippet:-1, max-image-preview:large, max-video-preview:-1\" \/>\n<link rel=\"canonical\" href=\"https:\/\/amaruoptim.stg.uzero.cat\/fr\/meubles-anciens\/malles-anciennes\/boite-a-munitions-vintage-de-la-seconde-guerre-mondiale-c-1945-9-am16001-9\/\" \/>\n<meta property=\"og:locale\" content=\"fr_FR\" \/>\n<meta property=\"og:type\" content=\"article\" \/>\n<meta property=\"og:title\" content=\"Bo\u00eete vintage | Coffre en bois | AMARU ANTIQUES\" \/>\n<meta property=\"og:description\" content=\"Bo\u00eete \u00e0 munitions d&#039;\u00e9poque de la Seconde Guerre mondiale (vers 1945). Notre passion est de rechercher sans rel\u00e2che des tr\u00e9sors cach\u00e9s et de leur donner une nouvelle vie.\" \/>\n<meta property=\"og:url\" content=\"https:\/\/amaruoptim.stg.uzero.cat\/fr\/meubles-anciens\/malles-anciennes\/boite-a-munitions-vintage-de-la-seconde-guerre-mondiale-c-1945-9-am16001-9\/\" \/>\n<meta property=\"og:site_name\" content=\"AMARU\" \/>\n<meta property=\"article:modified_time\" content=\"2025-06-26T15:54:05+00:00\" \/>\n<meta property=\"og:image\" content=\"https:\/\/amaruantiques.com\/wp-content\/uploads\/2025\/06\/AM16001-9-D-1-1.jpg\" \/>\n\t<meta property=\"og:image:width\" content=\"1600\" \/>\n\t<meta property=\"og:image:height\" content=\"1600\" \/>\n\t<meta property=\"og:image:type\" content=\"image\/jpeg\" \/>\n<meta name=\"twitter:card\" content=\"summary_large_image\" \/>\n<meta name=\"twitter:label1\" content=\"Dur\u00e9e de lecture estim\u00e9e\" \/>\n\t<meta name=\"twitter:data1\" content=\"1 minute\" \/>\n<!-- \/ Yoast SEO plugin. -->","yoast_head_json":{"title":"Bo\u00eete vintage | Coffre en bois | AMARU ANTIQUES","description":"Bo\u00eete \u00e0 munitions d'\u00e9poque de la Seconde Guerre mondiale (vers 1945). Notre passion est de rechercher sans rel\u00e2che des tr\u00e9sors cach\u00e9s et de leur donner une nouvelle vie.","robots":{"index":"index","follow":"follow","max-snippet":"max-snippet:-1","max-image-preview":"max-image-preview:large","max-video-preview":"max-video-preview:-1"},"canonical":"https:\/\/amaruoptim.stg.uzero.cat\/fr\/meubles-anciens\/malles-anciennes\/boite-a-munitions-vintage-de-la-seconde-guerre-mondiale-c-1945-9-am16001-9\/","og_locale":"fr_FR","og_type":"article","og_title":"Bo\u00eete vintage | Coffre en bois | AMARU ANTIQUES","og_description":"Bo\u00eete \u00e0 munitions d'\u00e9poque de la Seconde Guerre mondiale (vers 1945). Notre passion est de rechercher sans rel\u00e2che des tr\u00e9sors cach\u00e9s et de leur donner une nouvelle vie.","og_url":"https:\/\/amaruoptim.stg.uzero.cat\/fr\/meubles-anciens\/malles-anciennes\/boite-a-munitions-vintage-de-la-seconde-guerre-mondiale-c-1945-9-am16001-9\/","og_site_name":"AMARU","article_modified_time":"2025-06-26T15:54:05+00:00","og_image":[{"width":1600,"height":1600,"url":"https:\/\/amaruantiques.com\/wp-content\/uploads\/2025\/06\/AM16001-9-D-1-1.jpg","type":"image\/jpeg"}],"twitter_card":"summary_large_image","twitter_misc":{"Dur\u00e9e de lecture estim\u00e9e":"1 minute"},"schema":{"@context":"https:\/\/schema.org","@graph":[{"@type":"WebPage","@id":"https:\/\/amaruoptim.stg.uzero.cat\/fr\/meubles-anciens\/malles-anciennes\/boite-a-munitions-vintage-de-la-seconde-guerre-mondiale-c-1945-9-am16001-9\/","url":"https:\/\/amaruoptim.stg.uzero.cat\/fr\/meubles-anciens\/malles-anciennes\/boite-a-munitions-vintage-de-la-seconde-guerre-mondiale-c-1945-9-am16001-9\/","name":"Bo\u00eete vintage | Coffre en bois | AMARU ANTIQUES","isPartOf":{"@id":"https:\/\/amaruantiques.com\/#website"},"primaryImageOfPage":{"@id":"https:\/\/amaruoptim.stg.uzero.cat\/fr\/meubles-anciens\/malles-anciennes\/boite-a-munitions-vintage-de-la-seconde-guerre-mondiale-c-1945-9-am16001-9\/#primaryimage"},"image":{"@id":"https:\/\/amaruoptim.stg.uzero.cat\/fr\/meubles-anciens\/malles-anciennes\/boite-a-munitions-vintage-de-la-seconde-guerre-mondiale-c-1945-9-am16001-9\/#primaryimage"},"thumbnailUrl":"https:\/\/amaruoptim.stg.uzero.cat\/wp-content\/uploads\/2025\/06\/AM16001-9-D-1-1.jpg","datePublished":"2024-10-08T09:41:58+00:00","dateModified":"2025-06-26T15:54:05+00:00","description":"Bo\u00eete \u00e0 munitions d'\u00e9poque de la Seconde Guerre mondiale (vers 1945). Notre passion est de rechercher sans rel\u00e2che des tr\u00e9sors cach\u00e9s et de leur donner une nouvelle vie.","breadcrumb":{"@id":"https:\/\/amaruoptim.stg.uzero.cat\/fr\/meubles-anciens\/malles-anciennes\/boite-a-munitions-vintage-de-la-seconde-guerre-mondiale-c-1945-9-am16001-9\/#breadcrumb"},"inLanguage":"fr-FR","potentialAction":[{"@type":"ReadAction","target":["https:\/\/amaruoptim.stg.uzero.cat\/fr\/meubles-anciens\/malles-anciennes\/boite-a-munitions-vintage-de-la-seconde-guerre-mondiale-c-1945-9-am16001-9\/"]}]},{"@type":"ImageObject","inLanguage":"fr-FR","@id":"https:\/\/amaruoptim.stg.uzero.cat\/fr\/meubles-anciens\/malles-anciennes\/boite-a-munitions-vintage-de-la-seconde-guerre-mondiale-c-1945-9-am16001-9\/#primaryimage","url":"https:\/\/amaruoptim.stg.uzero.cat\/wp-content\/uploads\/2025\/06\/AM16001-9-D-1-1.jpg","contentUrl":"https:\/\/amaruoptim.stg.uzero.cat\/wp-content\/uploads\/2025\/06\/AM16001-9-D-1-1.jpg","width":1600,"height":1600},{"@type":"BreadcrumbList","@id":"https:\/\/amaruoptim.stg.uzero.cat\/fr\/meubles-anciens\/malles-anciennes\/boite-a-munitions-vintage-de-la-seconde-guerre-mondiale-c-1945-9-am16001-9\/#breadcrumb","itemListElement":[{"@type":"ListItem","position":1,"name":"Accueil","item":"https:\/\/amaruantiques.com\/fr\/"},{"@type":"ListItem","position":2,"name":"Boutique","item":"https:\/\/amaruantiques.com\/fr\/boutique\/"},{"@type":"ListItem","position":3,"name":"Bo\u00eete \u00e0 munitions vintage de la Seconde Guerre mondiale (c.1945) #9"}]},{"@type":"WebSite","@id":"https:\/\/amaruantiques.com\/#website","url":"https:\/\/amaruantiques.com\/","name":"AMARU - Timeless Antiques","description":"Timeless antiques","publisher":{"@id":"https:\/\/amaruantiques.com\/#organization"},"potentialAction":[{"@type":"SearchAction","target":{"@type":"EntryPoint","urlTemplate":"https:\/\/amaruantiques.com\/?s={search_term_string}"},"query-input":{"@type":"PropertyValueSpecification","valueRequired":true,"valueName":"search_term_string"}}],"inLanguage":"fr-FR"},{"@type":"Organization","@id":"https:\/\/amaruantiques.com\/#organization","name":"AMARU","url":"https:\/\/amaruantiques.com\/","logo":{"@type":"ImageObject","inLanguage":"fr-FR","@id":"https:\/\/amaruantiques.com\/#\/schema\/logo\/image\/","url":"https:\/\/amaruoptim.stg.uzero.cat\/wp-content\/uploads\/2025\/04\/logo-AMARU.svg","contentUrl":"https:\/\/amaruoptim.stg.uzero.cat\/wp-content\/uploads\/2025\/04\/logo-AMARU.svg","caption":"AMARU"},"image":{"@id":"https:\/\/amaruantiques.com\/#\/schema\/logo\/image\/"}}]}},"_links":{"self":[{"href":"https:\/\/amaruoptim.stg.uzero.cat\/fr\/wp-json\/wp\/v2\/product\/213283","targetHints":{"allow":["GET"]}}],"collection":[{"href":"https:\/\/amaruoptim.stg.uzero.cat\/fr\/wp-json\/wp\/v2\/product"}],"about":[{"href":"https:\/\/amaruoptim.stg.uzero.cat\/fr\/wp-json\/wp\/v2\/types\/product"}],"wp:featuredmedia":[{"embeddable":true,"href":"https:\/\/amaruoptim.stg.uzero.cat\/fr\/wp-json\/wp\/v2\/media\/185497"}],"wp:attachment":[{"href":"https:\/\/amaruoptim.stg.uzero.cat\/fr\/wp-json\/wp\/v2\/media?parent=213283"}],"wp:term":[{"taxonomy":"product_brand","embeddable":true,"href":"https:\/\/amaruoptim.stg.uzero.cat\/fr\/wp-json\/wp\/v2\/product_brand?post=213283"},{"taxonomy":"product_cat","embeddable":true,"href":"https:\/\/amaruoptim.stg.uzero.cat\/fr\/wp-json\/wp\/v2\/product_cat?post=213283"},{"taxonomy":"product_tag","embeddable":true,"href":"https:\/\/amaruoptim.stg.uzero.cat\/fr\/wp-json\/wp\/v2\/product_tag?post=213283"}],"curies":[{"name":"wp","href":"https:\/\/api.w.org\/{rel}","templated":true}]}}