{"id":213280,"date":"2024-10-08T08:25:06","date_gmt":"2024-10-08T08:25:07","guid":{"rendered":"https:\/\/amaruantiques.com\/?post_type=product&#038;p=213280"},"modified":"2025-06-26T15:54:02","modified_gmt":"2025-06-26T15:54:02","slug":"chaises-de-salle-a-manger-bistro-thonet-c-1940-ensemble-de-4-pieces-27-am06054-s4-27","status":"publish","type":"product","link":"https:\/\/amaruoptim.stg.uzero.cat\/fr\/meubles-anciens\/chaises-anciennes\/chaises-de-salle-a-manger-bistro-thonet-c-1940-ensemble-de-4-pieces-27-am06054-s4-27\/","title":{"rendered":"Chaises de salle \u00e0 manger bistro Thonet (c.1940). Ensemble de 4 pi\u00e8ces #27"},"content":{"rendered":"<p><strong>Anciennes chaises de salle \u00e0 manger<\/strong> (c.1940).<\/p>\n<ul>\n<li><strong>\u00c2ge approximatif :<\/strong> 70-100 ans<\/li>\n<li><strong>Mat\u00e9riau :<\/strong> Bois de h\u00eatre<\/li>\n<\/ul>\n<p>Nos <em>chaises de salle \u00e0 manger anciennes <\/em>sont des pi\u00e8ces uniques qui se distinguent par :<\/p>\n<ul>\n<li>Son bois de h\u00eatre a \u00e9t\u00e9 s\u00e9lectionn\u00e9 sans n\u0153uds ni d\u00e9fauts de qualit\u00e9 afin qu&#8217;il puisse \u00eatre trait\u00e9 \u00e0 la vapeur pour obtenir la meilleure courbure.<\/li>\n<li>Ce sont bel et bien des chaises Thonet, m\u00eame si aucune estampille ni marque ne vient en attester l&#8217;authenticit\u00e9.<\/li>\n<li>La pr\u00e9servation de sa patine gr\u00e2ce aux diff\u00e9rents vernis appliqu\u00e9s tout au long de sa vie.<\/li>\n<li>Son style polyvalent et intemporel peut \u00eatre le compl\u00e9ment parfait d&#8217;une table \u00e0 manger, d&#8217;un salon ou de tout autre espace contemporain.<\/li>\n<\/ul>\n<p>Il est en excellent \u00e9tat de conservation, \u00e0 l&#8217;exception des imperfections caract\u00e9ristiques de toute antiquit\u00e9, dues au passage du temps.<\/p>\n<p>Donnez \u00e0 votre int\u00e9rieur une touche d&#8217;originalit\u00e9 avec ces pi\u00e8ces uniques, qui s&#8217;int\u00e8grent dans le style contemporain et apportent de la personnalit\u00e9 \u00e0 votre int\u00e9rieur. Cet ensemble de chaises peut \u00eatre associ\u00e9 \u00e0 l&#8217;une de nos <a href=\"https:\/\/amaruantiques.com\/fr\/categoria-producto\/commodes-anciennes\/\">commodes<\/a> ou \u00e0 l&#8217;une des <a href=\"https:\/\/amaruantiques.com\/fr\/categoria-producto\/tables-a-manger-et-de-cuisine\/\">tables de salle \u00e0 manger<\/a> disponibles.<\/p>\n<p><em>PI\u00c8CES UNIQUES<\/em><\/p>\n","protected":false},"excerpt":{"rendered":"<p><strong>Dimensions : <\/strong>47 x 38 x 78 cm et 45 cm de hauteur d&#8217;assise (Longueur x Largeur x Hauteur)<\/p>\n<p>&nbsp;<\/p>\n","protected":false},"featured_media":185378,"template":"","meta":[],"product_brand":[],"product_cat":[640,618],"product_tag":[],"class_list":{"0":"post-213280","1":"product","2":"type-product","3":"status-publish","4":"has-post-thumbnail","6":"product_cat-chaises-thonet","7":"product_cat-chaises-anciennes","8":"product_shipping_class-gran-cargo-625-fr","9":"pa_estilo-secession-de-vienne","11":"first","12":"instock","13":"taxable","14":"shipping-taxable","15":"purchasable","16":"product-type-simple"},"yoast_head":"<!-- This site is optimized with the Yoast SEO plugin v26.0 - https:\/\/yoast.com\/wordpress\/plugins\/seo\/ -->\n<title>Chaises de salle \u00e0 manger anciennes | Chaises en bois | AMARU<\/title>\n<meta name=\"description\" content=\"Anciennes chaises de salle \u00e0 manger (c.1900). Une pi\u00e8ce inimitable qui nous renvoie \u00e0 une \u00e9poque lointaine. Venez d\u00e9couvrir notre belle s\u00e9lection de tr\u00e9sors du monde.\" \/>\n<meta name=\"robots\" content=\"index, follow, max-snippet:-1, max-image-preview:large, max-video-preview:-1\" \/>\n<link rel=\"canonical\" href=\"https:\/\/amaruoptim.stg.uzero.cat\/fr\/meubles-anciens\/chaises-anciennes\/chaises-de-salle-a-manger-bistro-thonet-c-1940-ensemble-de-4-pieces-27-am06054-s4-27\/\" \/>\n<meta property=\"og:locale\" content=\"fr_FR\" \/>\n<meta property=\"og:type\" content=\"article\" \/>\n<meta property=\"og:title\" content=\"Chaises de salle \u00e0 manger anciennes | Chaises en bois | AMARU\" \/>\n<meta property=\"og:description\" content=\"Anciennes chaises de salle \u00e0 manger (c.1900). Une pi\u00e8ce inimitable qui nous renvoie \u00e0 une \u00e9poque lointaine. Venez d\u00e9couvrir notre belle s\u00e9lection de tr\u00e9sors du monde.\" \/>\n<meta property=\"og:url\" content=\"https:\/\/amaruoptim.stg.uzero.cat\/fr\/meubles-anciens\/chaises-anciennes\/chaises-de-salle-a-manger-bistro-thonet-c-1940-ensemble-de-4-pieces-27-am06054-s4-27\/\" \/>\n<meta property=\"og:site_name\" content=\"AMARU\" \/>\n<meta property=\"article:modified_time\" content=\"2025-06-26T15:54:02+00:00\" \/>\n<meta property=\"og:image\" content=\"https:\/\/amaruantiques.com\/wp-content\/uploads\/2025\/06\/AM06045-S4-27-D-1-1.jpg\" \/>\n\t<meta property=\"og:image:width\" content=\"1600\" \/>\n\t<meta property=\"og:image:height\" content=\"1600\" \/>\n\t<meta property=\"og:image:type\" content=\"image\/jpeg\" \/>\n<meta name=\"twitter:card\" content=\"summary_large_image\" \/>\n<meta name=\"twitter:label1\" content=\"Dur\u00e9e de lecture estim\u00e9e\" \/>\n\t<meta name=\"twitter:data1\" content=\"1 minute\" \/>\n<!-- \/ Yoast SEO plugin. -->","yoast_head_json":{"title":"Chaises de salle \u00e0 manger anciennes | Chaises en bois | AMARU","description":"Anciennes chaises de salle \u00e0 manger (c.1900). Une pi\u00e8ce inimitable qui nous renvoie \u00e0 une \u00e9poque lointaine. Venez d\u00e9couvrir notre belle s\u00e9lection de tr\u00e9sors du monde.","robots":{"index":"index","follow":"follow","max-snippet":"max-snippet:-1","max-image-preview":"max-image-preview:large","max-video-preview":"max-video-preview:-1"},"canonical":"https:\/\/amaruoptim.stg.uzero.cat\/fr\/meubles-anciens\/chaises-anciennes\/chaises-de-salle-a-manger-bistro-thonet-c-1940-ensemble-de-4-pieces-27-am06054-s4-27\/","og_locale":"fr_FR","og_type":"article","og_title":"Chaises de salle \u00e0 manger anciennes | Chaises en bois | AMARU","og_description":"Anciennes chaises de salle \u00e0 manger (c.1900). Une pi\u00e8ce inimitable qui nous renvoie \u00e0 une \u00e9poque lointaine. Venez d\u00e9couvrir notre belle s\u00e9lection de tr\u00e9sors du monde.","og_url":"https:\/\/amaruoptim.stg.uzero.cat\/fr\/meubles-anciens\/chaises-anciennes\/chaises-de-salle-a-manger-bistro-thonet-c-1940-ensemble-de-4-pieces-27-am06054-s4-27\/","og_site_name":"AMARU","article_modified_time":"2025-06-26T15:54:02+00:00","og_image":[{"width":1600,"height":1600,"url":"https:\/\/amaruantiques.com\/wp-content\/uploads\/2025\/06\/AM06045-S4-27-D-1-1.jpg","type":"image\/jpeg"}],"twitter_card":"summary_large_image","twitter_misc":{"Dur\u00e9e de lecture estim\u00e9e":"1 minute"},"schema":{"@context":"https:\/\/schema.org","@graph":[{"@type":"WebPage","@id":"https:\/\/amaruoptim.stg.uzero.cat\/fr\/meubles-anciens\/chaises-anciennes\/chaises-de-salle-a-manger-bistro-thonet-c-1940-ensemble-de-4-pieces-27-am06054-s4-27\/","url":"https:\/\/amaruoptim.stg.uzero.cat\/fr\/meubles-anciens\/chaises-anciennes\/chaises-de-salle-a-manger-bistro-thonet-c-1940-ensemble-de-4-pieces-27-am06054-s4-27\/","name":"Chaises de salle \u00e0 manger anciennes | Chaises en bois | AMARU","isPartOf":{"@id":"https:\/\/amaruantiques.com\/#website"},"primaryImageOfPage":{"@id":"https:\/\/amaruoptim.stg.uzero.cat\/fr\/meubles-anciens\/chaises-anciennes\/chaises-de-salle-a-manger-bistro-thonet-c-1940-ensemble-de-4-pieces-27-am06054-s4-27\/#primaryimage"},"image":{"@id":"https:\/\/amaruoptim.stg.uzero.cat\/fr\/meubles-anciens\/chaises-anciennes\/chaises-de-salle-a-manger-bistro-thonet-c-1940-ensemble-de-4-pieces-27-am06054-s4-27\/#primaryimage"},"thumbnailUrl":"https:\/\/amaruoptim.stg.uzero.cat\/wp-content\/uploads\/2025\/06\/AM06045-S4-27-D-1-1.jpg","datePublished":"2024-10-08T08:25:07+00:00","dateModified":"2025-06-26T15:54:02+00:00","description":"Anciennes chaises de salle \u00e0 manger (c.1900). Une pi\u00e8ce inimitable qui nous renvoie \u00e0 une \u00e9poque lointaine. Venez d\u00e9couvrir notre belle s\u00e9lection de tr\u00e9sors du monde.","breadcrumb":{"@id":"https:\/\/amaruoptim.stg.uzero.cat\/fr\/meubles-anciens\/chaises-anciennes\/chaises-de-salle-a-manger-bistro-thonet-c-1940-ensemble-de-4-pieces-27-am06054-s4-27\/#breadcrumb"},"inLanguage":"fr-FR","potentialAction":[{"@type":"ReadAction","target":["https:\/\/amaruoptim.stg.uzero.cat\/fr\/meubles-anciens\/chaises-anciennes\/chaises-de-salle-a-manger-bistro-thonet-c-1940-ensemble-de-4-pieces-27-am06054-s4-27\/"]}]},{"@type":"ImageObject","inLanguage":"fr-FR","@id":"https:\/\/amaruoptim.stg.uzero.cat\/fr\/meubles-anciens\/chaises-anciennes\/chaises-de-salle-a-manger-bistro-thonet-c-1940-ensemble-de-4-pieces-27-am06054-s4-27\/#primaryimage","url":"https:\/\/amaruoptim.stg.uzero.cat\/wp-content\/uploads\/2025\/06\/AM06045-S4-27-D-1-1.jpg","contentUrl":"https:\/\/amaruoptim.stg.uzero.cat\/wp-content\/uploads\/2025\/06\/AM06045-S4-27-D-1-1.jpg","width":1600,"height":1600},{"@type":"BreadcrumbList","@id":"https:\/\/amaruoptim.stg.uzero.cat\/fr\/meubles-anciens\/chaises-anciennes\/chaises-de-salle-a-manger-bistro-thonet-c-1940-ensemble-de-4-pieces-27-am06054-s4-27\/#breadcrumb","itemListElement":[{"@type":"ListItem","position":1,"name":"Accueil","item":"https:\/\/amaruantiques.com\/fr\/"},{"@type":"ListItem","position":2,"name":"Boutique","item":"https:\/\/amaruantiques.com\/fr\/boutique\/"},{"@type":"ListItem","position":3,"name":"Chaises de salle \u00e0 manger bistro Thonet (c.1940). Ensemble de 4 pi\u00e8ces #27"}]},{"@type":"WebSite","@id":"https:\/\/amaruantiques.com\/#website","url":"https:\/\/amaruantiques.com\/","name":"AMARU - Timeless Antiques","description":"Timeless antiques","publisher":{"@id":"https:\/\/amaruantiques.com\/#organization"},"potentialAction":[{"@type":"SearchAction","target":{"@type":"EntryPoint","urlTemplate":"https:\/\/amaruantiques.com\/?s={search_term_string}"},"query-input":{"@type":"PropertyValueSpecification","valueRequired":true,"valueName":"search_term_string"}}],"inLanguage":"fr-FR"},{"@type":"Organization","@id":"https:\/\/amaruantiques.com\/#organization","name":"AMARU","url":"https:\/\/amaruantiques.com\/","logo":{"@type":"ImageObject","inLanguage":"fr-FR","@id":"https:\/\/amaruantiques.com\/#\/schema\/logo\/image\/","url":"https:\/\/amaruoptim.stg.uzero.cat\/wp-content\/uploads\/2025\/04\/logo-AMARU.svg","contentUrl":"https:\/\/amaruoptim.stg.uzero.cat\/wp-content\/uploads\/2025\/04\/logo-AMARU.svg","caption":"AMARU"},"image":{"@id":"https:\/\/amaruantiques.com\/#\/schema\/logo\/image\/"}}]}},"_links":{"self":[{"href":"https:\/\/amaruoptim.stg.uzero.cat\/fr\/wp-json\/wp\/v2\/product\/213280","targetHints":{"allow":["GET"]}}],"collection":[{"href":"https:\/\/amaruoptim.stg.uzero.cat\/fr\/wp-json\/wp\/v2\/product"}],"about":[{"href":"https:\/\/amaruoptim.stg.uzero.cat\/fr\/wp-json\/wp\/v2\/types\/product"}],"wp:featuredmedia":[{"embeddable":true,"href":"https:\/\/amaruoptim.stg.uzero.cat\/fr\/wp-json\/wp\/v2\/media\/185378"}],"wp:attachment":[{"href":"https:\/\/amaruoptim.stg.uzero.cat\/fr\/wp-json\/wp\/v2\/media?parent=213280"}],"wp:term":[{"taxonomy":"product_brand","embeddable":true,"href":"https:\/\/amaruoptim.stg.uzero.cat\/fr\/wp-json\/wp\/v2\/product_brand?post=213280"},{"taxonomy":"product_cat","embeddable":true,"href":"https:\/\/amaruoptim.stg.uzero.cat\/fr\/wp-json\/wp\/v2\/product_cat?post=213280"},{"taxonomy":"product_tag","embeddable":true,"href":"https:\/\/amaruoptim.stg.uzero.cat\/fr\/wp-json\/wp\/v2\/product_tag?post=213280"}],"curies":[{"name":"wp","href":"https:\/\/api.w.org\/{rel}","templated":true}]}}