{"id":213201,"date":"2024-08-23T12:25:00","date_gmt":"2024-08-23T12:25:01","guid":{"rendered":"https:\/\/amaruantiques.com\/?post_type=product&#038;p=213201"},"modified":"2025-06-26T15:53:27","modified_gmt":"2025-06-26T15:53:27","slug":"grand-banc-ancien-rouge-marron-c-1920-25-am15025","status":"publish","type":"product","link":"https:\/\/amaruoptim.stg.uzero.cat\/fr\/meubles-anciens\/bancs-anciens\/grand-banc-ancien-rouge-marron-c-1920-25-am15025\/","title":{"rendered":"Grand banc ancien rouge bordeaux (c.1920) #25"},"content":{"rendered":"<p><strong>Grand banc ancien de couleur rouge bordeaux<\/strong> (vers 1920)<\/p>\n<ul>\n<li><strong>\u00c2ge approximatif:<\/strong> 100 ans<\/li>\n<li><strong>Mat\u00e9riau : <\/strong>Bois de pin<\/li>\n<\/ul>\n<p>Notre <em>grand banc ancien <\/em>est une pi\u00e8ce unique qui se distingue par :<\/p>\n<ul>\n<li>Sa couleur rouge bordeaux est traditionnellement associ\u00e9e \u00e0 l&#8217;\u00e9l\u00e9gance et \u00e0 sa polyvalence compl\u00e9mentaire dans les styles d\u00e9coratifs.<\/li>\n<li>Le design incurv\u00e9 des accoudoirs apporte originalit\u00e9 et confort, vous invitant \u00e0 vous d\u00e9tendre et \u00e0 profiter de longues conversations en famille ou entre amis.<\/li>\n<li>Ses grandes proportions en font un objet id\u00e9al pour les entr\u00e9es, les salons, les jardins et m\u00eame les chambres \u00e0 coucher.<\/li>\n<\/ul>\n<p>Il est en excellent \u00e9tat de conservation, \u00e0 l&#8217;exception des imperfections caract\u00e9ristiques de toute antiquit\u00e9, dues au passage du temps. Donnez une touche d&#8217;originalit\u00e9 \u00e0 votre int\u00e9rieur avec cette pi\u00e8ce unique, qui se marie avec le style contemporain en apportant de la personnalit\u00e9 \u00e0 votre int\u00e9rieur.<br \/>\nCe banc ancien peut \u00eatre combin\u00e9 avec l&#8217;un de nos <a href=\"https:\/\/amaruantiques.com\/fr\/categoria-producto\/buffets-anciens\/\">buffets<\/a> ou avec nos <a href=\"https:\/\/amaruantiques.com\/fr\/categoria-producto\/tabourets-anciens\/\">tabourets anciens<\/a> disponibles.<\/p>\n<p><em>PI\u00c8CE UNIQUE<\/em><\/p>\n","protected":false},"excerpt":{"rendered":"<p><strong>Dimensions : <\/strong>195 x 53 x 99 cm et 52 cm de hauteur d&#8217;assise.<\/p>\n","protected":false},"featured_media":182186,"template":"","meta":[],"product_brand":[],"product_cat":[615],"product_tag":[],"class_list":{"0":"post-213201","1":"product","2":"type-product","3":"status-publish","4":"has-post-thumbnail","6":"product_cat-bancs-anciens","7":"product_shipping_class-gran-cargo-1600-fr","8":"pa_estilo-style-rustique","10":"first","11":"instock","12":"taxable","13":"shipping-taxable","14":"purchasable","15":"product-type-simple"},"yoast_head":"<!-- This site is optimized with the Yoast SEO plugin v26.0 - https:\/\/yoast.com\/wordpress\/plugins\/seo\/ -->\n<title>Grand banc ancien | Banc en bois | AMARU ANTIQUES<\/title>\n<meta name=\"description\" content=\"Grand banc ancien de couleur rouge bordeaux (vers 1920). Nous sommes obs\u00e9d\u00e9s par la r\u00e9cup\u00e9ration de la beaut\u00e9 des pi\u00e8ces anciennes uniques. Venez visiter notre s\u00e9lection.\" \/>\n<meta name=\"robots\" content=\"index, follow, max-snippet:-1, max-image-preview:large, max-video-preview:-1\" \/>\n<link rel=\"canonical\" href=\"https:\/\/amaruoptim.stg.uzero.cat\/fr\/meubles-anciens\/bancs-anciens\/grand-banc-ancien-rouge-marron-c-1920-25-am15025\/\" \/>\n<meta property=\"og:locale\" content=\"fr_FR\" \/>\n<meta property=\"og:type\" content=\"article\" \/>\n<meta property=\"og:title\" content=\"Grand banc ancien | Banc en bois | AMARU ANTIQUES\" \/>\n<meta property=\"og:description\" content=\"Grand banc ancien de couleur rouge bordeaux (vers 1920). Nous sommes obs\u00e9d\u00e9s par la r\u00e9cup\u00e9ration de la beaut\u00e9 des pi\u00e8ces anciennes uniques. Venez visiter notre s\u00e9lection.\" \/>\n<meta property=\"og:url\" content=\"https:\/\/amaruoptim.stg.uzero.cat\/fr\/meubles-anciens\/bancs-anciens\/grand-banc-ancien-rouge-marron-c-1920-25-am15025\/\" \/>\n<meta property=\"og:site_name\" content=\"AMARU\" \/>\n<meta property=\"article:modified_time\" content=\"2025-06-26T15:53:27+00:00\" \/>\n<meta property=\"og:image\" content=\"https:\/\/amaruantiques.com\/wp-content\/uploads\/2025\/06\/Banco-grande-antiguo-color-rojo-granate-c.1920-25-AM15025-D-1-1.jpg\" \/>\n\t<meta property=\"og:image:width\" content=\"924\" \/>\n\t<meta property=\"og:image:height\" content=\"924\" \/>\n\t<meta property=\"og:image:type\" content=\"image\/jpeg\" \/>\n<meta name=\"twitter:card\" content=\"summary_large_image\" \/>\n<meta name=\"twitter:label1\" content=\"Dur\u00e9e de lecture estim\u00e9e\" \/>\n\t<meta name=\"twitter:data1\" content=\"1 minute\" \/>\n<!-- \/ Yoast SEO plugin. -->","yoast_head_json":{"title":"Grand banc ancien | Banc en bois | AMARU ANTIQUES","description":"Grand banc ancien de couleur rouge bordeaux (vers 1920). Nous sommes obs\u00e9d\u00e9s par la r\u00e9cup\u00e9ration de la beaut\u00e9 des pi\u00e8ces anciennes uniques. Venez visiter notre s\u00e9lection.","robots":{"index":"index","follow":"follow","max-snippet":"max-snippet:-1","max-image-preview":"max-image-preview:large","max-video-preview":"max-video-preview:-1"},"canonical":"https:\/\/amaruoptim.stg.uzero.cat\/fr\/meubles-anciens\/bancs-anciens\/grand-banc-ancien-rouge-marron-c-1920-25-am15025\/","og_locale":"fr_FR","og_type":"article","og_title":"Grand banc ancien | Banc en bois | AMARU ANTIQUES","og_description":"Grand banc ancien de couleur rouge bordeaux (vers 1920). Nous sommes obs\u00e9d\u00e9s par la r\u00e9cup\u00e9ration de la beaut\u00e9 des pi\u00e8ces anciennes uniques. Venez visiter notre s\u00e9lection.","og_url":"https:\/\/amaruoptim.stg.uzero.cat\/fr\/meubles-anciens\/bancs-anciens\/grand-banc-ancien-rouge-marron-c-1920-25-am15025\/","og_site_name":"AMARU","article_modified_time":"2025-06-26T15:53:27+00:00","og_image":[{"width":924,"height":924,"url":"https:\/\/amaruantiques.com\/wp-content\/uploads\/2025\/06\/Banco-grande-antiguo-color-rojo-granate-c.1920-25-AM15025-D-1-1.jpg","type":"image\/jpeg"}],"twitter_card":"summary_large_image","twitter_misc":{"Dur\u00e9e de lecture estim\u00e9e":"1 minute"},"schema":{"@context":"https:\/\/schema.org","@graph":[{"@type":"WebPage","@id":"https:\/\/amaruoptim.stg.uzero.cat\/fr\/meubles-anciens\/bancs-anciens\/grand-banc-ancien-rouge-marron-c-1920-25-am15025\/","url":"https:\/\/amaruoptim.stg.uzero.cat\/fr\/meubles-anciens\/bancs-anciens\/grand-banc-ancien-rouge-marron-c-1920-25-am15025\/","name":"Grand banc ancien | Banc en bois | AMARU ANTIQUES","isPartOf":{"@id":"https:\/\/amaruantiques.com\/#website"},"primaryImageOfPage":{"@id":"https:\/\/amaruoptim.stg.uzero.cat\/fr\/meubles-anciens\/bancs-anciens\/grand-banc-ancien-rouge-marron-c-1920-25-am15025\/#primaryimage"},"image":{"@id":"https:\/\/amaruoptim.stg.uzero.cat\/fr\/meubles-anciens\/bancs-anciens\/grand-banc-ancien-rouge-marron-c-1920-25-am15025\/#primaryimage"},"thumbnailUrl":"https:\/\/amaruoptim.stg.uzero.cat\/wp-content\/uploads\/2025\/06\/Banco-grande-antiguo-color-rojo-granate-c.1920-25-AM15025-D-1-1.jpg","datePublished":"2024-08-23T12:25:01+00:00","dateModified":"2025-06-26T15:53:27+00:00","description":"Grand banc ancien de couleur rouge bordeaux (vers 1920). Nous sommes obs\u00e9d\u00e9s par la r\u00e9cup\u00e9ration de la beaut\u00e9 des pi\u00e8ces anciennes uniques. Venez visiter notre s\u00e9lection.","breadcrumb":{"@id":"https:\/\/amaruoptim.stg.uzero.cat\/fr\/meubles-anciens\/bancs-anciens\/grand-banc-ancien-rouge-marron-c-1920-25-am15025\/#breadcrumb"},"inLanguage":"fr-FR","potentialAction":[{"@type":"ReadAction","target":["https:\/\/amaruoptim.stg.uzero.cat\/fr\/meubles-anciens\/bancs-anciens\/grand-banc-ancien-rouge-marron-c-1920-25-am15025\/"]}]},{"@type":"ImageObject","inLanguage":"fr-FR","@id":"https:\/\/amaruoptim.stg.uzero.cat\/fr\/meubles-anciens\/bancs-anciens\/grand-banc-ancien-rouge-marron-c-1920-25-am15025\/#primaryimage","url":"https:\/\/amaruoptim.stg.uzero.cat\/wp-content\/uploads\/2025\/06\/Banco-grande-antiguo-color-rojo-granate-c.1920-25-AM15025-D-1-1.jpg","contentUrl":"https:\/\/amaruoptim.stg.uzero.cat\/wp-content\/uploads\/2025\/06\/Banco-grande-antiguo-color-rojo-granate-c.1920-25-AM15025-D-1-1.jpg","width":924,"height":924},{"@type":"BreadcrumbList","@id":"https:\/\/amaruoptim.stg.uzero.cat\/fr\/meubles-anciens\/bancs-anciens\/grand-banc-ancien-rouge-marron-c-1920-25-am15025\/#breadcrumb","itemListElement":[{"@type":"ListItem","position":1,"name":"Accueil","item":"https:\/\/amaruantiques.com\/fr\/"},{"@type":"ListItem","position":2,"name":"Boutique","item":"https:\/\/amaruantiques.com\/fr\/boutique\/"},{"@type":"ListItem","position":3,"name":"Grand banc ancien rouge bordeaux (c.1920) #25"}]},{"@type":"WebSite","@id":"https:\/\/amaruantiques.com\/#website","url":"https:\/\/amaruantiques.com\/","name":"AMARU - Timeless Antiques","description":"Timeless antiques","publisher":{"@id":"https:\/\/amaruantiques.com\/#organization"},"potentialAction":[{"@type":"SearchAction","target":{"@type":"EntryPoint","urlTemplate":"https:\/\/amaruantiques.com\/?s={search_term_string}"},"query-input":{"@type":"PropertyValueSpecification","valueRequired":true,"valueName":"search_term_string"}}],"inLanguage":"fr-FR"},{"@type":"Organization","@id":"https:\/\/amaruantiques.com\/#organization","name":"AMARU","url":"https:\/\/amaruantiques.com\/","logo":{"@type":"ImageObject","inLanguage":"fr-FR","@id":"https:\/\/amaruantiques.com\/#\/schema\/logo\/image\/","url":"https:\/\/amaruoptim.stg.uzero.cat\/wp-content\/uploads\/2025\/04\/logo-AMARU.svg","contentUrl":"https:\/\/amaruoptim.stg.uzero.cat\/wp-content\/uploads\/2025\/04\/logo-AMARU.svg","caption":"AMARU"},"image":{"@id":"https:\/\/amaruantiques.com\/#\/schema\/logo\/image\/"}}]}},"_links":{"self":[{"href":"https:\/\/amaruoptim.stg.uzero.cat\/fr\/wp-json\/wp\/v2\/product\/213201","targetHints":{"allow":["GET"]}}],"collection":[{"href":"https:\/\/amaruoptim.stg.uzero.cat\/fr\/wp-json\/wp\/v2\/product"}],"about":[{"href":"https:\/\/amaruoptim.stg.uzero.cat\/fr\/wp-json\/wp\/v2\/types\/product"}],"wp:featuredmedia":[{"embeddable":true,"href":"https:\/\/amaruoptim.stg.uzero.cat\/fr\/wp-json\/wp\/v2\/media\/182186"}],"wp:attachment":[{"href":"https:\/\/amaruoptim.stg.uzero.cat\/fr\/wp-json\/wp\/v2\/media?parent=213201"}],"wp:term":[{"taxonomy":"product_brand","embeddable":true,"href":"https:\/\/amaruoptim.stg.uzero.cat\/fr\/wp-json\/wp\/v2\/product_brand?post=213201"},{"taxonomy":"product_cat","embeddable":true,"href":"https:\/\/amaruoptim.stg.uzero.cat\/fr\/wp-json\/wp\/v2\/product_cat?post=213201"},{"taxonomy":"product_tag","embeddable":true,"href":"https:\/\/amaruoptim.stg.uzero.cat\/fr\/wp-json\/wp\/v2\/product_tag?post=213201"}],"curies":[{"name":"wp","href":"https:\/\/api.w.org\/{rel}","templated":true}]}}