{"id":213172,"date":"2024-08-16T12:28:55","date_gmt":"2024-08-16T12:28:56","guid":{"rendered":"https:\/\/amaruantiques.com\/?post_type=product&#038;p=213172"},"modified":"2025-06-26T15:53:11","modified_gmt":"2025-06-26T15:53:11","slug":"anciennes-chaises-de-bistrot-thonet-vers-1900-ensemble-de-2-pieces-30-am16024-s2-30","status":"publish","type":"product","link":"https:\/\/amaruoptim.stg.uzero.cat\/fr\/meubles-anciens\/chaises-anciennes\/anciennes-chaises-de-bistrot-thonet-vers-1900-ensemble-de-2-pieces-30-am16024-s2-30\/","title":{"rendered":"Anciennes chaises de bistrot Thonet (vers 1900). Ensemble de 2 pi\u00e8ces #30"},"content":{"rendered":"<p><strong>Anciennes chaises de bistrot Thonet (vers 1900)<\/strong>. Ensemble de 2 pi\u00e8ces<\/p>\n<ul>\n<li><strong>\u00c2ge approximatif :<\/strong> 120 ans<\/li>\n<li><strong>Mat\u00e9riau :<\/strong> Bois de h\u00eatre<\/li>\n<\/ul>\n<p>Nos<em> chaises de bistrot Thonet anciennes<\/em> sont des pi\u00e8ces uniques qui se distinguent par leur qualit\u00e9 :<\/p>\n<ul>\n<li>Son bois de h\u00eatre a \u00e9t\u00e9 s\u00e9lectionn\u00e9 sans n\u0153uds ni d\u00e9fauts de qualit\u00e9 afin qu&#8217;il puisse \u00eatre trait\u00e9 \u00e0 la vapeur pour obtenir la meilleure courbure.<\/li>\n<li>La pr\u00e9servation de sa patine gr\u00e2ce aux diff\u00e9rents vernis appliqu\u00e9s tout au long de sa vie.<\/li>\n<li>Son style polyvalent et intemporel peut \u00eatre le compl\u00e9ment parfait d&#8217;une table \u00e0 manger, d&#8217;un salon ou de tout autre espace contemporain.<\/li>\n<\/ul>\n<p>Il est en excellent \u00e9tat de conservation, \u00e0 l&#8217;exception des imperfections caract\u00e9ristiques de toute antiquit\u00e9, dues au passage du temps. Ajoutez une touche d&#8217;originalit\u00e9 \u00e0 votre int\u00e9rieur avec ces pi\u00e8ces uniques, qui se fondent dans le style contemporain et apportent de la personnalit\u00e9 \u00e0 votre maison.<br \/>\nCet ensemble de chaises peut \u00eatre combin\u00e9 avec l&#8217;une de nos <a href=\"https:\/\/amaruantiques.com\/fr\/categoria-producto\/malles-anciennes\/\">bottes anciennes<\/a> ou avec nos <a href=\"https:\/\/amaruantiques.com\/fr\/categoria-producto\/tables-dappoint-tables-du-salon-et-tables-basses\/\">tables basses anciennes<\/a> disponibles.<\/p>\n<p><em>PI\u00c8CES UNIQUES<\/em><\/p>\n","protected":false},"excerpt":{"rendered":"<p><strong>Dimensions : <\/strong>45 x 40 x 78 cm et 46 cm de hauteur d&#8217;assise<\/p>\n","protected":false},"featured_media":180740,"template":"","meta":[],"product_brand":[],"product_cat":[640,618],"product_tag":[],"class_list":{"0":"post-213172","1":"product","2":"type-product","3":"status-publish","4":"has-post-thumbnail","6":"product_cat-chaises-thonet","7":"product_cat-chaises-anciennes","8":"product_shipping_class-extra-large-250-fr","9":"pa_estilo-secession-de-vienne","11":"first","12":"instock","13":"taxable","14":"shipping-taxable","15":"purchasable","16":"product-type-simple"},"yoast_head":"<!-- This site is optimized with the Yoast SEO plugin v26.0 - https:\/\/yoast.com\/wordpress\/plugins\/seo\/ -->\n<title>Chaises bistro Thonet | Chaises anciennes | AMARU ANTIQUES<\/title>\n<meta name=\"description\" content=\"Anciennes chaises de bistrot Thonet (vers 1900). Ensemble de 2 pi\u00e8ces. Bienvenu d&#039;un monde de voyages et de pi\u00e8ces uniques du monde entier.\" \/>\n<meta name=\"robots\" content=\"index, follow, max-snippet:-1, max-image-preview:large, max-video-preview:-1\" \/>\n<link rel=\"canonical\" href=\"https:\/\/amaruoptim.stg.uzero.cat\/fr\/meubles-anciens\/chaises-anciennes\/anciennes-chaises-de-bistrot-thonet-vers-1900-ensemble-de-2-pieces-30-am16024-s2-30\/\" \/>\n<meta property=\"og:locale\" content=\"fr_FR\" \/>\n<meta property=\"og:type\" content=\"article\" \/>\n<meta property=\"og:title\" content=\"Chaises bistro Thonet | Chaises anciennes | AMARU ANTIQUES\" \/>\n<meta property=\"og:description\" content=\"Anciennes chaises de bistrot Thonet (vers 1900). Ensemble de 2 pi\u00e8ces. Bienvenu d&#039;un monde de voyages et de pi\u00e8ces uniques du monde entier.\" \/>\n<meta property=\"og:url\" content=\"https:\/\/amaruoptim.stg.uzero.cat\/fr\/meubles-anciens\/chaises-anciennes\/anciennes-chaises-de-bistrot-thonet-vers-1900-ensemble-de-2-pieces-30-am16024-s2-30\/\" \/>\n<meta property=\"og:site_name\" content=\"AMARU\" \/>\n<meta property=\"article:modified_time\" content=\"2025-06-26T15:53:11+00:00\" \/>\n<meta property=\"og:image\" content=\"https:\/\/amaruantiques.com\/wp-content\/uploads\/2025\/06\/Sillas-bistrot-Thonet-antiguas-c.1900.-Conjunto-de-2-piezas-30-AM16024-S2-30-D-1-1.jpg\" \/>\n\t<meta property=\"og:image:width\" content=\"1600\" \/>\n\t<meta property=\"og:image:height\" content=\"1600\" \/>\n\t<meta property=\"og:image:type\" content=\"image\/jpeg\" \/>\n<meta name=\"twitter:card\" content=\"summary_large_image\" \/>\n<meta name=\"twitter:label1\" content=\"Dur\u00e9e de lecture estim\u00e9e\" \/>\n\t<meta name=\"twitter:data1\" content=\"1 minute\" \/>\n<!-- \/ Yoast SEO plugin. -->","yoast_head_json":{"title":"Chaises bistro Thonet | Chaises anciennes | AMARU ANTIQUES","description":"Anciennes chaises de bistrot Thonet (vers 1900). Ensemble de 2 pi\u00e8ces. Bienvenu d'un monde de voyages et de pi\u00e8ces uniques du monde entier.","robots":{"index":"index","follow":"follow","max-snippet":"max-snippet:-1","max-image-preview":"max-image-preview:large","max-video-preview":"max-video-preview:-1"},"canonical":"https:\/\/amaruoptim.stg.uzero.cat\/fr\/meubles-anciens\/chaises-anciennes\/anciennes-chaises-de-bistrot-thonet-vers-1900-ensemble-de-2-pieces-30-am16024-s2-30\/","og_locale":"fr_FR","og_type":"article","og_title":"Chaises bistro Thonet | Chaises anciennes | AMARU ANTIQUES","og_description":"Anciennes chaises de bistrot Thonet (vers 1900). Ensemble de 2 pi\u00e8ces. Bienvenu d'un monde de voyages et de pi\u00e8ces uniques du monde entier.","og_url":"https:\/\/amaruoptim.stg.uzero.cat\/fr\/meubles-anciens\/chaises-anciennes\/anciennes-chaises-de-bistrot-thonet-vers-1900-ensemble-de-2-pieces-30-am16024-s2-30\/","og_site_name":"AMARU","article_modified_time":"2025-06-26T15:53:11+00:00","og_image":[{"width":1600,"height":1600,"url":"https:\/\/amaruantiques.com\/wp-content\/uploads\/2025\/06\/Sillas-bistrot-Thonet-antiguas-c.1900.-Conjunto-de-2-piezas-30-AM16024-S2-30-D-1-1.jpg","type":"image\/jpeg"}],"twitter_card":"summary_large_image","twitter_misc":{"Dur\u00e9e de lecture estim\u00e9e":"1 minute"},"schema":{"@context":"https:\/\/schema.org","@graph":[{"@type":"WebPage","@id":"https:\/\/amaruoptim.stg.uzero.cat\/fr\/meubles-anciens\/chaises-anciennes\/anciennes-chaises-de-bistrot-thonet-vers-1900-ensemble-de-2-pieces-30-am16024-s2-30\/","url":"https:\/\/amaruoptim.stg.uzero.cat\/fr\/meubles-anciens\/chaises-anciennes\/anciennes-chaises-de-bistrot-thonet-vers-1900-ensemble-de-2-pieces-30-am16024-s2-30\/","name":"Chaises bistro Thonet | Chaises anciennes | AMARU ANTIQUES","isPartOf":{"@id":"https:\/\/amaruantiques.com\/#website"},"primaryImageOfPage":{"@id":"https:\/\/amaruoptim.stg.uzero.cat\/fr\/meubles-anciens\/chaises-anciennes\/anciennes-chaises-de-bistrot-thonet-vers-1900-ensemble-de-2-pieces-30-am16024-s2-30\/#primaryimage"},"image":{"@id":"https:\/\/amaruoptim.stg.uzero.cat\/fr\/meubles-anciens\/chaises-anciennes\/anciennes-chaises-de-bistrot-thonet-vers-1900-ensemble-de-2-pieces-30-am16024-s2-30\/#primaryimage"},"thumbnailUrl":"https:\/\/amaruoptim.stg.uzero.cat\/wp-content\/uploads\/2025\/06\/Sillas-bistrot-Thonet-antiguas-c.1900.-Conjunto-de-2-piezas-30-AM16024-S2-30-D-1-1.jpg","datePublished":"2024-08-16T12:28:56+00:00","dateModified":"2025-06-26T15:53:11+00:00","description":"Anciennes chaises de bistrot Thonet (vers 1900). Ensemble de 2 pi\u00e8ces. Bienvenu d'un monde de voyages et de pi\u00e8ces uniques du monde entier.","breadcrumb":{"@id":"https:\/\/amaruoptim.stg.uzero.cat\/fr\/meubles-anciens\/chaises-anciennes\/anciennes-chaises-de-bistrot-thonet-vers-1900-ensemble-de-2-pieces-30-am16024-s2-30\/#breadcrumb"},"inLanguage":"fr-FR","potentialAction":[{"@type":"ReadAction","target":["https:\/\/amaruoptim.stg.uzero.cat\/fr\/meubles-anciens\/chaises-anciennes\/anciennes-chaises-de-bistrot-thonet-vers-1900-ensemble-de-2-pieces-30-am16024-s2-30\/"]}]},{"@type":"ImageObject","inLanguage":"fr-FR","@id":"https:\/\/amaruoptim.stg.uzero.cat\/fr\/meubles-anciens\/chaises-anciennes\/anciennes-chaises-de-bistrot-thonet-vers-1900-ensemble-de-2-pieces-30-am16024-s2-30\/#primaryimage","url":"https:\/\/amaruoptim.stg.uzero.cat\/wp-content\/uploads\/2025\/06\/Sillas-bistrot-Thonet-antiguas-c.1900.-Conjunto-de-2-piezas-30-AM16024-S2-30-D-1-1.jpg","contentUrl":"https:\/\/amaruoptim.stg.uzero.cat\/wp-content\/uploads\/2025\/06\/Sillas-bistrot-Thonet-antiguas-c.1900.-Conjunto-de-2-piezas-30-AM16024-S2-30-D-1-1.jpg","width":1600,"height":1600},{"@type":"BreadcrumbList","@id":"https:\/\/amaruoptim.stg.uzero.cat\/fr\/meubles-anciens\/chaises-anciennes\/anciennes-chaises-de-bistrot-thonet-vers-1900-ensemble-de-2-pieces-30-am16024-s2-30\/#breadcrumb","itemListElement":[{"@type":"ListItem","position":1,"name":"Accueil","item":"https:\/\/amaruantiques.com\/fr\/"},{"@type":"ListItem","position":2,"name":"Boutique","item":"https:\/\/amaruantiques.com\/fr\/boutique\/"},{"@type":"ListItem","position":3,"name":"Anciennes chaises de bistrot Thonet (vers 1900). Ensemble de 2 pi\u00e8ces #30"}]},{"@type":"WebSite","@id":"https:\/\/amaruantiques.com\/#website","url":"https:\/\/amaruantiques.com\/","name":"AMARU - Timeless Antiques","description":"Timeless antiques","publisher":{"@id":"https:\/\/amaruantiques.com\/#organization"},"potentialAction":[{"@type":"SearchAction","target":{"@type":"EntryPoint","urlTemplate":"https:\/\/amaruantiques.com\/?s={search_term_string}"},"query-input":{"@type":"PropertyValueSpecification","valueRequired":true,"valueName":"search_term_string"}}],"inLanguage":"fr-FR"},{"@type":"Organization","@id":"https:\/\/amaruantiques.com\/#organization","name":"AMARU","url":"https:\/\/amaruantiques.com\/","logo":{"@type":"ImageObject","inLanguage":"fr-FR","@id":"https:\/\/amaruantiques.com\/#\/schema\/logo\/image\/","url":"https:\/\/amaruoptim.stg.uzero.cat\/wp-content\/uploads\/2025\/04\/logo-AMARU.svg","contentUrl":"https:\/\/amaruoptim.stg.uzero.cat\/wp-content\/uploads\/2025\/04\/logo-AMARU.svg","caption":"AMARU"},"image":{"@id":"https:\/\/amaruantiques.com\/#\/schema\/logo\/image\/"}}]}},"_links":{"self":[{"href":"https:\/\/amaruoptim.stg.uzero.cat\/fr\/wp-json\/wp\/v2\/product\/213172","targetHints":{"allow":["GET"]}}],"collection":[{"href":"https:\/\/amaruoptim.stg.uzero.cat\/fr\/wp-json\/wp\/v2\/product"}],"about":[{"href":"https:\/\/amaruoptim.stg.uzero.cat\/fr\/wp-json\/wp\/v2\/types\/product"}],"wp:featuredmedia":[{"embeddable":true,"href":"https:\/\/amaruoptim.stg.uzero.cat\/fr\/wp-json\/wp\/v2\/media\/180740"}],"wp:attachment":[{"href":"https:\/\/amaruoptim.stg.uzero.cat\/fr\/wp-json\/wp\/v2\/media?parent=213172"}],"wp:term":[{"taxonomy":"product_brand","embeddable":true,"href":"https:\/\/amaruoptim.stg.uzero.cat\/fr\/wp-json\/wp\/v2\/product_brand?post=213172"},{"taxonomy":"product_cat","embeddable":true,"href":"https:\/\/amaruoptim.stg.uzero.cat\/fr\/wp-json\/wp\/v2\/product_cat?post=213172"},{"taxonomy":"product_tag","embeddable":true,"href":"https:\/\/amaruoptim.stg.uzero.cat\/fr\/wp-json\/wp\/v2\/product_tag?post=213172"}],"curies":[{"name":"wp","href":"https:\/\/api.w.org\/{rel}","templated":true}]}}