{"id":213162,"date":"2024-08-16T08:59:29","date_gmt":"2024-08-16T08:59:30","guid":{"rendered":"https:\/\/amaruantiques.com\/?post_type=product&#038;p=213162"},"modified":"2025-06-26T15:53:07","modified_gmt":"2025-06-26T15:53:07","slug":"anciennes-chaises-de-jardin-rouges-c-1920-ensemble-de-4-pieces-37-am16037","status":"publish","type":"product","link":"https:\/\/amaruoptim.stg.uzero.cat\/fr\/meubles-anciens\/chaises-anciennes\/anciennes-chaises-de-jardin-rouges-c-1920-ensemble-de-4-pieces-37-am16037\/","title":{"rendered":"Anciennes chaises de jardin rouges (c.1920). Ensemble de 4 pi\u00e8ces #37"},"content":{"rendered":"<p><strong>Anciennes chaises de jardin rouges<\/strong> (vers 1920). Ensemble de 4 pi\u00e8ces<\/p>\n<ul>\n<li><strong>\u00c2ge approximatif:<\/strong> 100 ans<\/li>\n<li><strong>Mat\u00e9riau :<\/strong> Fer et bois<\/li>\n<li><strong>Origine :<\/strong> France<\/li>\n<\/ul>\n<p>Nos<em> chaises rouges anciennes<\/em> sont des pi\u00e8ces uniques qui se distinguent par leur qualit\u00e9 :<\/p>\n<ul>\n<li>La forme originale et \u00e9l\u00e9gante de son dossier<\/li>\n<li>Son style convient \u00e0 une grande vari\u00e9t\u00e9 d&#8217;espaces, tels que les jardins, les patios, les terrasses et m\u00eame les int\u00e9rieurs.<\/li>\n<\/ul>\n<p>Il est en excellent \u00e9tat de conservation, \u00e0 l&#8217;exception des imperfections caract\u00e9ristiques de toute antiquit\u00e9, dues au passage du temps. Donnez \u00e0 votre int\u00e9rieur une touche d&#8217;originalit\u00e9 avec ces pi\u00e8ces uniques, qui s&#8217;int\u00e8grent dans le style contemporain et apportent de la personnalit\u00e9 \u00e0 votre int\u00e9rieur. Cet ensemble de chaises peut \u00eatre combin\u00e9 avec l&#8217;une de nos <a href=\"https:\/\/amaruantiques.com\/fr\/categoria-producto\/tables-de-jardin-et-de-terrasse-anciennes\/\">tables de jardin<\/a> ou avec nos <a href=\"https:\/\/amaruantiques.com\/fr\/categoria-producto\/paniers-en-osier-anciens\/\">paniers anciens<\/a> disponibles.<\/p>\n<p><em>PI\u00c8CES UNIQUES<\/em><\/p>\n","protected":false},"excerpt":{"rendered":"<p><strong>Dimensions de la chaise avec accoudoirs : <\/strong>56 x 55 x 68 cm et hauteur d&#8217;assise 40 cm<\/p>\n<p><strong>Dimensions de la chaise sans accoudoirs : <\/strong>50 x 40 x 77 cm et hauteur d&#8217;assise 42 cm<\/p>\n","protected":false},"featured_media":180231,"template":"","meta":[],"product_brand":[],"product_cat":[618,625,621],"product_tag":[],"class_list":{"0":"post-213162","1":"product","2":"type-product","3":"status-publish","4":"has-post-thumbnail","6":"product_cat-chaises-anciennes","7":"product_cat-chaises-exterieures-anciennes","8":"product_cat-meubles-de-jardin-anciens","9":"product_shipping_class-gran-cargo-625-fr","10":"pa_estilo-provencal-francais","12":"first","13":"instock","14":"taxable","15":"shipping-taxable","16":"purchasable","17":"product-type-simple"},"yoast_head":"<!-- This site is optimized with the Yoast SEO plugin v26.0 - https:\/\/yoast.com\/wordpress\/plugins\/seo\/ -->\n<title>Chaises rouges anciennes | Chaises rouges | AMARU ANTIQUES<\/title>\n<meta name=\"description\" content=\"Anciennes chaises de jardin rouges (vers 1920). Ensemble de 4 pi\u00e8ces. Notre passion est de rechercher sans rel\u00e2che des tr\u00e9sors cach\u00e9s et de leur donner une nouvelle vie.\" \/>\n<meta name=\"robots\" content=\"index, follow, max-snippet:-1, max-image-preview:large, max-video-preview:-1\" \/>\n<link rel=\"canonical\" href=\"https:\/\/amaruoptim.stg.uzero.cat\/fr\/meubles-anciens\/chaises-anciennes\/anciennes-chaises-de-jardin-rouges-c-1920-ensemble-de-4-pieces-37-am16037\/\" \/>\n<meta property=\"og:locale\" content=\"fr_FR\" \/>\n<meta property=\"og:type\" content=\"article\" \/>\n<meta property=\"og:title\" content=\"Chaises rouges anciennes | Chaises rouges | AMARU ANTIQUES\" \/>\n<meta property=\"og:description\" content=\"Anciennes chaises de jardin rouges (vers 1920). Ensemble de 4 pi\u00e8ces. Notre passion est de rechercher sans rel\u00e2che des tr\u00e9sors cach\u00e9s et de leur donner une nouvelle vie.\" \/>\n<meta property=\"og:url\" content=\"https:\/\/amaruoptim.stg.uzero.cat\/fr\/meubles-anciens\/chaises-anciennes\/anciennes-chaises-de-jardin-rouges-c-1920-ensemble-de-4-pieces-37-am16037\/\" \/>\n<meta property=\"og:site_name\" content=\"AMARU\" \/>\n<meta property=\"article:modified_time\" content=\"2025-06-26T15:53:07+00:00\" \/>\n<meta property=\"og:image\" content=\"https:\/\/amaruantiques.com\/wp-content\/uploads\/2025\/06\/Sillas-rojas-antiguas-para-jardin-c.1920.-Conjunto-de-4-piezas-37-AM16037-D-1-1.jpg\" \/>\n\t<meta property=\"og:image:width\" content=\"924\" \/>\n\t<meta property=\"og:image:height\" content=\"924\" \/>\n\t<meta property=\"og:image:type\" content=\"image\/jpeg\" \/>\n<meta name=\"twitter:card\" content=\"summary_large_image\" \/>\n<meta name=\"twitter:label1\" content=\"Dur\u00e9e de lecture estim\u00e9e\" \/>\n\t<meta name=\"twitter:data1\" content=\"1 minute\" \/>\n<!-- \/ Yoast SEO plugin. -->","yoast_head_json":{"title":"Chaises rouges anciennes | Chaises rouges | AMARU ANTIQUES","description":"Anciennes chaises de jardin rouges (vers 1920). Ensemble de 4 pi\u00e8ces. Notre passion est de rechercher sans rel\u00e2che des tr\u00e9sors cach\u00e9s et de leur donner une nouvelle vie.","robots":{"index":"index","follow":"follow","max-snippet":"max-snippet:-1","max-image-preview":"max-image-preview:large","max-video-preview":"max-video-preview:-1"},"canonical":"https:\/\/amaruoptim.stg.uzero.cat\/fr\/meubles-anciens\/chaises-anciennes\/anciennes-chaises-de-jardin-rouges-c-1920-ensemble-de-4-pieces-37-am16037\/","og_locale":"fr_FR","og_type":"article","og_title":"Chaises rouges anciennes | Chaises rouges | AMARU ANTIQUES","og_description":"Anciennes chaises de jardin rouges (vers 1920). Ensemble de 4 pi\u00e8ces. Notre passion est de rechercher sans rel\u00e2che des tr\u00e9sors cach\u00e9s et de leur donner une nouvelle vie.","og_url":"https:\/\/amaruoptim.stg.uzero.cat\/fr\/meubles-anciens\/chaises-anciennes\/anciennes-chaises-de-jardin-rouges-c-1920-ensemble-de-4-pieces-37-am16037\/","og_site_name":"AMARU","article_modified_time":"2025-06-26T15:53:07+00:00","og_image":[{"width":924,"height":924,"url":"https:\/\/amaruantiques.com\/wp-content\/uploads\/2025\/06\/Sillas-rojas-antiguas-para-jardin-c.1920.-Conjunto-de-4-piezas-37-AM16037-D-1-1.jpg","type":"image\/jpeg"}],"twitter_card":"summary_large_image","twitter_misc":{"Dur\u00e9e de lecture estim\u00e9e":"1 minute"},"schema":{"@context":"https:\/\/schema.org","@graph":[{"@type":"WebPage","@id":"https:\/\/amaruoptim.stg.uzero.cat\/fr\/meubles-anciens\/chaises-anciennes\/anciennes-chaises-de-jardin-rouges-c-1920-ensemble-de-4-pieces-37-am16037\/","url":"https:\/\/amaruoptim.stg.uzero.cat\/fr\/meubles-anciens\/chaises-anciennes\/anciennes-chaises-de-jardin-rouges-c-1920-ensemble-de-4-pieces-37-am16037\/","name":"Chaises rouges anciennes | Chaises rouges | AMARU ANTIQUES","isPartOf":{"@id":"https:\/\/amaruantiques.com\/#website"},"primaryImageOfPage":{"@id":"https:\/\/amaruoptim.stg.uzero.cat\/fr\/meubles-anciens\/chaises-anciennes\/anciennes-chaises-de-jardin-rouges-c-1920-ensemble-de-4-pieces-37-am16037\/#primaryimage"},"image":{"@id":"https:\/\/amaruoptim.stg.uzero.cat\/fr\/meubles-anciens\/chaises-anciennes\/anciennes-chaises-de-jardin-rouges-c-1920-ensemble-de-4-pieces-37-am16037\/#primaryimage"},"thumbnailUrl":"https:\/\/amaruoptim.stg.uzero.cat\/wp-content\/uploads\/2025\/06\/Sillas-rojas-antiguas-para-jardin-c.1920.-Conjunto-de-4-piezas-37-AM16037-D-1-1.jpg","datePublished":"2024-08-16T08:59:30+00:00","dateModified":"2025-06-26T15:53:07+00:00","description":"Anciennes chaises de jardin rouges (vers 1920). Ensemble de 4 pi\u00e8ces. Notre passion est de rechercher sans rel\u00e2che des tr\u00e9sors cach\u00e9s et de leur donner une nouvelle vie.","breadcrumb":{"@id":"https:\/\/amaruoptim.stg.uzero.cat\/fr\/meubles-anciens\/chaises-anciennes\/anciennes-chaises-de-jardin-rouges-c-1920-ensemble-de-4-pieces-37-am16037\/#breadcrumb"},"inLanguage":"fr-FR","potentialAction":[{"@type":"ReadAction","target":["https:\/\/amaruoptim.stg.uzero.cat\/fr\/meubles-anciens\/chaises-anciennes\/anciennes-chaises-de-jardin-rouges-c-1920-ensemble-de-4-pieces-37-am16037\/"]}]},{"@type":"ImageObject","inLanguage":"fr-FR","@id":"https:\/\/amaruoptim.stg.uzero.cat\/fr\/meubles-anciens\/chaises-anciennes\/anciennes-chaises-de-jardin-rouges-c-1920-ensemble-de-4-pieces-37-am16037\/#primaryimage","url":"https:\/\/amaruoptim.stg.uzero.cat\/wp-content\/uploads\/2025\/06\/Sillas-rojas-antiguas-para-jardin-c.1920.-Conjunto-de-4-piezas-37-AM16037-D-1-1.jpg","contentUrl":"https:\/\/amaruoptim.stg.uzero.cat\/wp-content\/uploads\/2025\/06\/Sillas-rojas-antiguas-para-jardin-c.1920.-Conjunto-de-4-piezas-37-AM16037-D-1-1.jpg","width":924,"height":924},{"@type":"BreadcrumbList","@id":"https:\/\/amaruoptim.stg.uzero.cat\/fr\/meubles-anciens\/chaises-anciennes\/anciennes-chaises-de-jardin-rouges-c-1920-ensemble-de-4-pieces-37-am16037\/#breadcrumb","itemListElement":[{"@type":"ListItem","position":1,"name":"Accueil","item":"https:\/\/amaruantiques.com\/fr\/"},{"@type":"ListItem","position":2,"name":"Boutique","item":"https:\/\/amaruantiques.com\/fr\/boutique\/"},{"@type":"ListItem","position":3,"name":"Anciennes chaises de jardin rouges (c.1920). Ensemble de 4 pi\u00e8ces #37"}]},{"@type":"WebSite","@id":"https:\/\/amaruantiques.com\/#website","url":"https:\/\/amaruantiques.com\/","name":"AMARU - Timeless Antiques","description":"Timeless antiques","publisher":{"@id":"https:\/\/amaruantiques.com\/#organization"},"potentialAction":[{"@type":"SearchAction","target":{"@type":"EntryPoint","urlTemplate":"https:\/\/amaruantiques.com\/?s={search_term_string}"},"query-input":{"@type":"PropertyValueSpecification","valueRequired":true,"valueName":"search_term_string"}}],"inLanguage":"fr-FR"},{"@type":"Organization","@id":"https:\/\/amaruantiques.com\/#organization","name":"AMARU","url":"https:\/\/amaruantiques.com\/","logo":{"@type":"ImageObject","inLanguage":"fr-FR","@id":"https:\/\/amaruantiques.com\/#\/schema\/logo\/image\/","url":"https:\/\/amaruoptim.stg.uzero.cat\/wp-content\/uploads\/2025\/04\/logo-AMARU.svg","contentUrl":"https:\/\/amaruoptim.stg.uzero.cat\/wp-content\/uploads\/2025\/04\/logo-AMARU.svg","caption":"AMARU"},"image":{"@id":"https:\/\/amaruantiques.com\/#\/schema\/logo\/image\/"}}]}},"_links":{"self":[{"href":"https:\/\/amaruoptim.stg.uzero.cat\/fr\/wp-json\/wp\/v2\/product\/213162","targetHints":{"allow":["GET"]}}],"collection":[{"href":"https:\/\/amaruoptim.stg.uzero.cat\/fr\/wp-json\/wp\/v2\/product"}],"about":[{"href":"https:\/\/amaruoptim.stg.uzero.cat\/fr\/wp-json\/wp\/v2\/types\/product"}],"wp:featuredmedia":[{"embeddable":true,"href":"https:\/\/amaruoptim.stg.uzero.cat\/fr\/wp-json\/wp\/v2\/media\/180231"}],"wp:attachment":[{"href":"https:\/\/amaruoptim.stg.uzero.cat\/fr\/wp-json\/wp\/v2\/media?parent=213162"}],"wp:term":[{"taxonomy":"product_brand","embeddable":true,"href":"https:\/\/amaruoptim.stg.uzero.cat\/fr\/wp-json\/wp\/v2\/product_brand?post=213162"},{"taxonomy":"product_cat","embeddable":true,"href":"https:\/\/amaruoptim.stg.uzero.cat\/fr\/wp-json\/wp\/v2\/product_cat?post=213162"},{"taxonomy":"product_tag","embeddable":true,"href":"https:\/\/amaruoptim.stg.uzero.cat\/fr\/wp-json\/wp\/v2\/product_tag?post=213162"}],"curies":[{"name":"wp","href":"https:\/\/api.w.org\/{rel}","templated":true}]}}