{"id":213152,"date":"2024-08-14T10:41:36","date_gmt":"2024-08-14T10:41:37","guid":{"rendered":"https:\/\/amaruantiques.com\/?post_type=product&#038;p=213152"},"modified":"2025-06-26T15:53:00","modified_gmt":"2025-06-26T15:53:00","slug":"ancienne-table-dexterieur-rouge-c-1920-18-am16018","status":"publish","type":"product","link":"https:\/\/amaruoptim.stg.uzero.cat\/fr\/meubles-anciens\/meubles-de-jardin-anciens\/ancienne-table-dexterieur-rouge-c-1920-18-am16018\/","title":{"rendered":"Ancienne table d&#8217;ext\u00e9rieur rouge (c.1920) #18"},"content":{"rendered":"<p><strong>Ancienne table d&#8217;ext\u00e9rieur rouge<\/strong> (c.1920)<\/p>\n<ul>\n<li><strong>\u00c2ge approximatif:<\/strong> 100 ans<\/li>\n<li><strong>Mat\u00e9riau :<\/strong> Fer<\/li>\n<li><strong>Origine :<\/strong> France<\/li>\n<\/ul>\n<p>Notre <em>table d&#8217;ext\u00e9rieur ancienne <\/em>est une pi\u00e8ce unique qui se distingue par :<\/p>\n<ul>\n<li>La combinaison de l&#8217;attractivit\u00e9 et de la fonctionnalit\u00e9 facilite \u00e0 la fois la mobilit\u00e9 et le stockage.<\/li>\n<li>La forme particuli\u00e8re et \u00e9l\u00e9gante de sa structure, associ\u00e9e \u00e0 la couleur rouge vif, fait de cette pi\u00e8ce un \u00e9l\u00e9ment unique pour un espace original.<\/li>\n<li>Son style s&#8217;adapte \u00e0 diff\u00e9rents espaces tels que les jardins, les patios, les terrasses et m\u00eame les espaces int\u00e9rieurs.<\/li>\n<\/ul>\n<p>Il est en excellent \u00e9tat de conservation, \u00e0 l&#8217;exception des imperfections caract\u00e9ristiques de toute antiquit\u00e9, dues au passage du temps.<\/p>\n<p>Donnez \u00e0 votre int\u00e9rieur une touche d&#8217;originalit\u00e9 avec cette pi\u00e8ce unique, qui se fond dans le style contemporain et apporte de la personnalit\u00e9 \u00e0 votre int\u00e9rieur. Cette table ancienne peut \u00eatre combin\u00e9e avec l&#8217;un de nos <a href=\"https:\/\/amaruantiques.com\/fr\/categoria-producto\/bancs-anciens\/\">bancs<\/a> ou avec nos <a href=\"https:\/\/amaruantiques.com\/fr\/categoria-producto\/seaux-metalliques-anciens\/\">seaux ou chaudi\u00e8res en m\u00e9tal ancien<\/a> disponibles.<\/p>\n<p><em>PI\u00c8CE UNIQUE<\/em><\/p>\n","protected":false},"excerpt":{"rendered":"<p><strong>Dimensions : <\/strong>80 x 80 x 74 cm<\/p>\n","protected":false},"featured_media":179902,"template":"","meta":[],"product_brand":[],"product_cat":[626,621],"product_tag":[],"class_list":{"0":"post-213152","1":"product","2":"type-product","3":"status-publish","4":"has-post-thumbnail","6":"product_cat-tables-de-jardin-et-de-terrasse-anciennes","7":"product_cat-meubles-de-jardin-anciens","8":"product_shipping_class-gran-cargo-625-fr","9":"pa_estilo-provencal-francais","11":"first","12":"instock","13":"sale","14":"taxable","15":"shipping-taxable","16":"purchasable","17":"product-type-simple"},"yoast_head":"<!-- This site is optimized with the Yoast SEO plugin v26.0 - https:\/\/yoast.com\/wordpress\/plugins\/seo\/ -->\n<title>Table d&#039;ext\u00e9rieur ancienne | Table de jardin | AMARU ANTIQUES<\/title>\n<meta name=\"description\" content=\"Ancienne table d&#039;ext\u00e9rieur rouge (c.1920). Venez d\u00e9couvrir notre concept de meubles anciens et vintage sur notre site internet...\" \/>\n<meta name=\"robots\" content=\"index, follow, max-snippet:-1, max-image-preview:large, max-video-preview:-1\" \/>\n<link rel=\"canonical\" href=\"https:\/\/amaruoptim.stg.uzero.cat\/fr\/meubles-anciens\/meubles-de-jardin-anciens\/ancienne-table-dexterieur-rouge-c-1920-18-am16018\/\" \/>\n<meta property=\"og:locale\" content=\"fr_FR\" \/>\n<meta property=\"og:type\" content=\"article\" \/>\n<meta property=\"og:title\" content=\"Table d&#039;ext\u00e9rieur ancienne | Table de jardin | AMARU ANTIQUES\" \/>\n<meta property=\"og:description\" content=\"Ancienne table d&#039;ext\u00e9rieur rouge (c.1920). Venez d\u00e9couvrir notre concept de meubles anciens et vintage sur notre site internet...\" \/>\n<meta property=\"og:url\" content=\"https:\/\/amaruoptim.stg.uzero.cat\/fr\/meubles-anciens\/meubles-de-jardin-anciens\/ancienne-table-dexterieur-rouge-c-1920-18-am16018\/\" \/>\n<meta property=\"og:site_name\" content=\"AMARU\" \/>\n<meta property=\"article:modified_time\" content=\"2025-06-26T15:53:00+00:00\" \/>\n<meta property=\"og:image\" content=\"https:\/\/amaruantiques.com\/wp-content\/uploads\/2025\/06\/Mesa-antigua-para-exterior-de-color-rojo-c.1920-18-AM16018-D-11-1.jpg\" \/>\n\t<meta property=\"og:image:width\" content=\"924\" \/>\n\t<meta property=\"og:image:height\" content=\"924\" \/>\n\t<meta property=\"og:image:type\" content=\"image\/jpeg\" \/>\n<meta name=\"twitter:card\" content=\"summary_large_image\" \/>\n<meta name=\"twitter:label1\" content=\"Dur\u00e9e de lecture estim\u00e9e\" \/>\n\t<meta name=\"twitter:data1\" content=\"1 minute\" \/>\n<!-- \/ Yoast SEO plugin. -->","yoast_head_json":{"title":"Table d'ext\u00e9rieur ancienne | Table de jardin | AMARU ANTIQUES","description":"Ancienne table d'ext\u00e9rieur rouge (c.1920). Venez d\u00e9couvrir notre concept de meubles anciens et vintage sur notre site internet...","robots":{"index":"index","follow":"follow","max-snippet":"max-snippet:-1","max-image-preview":"max-image-preview:large","max-video-preview":"max-video-preview:-1"},"canonical":"https:\/\/amaruoptim.stg.uzero.cat\/fr\/meubles-anciens\/meubles-de-jardin-anciens\/ancienne-table-dexterieur-rouge-c-1920-18-am16018\/","og_locale":"fr_FR","og_type":"article","og_title":"Table d'ext\u00e9rieur ancienne | Table de jardin | AMARU ANTIQUES","og_description":"Ancienne table d'ext\u00e9rieur rouge (c.1920). Venez d\u00e9couvrir notre concept de meubles anciens et vintage sur notre site internet...","og_url":"https:\/\/amaruoptim.stg.uzero.cat\/fr\/meubles-anciens\/meubles-de-jardin-anciens\/ancienne-table-dexterieur-rouge-c-1920-18-am16018\/","og_site_name":"AMARU","article_modified_time":"2025-06-26T15:53:00+00:00","og_image":[{"width":924,"height":924,"url":"https:\/\/amaruantiques.com\/wp-content\/uploads\/2025\/06\/Mesa-antigua-para-exterior-de-color-rojo-c.1920-18-AM16018-D-11-1.jpg","type":"image\/jpeg"}],"twitter_card":"summary_large_image","twitter_misc":{"Dur\u00e9e de lecture estim\u00e9e":"1 minute"},"schema":{"@context":"https:\/\/schema.org","@graph":[{"@type":"WebPage","@id":"https:\/\/amaruoptim.stg.uzero.cat\/fr\/meubles-anciens\/meubles-de-jardin-anciens\/ancienne-table-dexterieur-rouge-c-1920-18-am16018\/","url":"https:\/\/amaruoptim.stg.uzero.cat\/fr\/meubles-anciens\/meubles-de-jardin-anciens\/ancienne-table-dexterieur-rouge-c-1920-18-am16018\/","name":"Table d'ext\u00e9rieur ancienne | Table de jardin | AMARU ANTIQUES","isPartOf":{"@id":"https:\/\/amaruantiques.com\/#website"},"primaryImageOfPage":{"@id":"https:\/\/amaruoptim.stg.uzero.cat\/fr\/meubles-anciens\/meubles-de-jardin-anciens\/ancienne-table-dexterieur-rouge-c-1920-18-am16018\/#primaryimage"},"image":{"@id":"https:\/\/amaruoptim.stg.uzero.cat\/fr\/meubles-anciens\/meubles-de-jardin-anciens\/ancienne-table-dexterieur-rouge-c-1920-18-am16018\/#primaryimage"},"thumbnailUrl":"https:\/\/amaruoptim.stg.uzero.cat\/wp-content\/uploads\/2025\/06\/Mesa-antigua-para-exterior-de-color-rojo-c.1920-18-AM16018-D-11-1.jpg","datePublished":"2024-08-14T10:41:37+00:00","dateModified":"2025-06-26T15:53:00+00:00","description":"Ancienne table d'ext\u00e9rieur rouge (c.1920). Venez d\u00e9couvrir notre concept de meubles anciens et vintage sur notre site internet...","breadcrumb":{"@id":"https:\/\/amaruoptim.stg.uzero.cat\/fr\/meubles-anciens\/meubles-de-jardin-anciens\/ancienne-table-dexterieur-rouge-c-1920-18-am16018\/#breadcrumb"},"inLanguage":"fr-FR","potentialAction":[{"@type":"ReadAction","target":["https:\/\/amaruoptim.stg.uzero.cat\/fr\/meubles-anciens\/meubles-de-jardin-anciens\/ancienne-table-dexterieur-rouge-c-1920-18-am16018\/"]}]},{"@type":"ImageObject","inLanguage":"fr-FR","@id":"https:\/\/amaruoptim.stg.uzero.cat\/fr\/meubles-anciens\/meubles-de-jardin-anciens\/ancienne-table-dexterieur-rouge-c-1920-18-am16018\/#primaryimage","url":"https:\/\/amaruoptim.stg.uzero.cat\/wp-content\/uploads\/2025\/06\/Mesa-antigua-para-exterior-de-color-rojo-c.1920-18-AM16018-D-11-1.jpg","contentUrl":"https:\/\/amaruoptim.stg.uzero.cat\/wp-content\/uploads\/2025\/06\/Mesa-antigua-para-exterior-de-color-rojo-c.1920-18-AM16018-D-11-1.jpg","width":924,"height":924},{"@type":"BreadcrumbList","@id":"https:\/\/amaruoptim.stg.uzero.cat\/fr\/meubles-anciens\/meubles-de-jardin-anciens\/ancienne-table-dexterieur-rouge-c-1920-18-am16018\/#breadcrumb","itemListElement":[{"@type":"ListItem","position":1,"name":"Accueil","item":"https:\/\/amaruantiques.com\/fr\/"},{"@type":"ListItem","position":2,"name":"Boutique","item":"https:\/\/amaruantiques.com\/fr\/boutique\/"},{"@type":"ListItem","position":3,"name":"Ancienne table d&#8217;ext\u00e9rieur rouge (c.1920) #18"}]},{"@type":"WebSite","@id":"https:\/\/amaruantiques.com\/#website","url":"https:\/\/amaruantiques.com\/","name":"AMARU - Timeless Antiques","description":"Timeless antiques","publisher":{"@id":"https:\/\/amaruantiques.com\/#organization"},"potentialAction":[{"@type":"SearchAction","target":{"@type":"EntryPoint","urlTemplate":"https:\/\/amaruantiques.com\/?s={search_term_string}"},"query-input":{"@type":"PropertyValueSpecification","valueRequired":true,"valueName":"search_term_string"}}],"inLanguage":"fr-FR"},{"@type":"Organization","@id":"https:\/\/amaruantiques.com\/#organization","name":"AMARU","url":"https:\/\/amaruantiques.com\/","logo":{"@type":"ImageObject","inLanguage":"fr-FR","@id":"https:\/\/amaruantiques.com\/#\/schema\/logo\/image\/","url":"https:\/\/amaruoptim.stg.uzero.cat\/wp-content\/uploads\/2025\/04\/logo-AMARU.svg","contentUrl":"https:\/\/amaruoptim.stg.uzero.cat\/wp-content\/uploads\/2025\/04\/logo-AMARU.svg","caption":"AMARU"},"image":{"@id":"https:\/\/amaruantiques.com\/#\/schema\/logo\/image\/"}}]}},"_links":{"self":[{"href":"https:\/\/amaruoptim.stg.uzero.cat\/fr\/wp-json\/wp\/v2\/product\/213152","targetHints":{"allow":["GET"]}}],"collection":[{"href":"https:\/\/amaruoptim.stg.uzero.cat\/fr\/wp-json\/wp\/v2\/product"}],"about":[{"href":"https:\/\/amaruoptim.stg.uzero.cat\/fr\/wp-json\/wp\/v2\/types\/product"}],"wp:featuredmedia":[{"embeddable":true,"href":"https:\/\/amaruoptim.stg.uzero.cat\/fr\/wp-json\/wp\/v2\/media\/179902"}],"wp:attachment":[{"href":"https:\/\/amaruoptim.stg.uzero.cat\/fr\/wp-json\/wp\/v2\/media?parent=213152"}],"wp:term":[{"taxonomy":"product_brand","embeddable":true,"href":"https:\/\/amaruoptim.stg.uzero.cat\/fr\/wp-json\/wp\/v2\/product_brand?post=213152"},{"taxonomy":"product_cat","embeddable":true,"href":"https:\/\/amaruoptim.stg.uzero.cat\/fr\/wp-json\/wp\/v2\/product_cat?post=213152"},{"taxonomy":"product_tag","embeddable":true,"href":"https:\/\/amaruoptim.stg.uzero.cat\/fr\/wp-json\/wp\/v2\/product_tag?post=213152"}],"curies":[{"name":"wp","href":"https:\/\/api.w.org\/{rel}","templated":true}]}}