{"id":213151,"date":"2024-08-14T10:24:00","date_gmt":"2024-08-14T10:24:01","guid":{"rendered":"https:\/\/amaruantiques.com\/?post_type=product&#038;p=213151"},"modified":"2025-06-26T15:53:00","modified_gmt":"2025-06-26T15:53:00","slug":"ancienne-table-de-jardin-pliante-a-patine-verte-c-1920-15-am16015","status":"publish","type":"product","link":"https:\/\/amaruoptim.stg.uzero.cat\/fr\/meubles-anciens\/meubles-de-jardin-anciens\/ancienne-table-de-jardin-pliante-a-patine-verte-c-1920-15-am16015\/","title":{"rendered":"Ancienne table de jardin pliante \u00e0 patine verte (c.1920) #15"},"content":{"rendered":"<p><strong>Ancienne table de jardin pliante \u00e0 patine verte<\/strong> (c.1920)<\/p>\n<ul>\n<li><strong>\u00c2ge approximatif:<\/strong> 100 ans<\/li>\n<li><strong>Mat\u00e9riau :<\/strong> Fer<\/li>\n<li><strong>Origine :<\/strong> France<\/li>\n<\/ul>\n<p>Notre <em>table pliante ancienne <\/em>est une pi\u00e8ce unique qui se distingue par :<\/p>\n<ul>\n<li>La combinaison de l&#8217;attractivit\u00e9 et de la fonctionnalit\u00e9 facilite \u00e0 la fois la mobilit\u00e9 et le stockage.<\/li>\n<li>La forme particuli\u00e8re et \u00e9l\u00e9gante de sa structure, associ\u00e9e \u00e0 sa patine verte, fait de cette pi\u00e8ce un \u00e9l\u00e9ment unique pour un espace original.<\/li>\n<li>Son style s&#8217;adapte \u00e0 diff\u00e9rents espaces tels que les jardins, les patios, les terrasses et m\u00eame les espaces int\u00e9rieurs.<\/li>\n<\/ul>\n<p>Il est en excellent \u00e9tat de conservation, \u00e0 l&#8217;exception des imperfections caract\u00e9ristiques de toute antiquit\u00e9, dues au passage du temps.<\/p>\n<p>Donnez \u00e0 votre int\u00e9rieur une touche d&#8217;originalit\u00e9 avec cette pi\u00e8ce unique, qui se fond dans le style contemporain et apporte de la personnalit\u00e9 \u00e0 votre int\u00e9rieur.<\/p>\n<p>Cette table ancienne peut \u00eatre combin\u00e9e avec l&#8217;une de nos <a href=\"https:\/\/amaruantiques.com\/fr\/categoria-producto\/chaises-exterieures-anciennes\/\">chaises d&#8217;ext\u00e9rieur<\/a> disponibles ou des <a href=\"https:\/\/amaruantiques.com\/fr\/categoria-producto\/anciens-vases\/\">vases anciens<\/a>.<\/p>\n<p><em>PI\u00c8CE UNIQUE<\/em><\/p>\n","protected":false},"excerpt":{"rendered":"<p><strong>Dimensions : <\/strong>80 x 80 x 73 cm<\/p>\n","protected":false},"featured_media":179881,"template":"","meta":[],"product_brand":[],"product_cat":[626,621],"product_tag":[],"class_list":{"0":"post-213151","1":"product","2":"type-product","3":"status-publish","4":"has-post-thumbnail","6":"product_cat-tables-de-jardin-et-de-terrasse-anciennes","7":"product_cat-meubles-de-jardin-anciens","8":"product_shipping_class-gran-cargo-625-fr","9":"pa_estilo-provencal-francais","11":"first","12":"instock","13":"sale","14":"taxable","15":"shipping-taxable","16":"purchasable","17":"product-type-simple"},"yoast_head":"<!-- This site is optimized with the Yoast SEO plugin v26.0 - https:\/\/yoast.com\/wordpress\/plugins\/seo\/ -->\n<title>Table pliante ancienne | Table de jardin | AMARU ANTIQUES<\/title>\n<meta name=\"description\" content=\"Ancienne table de jardin pliante \u00e0 patine verte (vers 1920). Bienvenu d&#039;un monde de voyages et de pi\u00e8ces uniques du monde entier.\" \/>\n<meta name=\"robots\" content=\"index, follow, max-snippet:-1, max-image-preview:large, max-video-preview:-1\" \/>\n<link rel=\"canonical\" href=\"https:\/\/amaruoptim.stg.uzero.cat\/fr\/meubles-anciens\/meubles-de-jardin-anciens\/ancienne-table-de-jardin-pliante-a-patine-verte-c-1920-15-am16015\/\" \/>\n<meta property=\"og:locale\" content=\"fr_FR\" \/>\n<meta property=\"og:type\" content=\"article\" \/>\n<meta property=\"og:title\" content=\"Table pliante ancienne | Table de jardin | AMARU ANTIQUES\" \/>\n<meta property=\"og:description\" content=\"Ancienne table de jardin pliante \u00e0 patine verte (vers 1920). Bienvenu d&#039;un monde de voyages et de pi\u00e8ces uniques du monde entier.\" \/>\n<meta property=\"og:url\" content=\"https:\/\/amaruoptim.stg.uzero.cat\/fr\/meubles-anciens\/meubles-de-jardin-anciens\/ancienne-table-de-jardin-pliante-a-patine-verte-c-1920-15-am16015\/\" \/>\n<meta property=\"og:site_name\" content=\"AMARU\" \/>\n<meta property=\"article:modified_time\" content=\"2025-06-26T15:53:00+00:00\" \/>\n<meta property=\"og:image\" content=\"https:\/\/amaruantiques.com\/wp-content\/uploads\/2025\/06\/Mesa-plegable-antigua-de-jardin-con-patina-de-color-verde-c.1920-15-AM16015-D-1-1.jpg\" \/>\n\t<meta property=\"og:image:width\" content=\"924\" \/>\n\t<meta property=\"og:image:height\" content=\"924\" \/>\n\t<meta property=\"og:image:type\" content=\"image\/jpeg\" \/>\n<meta name=\"twitter:card\" content=\"summary_large_image\" \/>\n<meta name=\"twitter:label1\" content=\"Dur\u00e9e de lecture estim\u00e9e\" \/>\n\t<meta name=\"twitter:data1\" content=\"1 minute\" \/>\n<!-- \/ Yoast SEO plugin. -->","yoast_head_json":{"title":"Table pliante ancienne | Table de jardin | AMARU ANTIQUES","description":"Ancienne table de jardin pliante \u00e0 patine verte (vers 1920). Bienvenu d'un monde de voyages et de pi\u00e8ces uniques du monde entier.","robots":{"index":"index","follow":"follow","max-snippet":"max-snippet:-1","max-image-preview":"max-image-preview:large","max-video-preview":"max-video-preview:-1"},"canonical":"https:\/\/amaruoptim.stg.uzero.cat\/fr\/meubles-anciens\/meubles-de-jardin-anciens\/ancienne-table-de-jardin-pliante-a-patine-verte-c-1920-15-am16015\/","og_locale":"fr_FR","og_type":"article","og_title":"Table pliante ancienne | Table de jardin | AMARU ANTIQUES","og_description":"Ancienne table de jardin pliante \u00e0 patine verte (vers 1920). Bienvenu d'un monde de voyages et de pi\u00e8ces uniques du monde entier.","og_url":"https:\/\/amaruoptim.stg.uzero.cat\/fr\/meubles-anciens\/meubles-de-jardin-anciens\/ancienne-table-de-jardin-pliante-a-patine-verte-c-1920-15-am16015\/","og_site_name":"AMARU","article_modified_time":"2025-06-26T15:53:00+00:00","og_image":[{"width":924,"height":924,"url":"https:\/\/amaruantiques.com\/wp-content\/uploads\/2025\/06\/Mesa-plegable-antigua-de-jardin-con-patina-de-color-verde-c.1920-15-AM16015-D-1-1.jpg","type":"image\/jpeg"}],"twitter_card":"summary_large_image","twitter_misc":{"Dur\u00e9e de lecture estim\u00e9e":"1 minute"},"schema":{"@context":"https:\/\/schema.org","@graph":[{"@type":"WebPage","@id":"https:\/\/amaruoptim.stg.uzero.cat\/fr\/meubles-anciens\/meubles-de-jardin-anciens\/ancienne-table-de-jardin-pliante-a-patine-verte-c-1920-15-am16015\/","url":"https:\/\/amaruoptim.stg.uzero.cat\/fr\/meubles-anciens\/meubles-de-jardin-anciens\/ancienne-table-de-jardin-pliante-a-patine-verte-c-1920-15-am16015\/","name":"Table pliante ancienne | Table de jardin | AMARU ANTIQUES","isPartOf":{"@id":"https:\/\/amaruantiques.com\/#website"},"primaryImageOfPage":{"@id":"https:\/\/amaruoptim.stg.uzero.cat\/fr\/meubles-anciens\/meubles-de-jardin-anciens\/ancienne-table-de-jardin-pliante-a-patine-verte-c-1920-15-am16015\/#primaryimage"},"image":{"@id":"https:\/\/amaruoptim.stg.uzero.cat\/fr\/meubles-anciens\/meubles-de-jardin-anciens\/ancienne-table-de-jardin-pliante-a-patine-verte-c-1920-15-am16015\/#primaryimage"},"thumbnailUrl":"https:\/\/amaruoptim.stg.uzero.cat\/wp-content\/uploads\/2025\/06\/Mesa-plegable-antigua-de-jardin-con-patina-de-color-verde-c.1920-15-AM16015-D-1-1.jpg","datePublished":"2024-08-14T10:24:01+00:00","dateModified":"2025-06-26T15:53:00+00:00","description":"Ancienne table de jardin pliante \u00e0 patine verte (vers 1920). Bienvenu d'un monde de voyages et de pi\u00e8ces uniques du monde entier.","breadcrumb":{"@id":"https:\/\/amaruoptim.stg.uzero.cat\/fr\/meubles-anciens\/meubles-de-jardin-anciens\/ancienne-table-de-jardin-pliante-a-patine-verte-c-1920-15-am16015\/#breadcrumb"},"inLanguage":"fr-FR","potentialAction":[{"@type":"ReadAction","target":["https:\/\/amaruoptim.stg.uzero.cat\/fr\/meubles-anciens\/meubles-de-jardin-anciens\/ancienne-table-de-jardin-pliante-a-patine-verte-c-1920-15-am16015\/"]}]},{"@type":"ImageObject","inLanguage":"fr-FR","@id":"https:\/\/amaruoptim.stg.uzero.cat\/fr\/meubles-anciens\/meubles-de-jardin-anciens\/ancienne-table-de-jardin-pliante-a-patine-verte-c-1920-15-am16015\/#primaryimage","url":"https:\/\/amaruoptim.stg.uzero.cat\/wp-content\/uploads\/2025\/06\/Mesa-plegable-antigua-de-jardin-con-patina-de-color-verde-c.1920-15-AM16015-D-1-1.jpg","contentUrl":"https:\/\/amaruoptim.stg.uzero.cat\/wp-content\/uploads\/2025\/06\/Mesa-plegable-antigua-de-jardin-con-patina-de-color-verde-c.1920-15-AM16015-D-1-1.jpg","width":924,"height":924},{"@type":"BreadcrumbList","@id":"https:\/\/amaruoptim.stg.uzero.cat\/fr\/meubles-anciens\/meubles-de-jardin-anciens\/ancienne-table-de-jardin-pliante-a-patine-verte-c-1920-15-am16015\/#breadcrumb","itemListElement":[{"@type":"ListItem","position":1,"name":"Accueil","item":"https:\/\/amaruantiques.com\/fr\/"},{"@type":"ListItem","position":2,"name":"Boutique","item":"https:\/\/amaruantiques.com\/fr\/boutique\/"},{"@type":"ListItem","position":3,"name":"Ancienne table de jardin pliante \u00e0 patine verte (c.1920) #15"}]},{"@type":"WebSite","@id":"https:\/\/amaruantiques.com\/#website","url":"https:\/\/amaruantiques.com\/","name":"AMARU - Timeless Antiques","description":"Timeless antiques","publisher":{"@id":"https:\/\/amaruantiques.com\/#organization"},"potentialAction":[{"@type":"SearchAction","target":{"@type":"EntryPoint","urlTemplate":"https:\/\/amaruantiques.com\/?s={search_term_string}"},"query-input":{"@type":"PropertyValueSpecification","valueRequired":true,"valueName":"search_term_string"}}],"inLanguage":"fr-FR"},{"@type":"Organization","@id":"https:\/\/amaruantiques.com\/#organization","name":"AMARU","url":"https:\/\/amaruantiques.com\/","logo":{"@type":"ImageObject","inLanguage":"fr-FR","@id":"https:\/\/amaruantiques.com\/#\/schema\/logo\/image\/","url":"https:\/\/amaruoptim.stg.uzero.cat\/wp-content\/uploads\/2025\/04\/logo-AMARU.svg","contentUrl":"https:\/\/amaruoptim.stg.uzero.cat\/wp-content\/uploads\/2025\/04\/logo-AMARU.svg","caption":"AMARU"},"image":{"@id":"https:\/\/amaruantiques.com\/#\/schema\/logo\/image\/"}}]}},"_links":{"self":[{"href":"https:\/\/amaruoptim.stg.uzero.cat\/fr\/wp-json\/wp\/v2\/product\/213151","targetHints":{"allow":["GET"]}}],"collection":[{"href":"https:\/\/amaruoptim.stg.uzero.cat\/fr\/wp-json\/wp\/v2\/product"}],"about":[{"href":"https:\/\/amaruoptim.stg.uzero.cat\/fr\/wp-json\/wp\/v2\/types\/product"}],"wp:featuredmedia":[{"embeddable":true,"href":"https:\/\/amaruoptim.stg.uzero.cat\/fr\/wp-json\/wp\/v2\/media\/179881"}],"wp:attachment":[{"href":"https:\/\/amaruoptim.stg.uzero.cat\/fr\/wp-json\/wp\/v2\/media?parent=213151"}],"wp:term":[{"taxonomy":"product_brand","embeddable":true,"href":"https:\/\/amaruoptim.stg.uzero.cat\/fr\/wp-json\/wp\/v2\/product_brand?post=213151"},{"taxonomy":"product_cat","embeddable":true,"href":"https:\/\/amaruoptim.stg.uzero.cat\/fr\/wp-json\/wp\/v2\/product_cat?post=213151"},{"taxonomy":"product_tag","embeddable":true,"href":"https:\/\/amaruoptim.stg.uzero.cat\/fr\/wp-json\/wp\/v2\/product_tag?post=213151"}],"curies":[{"name":"wp","href":"https:\/\/api.w.org\/{rel}","templated":true}]}}