{"id":213136,"date":"2024-08-09T09:40:21","date_gmt":"2024-08-09T09:40:22","guid":{"rendered":"https:\/\/amaruantiques.com\/?post_type=product&#038;p=213136"},"modified":"2025-06-26T15:52:51","modified_gmt":"2025-06-26T15:52:51","slug":"anciennes-chaises-de-terrasse-rouges-et-blanches-c-1920-set-de-4-pieces-am16038","status":"publish","type":"product","link":"https:\/\/amaruoptim.stg.uzero.cat\/fr\/meubles-anciens\/chaises-anciennes\/anciennes-chaises-de-terrasse-rouges-et-blanches-c-1920-set-de-4-pieces-am16038\/","title":{"rendered":"Anciennes chaises de terrasse rouges et blanches (vers 1920). Ensemble de 4 pi\u00e8ces"},"content":{"rendered":"<p><strong>Anciennes chaises de terrasse rouges et blanches<\/strong> (vers 1920)<\/p>\n<ul>\n<li><strong>\u00c2ge approximatif:<\/strong> 100 ans<\/li>\n<li><strong>Mat\u00e9riau :<\/strong> Fer et bois<\/li>\n<li><strong>Origine :<\/strong> France<\/li>\n<\/ul>\n<p>Notre ensemble de <em>chaises anciennes de terrasse <\/em>sont des pi\u00e8ces uniques qui se distinguent par :<\/p>\n<ul>\n<li>Sa structure en fer offre une grande durabilit\u00e9 et une grande r\u00e9sistance.<\/li>\n<li>Les diff\u00e9rentes couches de peinture, qui r\u00e9v\u00e8lent le passage du temps, mettent en valeur la beaut\u00e9 des styles de chaque \u00e9poque, cr\u00e9ant ainsi une patine unique et particuli\u00e8re.<\/li>\n<li>Son style s&#8217;adapte \u00e0 diff\u00e9rents espaces tels que les jardins, les patios, les terrasses et m\u00eame les espaces int\u00e9rieurs.<\/li>\n<\/ul>\n<p>Il est en excellent \u00e9tat de conservation, \u00e0 l&#8217;exception des imperfections caract\u00e9ristiques de toute antiquit\u00e9, dues au passage du temps. Ajoutez une touche d&#8217;originalit\u00e9 \u00e0 votre int\u00e9rieur avec ces pi\u00e8ces uniques, qui se marient avec le style contemporain et apportent de la personnalit\u00e9 \u00e0 votre maison.<br \/>\nCet ensemble de chaises peut \u00eatre associ\u00e9 \u00e0 l&#8217;une de nos <a href=\"https:\/\/amaruantiques.com\/fr\/categoria-producto\/tables-de-jardin-et-de-terrasse-anciennes\/\">tables de jardin anciennes<\/a> disponibles.<\/p>\n<p><em>PI\u00c8CES UNIQUES<\/em><\/p>\n","protected":false},"excerpt":{"rendered":"<p><strong>Dimensions: <\/strong>48 x 35 x 85 cm (L x l x H) et 44 cm de hauteur d&#8217;assise<\/p>\n<p><em>PI\u00c8CES UNIQUES<\/em><\/p>\n","protected":false},"featured_media":179415,"template":"","meta":[],"product_brand":[],"product_cat":[618,625,621],"product_tag":[],"class_list":{"0":"post-213136","1":"product","2":"type-product","3":"status-publish","4":"has-post-thumbnail","6":"product_cat-chaises-anciennes","7":"product_cat-chaises-exterieures-anciennes","8":"product_cat-meubles-de-jardin-anciens","9":"product_shipping_class-gran-cargo-625-fr","10":"pa_estilo-provencal-francais","12":"first","13":"instock","14":"taxable","15":"shipping-taxable","16":"purchasable","17":"product-type-simple"},"yoast_head":"<!-- This site is optimized with the Yoast SEO plugin v26.0 - https:\/\/yoast.com\/wordpress\/plugins\/seo\/ -->\n<title>Chaises anciennes de terrasse | Chaises de jardin | AMARU<\/title>\n<meta name=\"description\" content=\"Anciennes chaises de terrasse rouges et blanches (vers 1920). Venez d\u00e9couvrir notre concept de meubles anciens et vintage sur notre site internet...\" \/>\n<meta name=\"robots\" content=\"index, follow, max-snippet:-1, max-image-preview:large, max-video-preview:-1\" \/>\n<link rel=\"canonical\" href=\"https:\/\/amaruoptim.stg.uzero.cat\/fr\/meubles-anciens\/chaises-anciennes\/anciennes-chaises-de-terrasse-rouges-et-blanches-c-1920-set-de-4-pieces-am16038\/\" \/>\n<meta property=\"og:locale\" content=\"fr_FR\" \/>\n<meta property=\"og:type\" content=\"article\" \/>\n<meta property=\"og:title\" content=\"Chaises anciennes de terrasse | Chaises de jardin | AMARU\" \/>\n<meta property=\"og:description\" content=\"Anciennes chaises de terrasse rouges et blanches (vers 1920). Venez d\u00e9couvrir notre concept de meubles anciens et vintage sur notre site internet...\" \/>\n<meta property=\"og:url\" content=\"https:\/\/amaruoptim.stg.uzero.cat\/fr\/meubles-anciens\/chaises-anciennes\/anciennes-chaises-de-terrasse-rouges-et-blanches-c-1920-set-de-4-pieces-am16038\/\" \/>\n<meta property=\"og:site_name\" content=\"AMARU\" \/>\n<meta property=\"article:modified_time\" content=\"2025-06-26T15:52:51+00:00\" \/>\n<meta property=\"og:image\" content=\"https:\/\/amaruantiques.com\/wp-content\/uploads\/2025\/06\/Sillas-de-terraza-antiguas-de-color-rojo-y-blanco-c.1930.-Conjunto-de-4-piezas-AM16038-D-1-1.jpg\" \/>\n\t<meta property=\"og:image:width\" content=\"924\" \/>\n\t<meta property=\"og:image:height\" content=\"924\" \/>\n\t<meta property=\"og:image:type\" content=\"image\/jpeg\" \/>\n<meta name=\"twitter:card\" content=\"summary_large_image\" \/>\n<meta name=\"twitter:label1\" content=\"Dur\u00e9e de lecture estim\u00e9e\" \/>\n\t<meta name=\"twitter:data1\" content=\"1 minute\" \/>\n<!-- \/ Yoast SEO plugin. -->","yoast_head_json":{"title":"Chaises anciennes de terrasse | Chaises de jardin | AMARU","description":"Anciennes chaises de terrasse rouges et blanches (vers 1920). Venez d\u00e9couvrir notre concept de meubles anciens et vintage sur notre site internet...","robots":{"index":"index","follow":"follow","max-snippet":"max-snippet:-1","max-image-preview":"max-image-preview:large","max-video-preview":"max-video-preview:-1"},"canonical":"https:\/\/amaruoptim.stg.uzero.cat\/fr\/meubles-anciens\/chaises-anciennes\/anciennes-chaises-de-terrasse-rouges-et-blanches-c-1920-set-de-4-pieces-am16038\/","og_locale":"fr_FR","og_type":"article","og_title":"Chaises anciennes de terrasse | Chaises de jardin | AMARU","og_description":"Anciennes chaises de terrasse rouges et blanches (vers 1920). Venez d\u00e9couvrir notre concept de meubles anciens et vintage sur notre site internet...","og_url":"https:\/\/amaruoptim.stg.uzero.cat\/fr\/meubles-anciens\/chaises-anciennes\/anciennes-chaises-de-terrasse-rouges-et-blanches-c-1920-set-de-4-pieces-am16038\/","og_site_name":"AMARU","article_modified_time":"2025-06-26T15:52:51+00:00","og_image":[{"width":924,"height":924,"url":"https:\/\/amaruantiques.com\/wp-content\/uploads\/2025\/06\/Sillas-de-terraza-antiguas-de-color-rojo-y-blanco-c.1930.-Conjunto-de-4-piezas-AM16038-D-1-1.jpg","type":"image\/jpeg"}],"twitter_card":"summary_large_image","twitter_misc":{"Dur\u00e9e de lecture estim\u00e9e":"1 minute"},"schema":{"@context":"https:\/\/schema.org","@graph":[{"@type":"WebPage","@id":"https:\/\/amaruoptim.stg.uzero.cat\/fr\/meubles-anciens\/chaises-anciennes\/anciennes-chaises-de-terrasse-rouges-et-blanches-c-1920-set-de-4-pieces-am16038\/","url":"https:\/\/amaruoptim.stg.uzero.cat\/fr\/meubles-anciens\/chaises-anciennes\/anciennes-chaises-de-terrasse-rouges-et-blanches-c-1920-set-de-4-pieces-am16038\/","name":"Chaises anciennes de terrasse | Chaises de jardin | AMARU","isPartOf":{"@id":"https:\/\/amaruantiques.com\/#website"},"primaryImageOfPage":{"@id":"https:\/\/amaruoptim.stg.uzero.cat\/fr\/meubles-anciens\/chaises-anciennes\/anciennes-chaises-de-terrasse-rouges-et-blanches-c-1920-set-de-4-pieces-am16038\/#primaryimage"},"image":{"@id":"https:\/\/amaruoptim.stg.uzero.cat\/fr\/meubles-anciens\/chaises-anciennes\/anciennes-chaises-de-terrasse-rouges-et-blanches-c-1920-set-de-4-pieces-am16038\/#primaryimage"},"thumbnailUrl":"https:\/\/amaruoptim.stg.uzero.cat\/wp-content\/uploads\/2025\/06\/Sillas-de-terraza-antiguas-de-color-rojo-y-blanco-c.1930.-Conjunto-de-4-piezas-AM16038-D-1-1.jpg","datePublished":"2024-08-09T09:40:22+00:00","dateModified":"2025-06-26T15:52:51+00:00","description":"Anciennes chaises de terrasse rouges et blanches (vers 1920). Venez d\u00e9couvrir notre concept de meubles anciens et vintage sur notre site internet...","breadcrumb":{"@id":"https:\/\/amaruoptim.stg.uzero.cat\/fr\/meubles-anciens\/chaises-anciennes\/anciennes-chaises-de-terrasse-rouges-et-blanches-c-1920-set-de-4-pieces-am16038\/#breadcrumb"},"inLanguage":"fr-FR","potentialAction":[{"@type":"ReadAction","target":["https:\/\/amaruoptim.stg.uzero.cat\/fr\/meubles-anciens\/chaises-anciennes\/anciennes-chaises-de-terrasse-rouges-et-blanches-c-1920-set-de-4-pieces-am16038\/"]}]},{"@type":"ImageObject","inLanguage":"fr-FR","@id":"https:\/\/amaruoptim.stg.uzero.cat\/fr\/meubles-anciens\/chaises-anciennes\/anciennes-chaises-de-terrasse-rouges-et-blanches-c-1920-set-de-4-pieces-am16038\/#primaryimage","url":"https:\/\/amaruoptim.stg.uzero.cat\/wp-content\/uploads\/2025\/06\/Sillas-de-terraza-antiguas-de-color-rojo-y-blanco-c.1930.-Conjunto-de-4-piezas-AM16038-D-1-1.jpg","contentUrl":"https:\/\/amaruoptim.stg.uzero.cat\/wp-content\/uploads\/2025\/06\/Sillas-de-terraza-antiguas-de-color-rojo-y-blanco-c.1930.-Conjunto-de-4-piezas-AM16038-D-1-1.jpg","width":924,"height":924},{"@type":"BreadcrumbList","@id":"https:\/\/amaruoptim.stg.uzero.cat\/fr\/meubles-anciens\/chaises-anciennes\/anciennes-chaises-de-terrasse-rouges-et-blanches-c-1920-set-de-4-pieces-am16038\/#breadcrumb","itemListElement":[{"@type":"ListItem","position":1,"name":"Accueil","item":"https:\/\/amaruantiques.com\/fr\/"},{"@type":"ListItem","position":2,"name":"Boutique","item":"https:\/\/amaruantiques.com\/fr\/boutique\/"},{"@type":"ListItem","position":3,"name":"Anciennes chaises de terrasse rouges et blanches (vers 1920). Ensemble de 4 pi\u00e8ces"}]},{"@type":"WebSite","@id":"https:\/\/amaruantiques.com\/#website","url":"https:\/\/amaruantiques.com\/","name":"AMARU - Timeless Antiques","description":"Timeless antiques","publisher":{"@id":"https:\/\/amaruantiques.com\/#organization"},"potentialAction":[{"@type":"SearchAction","target":{"@type":"EntryPoint","urlTemplate":"https:\/\/amaruantiques.com\/?s={search_term_string}"},"query-input":{"@type":"PropertyValueSpecification","valueRequired":true,"valueName":"search_term_string"}}],"inLanguage":"fr-FR"},{"@type":"Organization","@id":"https:\/\/amaruantiques.com\/#organization","name":"AMARU","url":"https:\/\/amaruantiques.com\/","logo":{"@type":"ImageObject","inLanguage":"fr-FR","@id":"https:\/\/amaruantiques.com\/#\/schema\/logo\/image\/","url":"https:\/\/amaruoptim.stg.uzero.cat\/wp-content\/uploads\/2025\/04\/logo-AMARU.svg","contentUrl":"https:\/\/amaruoptim.stg.uzero.cat\/wp-content\/uploads\/2025\/04\/logo-AMARU.svg","caption":"AMARU"},"image":{"@id":"https:\/\/amaruantiques.com\/#\/schema\/logo\/image\/"}}]}},"_links":{"self":[{"href":"https:\/\/amaruoptim.stg.uzero.cat\/fr\/wp-json\/wp\/v2\/product\/213136","targetHints":{"allow":["GET"]}}],"collection":[{"href":"https:\/\/amaruoptim.stg.uzero.cat\/fr\/wp-json\/wp\/v2\/product"}],"about":[{"href":"https:\/\/amaruoptim.stg.uzero.cat\/fr\/wp-json\/wp\/v2\/types\/product"}],"wp:featuredmedia":[{"embeddable":true,"href":"https:\/\/amaruoptim.stg.uzero.cat\/fr\/wp-json\/wp\/v2\/media\/179415"}],"wp:attachment":[{"href":"https:\/\/amaruoptim.stg.uzero.cat\/fr\/wp-json\/wp\/v2\/media?parent=213136"}],"wp:term":[{"taxonomy":"product_brand","embeddable":true,"href":"https:\/\/amaruoptim.stg.uzero.cat\/fr\/wp-json\/wp\/v2\/product_brand?post=213136"},{"taxonomy":"product_cat","embeddable":true,"href":"https:\/\/amaruoptim.stg.uzero.cat\/fr\/wp-json\/wp\/v2\/product_cat?post=213136"},{"taxonomy":"product_tag","embeddable":true,"href":"https:\/\/amaruoptim.stg.uzero.cat\/fr\/wp-json\/wp\/v2\/product_tag?post=213136"}],"curies":[{"name":"wp","href":"https:\/\/api.w.org\/{rel}","templated":true}]}}