{"id":213134,"date":"2024-08-09T08:31:34","date_gmt":"2024-08-09T08:31:35","guid":{"rendered":"https:\/\/amaruantiques.com\/?post_type=product&#038;p=213134"},"modified":"2025-06-26T15:52:51","modified_gmt":"2025-06-26T15:52:51","slug":"anciennes-chaises-dexterieur-blanches-c-1920-set-de-4-piezas-am16026","status":"publish","type":"product","link":"https:\/\/amaruoptim.stg.uzero.cat\/fr\/meubles-anciens\/chaises-anciennes\/anciennes-chaises-dexterieur-blanches-c-1920-set-de-4-piezas-am16026\/","title":{"rendered":"Anciennes chaises d&#8217;ext\u00e9rieur blanches (vers 1920). Ensemble de 4 pi\u00e8ces"},"content":{"rendered":"<p><strong>Anciennes chaises d&#8217;ext\u00e9rieur blanches<\/strong> (c.1920)<\/p>\n<ul>\n<li><strong>\u00c2ge approximatif:<\/strong> 100 ans<\/li>\n<li><strong>Mat\u00e9riau :<\/strong> Fer et bois<\/li>\n<li><strong>Origine :<\/strong> France<\/li>\n<\/ul>\n<p>Notre ensemble de <em>chaises d&#8217;ext\u00e9rieur anciennes <\/em>sont des pi\u00e8ces uniques qui se distinguent par :<\/p>\n<ul>\n<li>Le travail du m\u00e9tal d&#8217;\u00e9poque illustr\u00e9 dans le design et ses d\u00e9tails m\u00e9ticuleux.<\/li>\n<li>Afin de lui donner une seconde vie, nous avons restaur\u00e9 les si\u00e8ges d&#8217;origine avec des si\u00e8ges en bois anciens.<\/li>\n<li>Son style s&#8217;adapte \u00e0 diff\u00e9rents espaces tels que les jardins, les patios, les terrasses et m\u00eame les espaces int\u00e9rieurs.<\/li>\n<\/ul>\n<p>Il est en excellent \u00e9tat de conservation, \u00e0 l&#8217;exception des imperfections caract\u00e9ristiques de toute antiquit\u00e9, dues au passage du temps.<\/p>\n<p>Ajoutez une touche d&#8217;originalit\u00e9 \u00e0 votre int\u00e9rieur avec ces pi\u00e8ces uniques, qui se marient avec le style contemporain, apportant de la personnalit\u00e9 \u00e0 votre int\u00e9rieur.<\/p>\n<p>Cet ensemble de chaises peut \u00eatre associ\u00e9 \u00e0 l&#8217;un de nos <a href=\"https:\/\/amaruantiques.com\/fr\/categoria-producto\/coussins-en-lin\/\">coussins en lin ancien <\/a>disponibles.<\/p>\n<p><em>PI\u00c8CES UNIQUES<\/em><\/p>\n","protected":false},"excerpt":{"rendered":"<p><strong>Dimensions : <\/strong>41 x 38 x 85 cm (L x l x H) et 44 cm de hauteur d&#8217;assise<\/p>\n<p><em>PI\u00c8CES UNIQUES<\/em><\/p>\n","protected":false},"featured_media":179283,"template":"","meta":[],"product_brand":[],"product_cat":[618,625,621],"product_tag":[],"class_list":{"0":"post-213134","1":"product","2":"type-product","3":"status-publish","4":"has-post-thumbnail","6":"product_cat-chaises-anciennes","7":"product_cat-chaises-exterieures-anciennes","8":"product_cat-meubles-de-jardin-anciens","9":"product_shipping_class-gran-cargo-625-fr","10":"pa_estilo-provencal-francais","12":"first","13":"instock","14":"taxable","15":"shipping-taxable","16":"purchasable","17":"product-type-simple"},"yoast_head":"<!-- This site is optimized with the Yoast SEO plugin v26.0 - https:\/\/yoast.com\/wordpress\/plugins\/seo\/ -->\n<title>Chaises d&#039;ext\u00e9rieur anciennes | Chaises de jardin | AMARU<\/title>\n<meta name=\"description\" content=\"Anciennes chaises d&#039;ext\u00e9rieur blanches (vers 1920). Ensemble de 4 pi\u00e8ces. Bienvenu d&#039;un monde de voyages et de pi\u00e8ces uniques du monde entier.\" \/>\n<meta name=\"robots\" content=\"index, follow, max-snippet:-1, max-image-preview:large, max-video-preview:-1\" \/>\n<link rel=\"canonical\" href=\"https:\/\/amaruoptim.stg.uzero.cat\/fr\/meubles-anciens\/chaises-anciennes\/anciennes-chaises-dexterieur-blanches-c-1920-set-de-4-piezas-am16026\/\" \/>\n<meta property=\"og:locale\" content=\"fr_FR\" \/>\n<meta property=\"og:type\" content=\"article\" \/>\n<meta property=\"og:title\" content=\"Chaises d&#039;ext\u00e9rieur anciennes | Chaises de jardin | AMARU\" \/>\n<meta property=\"og:description\" content=\"Anciennes chaises d&#039;ext\u00e9rieur blanches (vers 1920). Ensemble de 4 pi\u00e8ces. Bienvenu d&#039;un monde de voyages et de pi\u00e8ces uniques du monde entier.\" \/>\n<meta property=\"og:url\" content=\"https:\/\/amaruoptim.stg.uzero.cat\/fr\/meubles-anciens\/chaises-anciennes\/anciennes-chaises-dexterieur-blanches-c-1920-set-de-4-piezas-am16026\/\" \/>\n<meta property=\"og:site_name\" content=\"AMARU\" \/>\n<meta property=\"article:modified_time\" content=\"2025-06-26T15:52:51+00:00\" \/>\n<meta property=\"og:image\" content=\"https:\/\/amaruantiques.com\/wp-content\/uploads\/2025\/06\/Sillas-de-exterior-antiguas-de-color-blanco-c.1930.-Conjunto-de-4-piezas-AM16026-D-1-1.jpg\" \/>\n\t<meta property=\"og:image:width\" content=\"924\" \/>\n\t<meta property=\"og:image:height\" content=\"924\" \/>\n\t<meta property=\"og:image:type\" content=\"image\/jpeg\" \/>\n<meta name=\"twitter:card\" content=\"summary_large_image\" \/>\n<meta name=\"twitter:label1\" content=\"Dur\u00e9e de lecture estim\u00e9e\" \/>\n\t<meta name=\"twitter:data1\" content=\"1 minute\" \/>\n<!-- \/ Yoast SEO plugin. -->","yoast_head_json":{"title":"Chaises d'ext\u00e9rieur anciennes | Chaises de jardin | AMARU","description":"Anciennes chaises d'ext\u00e9rieur blanches (vers 1920). Ensemble de 4 pi\u00e8ces. Bienvenu d'un monde de voyages et de pi\u00e8ces uniques du monde entier.","robots":{"index":"index","follow":"follow","max-snippet":"max-snippet:-1","max-image-preview":"max-image-preview:large","max-video-preview":"max-video-preview:-1"},"canonical":"https:\/\/amaruoptim.stg.uzero.cat\/fr\/meubles-anciens\/chaises-anciennes\/anciennes-chaises-dexterieur-blanches-c-1920-set-de-4-piezas-am16026\/","og_locale":"fr_FR","og_type":"article","og_title":"Chaises d'ext\u00e9rieur anciennes | Chaises de jardin | AMARU","og_description":"Anciennes chaises d'ext\u00e9rieur blanches (vers 1920). Ensemble de 4 pi\u00e8ces. Bienvenu d'un monde de voyages et de pi\u00e8ces uniques du monde entier.","og_url":"https:\/\/amaruoptim.stg.uzero.cat\/fr\/meubles-anciens\/chaises-anciennes\/anciennes-chaises-dexterieur-blanches-c-1920-set-de-4-piezas-am16026\/","og_site_name":"AMARU","article_modified_time":"2025-06-26T15:52:51+00:00","og_image":[{"width":924,"height":924,"url":"https:\/\/amaruantiques.com\/wp-content\/uploads\/2025\/06\/Sillas-de-exterior-antiguas-de-color-blanco-c.1930.-Conjunto-de-4-piezas-AM16026-D-1-1.jpg","type":"image\/jpeg"}],"twitter_card":"summary_large_image","twitter_misc":{"Dur\u00e9e de lecture estim\u00e9e":"1 minute"},"schema":{"@context":"https:\/\/schema.org","@graph":[{"@type":"WebPage","@id":"https:\/\/amaruoptim.stg.uzero.cat\/fr\/meubles-anciens\/chaises-anciennes\/anciennes-chaises-dexterieur-blanches-c-1920-set-de-4-piezas-am16026\/","url":"https:\/\/amaruoptim.stg.uzero.cat\/fr\/meubles-anciens\/chaises-anciennes\/anciennes-chaises-dexterieur-blanches-c-1920-set-de-4-piezas-am16026\/","name":"Chaises d'ext\u00e9rieur anciennes | Chaises de jardin | AMARU","isPartOf":{"@id":"https:\/\/amaruantiques.com\/#website"},"primaryImageOfPage":{"@id":"https:\/\/amaruoptim.stg.uzero.cat\/fr\/meubles-anciens\/chaises-anciennes\/anciennes-chaises-dexterieur-blanches-c-1920-set-de-4-piezas-am16026\/#primaryimage"},"image":{"@id":"https:\/\/amaruoptim.stg.uzero.cat\/fr\/meubles-anciens\/chaises-anciennes\/anciennes-chaises-dexterieur-blanches-c-1920-set-de-4-piezas-am16026\/#primaryimage"},"thumbnailUrl":"https:\/\/amaruoptim.stg.uzero.cat\/wp-content\/uploads\/2025\/06\/Sillas-de-exterior-antiguas-de-color-blanco-c.1930.-Conjunto-de-4-piezas-AM16026-D-1-1.jpg","datePublished":"2024-08-09T08:31:35+00:00","dateModified":"2025-06-26T15:52:51+00:00","description":"Anciennes chaises d'ext\u00e9rieur blanches (vers 1920). Ensemble de 4 pi\u00e8ces. Bienvenu d'un monde de voyages et de pi\u00e8ces uniques du monde entier.","breadcrumb":{"@id":"https:\/\/amaruoptim.stg.uzero.cat\/fr\/meubles-anciens\/chaises-anciennes\/anciennes-chaises-dexterieur-blanches-c-1920-set-de-4-piezas-am16026\/#breadcrumb"},"inLanguage":"fr-FR","potentialAction":[{"@type":"ReadAction","target":["https:\/\/amaruoptim.stg.uzero.cat\/fr\/meubles-anciens\/chaises-anciennes\/anciennes-chaises-dexterieur-blanches-c-1920-set-de-4-piezas-am16026\/"]}]},{"@type":"ImageObject","inLanguage":"fr-FR","@id":"https:\/\/amaruoptim.stg.uzero.cat\/fr\/meubles-anciens\/chaises-anciennes\/anciennes-chaises-dexterieur-blanches-c-1920-set-de-4-piezas-am16026\/#primaryimage","url":"https:\/\/amaruoptim.stg.uzero.cat\/wp-content\/uploads\/2025\/06\/Sillas-de-exterior-antiguas-de-color-blanco-c.1930.-Conjunto-de-4-piezas-AM16026-D-1-1.jpg","contentUrl":"https:\/\/amaruoptim.stg.uzero.cat\/wp-content\/uploads\/2025\/06\/Sillas-de-exterior-antiguas-de-color-blanco-c.1930.-Conjunto-de-4-piezas-AM16026-D-1-1.jpg","width":924,"height":924},{"@type":"BreadcrumbList","@id":"https:\/\/amaruoptim.stg.uzero.cat\/fr\/meubles-anciens\/chaises-anciennes\/anciennes-chaises-dexterieur-blanches-c-1920-set-de-4-piezas-am16026\/#breadcrumb","itemListElement":[{"@type":"ListItem","position":1,"name":"Accueil","item":"https:\/\/amaruantiques.com\/fr\/"},{"@type":"ListItem","position":2,"name":"Boutique","item":"https:\/\/amaruantiques.com\/fr\/boutique\/"},{"@type":"ListItem","position":3,"name":"Anciennes chaises d&#8217;ext\u00e9rieur blanches (vers 1920). Ensemble de 4 pi\u00e8ces"}]},{"@type":"WebSite","@id":"https:\/\/amaruantiques.com\/#website","url":"https:\/\/amaruantiques.com\/","name":"AMARU - Timeless Antiques","description":"Timeless antiques","publisher":{"@id":"https:\/\/amaruantiques.com\/#organization"},"potentialAction":[{"@type":"SearchAction","target":{"@type":"EntryPoint","urlTemplate":"https:\/\/amaruantiques.com\/?s={search_term_string}"},"query-input":{"@type":"PropertyValueSpecification","valueRequired":true,"valueName":"search_term_string"}}],"inLanguage":"fr-FR"},{"@type":"Organization","@id":"https:\/\/amaruantiques.com\/#organization","name":"AMARU","url":"https:\/\/amaruantiques.com\/","logo":{"@type":"ImageObject","inLanguage":"fr-FR","@id":"https:\/\/amaruantiques.com\/#\/schema\/logo\/image\/","url":"https:\/\/amaruoptim.stg.uzero.cat\/wp-content\/uploads\/2025\/04\/logo-AMARU.svg","contentUrl":"https:\/\/amaruoptim.stg.uzero.cat\/wp-content\/uploads\/2025\/04\/logo-AMARU.svg","caption":"AMARU"},"image":{"@id":"https:\/\/amaruantiques.com\/#\/schema\/logo\/image\/"}}]}},"_links":{"self":[{"href":"https:\/\/amaruoptim.stg.uzero.cat\/fr\/wp-json\/wp\/v2\/product\/213134","targetHints":{"allow":["GET"]}}],"collection":[{"href":"https:\/\/amaruoptim.stg.uzero.cat\/fr\/wp-json\/wp\/v2\/product"}],"about":[{"href":"https:\/\/amaruoptim.stg.uzero.cat\/fr\/wp-json\/wp\/v2\/types\/product"}],"wp:featuredmedia":[{"embeddable":true,"href":"https:\/\/amaruoptim.stg.uzero.cat\/fr\/wp-json\/wp\/v2\/media\/179283"}],"wp:attachment":[{"href":"https:\/\/amaruoptim.stg.uzero.cat\/fr\/wp-json\/wp\/v2\/media?parent=213134"}],"wp:term":[{"taxonomy":"product_brand","embeddable":true,"href":"https:\/\/amaruoptim.stg.uzero.cat\/fr\/wp-json\/wp\/v2\/product_brand?post=213134"},{"taxonomy":"product_cat","embeddable":true,"href":"https:\/\/amaruoptim.stg.uzero.cat\/fr\/wp-json\/wp\/v2\/product_cat?post=213134"},{"taxonomy":"product_tag","embeddable":true,"href":"https:\/\/amaruoptim.stg.uzero.cat\/fr\/wp-json\/wp\/v2\/product_tag?post=213134"}],"curies":[{"name":"wp","href":"https:\/\/api.w.org\/{rel}","templated":true}]}}