{"id":213079,"date":"2024-07-02T15:09:31","date_gmt":"2024-07-02T15:09:31","guid":{"rendered":"https:\/\/amaruantiques.com\/?post_type=product&#038;p=213079"},"modified":"2025-06-26T15:52:25","modified_gmt":"2025-06-26T15:52:25","slug":"tablas-de-cortar-grandes-antiguas-c-1920-conjunto-de-3-piezas-18-am0c018","status":"publish","type":"product","link":"https:\/\/amaruoptim.stg.uzero.cat\/fr\/meubles-anciens\/planches-a-decouper-anciennes\/tablas-de-cortar-grandes-antiguas-c-1920-conjunto-de-3-piezas-18-am0c018\/","title":{"rendered":"Grandes planches \u00e0 d\u00e9couper anciennes (vers 1920). Ensemble 3 pi\u00e8ces #18"},"content":{"rendered":"<p><strong>Grandes planches \u00e0 d\u00e9couper anciennes <\/strong>(vers 1920). Ensemble de 3 pi\u00e8ces<\/p>\n<ul>\n<li><strong>\u00c2ge:<\/strong> 100 ans<\/li>\n<li><strong>Mat\u00e9riel:<\/strong> Bois<\/li>\n<\/ul>\n<p>Nos <em>grandes planches \u00e0 d\u00e9couper <\/em>sont des pi\u00e8ces uniques sp\u00e9cialement s\u00e9lectionn\u00e9es pour faire partie d&#8217;espaces intemporels et s&#8217;accordent parfaitement avec l&#8217;une de nos <a href=\"https:\/\/amaruantiques.com\/fr\/categoria-producto\/tables-de-jardin-et-de-terrasse-anciennes\/\">tables<\/a><a href=\"https:\/\/amaruantiques.com\/fr\/categoria-producto\/damme-jeannes-anciennes\/\"> damajuan<\/a> ou <a href=\"https:\/\/amaruantiques.com\/fr\/categoria-producto\/tables-de-jardin-et-de-terrasse-anciennes\/\">tables d&#8217;ext\u00e9rieur<\/a> anciennes disponibles.<\/p>\n<p><em>PI\u00c8CES UNIQUES<\/em><\/p>\n","protected":false},"excerpt":{"rendered":"<p><strong>Dimensions de la grande planche \u00e0 d\u00e9couper : <\/strong>61 x 39 x 1 cm<\/p>\n<p><strong>Dimensions de la moyenne planche \u00e0 d\u00e9couper : <\/strong>67 x 51 x 2 cm<\/p>\n<p><strong>Dimensions de la petite planche \u00e0 d\u00e9couper : <\/strong>41 x 24 x 2 cm<\/p>\n<p><em>PI\u00c8CES UNIQUES<\/em><\/p>\n","protected":false},"featured_media":240926,"template":"","meta":[],"product_brand":[],"product_cat":[632],"product_tag":[],"class_list":{"0":"post-213079","1":"product","2":"type-product","3":"status-publish","4":"has-post-thumbnail","6":"product_cat-planches-a-decouper-anciennes","7":"product_shipping_class-small-50-fr","8":"pa_estilo-style-rustique","10":"first","11":"instock","12":"sold-individually","13":"taxable","14":"shipping-taxable","15":"purchasable","16":"product-type-simple"},"yoast_head":"<!-- This site is optimized with the Yoast SEO plugin v26.0 - https:\/\/yoast.com\/wordpress\/plugins\/seo\/ -->\n<title>Grandes planches \u00e0 d\u00e9couper | Planches anciennes | AMARU ANTIQUES<\/title>\n<meta name=\"description\" content=\"Grandes planches \u00e0 d\u00e9couper anciennes (vers 1920). Ensemble de 3 pi\u00e8ces. Notre passion est de rechercher sans rel\u00e2che des tr\u00e9sors cach\u00e9s et de leur donner une nouvelle vie.\" \/>\n<meta name=\"robots\" content=\"index, follow, max-snippet:-1, max-image-preview:large, max-video-preview:-1\" \/>\n<link rel=\"canonical\" href=\"https:\/\/amaruoptim.stg.uzero.cat\/fr\/meubles-anciens\/planches-a-decouper-anciennes\/tablas-de-cortar-grandes-antiguas-c-1920-conjunto-de-3-piezas-18-am0c018\/\" \/>\n<meta property=\"og:locale\" content=\"fr_FR\" \/>\n<meta property=\"og:type\" content=\"article\" \/>\n<meta property=\"og:title\" content=\"Grandes planches \u00e0 d\u00e9couper | Planches anciennes | AMARU ANTIQUES\" \/>\n<meta property=\"og:description\" content=\"Grandes planches \u00e0 d\u00e9couper anciennes (vers 1920). Ensemble de 3 pi\u00e8ces. Notre passion est de rechercher sans rel\u00e2che des tr\u00e9sors cach\u00e9s et de leur donner une nouvelle vie.\" \/>\n<meta property=\"og:url\" content=\"https:\/\/amaruoptim.stg.uzero.cat\/fr\/meubles-anciens\/planches-a-decouper-anciennes\/tablas-de-cortar-grandes-antiguas-c-1920-conjunto-de-3-piezas-18-am0c018\/\" \/>\n<meta property=\"og:site_name\" content=\"AMARU\" \/>\n<meta property=\"article:modified_time\" content=\"2025-06-26T15:52:25+00:00\" \/>\n<meta property=\"og:image\" content=\"https:\/\/amaruantiques.com\/wp-content\/uploads\/2025\/06\/AM0C018-D-1-3.jpg\" \/>\n\t<meta property=\"og:image:width\" content=\"924\" \/>\n\t<meta property=\"og:image:height\" content=\"924\" \/>\n\t<meta property=\"og:image:type\" content=\"image\/jpeg\" \/>\n<meta name=\"twitter:card\" content=\"summary_large_image\" \/>\n<!-- \/ Yoast SEO plugin. -->","yoast_head_json":{"title":"Grandes planches \u00e0 d\u00e9couper | Planches anciennes | AMARU ANTIQUES","description":"Grandes planches \u00e0 d\u00e9couper anciennes (vers 1920). Ensemble de 3 pi\u00e8ces. Notre passion est de rechercher sans rel\u00e2che des tr\u00e9sors cach\u00e9s et de leur donner une nouvelle vie.","robots":{"index":"index","follow":"follow","max-snippet":"max-snippet:-1","max-image-preview":"max-image-preview:large","max-video-preview":"max-video-preview:-1"},"canonical":"https:\/\/amaruoptim.stg.uzero.cat\/fr\/meubles-anciens\/planches-a-decouper-anciennes\/tablas-de-cortar-grandes-antiguas-c-1920-conjunto-de-3-piezas-18-am0c018\/","og_locale":"fr_FR","og_type":"article","og_title":"Grandes planches \u00e0 d\u00e9couper | Planches anciennes | AMARU ANTIQUES","og_description":"Grandes planches \u00e0 d\u00e9couper anciennes (vers 1920). Ensemble de 3 pi\u00e8ces. Notre passion est de rechercher sans rel\u00e2che des tr\u00e9sors cach\u00e9s et de leur donner une nouvelle vie.","og_url":"https:\/\/amaruoptim.stg.uzero.cat\/fr\/meubles-anciens\/planches-a-decouper-anciennes\/tablas-de-cortar-grandes-antiguas-c-1920-conjunto-de-3-piezas-18-am0c018\/","og_site_name":"AMARU","article_modified_time":"2025-06-26T15:52:25+00:00","og_image":[{"width":924,"height":924,"url":"https:\/\/amaruantiques.com\/wp-content\/uploads\/2025\/06\/AM0C018-D-1-3.jpg","type":"image\/jpeg"}],"twitter_card":"summary_large_image","schema":{"@context":"https:\/\/schema.org","@graph":[{"@type":"WebPage","@id":"https:\/\/amaruoptim.stg.uzero.cat\/fr\/meubles-anciens\/planches-a-decouper-anciennes\/tablas-de-cortar-grandes-antiguas-c-1920-conjunto-de-3-piezas-18-am0c018\/","url":"https:\/\/amaruoptim.stg.uzero.cat\/fr\/meubles-anciens\/planches-a-decouper-anciennes\/tablas-de-cortar-grandes-antiguas-c-1920-conjunto-de-3-piezas-18-am0c018\/","name":"Grandes planches \u00e0 d\u00e9couper | Planches anciennes | AMARU ANTIQUES","isPartOf":{"@id":"https:\/\/amaruantiques.com\/#website"},"primaryImageOfPage":{"@id":"https:\/\/amaruoptim.stg.uzero.cat\/fr\/meubles-anciens\/planches-a-decouper-anciennes\/tablas-de-cortar-grandes-antiguas-c-1920-conjunto-de-3-piezas-18-am0c018\/#primaryimage"},"image":{"@id":"https:\/\/amaruoptim.stg.uzero.cat\/fr\/meubles-anciens\/planches-a-decouper-anciennes\/tablas-de-cortar-grandes-antiguas-c-1920-conjunto-de-3-piezas-18-am0c018\/#primaryimage"},"thumbnailUrl":"https:\/\/amaruoptim.stg.uzero.cat\/wp-content\/uploads\/2025\/06\/AM0C018-D-1-3.jpg","datePublished":"2024-07-02T15:09:31+00:00","dateModified":"2025-06-26T15:52:25+00:00","description":"Grandes planches \u00e0 d\u00e9couper anciennes (vers 1920). Ensemble de 3 pi\u00e8ces. Notre passion est de rechercher sans rel\u00e2che des tr\u00e9sors cach\u00e9s et de leur donner une nouvelle vie.","breadcrumb":{"@id":"https:\/\/amaruoptim.stg.uzero.cat\/fr\/meubles-anciens\/planches-a-decouper-anciennes\/tablas-de-cortar-grandes-antiguas-c-1920-conjunto-de-3-piezas-18-am0c018\/#breadcrumb"},"inLanguage":"fr-FR","potentialAction":[{"@type":"ReadAction","target":["https:\/\/amaruoptim.stg.uzero.cat\/fr\/meubles-anciens\/planches-a-decouper-anciennes\/tablas-de-cortar-grandes-antiguas-c-1920-conjunto-de-3-piezas-18-am0c018\/"]}]},{"@type":"ImageObject","inLanguage":"fr-FR","@id":"https:\/\/amaruoptim.stg.uzero.cat\/fr\/meubles-anciens\/planches-a-decouper-anciennes\/tablas-de-cortar-grandes-antiguas-c-1920-conjunto-de-3-piezas-18-am0c018\/#primaryimage","url":"https:\/\/amaruoptim.stg.uzero.cat\/wp-content\/uploads\/2025\/06\/AM0C018-D-1-3.jpg","contentUrl":"https:\/\/amaruoptim.stg.uzero.cat\/wp-content\/uploads\/2025\/06\/AM0C018-D-1-3.jpg","width":924,"height":924},{"@type":"BreadcrumbList","@id":"https:\/\/amaruoptim.stg.uzero.cat\/fr\/meubles-anciens\/planches-a-decouper-anciennes\/tablas-de-cortar-grandes-antiguas-c-1920-conjunto-de-3-piezas-18-am0c018\/#breadcrumb","itemListElement":[{"@type":"ListItem","position":1,"name":"Accueil","item":"https:\/\/amaruantiques.com\/fr\/"},{"@type":"ListItem","position":2,"name":"Boutique","item":"https:\/\/amaruantiques.com\/fr\/boutique\/"},{"@type":"ListItem","position":3,"name":"Grandes planches \u00e0 d\u00e9couper anciennes (vers 1920). Ensemble 3 pi\u00e8ces #18"}]},{"@type":"WebSite","@id":"https:\/\/amaruantiques.com\/#website","url":"https:\/\/amaruantiques.com\/","name":"AMARU - Timeless Antiques","description":"Timeless antiques","publisher":{"@id":"https:\/\/amaruantiques.com\/#organization"},"potentialAction":[{"@type":"SearchAction","target":{"@type":"EntryPoint","urlTemplate":"https:\/\/amaruantiques.com\/?s={search_term_string}"},"query-input":{"@type":"PropertyValueSpecification","valueRequired":true,"valueName":"search_term_string"}}],"inLanguage":"fr-FR"},{"@type":"Organization","@id":"https:\/\/amaruantiques.com\/#organization","name":"AMARU","url":"https:\/\/amaruantiques.com\/","logo":{"@type":"ImageObject","inLanguage":"fr-FR","@id":"https:\/\/amaruantiques.com\/#\/schema\/logo\/image\/","url":"https:\/\/amaruoptim.stg.uzero.cat\/wp-content\/uploads\/2025\/04\/logo-AMARU.svg","contentUrl":"https:\/\/amaruoptim.stg.uzero.cat\/wp-content\/uploads\/2025\/04\/logo-AMARU.svg","caption":"AMARU"},"image":{"@id":"https:\/\/amaruantiques.com\/#\/schema\/logo\/image\/"}}]}},"_links":{"self":[{"href":"https:\/\/amaruoptim.stg.uzero.cat\/fr\/wp-json\/wp\/v2\/product\/213079","targetHints":{"allow":["GET"]}}],"collection":[{"href":"https:\/\/amaruoptim.stg.uzero.cat\/fr\/wp-json\/wp\/v2\/product"}],"about":[{"href":"https:\/\/amaruoptim.stg.uzero.cat\/fr\/wp-json\/wp\/v2\/types\/product"}],"wp:featuredmedia":[{"embeddable":true,"href":"https:\/\/amaruoptim.stg.uzero.cat\/fr\/wp-json\/wp\/v2\/media\/240926"}],"wp:attachment":[{"href":"https:\/\/amaruoptim.stg.uzero.cat\/fr\/wp-json\/wp\/v2\/media?parent=213079"}],"wp:term":[{"taxonomy":"product_brand","embeddable":true,"href":"https:\/\/amaruoptim.stg.uzero.cat\/fr\/wp-json\/wp\/v2\/product_brand?post=213079"},{"taxonomy":"product_cat","embeddable":true,"href":"https:\/\/amaruoptim.stg.uzero.cat\/fr\/wp-json\/wp\/v2\/product_cat?post=213079"},{"taxonomy":"product_tag","embeddable":true,"href":"https:\/\/amaruoptim.stg.uzero.cat\/fr\/wp-json\/wp\/v2\/product_tag?post=213079"}],"curies":[{"name":"wp","href":"https:\/\/api.w.org\/{rel}","templated":true}]}}