{"id":213012,"date":"2024-05-11T10:33:04","date_gmt":"2024-05-11T10:33:04","guid":{"rendered":"https:\/\/amaruantiques.com\/?post_type=product&#038;p=213012"},"modified":"2025-06-26T15:51:56","modified_gmt":"2025-06-26T15:51:56","slug":"ancien-buffet-de-salle-a-manger-bleu-ciel-c-1920-am12079","status":"publish","type":"product","link":"https:\/\/amaruoptim.stg.uzero.cat\/fr\/meubles-anciens\/buffets-anciens\/ancien-buffet-de-salle-a-manger-bleu-ciel-c-1920-am12079\/","title":{"rendered":"Ancien buffet de salle \u00e0 manger bleu ciel (vers 1920)"},"content":{"rendered":"<p><strong>Ancien buffet de salle \u00e0 manger bleu ciel<\/strong> (vers 1920)<\/p>\n<ul>\n<li><strong>\u00c2ge approximatif:<\/strong> 100 ans<\/li>\n<li><strong>Mat\u00e9riau :<\/strong> Pin<\/li>\n<\/ul>\n<p>Notre <em>buffet de salle \u00e0 manger <\/em>est une pi\u00e8ce unique qui se distingue par son caract\u00e8re unique :<\/p>\n<ol>\n<li>Sa douce teinte bleu ciel apporte un air de s\u00e9r\u00e9nit\u00e9 et de chaleur.<\/li>\n<li>La sculpture en bois de pin r\u00e9v\u00e8le une beaut\u00e9 et une \u00e9l\u00e9gance naturelles.<\/li>\n<li>Son espace de rangement est vaste, ce qui en fait non seulement un meuble d\u00e9coratif, mais aussi une n\u00e9cessit\u00e9 fonctionnelle dans toute maison.<\/li>\n<li>Il peut \u00eatre utilis\u00e9 comme buffet dans un salon, une chambre \u00e0 coucher ou une biblioth\u00e8que personnelle.<\/li>\n<\/ol>\n<p>Il est en excellent \u00e9tat de conservation, \u00e0 l&#8217;exception des imperfections caract\u00e9ristiques de toute antiquit\u00e9, dues au passage du temps.<\/p>\n<p>Donnez \u00e0 votre int\u00e9rieur une touche d&#8217;originalit\u00e9 avec une pi\u00e8ce unique qui s&#8217;int\u00e8gre dans le style contemporain et apporte de la personnalit\u00e9 \u00e0 votre int\u00e9rieur. Cette armoire en bois peut \u00eatre combin\u00e9e avec l&#8217;un de nos<a href=\"https:\/\/amaruantiques.com\/fr\/categoria-producto\/armoires-anciennes\/\"> armoires anciennes<\/a> ou<a href=\"https:\/\/amaruantiques.com\/fr\/categoria-producto\/malles-anciennes\/\"> malles anciennes<\/a> disponible.<\/p>\n<p><em>PI\u00c8CE UNIQUE<\/em><\/p>\n","protected":false},"excerpt":{"rendered":"<p><strong>Dimensions : <\/strong>156 x 40 x 87 cm (Longueur x Largeur x Hauteur)<\/p>\n<p><em>PI\u00c8CE UNIQUE<\/em><\/p>\n","protected":false},"featured_media":238400,"template":"","meta":[],"product_brand":[],"product_cat":[606],"product_tag":[],"class_list":{"0":"post-213012","1":"product","2":"type-product","3":"status-publish","4":"has-post-thumbnail","6":"product_cat-buffets-anciens","7":"product_shipping_class-gran-cargo-1200-fr","8":"pa_estilo-dynastie-qing","10":"first","11":"instock","12":"sold-individually","13":"taxable","14":"shipping-taxable","15":"purchasable","16":"product-type-simple"},"yoast_head":"<!-- This site is optimized with the Yoast SEO plugin v26.0 - https:\/\/yoast.com\/wordpress\/plugins\/seo\/ -->\n<title>Buffet de salle \u00e0 manger | Buffet ancien | AMARU ANTIQUES<\/title>\n<meta name=\"description\" content=\"Ancien buffet de salle \u00e0 manger bleu ciel (vers 1920). Transformez votre espace gr\u00e2ce au charme intemporel de nos meubles anciens et de nos pi\u00e8ces uniques.\" \/>\n<meta name=\"robots\" content=\"index, follow, max-snippet:-1, max-image-preview:large, max-video-preview:-1\" \/>\n<link rel=\"canonical\" href=\"https:\/\/amaruoptim.stg.uzero.cat\/fr\/meubles-anciens\/buffets-anciens\/ancien-buffet-de-salle-a-manger-bleu-ciel-c-1920-am12079\/\" \/>\n<meta property=\"og:locale\" content=\"fr_FR\" \/>\n<meta property=\"og:type\" content=\"article\" \/>\n<meta property=\"og:title\" content=\"Buffet de salle \u00e0 manger | Buffet ancien | AMARU ANTIQUES\" \/>\n<meta property=\"og:description\" content=\"Ancien buffet de salle \u00e0 manger bleu ciel (vers 1920). Transformez votre espace gr\u00e2ce au charme intemporel de nos meubles anciens et de nos pi\u00e8ces uniques.\" \/>\n<meta property=\"og:url\" content=\"https:\/\/amaruoptim.stg.uzero.cat\/fr\/meubles-anciens\/buffets-anciens\/ancien-buffet-de-salle-a-manger-bleu-ciel-c-1920-am12079\/\" \/>\n<meta property=\"og:site_name\" content=\"AMARU\" \/>\n<meta property=\"article:modified_time\" content=\"2025-06-26T15:51:56+00:00\" \/>\n<meta property=\"og:image\" content=\"https:\/\/amaruantiques.com\/wp-content\/uploads\/2025\/06\/AM12079-D-4-2.jpg\" \/>\n\t<meta property=\"og:image:width\" content=\"1600\" \/>\n\t<meta property=\"og:image:height\" content=\"1200\" \/>\n\t<meta property=\"og:image:type\" content=\"image\/jpeg\" \/>\n<meta name=\"twitter:card\" content=\"summary_large_image\" \/>\n<meta name=\"twitter:label1\" content=\"Dur\u00e9e de lecture estim\u00e9e\" \/>\n\t<meta name=\"twitter:data1\" content=\"2 minutes\" \/>\n<!-- \/ Yoast SEO plugin. -->","yoast_head_json":{"title":"Buffet de salle \u00e0 manger | Buffet ancien | AMARU ANTIQUES","description":"Ancien buffet de salle \u00e0 manger bleu ciel (vers 1920). Transformez votre espace gr\u00e2ce au charme intemporel de nos meubles anciens et de nos pi\u00e8ces uniques.","robots":{"index":"index","follow":"follow","max-snippet":"max-snippet:-1","max-image-preview":"max-image-preview:large","max-video-preview":"max-video-preview:-1"},"canonical":"https:\/\/amaruoptim.stg.uzero.cat\/fr\/meubles-anciens\/buffets-anciens\/ancien-buffet-de-salle-a-manger-bleu-ciel-c-1920-am12079\/","og_locale":"fr_FR","og_type":"article","og_title":"Buffet de salle \u00e0 manger | Buffet ancien | AMARU ANTIQUES","og_description":"Ancien buffet de salle \u00e0 manger bleu ciel (vers 1920). Transformez votre espace gr\u00e2ce au charme intemporel de nos meubles anciens et de nos pi\u00e8ces uniques.","og_url":"https:\/\/amaruoptim.stg.uzero.cat\/fr\/meubles-anciens\/buffets-anciens\/ancien-buffet-de-salle-a-manger-bleu-ciel-c-1920-am12079\/","og_site_name":"AMARU","article_modified_time":"2025-06-26T15:51:56+00:00","og_image":[{"width":1600,"height":1200,"url":"https:\/\/amaruantiques.com\/wp-content\/uploads\/2025\/06\/AM12079-D-4-2.jpg","type":"image\/jpeg"}],"twitter_card":"summary_large_image","twitter_misc":{"Dur\u00e9e de lecture estim\u00e9e":"2 minutes"},"schema":{"@context":"https:\/\/schema.org","@graph":[{"@type":"WebPage","@id":"https:\/\/amaruoptim.stg.uzero.cat\/fr\/meubles-anciens\/buffets-anciens\/ancien-buffet-de-salle-a-manger-bleu-ciel-c-1920-am12079\/","url":"https:\/\/amaruoptim.stg.uzero.cat\/fr\/meubles-anciens\/buffets-anciens\/ancien-buffet-de-salle-a-manger-bleu-ciel-c-1920-am12079\/","name":"Buffet de salle \u00e0 manger | Buffet ancien | AMARU ANTIQUES","isPartOf":{"@id":"https:\/\/amaruantiques.com\/#website"},"primaryImageOfPage":{"@id":"https:\/\/amaruoptim.stg.uzero.cat\/fr\/meubles-anciens\/buffets-anciens\/ancien-buffet-de-salle-a-manger-bleu-ciel-c-1920-am12079\/#primaryimage"},"image":{"@id":"https:\/\/amaruoptim.stg.uzero.cat\/fr\/meubles-anciens\/buffets-anciens\/ancien-buffet-de-salle-a-manger-bleu-ciel-c-1920-am12079\/#primaryimage"},"thumbnailUrl":"https:\/\/amaruoptim.stg.uzero.cat\/wp-content\/uploads\/2025\/06\/AM12079-D-4-2.jpg","datePublished":"2024-05-11T10:33:04+00:00","dateModified":"2025-06-26T15:51:56+00:00","description":"Ancien buffet de salle \u00e0 manger bleu ciel (vers 1920). Transformez votre espace gr\u00e2ce au charme intemporel de nos meubles anciens et de nos pi\u00e8ces uniques.","breadcrumb":{"@id":"https:\/\/amaruoptim.stg.uzero.cat\/fr\/meubles-anciens\/buffets-anciens\/ancien-buffet-de-salle-a-manger-bleu-ciel-c-1920-am12079\/#breadcrumb"},"inLanguage":"fr-FR","potentialAction":[{"@type":"ReadAction","target":["https:\/\/amaruoptim.stg.uzero.cat\/fr\/meubles-anciens\/buffets-anciens\/ancien-buffet-de-salle-a-manger-bleu-ciel-c-1920-am12079\/"]}]},{"@type":"ImageObject","inLanguage":"fr-FR","@id":"https:\/\/amaruoptim.stg.uzero.cat\/fr\/meubles-anciens\/buffets-anciens\/ancien-buffet-de-salle-a-manger-bleu-ciel-c-1920-am12079\/#primaryimage","url":"https:\/\/amaruoptim.stg.uzero.cat\/wp-content\/uploads\/2025\/06\/AM12079-D-4-2.jpg","contentUrl":"https:\/\/amaruoptim.stg.uzero.cat\/wp-content\/uploads\/2025\/06\/AM12079-D-4-2.jpg","width":1600,"height":1200},{"@type":"BreadcrumbList","@id":"https:\/\/amaruoptim.stg.uzero.cat\/fr\/meubles-anciens\/buffets-anciens\/ancien-buffet-de-salle-a-manger-bleu-ciel-c-1920-am12079\/#breadcrumb","itemListElement":[{"@type":"ListItem","position":1,"name":"Accueil","item":"https:\/\/amaruantiques.com\/fr\/"},{"@type":"ListItem","position":2,"name":"Boutique","item":"https:\/\/amaruantiques.com\/fr\/boutique\/"},{"@type":"ListItem","position":3,"name":"Ancien buffet de salle \u00e0 manger bleu ciel (vers 1920)"}]},{"@type":"WebSite","@id":"https:\/\/amaruantiques.com\/#website","url":"https:\/\/amaruantiques.com\/","name":"AMARU - Timeless Antiques","description":"Timeless antiques","publisher":{"@id":"https:\/\/amaruantiques.com\/#organization"},"potentialAction":[{"@type":"SearchAction","target":{"@type":"EntryPoint","urlTemplate":"https:\/\/amaruantiques.com\/?s={search_term_string}"},"query-input":{"@type":"PropertyValueSpecification","valueRequired":true,"valueName":"search_term_string"}}],"inLanguage":"fr-FR"},{"@type":"Organization","@id":"https:\/\/amaruantiques.com\/#organization","name":"AMARU","url":"https:\/\/amaruantiques.com\/","logo":{"@type":"ImageObject","inLanguage":"fr-FR","@id":"https:\/\/amaruantiques.com\/#\/schema\/logo\/image\/","url":"https:\/\/amaruoptim.stg.uzero.cat\/wp-content\/uploads\/2025\/04\/logo-AMARU.svg","contentUrl":"https:\/\/amaruoptim.stg.uzero.cat\/wp-content\/uploads\/2025\/04\/logo-AMARU.svg","caption":"AMARU"},"image":{"@id":"https:\/\/amaruantiques.com\/#\/schema\/logo\/image\/"}}]}},"_links":{"self":[{"href":"https:\/\/amaruoptim.stg.uzero.cat\/fr\/wp-json\/wp\/v2\/product\/213012","targetHints":{"allow":["GET"]}}],"collection":[{"href":"https:\/\/amaruoptim.stg.uzero.cat\/fr\/wp-json\/wp\/v2\/product"}],"about":[{"href":"https:\/\/amaruoptim.stg.uzero.cat\/fr\/wp-json\/wp\/v2\/types\/product"}],"wp:featuredmedia":[{"embeddable":true,"href":"https:\/\/amaruoptim.stg.uzero.cat\/fr\/wp-json\/wp\/v2\/media\/238400"}],"wp:attachment":[{"href":"https:\/\/amaruoptim.stg.uzero.cat\/fr\/wp-json\/wp\/v2\/media?parent=213012"}],"wp:term":[{"taxonomy":"product_brand","embeddable":true,"href":"https:\/\/amaruoptim.stg.uzero.cat\/fr\/wp-json\/wp\/v2\/product_brand?post=213012"},{"taxonomy":"product_cat","embeddable":true,"href":"https:\/\/amaruoptim.stg.uzero.cat\/fr\/wp-json\/wp\/v2\/product_cat?post=213012"},{"taxonomy":"product_tag","embeddable":true,"href":"https:\/\/amaruoptim.stg.uzero.cat\/fr\/wp-json\/wp\/v2\/product_tag?post=213012"}],"curies":[{"name":"wp","href":"https:\/\/api.w.org\/{rel}","templated":true}]}}