{"id":212996,"date":"2024-04-23T15:28:34","date_gmt":"2024-04-23T15:28:34","guid":{"rendered":"https:\/\/amaruantiques.com\/?post_type=product&#038;p=212996"},"modified":"2025-06-26T15:51:48","modified_gmt":"2025-06-26T15:51:48","slug":"vase-moyen-ancien-chinois-vert-emeraude-c-1820-am08020-3","status":"publish","type":"product","link":"https:\/\/amaruoptim.stg.uzero.cat\/fr\/meubles-anciens\/anciens-vases\/vase-moyen-ancien-chinois-vert-emeraude-c-1820-am08020-3\/","title":{"rendered":"Vase moyen ancien en c\u00e9ramique vert \u00e9meraude (vers 1820)"},"content":{"rendered":"<p><strong>Vase moyen ancien en c\u00e9ramique vert \u00e9meraude<\/strong> (vers 1820).<\/p>\n<p>Il a une<strong> antiquit\u00e9<\/strong> estim\u00e9 environ 200 ans, ann\u00e9e approximative de fabrication: 1820. Ce vase ancien en c\u00e9ramique a une hauteur de 28 cm et un diam\u00e8tre de 27 cm. La structure en c\u00e9ramique a \u00e9t\u00e9 cristallis\u00e9e et l&#8217;effet pr\u00e9cieux de la cristallisation qui s&#8217;est produit pendant le processus de cuisson est visible sur les photos d\u00e9taill\u00e9es. Il a \u00e9t\u00e9 r\u00e9cup\u00e9r\u00e9 dans la province du Hunan dans un \u00e9tat de conservation optimal.<\/p>\n<p>Ce vase chinois ancien est une pi\u00e8ce unique de c\u00e9ramique, fabriqu\u00e9e \u00e0 la main selon les standards du moment. Il faut dire qu&#8217;il est actuellement difficile de trouver des pi\u00e8ces de cet \u00e2ge avec ce bon \u00e9tat de conservation.<\/p>\n<ul>\n<li><strong>\u00c2ge:<\/strong> 200 ans<\/li>\n<li><strong>Mat\u00e9riel:<\/strong> C\u00e9ramique<\/li>\n<li><strong>Origine:<\/strong> Chine, Hunan<\/li>\n<\/ul>\n<p>&#8211; NOTE HISTORIQUE &#8211;<\/p>\n<p>La Chine est depuis de nombreux si\u00e8cles une r\u00e9f\u00e9rence dans la fabrication de vases et d&#8217;articles en c\u00e9ramique. Les vases en porcelaine sont devenus particuli\u00e8rement c\u00e9l\u00e8bres et ils \u00e9taient appr\u00e9ci\u00e9s dans les hautes sph\u00e8res royales europ\u00e9ennes comme symbole de statut et de pouvoir.<\/p>\n<p>Les c\u00e9ramiques en elles-m\u00eames sont connues dans le monde entier, m\u00eame si les d\u00e9tails de la fabrication et surtout la distinction entre les diff\u00e9rentes qualit\u00e9s de c\u00e9ramiques restent assez m\u00e9connus du public. En g\u00e9n\u00e9ral, on distingue deux grands groupes : les c\u00e9ramiques de cuisson \u00e0 basse temp\u00e9rature et les c\u00e9ramiques de cuisson \u00e0 haute temp\u00e9rature. La porcelaine est l&#8217;exemple de la cuisson \u00e0 haute temp\u00e9rature qui commence \u00e0 cuire \u00e0 partir de 1000 degr\u00e9s. D&#8217;autre part, les c\u00e9ramiques essentiellement en argile sont cuites \u00e0 400 degr\u00e9s et n&#8217;ont pas la duret\u00e9 que la porcelaine peut avoir. Pour cette raison, les c\u00e9ramiques \u00e0 basse temp\u00e9rature ont eu un usage essentiellement ornemental.<\/p>\n<p>Ce vase d\u00e9coratif a \u00e9t\u00e9 r\u00e9alis\u00e9 avec le d\u00e9sir d&#8217;attirer les bons pr\u00e9sages de bonheur et de joie dans votre maison. Nos vases anciens sont des pi\u00e8ces uniques sp\u00e9cialement s\u00e9lectionn\u00e9es pour faire partie d&#8217;espaces intemporels et se combinent parfaitement avec l&#8217;un de nos<a href=\"https:\/\/amaruantiques.com\/fr\/categoria-producto\/buffets-anciens\/\"> buffets<\/a> ou <a href=\"https:\/\/amaruantiques.com\/fr\/categoria-producto\/armoires-anciennes\/\">armoires anciens<\/a> .<\/p>\n<p><em>PI\u00c8CE UNIQUE<\/em><\/p>\n","protected":false},"excerpt":{"rendered":"<p><strong>Dimensions : <\/strong>27 cm de diam\u00e8tre x 28 cm de hauteur<\/p>\n<p><em>PI\u00c8CE UNIQUE<\/em><\/p>\n","protected":false},"featured_media":237794,"template":"","meta":[],"product_brand":[],"product_cat":[635],"product_tag":[112],"class_list":{"0":"post-212996","1":"product","2":"type-product","3":"status-publish","4":"has-post-thumbnail","6":"product_cat-anciens-vases","7":"product_tag-vase","8":"product_shipping_class-medium-100-fr","9":"pa_estilo-dynastie-qing","11":"first","12":"instock","13":"sold-individually","14":"taxable","15":"shipping-taxable","16":"purchasable","17":"product-type-simple"},"yoast_head":"<!-- This site is optimized with the Yoast SEO plugin v26.0 - https:\/\/yoast.com\/wordpress\/plugins\/seo\/ -->\n<title>Vase moyen ancien | Vase ancien | AMARU ANTIQUES<\/title>\n<meta name=\"description\" content=\"Vase moyen ancien en c\u00e9ramique vert \u00e9meraude (vers 1820). Voyagez dans notre galerie de pi\u00e8ces uniques et de meubles anciens\" \/>\n<meta name=\"robots\" content=\"index, follow, max-snippet:-1, max-image-preview:large, max-video-preview:-1\" \/>\n<link rel=\"canonical\" href=\"https:\/\/amaruoptim.stg.uzero.cat\/fr\/meubles-anciens\/anciens-vases\/vase-moyen-ancien-chinois-vert-emeraude-c-1820-am08020-3\/\" \/>\n<meta property=\"og:locale\" content=\"fr_FR\" \/>\n<meta property=\"og:type\" content=\"article\" \/>\n<meta property=\"og:title\" content=\"Vase moyen ancien | Vase ancien | AMARU ANTIQUES\" \/>\n<meta property=\"og:description\" content=\"Vase moyen ancien en c\u00e9ramique vert \u00e9meraude (vers 1820). Voyagez dans notre galerie de pi\u00e8ces uniques et de meubles anciens\" \/>\n<meta property=\"og:url\" content=\"https:\/\/amaruoptim.stg.uzero.cat\/fr\/meubles-anciens\/anciens-vases\/vase-moyen-ancien-chinois-vert-emeraude-c-1820-am08020-3\/\" \/>\n<meta property=\"og:site_name\" content=\"AMARU\" \/>\n<meta property=\"article:modified_time\" content=\"2025-06-26T15:51:48+00:00\" \/>\n<meta property=\"og:image\" content=\"https:\/\/amaruantiques.com\/wp-content\/uploads\/2025\/06\/AM08020-3-D-1-2.jpg\" \/>\n\t<meta property=\"og:image:width\" content=\"924\" \/>\n\t<meta property=\"og:image:height\" content=\"924\" \/>\n\t<meta property=\"og:image:type\" content=\"image\/jpeg\" \/>\n<meta name=\"twitter:card\" content=\"summary_large_image\" \/>\n<meta name=\"twitter:label1\" content=\"Dur\u00e9e de lecture estim\u00e9e\" \/>\n\t<meta name=\"twitter:data1\" content=\"2 minutes\" \/>\n<!-- \/ Yoast SEO plugin. -->","yoast_head_json":{"title":"Vase moyen ancien | Vase ancien | AMARU ANTIQUES","description":"Vase moyen ancien en c\u00e9ramique vert \u00e9meraude (vers 1820). Voyagez dans notre galerie de pi\u00e8ces uniques et de meubles anciens","robots":{"index":"index","follow":"follow","max-snippet":"max-snippet:-1","max-image-preview":"max-image-preview:large","max-video-preview":"max-video-preview:-1"},"canonical":"https:\/\/amaruoptim.stg.uzero.cat\/fr\/meubles-anciens\/anciens-vases\/vase-moyen-ancien-chinois-vert-emeraude-c-1820-am08020-3\/","og_locale":"fr_FR","og_type":"article","og_title":"Vase moyen ancien | Vase ancien | AMARU ANTIQUES","og_description":"Vase moyen ancien en c\u00e9ramique vert \u00e9meraude (vers 1820). Voyagez dans notre galerie de pi\u00e8ces uniques et de meubles anciens","og_url":"https:\/\/amaruoptim.stg.uzero.cat\/fr\/meubles-anciens\/anciens-vases\/vase-moyen-ancien-chinois-vert-emeraude-c-1820-am08020-3\/","og_site_name":"AMARU","article_modified_time":"2025-06-26T15:51:48+00:00","og_image":[{"width":924,"height":924,"url":"https:\/\/amaruantiques.com\/wp-content\/uploads\/2025\/06\/AM08020-3-D-1-2.jpg","type":"image\/jpeg"}],"twitter_card":"summary_large_image","twitter_misc":{"Dur\u00e9e de lecture estim\u00e9e":"2 minutes"},"schema":{"@context":"https:\/\/schema.org","@graph":[{"@type":"WebPage","@id":"https:\/\/amaruoptim.stg.uzero.cat\/fr\/meubles-anciens\/anciens-vases\/vase-moyen-ancien-chinois-vert-emeraude-c-1820-am08020-3\/","url":"https:\/\/amaruoptim.stg.uzero.cat\/fr\/meubles-anciens\/anciens-vases\/vase-moyen-ancien-chinois-vert-emeraude-c-1820-am08020-3\/","name":"Vase moyen ancien | Vase ancien | AMARU ANTIQUES","isPartOf":{"@id":"https:\/\/amaruantiques.com\/#website"},"primaryImageOfPage":{"@id":"https:\/\/amaruoptim.stg.uzero.cat\/fr\/meubles-anciens\/anciens-vases\/vase-moyen-ancien-chinois-vert-emeraude-c-1820-am08020-3\/#primaryimage"},"image":{"@id":"https:\/\/amaruoptim.stg.uzero.cat\/fr\/meubles-anciens\/anciens-vases\/vase-moyen-ancien-chinois-vert-emeraude-c-1820-am08020-3\/#primaryimage"},"thumbnailUrl":"https:\/\/amaruoptim.stg.uzero.cat\/wp-content\/uploads\/2025\/06\/AM08020-3-D-1-2.jpg","datePublished":"2024-04-23T15:28:34+00:00","dateModified":"2025-06-26T15:51:48+00:00","description":"Vase moyen ancien en c\u00e9ramique vert \u00e9meraude (vers 1820). Voyagez dans notre galerie de pi\u00e8ces uniques et de meubles anciens","breadcrumb":{"@id":"https:\/\/amaruoptim.stg.uzero.cat\/fr\/meubles-anciens\/anciens-vases\/vase-moyen-ancien-chinois-vert-emeraude-c-1820-am08020-3\/#breadcrumb"},"inLanguage":"fr-FR","potentialAction":[{"@type":"ReadAction","target":["https:\/\/amaruoptim.stg.uzero.cat\/fr\/meubles-anciens\/anciens-vases\/vase-moyen-ancien-chinois-vert-emeraude-c-1820-am08020-3\/"]}]},{"@type":"ImageObject","inLanguage":"fr-FR","@id":"https:\/\/amaruoptim.stg.uzero.cat\/fr\/meubles-anciens\/anciens-vases\/vase-moyen-ancien-chinois-vert-emeraude-c-1820-am08020-3\/#primaryimage","url":"https:\/\/amaruoptim.stg.uzero.cat\/wp-content\/uploads\/2025\/06\/AM08020-3-D-1-2.jpg","contentUrl":"https:\/\/amaruoptim.stg.uzero.cat\/wp-content\/uploads\/2025\/06\/AM08020-3-D-1-2.jpg","width":924,"height":924},{"@type":"BreadcrumbList","@id":"https:\/\/amaruoptim.stg.uzero.cat\/fr\/meubles-anciens\/anciens-vases\/vase-moyen-ancien-chinois-vert-emeraude-c-1820-am08020-3\/#breadcrumb","itemListElement":[{"@type":"ListItem","position":1,"name":"Accueil","item":"https:\/\/amaruantiques.com\/fr\/"},{"@type":"ListItem","position":2,"name":"Boutique","item":"https:\/\/amaruantiques.com\/fr\/boutique\/"},{"@type":"ListItem","position":3,"name":"Vase moyen ancien en c\u00e9ramique vert \u00e9meraude (vers 1820)"}]},{"@type":"WebSite","@id":"https:\/\/amaruantiques.com\/#website","url":"https:\/\/amaruantiques.com\/","name":"AMARU - Timeless Antiques","description":"Timeless antiques","publisher":{"@id":"https:\/\/amaruantiques.com\/#organization"},"potentialAction":[{"@type":"SearchAction","target":{"@type":"EntryPoint","urlTemplate":"https:\/\/amaruantiques.com\/?s={search_term_string}"},"query-input":{"@type":"PropertyValueSpecification","valueRequired":true,"valueName":"search_term_string"}}],"inLanguage":"fr-FR"},{"@type":"Organization","@id":"https:\/\/amaruantiques.com\/#organization","name":"AMARU","url":"https:\/\/amaruantiques.com\/","logo":{"@type":"ImageObject","inLanguage":"fr-FR","@id":"https:\/\/amaruantiques.com\/#\/schema\/logo\/image\/","url":"https:\/\/amaruoptim.stg.uzero.cat\/wp-content\/uploads\/2025\/04\/logo-AMARU.svg","contentUrl":"https:\/\/amaruoptim.stg.uzero.cat\/wp-content\/uploads\/2025\/04\/logo-AMARU.svg","caption":"AMARU"},"image":{"@id":"https:\/\/amaruantiques.com\/#\/schema\/logo\/image\/"}}]}},"_links":{"self":[{"href":"https:\/\/amaruoptim.stg.uzero.cat\/fr\/wp-json\/wp\/v2\/product\/212996","targetHints":{"allow":["GET"]}}],"collection":[{"href":"https:\/\/amaruoptim.stg.uzero.cat\/fr\/wp-json\/wp\/v2\/product"}],"about":[{"href":"https:\/\/amaruoptim.stg.uzero.cat\/fr\/wp-json\/wp\/v2\/types\/product"}],"wp:featuredmedia":[{"embeddable":true,"href":"https:\/\/amaruoptim.stg.uzero.cat\/fr\/wp-json\/wp\/v2\/media\/237794"}],"wp:attachment":[{"href":"https:\/\/amaruoptim.stg.uzero.cat\/fr\/wp-json\/wp\/v2\/media?parent=212996"}],"wp:term":[{"taxonomy":"product_brand","embeddable":true,"href":"https:\/\/amaruoptim.stg.uzero.cat\/fr\/wp-json\/wp\/v2\/product_brand?post=212996"},{"taxonomy":"product_cat","embeddable":true,"href":"https:\/\/amaruoptim.stg.uzero.cat\/fr\/wp-json\/wp\/v2\/product_cat?post=212996"},{"taxonomy":"product_tag","embeddable":true,"href":"https:\/\/amaruoptim.stg.uzero.cat\/fr\/wp-json\/wp\/v2\/product_tag?post=212996"}],"curies":[{"name":"wp","href":"https:\/\/api.w.org\/{rel}","templated":true}]}}