{"id":212972,"date":"2024-04-19T12:14:07","date_gmt":"2024-04-19T12:14:08","guid":{"rendered":"https:\/\/amaruantiques.com\/?post_type=product&#038;p=212972"},"modified":"2025-06-26T15:51:38","modified_gmt":"2025-06-26T15:51:38","slug":"anciennes-chaises-exterieur-c-1900-conjunto-de-4-piezas-6-am09056-s4-5","status":"publish","type":"product","link":"https:\/\/amaruoptim.stg.uzero.cat\/fr\/meubles-anciens\/chaises-anciennes\/anciennes-chaises-exterieur-c-1900-conjunto-de-4-piezas-6-am09056-s4-5\/","title":{"rendered":"Chaises de jardin anciennes (c.1900). Ensemble de 4 pi\u00e8ces #6"},"content":{"rendered":"<p><strong>Chaises de jardin anciennes<\/strong> (c.1900). Ensemble de 4 pi\u00e8ces<\/p>\n<ul>\n<li><strong>\u00c2ge approximatif:<\/strong> 100 ans<\/li>\n<li><strong>Mat\u00e9riau:<\/strong> Bois et fer<\/li>\n<\/ul>\n<p>Nos <em>chaises de jardin <\/em>sont des pi\u00e8ces uniques qui se distinguent par.. :<\/p>\n<ol>\n<li>Sa structure en m\u00e9tal massif et en bois massif.<\/li>\n<li>La combinaison de diff\u00e9rentes couleurs rend tout espace vivant et joyeux.<\/li>\n<li>Parfait pour transformer un coin de votre jardin en coin de lecture et de m\u00e9ditation.<\/li>\n<\/ol>\n<p>Il est en excellent \u00e9tat de conservation, \u00e0 l&#8217;exception des imperfections caract\u00e9ristiques de toute antiquit\u00e9, dues au passage du temps.<\/p>\n<p>Notre set d&#8217;ext\u00e9rieur peut \u00e9galement \u00eatre combin\u00e9 avec l&#8217;une de nos <a href=\"https:\/\/amaruantiques.com\/fr\/categoria-producto\/meubles-de-jardin-anciens\/\">tables de jardin anciennes<\/a>.<\/p>\n<p><em>PI\u00c8CES UNIQUES<\/em><\/p>\n","protected":false},"excerpt":{"rendered":"<p><strong>Dimensions approximatives : <\/strong>40 x 39 x 80 cm (Longueur x Largeur x Hauteur).<\/p>\n<p><em>PI\u00c8CES UNIQUES<\/em><\/p>\n<p>&nbsp;<\/p>\n","protected":false},"featured_media":237179,"template":"","meta":[],"product_brand":[],"product_cat":[618,625,621],"product_tag":[],"class_list":{"0":"post-212972","1":"product","2":"type-product","3":"status-publish","4":"has-post-thumbnail","6":"product_cat-chaises-anciennes","7":"product_cat-chaises-exterieures-anciennes","8":"product_cat-meubles-de-jardin-anciens","9":"product_shipping_class-gran-cargo-750-fr","10":"pa_estilo-provencal-francais","12":"first","13":"instock","14":"taxable","15":"shipping-taxable","16":"purchasable","17":"product-type-simple"},"yoast_head":"<!-- This site is optimized with the Yoast SEO plugin v26.0 - https:\/\/yoast.com\/wordpress\/plugins\/seo\/ -->\n<title>Chaises de jardin | Chaises d&#039;ext\u00e9rieur | AMARU ANTIQUES<\/title>\n<meta name=\"description\" content=\"Chaises de jardin anciennes (c.1900). Ensemble de 4 pi\u00e8ces. Nous vous proposons ici un voyage exotique \u00e0 la recherche de pi\u00e8ces anciennes uniques...\" \/>\n<meta name=\"robots\" content=\"index, follow, max-snippet:-1, max-image-preview:large, max-video-preview:-1\" \/>\n<link rel=\"canonical\" href=\"https:\/\/amaruoptim.stg.uzero.cat\/fr\/meubles-anciens\/chaises-anciennes\/anciennes-chaises-exterieur-c-1900-conjunto-de-4-piezas-6-am09056-s4-5\/\" \/>\n<meta property=\"og:locale\" content=\"fr_FR\" \/>\n<meta property=\"og:type\" content=\"article\" \/>\n<meta property=\"og:title\" content=\"Chaises de jardin | Chaises d&#039;ext\u00e9rieur | AMARU ANTIQUES\" \/>\n<meta property=\"og:description\" content=\"Chaises de jardin anciennes (c.1900). Ensemble de 4 pi\u00e8ces. Nous vous proposons ici un voyage exotique \u00e0 la recherche de pi\u00e8ces anciennes uniques...\" \/>\n<meta property=\"og:url\" content=\"https:\/\/amaruoptim.stg.uzero.cat\/fr\/meubles-anciens\/chaises-anciennes\/anciennes-chaises-exterieur-c-1900-conjunto-de-4-piezas-6-am09056-s4-5\/\" \/>\n<meta property=\"og:site_name\" content=\"AMARU\" \/>\n<meta property=\"article:modified_time\" content=\"2025-06-26T15:51:38+00:00\" \/>\n<meta property=\"og:image\" content=\"https:\/\/amaruantiques.com\/wp-content\/uploads\/2025\/06\/AM09056-SET-DE-4-6-D-1-2.jpg\" \/>\n\t<meta property=\"og:image:width\" content=\"924\" \/>\n\t<meta property=\"og:image:height\" content=\"924\" \/>\n\t<meta property=\"og:image:type\" content=\"image\/jpeg\" \/>\n<meta name=\"twitter:card\" content=\"summary_large_image\" \/>\n<meta name=\"twitter:label1\" content=\"Dur\u00e9e de lecture estim\u00e9e\" \/>\n\t<meta name=\"twitter:data1\" content=\"1 minute\" \/>\n<!-- \/ Yoast SEO plugin. -->","yoast_head_json":{"title":"Chaises de jardin | Chaises d'ext\u00e9rieur | AMARU ANTIQUES","description":"Chaises de jardin anciennes (c.1900). Ensemble de 4 pi\u00e8ces. Nous vous proposons ici un voyage exotique \u00e0 la recherche de pi\u00e8ces anciennes uniques...","robots":{"index":"index","follow":"follow","max-snippet":"max-snippet:-1","max-image-preview":"max-image-preview:large","max-video-preview":"max-video-preview:-1"},"canonical":"https:\/\/amaruoptim.stg.uzero.cat\/fr\/meubles-anciens\/chaises-anciennes\/anciennes-chaises-exterieur-c-1900-conjunto-de-4-piezas-6-am09056-s4-5\/","og_locale":"fr_FR","og_type":"article","og_title":"Chaises de jardin | Chaises d'ext\u00e9rieur | AMARU ANTIQUES","og_description":"Chaises de jardin anciennes (c.1900). Ensemble de 4 pi\u00e8ces. Nous vous proposons ici un voyage exotique \u00e0 la recherche de pi\u00e8ces anciennes uniques...","og_url":"https:\/\/amaruoptim.stg.uzero.cat\/fr\/meubles-anciens\/chaises-anciennes\/anciennes-chaises-exterieur-c-1900-conjunto-de-4-piezas-6-am09056-s4-5\/","og_site_name":"AMARU","article_modified_time":"2025-06-26T15:51:38+00:00","og_image":[{"width":924,"height":924,"url":"https:\/\/amaruantiques.com\/wp-content\/uploads\/2025\/06\/AM09056-SET-DE-4-6-D-1-2.jpg","type":"image\/jpeg"}],"twitter_card":"summary_large_image","twitter_misc":{"Dur\u00e9e de lecture estim\u00e9e":"1 minute"},"schema":{"@context":"https:\/\/schema.org","@graph":[{"@type":"WebPage","@id":"https:\/\/amaruoptim.stg.uzero.cat\/fr\/meubles-anciens\/chaises-anciennes\/anciennes-chaises-exterieur-c-1900-conjunto-de-4-piezas-6-am09056-s4-5\/","url":"https:\/\/amaruoptim.stg.uzero.cat\/fr\/meubles-anciens\/chaises-anciennes\/anciennes-chaises-exterieur-c-1900-conjunto-de-4-piezas-6-am09056-s4-5\/","name":"Chaises de jardin | Chaises d'ext\u00e9rieur | AMARU ANTIQUES","isPartOf":{"@id":"https:\/\/amaruantiques.com\/#website"},"primaryImageOfPage":{"@id":"https:\/\/amaruoptim.stg.uzero.cat\/fr\/meubles-anciens\/chaises-anciennes\/anciennes-chaises-exterieur-c-1900-conjunto-de-4-piezas-6-am09056-s4-5\/#primaryimage"},"image":{"@id":"https:\/\/amaruoptim.stg.uzero.cat\/fr\/meubles-anciens\/chaises-anciennes\/anciennes-chaises-exterieur-c-1900-conjunto-de-4-piezas-6-am09056-s4-5\/#primaryimage"},"thumbnailUrl":"https:\/\/amaruoptim.stg.uzero.cat\/wp-content\/uploads\/2025\/06\/AM09056-SET-DE-4-6-D-1-2.jpg","datePublished":"2024-04-19T12:14:08+00:00","dateModified":"2025-06-26T15:51:38+00:00","description":"Chaises de jardin anciennes (c.1900). Ensemble de 4 pi\u00e8ces. Nous vous proposons ici un voyage exotique \u00e0 la recherche de pi\u00e8ces anciennes uniques...","breadcrumb":{"@id":"https:\/\/amaruoptim.stg.uzero.cat\/fr\/meubles-anciens\/chaises-anciennes\/anciennes-chaises-exterieur-c-1900-conjunto-de-4-piezas-6-am09056-s4-5\/#breadcrumb"},"inLanguage":"fr-FR","potentialAction":[{"@type":"ReadAction","target":["https:\/\/amaruoptim.stg.uzero.cat\/fr\/meubles-anciens\/chaises-anciennes\/anciennes-chaises-exterieur-c-1900-conjunto-de-4-piezas-6-am09056-s4-5\/"]}]},{"@type":"ImageObject","inLanguage":"fr-FR","@id":"https:\/\/amaruoptim.stg.uzero.cat\/fr\/meubles-anciens\/chaises-anciennes\/anciennes-chaises-exterieur-c-1900-conjunto-de-4-piezas-6-am09056-s4-5\/#primaryimage","url":"https:\/\/amaruoptim.stg.uzero.cat\/wp-content\/uploads\/2025\/06\/AM09056-SET-DE-4-6-D-1-2.jpg","contentUrl":"https:\/\/amaruoptim.stg.uzero.cat\/wp-content\/uploads\/2025\/06\/AM09056-SET-DE-4-6-D-1-2.jpg","width":924,"height":924},{"@type":"BreadcrumbList","@id":"https:\/\/amaruoptim.stg.uzero.cat\/fr\/meubles-anciens\/chaises-anciennes\/anciennes-chaises-exterieur-c-1900-conjunto-de-4-piezas-6-am09056-s4-5\/#breadcrumb","itemListElement":[{"@type":"ListItem","position":1,"name":"Accueil","item":"https:\/\/amaruantiques.com\/fr\/"},{"@type":"ListItem","position":2,"name":"Boutique","item":"https:\/\/amaruantiques.com\/fr\/boutique\/"},{"@type":"ListItem","position":3,"name":"Chaises de jardin anciennes (c.1900). Ensemble de 4 pi\u00e8ces #6"}]},{"@type":"WebSite","@id":"https:\/\/amaruantiques.com\/#website","url":"https:\/\/amaruantiques.com\/","name":"AMARU - Timeless Antiques","description":"Timeless antiques","publisher":{"@id":"https:\/\/amaruantiques.com\/#organization"},"potentialAction":[{"@type":"SearchAction","target":{"@type":"EntryPoint","urlTemplate":"https:\/\/amaruantiques.com\/?s={search_term_string}"},"query-input":{"@type":"PropertyValueSpecification","valueRequired":true,"valueName":"search_term_string"}}],"inLanguage":"fr-FR"},{"@type":"Organization","@id":"https:\/\/amaruantiques.com\/#organization","name":"AMARU","url":"https:\/\/amaruantiques.com\/","logo":{"@type":"ImageObject","inLanguage":"fr-FR","@id":"https:\/\/amaruantiques.com\/#\/schema\/logo\/image\/","url":"https:\/\/amaruoptim.stg.uzero.cat\/wp-content\/uploads\/2025\/04\/logo-AMARU.svg","contentUrl":"https:\/\/amaruoptim.stg.uzero.cat\/wp-content\/uploads\/2025\/04\/logo-AMARU.svg","caption":"AMARU"},"image":{"@id":"https:\/\/amaruantiques.com\/#\/schema\/logo\/image\/"}}]}},"_links":{"self":[{"href":"https:\/\/amaruoptim.stg.uzero.cat\/fr\/wp-json\/wp\/v2\/product\/212972","targetHints":{"allow":["GET"]}}],"collection":[{"href":"https:\/\/amaruoptim.stg.uzero.cat\/fr\/wp-json\/wp\/v2\/product"}],"about":[{"href":"https:\/\/amaruoptim.stg.uzero.cat\/fr\/wp-json\/wp\/v2\/types\/product"}],"wp:featuredmedia":[{"embeddable":true,"href":"https:\/\/amaruoptim.stg.uzero.cat\/fr\/wp-json\/wp\/v2\/media\/237179"}],"wp:attachment":[{"href":"https:\/\/amaruoptim.stg.uzero.cat\/fr\/wp-json\/wp\/v2\/media?parent=212972"}],"wp:term":[{"taxonomy":"product_brand","embeddable":true,"href":"https:\/\/amaruoptim.stg.uzero.cat\/fr\/wp-json\/wp\/v2\/product_brand?post=212972"},{"taxonomy":"product_cat","embeddable":true,"href":"https:\/\/amaruoptim.stg.uzero.cat\/fr\/wp-json\/wp\/v2\/product_cat?post=212972"},{"taxonomy":"product_tag","embeddable":true,"href":"https:\/\/amaruoptim.stg.uzero.cat\/fr\/wp-json\/wp\/v2\/product_tag?post=212972"}],"curies":[{"name":"wp","href":"https:\/\/api.w.org\/{rel}","templated":true}]}}