{"id":212956,"date":"2024-04-18T14:41:28","date_gmt":"2025-06-14T02:23:18","guid":{"rendered":"https:\/\/amaruantiques.com\/?post_type=product&#038;p=212956"},"modified":"2025-06-26T15:51:31","modified_gmt":"2025-06-26T15:51:31","slug":"ancienne-table-de-chevet-en-bois-blanc-vers-1920-am06003-4","status":"publish","type":"product","link":"https:\/\/amaruoptim.stg.uzero.cat\/fr\/meubles-anciens\/tables-de-chevet-anciennes\/ancienne-table-de-chevet-en-bois-blanc-vers-1920-am06003-4\/","title":{"rendered":"Ancienne table de chevet en bois blanc (vers 1920)"},"content":{"rendered":"<p><strong>Table de chevet blanc <\/strong>(R\u00e9p. Tch\u00e8que, vers 1920)<\/p>\n<ul>\n<li><strong>\u00c2ge approximatif:<\/strong> 100 ans<\/li>\n<li><strong>Mat\u00e9riel:<\/strong> Bois de pin massif<\/li>\n<\/ul>\n<p>Notre <em>table de chevet blanche<\/em> est une pi\u00e8ce unique qui se distingue par :<\/p>\n<ol>\n<li>Sa patine blanc cr\u00e8me&#8230; inimitable.<\/li>\n<li>Sa sobri\u00e9t\u00e9 et ses lignes simples con\u00e7ues pour un usage quotidien en font un objet ancien qui donne un sens \u00e0 notre pr\u00e9sent \u00e0 partir du pass\u00e9.<\/li>\n<li>Elle peut \u00eatre utilis\u00e9e comme table de chevet ou comme table d&#8217;appoint d\u00e9corative dans n&#8217;importe quel coin de la maison.<\/li>\n<\/ol>\n<p>Il est en excellent \u00e9tat de conservation, \u00e0 l&#8217;exception des imperfections caract\u00e9ristiques de toute antiquit\u00e9, dues au passage du temps.<\/p>\n<p>Notre table de chevet ancienne de forme carr\u00e9e est id\u00e9ale comme <a href=\"https:\/\/amaruantiques.com\/fr\/meubles-anciens\/buffets-anciens\/buffet-a-pharmacie-ancien-en-bois-vers-1840\/\">meuble de d\u00e9coration<\/a> dans un coin d&#8217;une pi\u00e8ce spacieuse et lumineuse, ainsi que comme table dans une salle \u00e0 manger pour un usage quotidien. Sa couleur avec des \u00e9clats verts donne de l&#8217;\u00e9nergie et de la lumi\u00e8re et transmet une vibration sp\u00e9ciale dans votre espace pr\u00e9f\u00e9r\u00e9. Vous pouvez \u00e9galement le combiner avec l&#8217;un de nos<a href=\"https:\/\/amaruantiques.com\/fr\/categoria-producto\/chaises-anciennes\/\"> chaises vintage<\/a> .<\/p>\n<p><em>PI\u00c8CE UNIQUE<\/em><\/p>\n","protected":false},"excerpt":{"rendered":"<p><strong>Ancienne table de chevet <\/strong> en bois massif blanche (R\u00e9p. Tch\u00e8que, vers 1920)<\/p>\n<p><strong>Dimensions : <\/strong>41 x 41 x 48 cm (Longueur x Largeur x Hauteur)<\/p>\n<p><em>PI\u00c8CE UNIQUE<\/em><\/p>\n","protected":false},"featured_media":236630,"template":"","meta":[],"product_brand":[],"product_cat":[622,611],"product_tag":[133],"class_list":{"0":"post-212956","1":"product","2":"type-product","3":"status-publish","4":"has-post-thumbnail","6":"product_cat-tables-dappoint-tables-du-salon-et-tables-basses","7":"product_cat-tables-de-chevet-anciennes","8":"product_tag-anciennes-tables","9":"product_shipping_class-large-150-fr","10":"pa_estilo-style-primitif","12":"first","13":"instock","14":"sold-individually","15":"taxable","16":"shipping-taxable","17":"purchasable","18":"product-type-simple"},"yoast_head":"<!-- This site is optimized with the Yoast SEO plugin v26.0 - https:\/\/yoast.com\/wordpress\/plugins\/seo\/ -->\n<title>Table de chevet blanche | Table de chevet ancienne | AMARU<\/title>\n<meta name=\"description\" content=\"Ancienne table de chevet en pin massif blanc (R\u00e9publique Tch\u00e8que, vers 1920). D\u00e9couvrez d&#039;autres meubles anciens et pi\u00e8ces uniques sur notre site internet AMARU ANTIQUES...\" \/>\n<meta name=\"robots\" content=\"index, follow, max-snippet:-1, max-image-preview:large, max-video-preview:-1\" \/>\n<link rel=\"canonical\" href=\"https:\/\/amaruoptim.stg.uzero.cat\/fr\/meubles-anciens\/tables-de-chevet-anciennes\/ancienne-table-de-chevet-en-bois-blanc-vers-1920-am06003-4\/\" \/>\n<meta property=\"og:locale\" content=\"fr_FR\" \/>\n<meta property=\"og:type\" content=\"article\" \/>\n<meta property=\"og:title\" content=\"Table de chevet blanche | Table de chevet ancienne | AMARU\" \/>\n<meta property=\"og:description\" content=\"Ancienne table de chevet en pin massif blanc (R\u00e9publique Tch\u00e8que, vers 1920). D\u00e9couvrez d&#039;autres meubles anciens et pi\u00e8ces uniques sur notre site internet AMARU ANTIQUES...\" \/>\n<meta property=\"og:url\" content=\"https:\/\/amaruoptim.stg.uzero.cat\/fr\/meubles-anciens\/tables-de-chevet-anciennes\/ancienne-table-de-chevet-en-bois-blanc-vers-1920-am06003-4\/\" \/>\n<meta property=\"og:site_name\" content=\"AMARU\" \/>\n<meta property=\"article:modified_time\" content=\"2025-06-26T15:51:31+00:00\" \/>\n<meta property=\"og:image\" content=\"https:\/\/amaruantiques.com\/wp-content\/uploads\/2025\/06\/AM06003-4-D-1-3.jpg\" \/>\n\t<meta property=\"og:image:width\" content=\"1600\" \/>\n\t<meta property=\"og:image:height\" content=\"1600\" \/>\n\t<meta property=\"og:image:type\" content=\"image\/jpeg\" \/>\n<meta name=\"twitter:card\" content=\"summary_large_image\" \/>\n<meta name=\"twitter:label1\" content=\"Dur\u00e9e de lecture estim\u00e9e\" \/>\n\t<meta name=\"twitter:data1\" content=\"1 minute\" \/>\n<!-- \/ Yoast SEO plugin. -->","yoast_head_json":{"title":"Table de chevet blanche | Table de chevet ancienne | AMARU","description":"Ancienne table de chevet en pin massif blanc (R\u00e9publique Tch\u00e8que, vers 1920). D\u00e9couvrez d'autres meubles anciens et pi\u00e8ces uniques sur notre site internet AMARU ANTIQUES...","robots":{"index":"index","follow":"follow","max-snippet":"max-snippet:-1","max-image-preview":"max-image-preview:large","max-video-preview":"max-video-preview:-1"},"canonical":"https:\/\/amaruoptim.stg.uzero.cat\/fr\/meubles-anciens\/tables-de-chevet-anciennes\/ancienne-table-de-chevet-en-bois-blanc-vers-1920-am06003-4\/","og_locale":"fr_FR","og_type":"article","og_title":"Table de chevet blanche | Table de chevet ancienne | AMARU","og_description":"Ancienne table de chevet en pin massif blanc (R\u00e9publique Tch\u00e8que, vers 1920). D\u00e9couvrez d'autres meubles anciens et pi\u00e8ces uniques sur notre site internet AMARU ANTIQUES...","og_url":"https:\/\/amaruoptim.stg.uzero.cat\/fr\/meubles-anciens\/tables-de-chevet-anciennes\/ancienne-table-de-chevet-en-bois-blanc-vers-1920-am06003-4\/","og_site_name":"AMARU","article_modified_time":"2025-06-26T15:51:31+00:00","og_image":[{"width":1600,"height":1600,"url":"https:\/\/amaruantiques.com\/wp-content\/uploads\/2025\/06\/AM06003-4-D-1-3.jpg","type":"image\/jpeg"}],"twitter_card":"summary_large_image","twitter_misc":{"Dur\u00e9e de lecture estim\u00e9e":"1 minute"},"schema":{"@context":"https:\/\/schema.org","@graph":[{"@type":"WebPage","@id":"https:\/\/amaruoptim.stg.uzero.cat\/fr\/meubles-anciens\/tables-de-chevet-anciennes\/ancienne-table-de-chevet-en-bois-blanc-vers-1920-am06003-4\/","url":"https:\/\/amaruoptim.stg.uzero.cat\/fr\/meubles-anciens\/tables-de-chevet-anciennes\/ancienne-table-de-chevet-en-bois-blanc-vers-1920-am06003-4\/","name":"Table de chevet blanche | Table de chevet ancienne | AMARU","isPartOf":{"@id":"https:\/\/amaruantiques.com\/#website"},"primaryImageOfPage":{"@id":"https:\/\/amaruoptim.stg.uzero.cat\/fr\/meubles-anciens\/tables-de-chevet-anciennes\/ancienne-table-de-chevet-en-bois-blanc-vers-1920-am06003-4\/#primaryimage"},"image":{"@id":"https:\/\/amaruoptim.stg.uzero.cat\/fr\/meubles-anciens\/tables-de-chevet-anciennes\/ancienne-table-de-chevet-en-bois-blanc-vers-1920-am06003-4\/#primaryimage"},"thumbnailUrl":"https:\/\/amaruoptim.stg.uzero.cat\/wp-content\/uploads\/2025\/06\/AM06003-4-D-1-3.jpg","datePublished":"2025-06-14T02:23:18+00:00","dateModified":"2025-06-26T15:51:31+00:00","description":"Ancienne table de chevet en pin massif blanc (R\u00e9publique Tch\u00e8que, vers 1920). D\u00e9couvrez d'autres meubles anciens et pi\u00e8ces uniques sur notre site internet AMARU ANTIQUES...","breadcrumb":{"@id":"https:\/\/amaruoptim.stg.uzero.cat\/fr\/meubles-anciens\/tables-de-chevet-anciennes\/ancienne-table-de-chevet-en-bois-blanc-vers-1920-am06003-4\/#breadcrumb"},"inLanguage":"fr-FR","potentialAction":[{"@type":"ReadAction","target":["https:\/\/amaruoptim.stg.uzero.cat\/fr\/meubles-anciens\/tables-de-chevet-anciennes\/ancienne-table-de-chevet-en-bois-blanc-vers-1920-am06003-4\/"]}]},{"@type":"ImageObject","inLanguage":"fr-FR","@id":"https:\/\/amaruoptim.stg.uzero.cat\/fr\/meubles-anciens\/tables-de-chevet-anciennes\/ancienne-table-de-chevet-en-bois-blanc-vers-1920-am06003-4\/#primaryimage","url":"https:\/\/amaruoptim.stg.uzero.cat\/wp-content\/uploads\/2025\/06\/AM06003-4-D-1-3.jpg","contentUrl":"https:\/\/amaruoptim.stg.uzero.cat\/wp-content\/uploads\/2025\/06\/AM06003-4-D-1-3.jpg","width":1600,"height":1600},{"@type":"BreadcrumbList","@id":"https:\/\/amaruoptim.stg.uzero.cat\/fr\/meubles-anciens\/tables-de-chevet-anciennes\/ancienne-table-de-chevet-en-bois-blanc-vers-1920-am06003-4\/#breadcrumb","itemListElement":[{"@type":"ListItem","position":1,"name":"Accueil","item":"https:\/\/amaruantiques.com\/fr\/"},{"@type":"ListItem","position":2,"name":"Boutique","item":"https:\/\/amaruantiques.com\/fr\/boutique\/"},{"@type":"ListItem","position":3,"name":"Ancienne table de chevet en bois blanc (vers 1920)"}]},{"@type":"WebSite","@id":"https:\/\/amaruantiques.com\/#website","url":"https:\/\/amaruantiques.com\/","name":"AMARU - Timeless Antiques","description":"Timeless antiques","publisher":{"@id":"https:\/\/amaruantiques.com\/#organization"},"potentialAction":[{"@type":"SearchAction","target":{"@type":"EntryPoint","urlTemplate":"https:\/\/amaruantiques.com\/?s={search_term_string}"},"query-input":{"@type":"PropertyValueSpecification","valueRequired":true,"valueName":"search_term_string"}}],"inLanguage":"fr-FR"},{"@type":"Organization","@id":"https:\/\/amaruantiques.com\/#organization","name":"AMARU","url":"https:\/\/amaruantiques.com\/","logo":{"@type":"ImageObject","inLanguage":"fr-FR","@id":"https:\/\/amaruantiques.com\/#\/schema\/logo\/image\/","url":"https:\/\/amaruoptim.stg.uzero.cat\/wp-content\/uploads\/2025\/04\/logo-AMARU.svg","contentUrl":"https:\/\/amaruoptim.stg.uzero.cat\/wp-content\/uploads\/2025\/04\/logo-AMARU.svg","caption":"AMARU"},"image":{"@id":"https:\/\/amaruantiques.com\/#\/schema\/logo\/image\/"}}]}},"_links":{"self":[{"href":"https:\/\/amaruoptim.stg.uzero.cat\/fr\/wp-json\/wp\/v2\/product\/212956","targetHints":{"allow":["GET"]}}],"collection":[{"href":"https:\/\/amaruoptim.stg.uzero.cat\/fr\/wp-json\/wp\/v2\/product"}],"about":[{"href":"https:\/\/amaruoptim.stg.uzero.cat\/fr\/wp-json\/wp\/v2\/types\/product"}],"wp:featuredmedia":[{"embeddable":true,"href":"https:\/\/amaruoptim.stg.uzero.cat\/fr\/wp-json\/wp\/v2\/media\/236630"}],"wp:attachment":[{"href":"https:\/\/amaruoptim.stg.uzero.cat\/fr\/wp-json\/wp\/v2\/media?parent=212956"}],"wp:term":[{"taxonomy":"product_brand","embeddable":true,"href":"https:\/\/amaruoptim.stg.uzero.cat\/fr\/wp-json\/wp\/v2\/product_brand?post=212956"},{"taxonomy":"product_cat","embeddable":true,"href":"https:\/\/amaruoptim.stg.uzero.cat\/fr\/wp-json\/wp\/v2\/product_cat?post=212956"},{"taxonomy":"product_tag","embeddable":true,"href":"https:\/\/amaruoptim.stg.uzero.cat\/fr\/wp-json\/wp\/v2\/product_tag?post=212956"}],"curies":[{"name":"wp","href":"https:\/\/api.w.org\/{rel}","templated":true}]}}