{"id":212926,"date":"2024-03-18T16:43:19","date_gmt":"2025-06-14T02:21:58","guid":{"rendered":"https:\/\/amaruantiques.com\/?post_type=product&#038;p=212926"},"modified":"2025-06-26T15:51:19","modified_gmt":"2025-06-26T15:51:19","slug":"bol-ancien-coupe-ancienne-en-bois-c-1900-am06001-4","status":"publish","type":"product","link":"https:\/\/amaruoptim.stg.uzero.cat\/fr\/meubles-anciens\/bols-en-bois-anciens\/bol-ancien-coupe-ancienne-en-bois-c-1900-am06001-4\/","title":{"rendered":"Ancienne coupe en bois (c.1900)"},"content":{"rendered":"<p><strong>Ancienne coupe en bois<\/strong> (c.1900)<\/p>\n<ul>\n<li><strong>\u00c2ge approximatif :<\/strong> 120 ans<\/li>\n<li><strong>Mat\u00e9riel:<\/strong> Bois du pin<\/li>\n<\/ul>\n<p>Notre<em> bol ancien<\/em> est une pi\u00e8ce unique qui se distingue par :<\/p>\n<ol>\n<li>Leur histoire est racont\u00e9e \u00e0 travers chaque coupe et chaque imperfection.<\/li>\n<li>Sa sobri\u00e9t\u00e9 et ses lignes simples, con\u00e7ues pour un usage quotidien, en font un objet ancien qui donne du sens \u00e0 notre pr\u00e9sent \u00e0 partir du pass\u00e9.<\/li>\n<li>Il peut \u00eatre utilis\u00e9 comme bol d\u00e9coratif sur une table basse ou comme porte-livre d\u00e9coratif, ou encore comme pot de fleurs.<\/li>\n<\/ol>\n<p>Il est en excellent \u00e9tat de conservation, \u00e0 l&#8217;exception des imperfections caract\u00e9ristiques de toute antiquit\u00e9, dues au passage du temps.<\/p>\n<p>&#8211; NOTE HISTORIQUE &#8211;<br \/>\nLes bols \u00e0 p\u00e9trir en bois sont utilis\u00e9s depuis le Moyen \u00c2ge dans toute l&#8217;Europe. La farine \u00e9tait et continue d&#8217;\u00eatre un aliment de base sur le continent europ\u00e9en. \u00c0 de nombreuses reprises, une fois la farine obtenue \u00e0 partir de bl\u00e9, au lieu d&#8217;\u00eatre stock\u00e9e, elle \u00e9tait directement p\u00e9trie. Cela \u00e9tait d\u00fb \u00e0 la peur des insectes nuisibles qui pourraient g\u00e2cher la farine.<\/p>\n<p>Nous recommandons \u00e9galement nos <a href=\"https:\/\/amaruantiques.com\/fr\/categoria-producto\/malles-anciennes\/\">bottes antiques<\/a> qui compl\u00e8tent parfaitement ce bol antique.<\/p>\n<p><em>PI\u00c8CE UNIQUE<\/em><\/p>\n","protected":false},"excerpt":{"rendered":"<p><strong>Dimensions : <\/strong>85 x 35 x 16 cm (Longueur x Largeur x Hauteur)<\/p>\n<p><em>PI\u00c8CE UNIQUE<\/em><\/p>\n","protected":false},"featured_media":236204,"template":"","meta":[],"product_brand":[],"product_cat":[637],"product_tag":[],"class_list":{"0":"post-212926","1":"product","2":"type-product","3":"status-publish","4":"has-post-thumbnail","6":"product_cat-bols-en-bois-anciens","7":"product_shipping_class-medium-100-fr","8":"pa_estilo-style-primitif","10":"first","11":"instock","12":"sold-individually","13":"taxable","14":"shipping-taxable","15":"purchasable","16":"product-type-simple"},"yoast_head":"<!-- This site is optimized with the Yoast SEO plugin v26.0 - https:\/\/yoast.com\/wordpress\/plugins\/seo\/ -->\n<title>Bol ancien | Bol ancien | AMARU ANTIQUES<\/title>\n<meta name=\"description\" content=\"Ancienne coupe en bois (c.1900). Revivez le charme du pass\u00e9 gr\u00e2ce \u00e0 nos pi\u00e8ces uniques soigneusement s\u00e9lectionn\u00e9es pour faire partie de votre foyer.\" \/>\n<meta name=\"robots\" content=\"index, follow, max-snippet:-1, max-image-preview:large, max-video-preview:-1\" \/>\n<link rel=\"canonical\" href=\"https:\/\/amaruoptim.stg.uzero.cat\/fr\/meubles-anciens\/bols-en-bois-anciens\/bol-ancien-coupe-ancienne-en-bois-c-1900-am06001-4\/\" \/>\n<meta property=\"og:locale\" content=\"fr_FR\" \/>\n<meta property=\"og:type\" content=\"article\" \/>\n<meta property=\"og:title\" content=\"Bol ancien | Bol ancien | AMARU ANTIQUES\" \/>\n<meta property=\"og:description\" content=\"Ancienne coupe en bois (c.1900). Revivez le charme du pass\u00e9 gr\u00e2ce \u00e0 nos pi\u00e8ces uniques soigneusement s\u00e9lectionn\u00e9es pour faire partie de votre foyer.\" \/>\n<meta property=\"og:url\" content=\"https:\/\/amaruoptim.stg.uzero.cat\/fr\/meubles-anciens\/bols-en-bois-anciens\/bol-ancien-coupe-ancienne-en-bois-c-1900-am06001-4\/\" \/>\n<meta property=\"og:site_name\" content=\"AMARU\" \/>\n<meta property=\"article:modified_time\" content=\"2025-06-26T15:51:19+00:00\" \/>\n<meta property=\"og:image\" content=\"https:\/\/amaruantiques.com\/wp-content\/uploads\/2025\/06\/AM06001-4-D-1-2.jpg\" \/>\n\t<meta property=\"og:image:width\" content=\"924\" \/>\n\t<meta property=\"og:image:height\" content=\"924\" \/>\n\t<meta property=\"og:image:type\" content=\"image\/jpeg\" \/>\n<meta name=\"twitter:card\" content=\"summary_large_image\" \/>\n<meta name=\"twitter:label1\" content=\"Dur\u00e9e de lecture estim\u00e9e\" \/>\n\t<meta name=\"twitter:data1\" content=\"1 minute\" \/>\n<!-- \/ Yoast SEO plugin. -->","yoast_head_json":{"title":"Bol ancien | Bol ancien | AMARU ANTIQUES","description":"Ancienne coupe en bois (c.1900). Revivez le charme du pass\u00e9 gr\u00e2ce \u00e0 nos pi\u00e8ces uniques soigneusement s\u00e9lectionn\u00e9es pour faire partie de votre foyer.","robots":{"index":"index","follow":"follow","max-snippet":"max-snippet:-1","max-image-preview":"max-image-preview:large","max-video-preview":"max-video-preview:-1"},"canonical":"https:\/\/amaruoptim.stg.uzero.cat\/fr\/meubles-anciens\/bols-en-bois-anciens\/bol-ancien-coupe-ancienne-en-bois-c-1900-am06001-4\/","og_locale":"fr_FR","og_type":"article","og_title":"Bol ancien | Bol ancien | AMARU ANTIQUES","og_description":"Ancienne coupe en bois (c.1900). Revivez le charme du pass\u00e9 gr\u00e2ce \u00e0 nos pi\u00e8ces uniques soigneusement s\u00e9lectionn\u00e9es pour faire partie de votre foyer.","og_url":"https:\/\/amaruoptim.stg.uzero.cat\/fr\/meubles-anciens\/bols-en-bois-anciens\/bol-ancien-coupe-ancienne-en-bois-c-1900-am06001-4\/","og_site_name":"AMARU","article_modified_time":"2025-06-26T15:51:19+00:00","og_image":[{"width":924,"height":924,"url":"https:\/\/amaruantiques.com\/wp-content\/uploads\/2025\/06\/AM06001-4-D-1-2.jpg","type":"image\/jpeg"}],"twitter_card":"summary_large_image","twitter_misc":{"Dur\u00e9e de lecture estim\u00e9e":"1 minute"},"schema":{"@context":"https:\/\/schema.org","@graph":[{"@type":"WebPage","@id":"https:\/\/amaruoptim.stg.uzero.cat\/fr\/meubles-anciens\/bols-en-bois-anciens\/bol-ancien-coupe-ancienne-en-bois-c-1900-am06001-4\/","url":"https:\/\/amaruoptim.stg.uzero.cat\/fr\/meubles-anciens\/bols-en-bois-anciens\/bol-ancien-coupe-ancienne-en-bois-c-1900-am06001-4\/","name":"Bol ancien | Bol ancien | AMARU ANTIQUES","isPartOf":{"@id":"https:\/\/amaruantiques.com\/#website"},"primaryImageOfPage":{"@id":"https:\/\/amaruoptim.stg.uzero.cat\/fr\/meubles-anciens\/bols-en-bois-anciens\/bol-ancien-coupe-ancienne-en-bois-c-1900-am06001-4\/#primaryimage"},"image":{"@id":"https:\/\/amaruoptim.stg.uzero.cat\/fr\/meubles-anciens\/bols-en-bois-anciens\/bol-ancien-coupe-ancienne-en-bois-c-1900-am06001-4\/#primaryimage"},"thumbnailUrl":"https:\/\/amaruoptim.stg.uzero.cat\/wp-content\/uploads\/2025\/06\/AM06001-4-D-1-2.jpg","datePublished":"2025-06-14T02:21:58+00:00","dateModified":"2025-06-26T15:51:19+00:00","description":"Ancienne coupe en bois (c.1900). Revivez le charme du pass\u00e9 gr\u00e2ce \u00e0 nos pi\u00e8ces uniques soigneusement s\u00e9lectionn\u00e9es pour faire partie de votre foyer.","breadcrumb":{"@id":"https:\/\/amaruoptim.stg.uzero.cat\/fr\/meubles-anciens\/bols-en-bois-anciens\/bol-ancien-coupe-ancienne-en-bois-c-1900-am06001-4\/#breadcrumb"},"inLanguage":"fr-FR","potentialAction":[{"@type":"ReadAction","target":["https:\/\/amaruoptim.stg.uzero.cat\/fr\/meubles-anciens\/bols-en-bois-anciens\/bol-ancien-coupe-ancienne-en-bois-c-1900-am06001-4\/"]}]},{"@type":"ImageObject","inLanguage":"fr-FR","@id":"https:\/\/amaruoptim.stg.uzero.cat\/fr\/meubles-anciens\/bols-en-bois-anciens\/bol-ancien-coupe-ancienne-en-bois-c-1900-am06001-4\/#primaryimage","url":"https:\/\/amaruoptim.stg.uzero.cat\/wp-content\/uploads\/2025\/06\/AM06001-4-D-1-2.jpg","contentUrl":"https:\/\/amaruoptim.stg.uzero.cat\/wp-content\/uploads\/2025\/06\/AM06001-4-D-1-2.jpg","width":924,"height":924},{"@type":"BreadcrumbList","@id":"https:\/\/amaruoptim.stg.uzero.cat\/fr\/meubles-anciens\/bols-en-bois-anciens\/bol-ancien-coupe-ancienne-en-bois-c-1900-am06001-4\/#breadcrumb","itemListElement":[{"@type":"ListItem","position":1,"name":"Accueil","item":"https:\/\/amaruantiques.com\/fr\/"},{"@type":"ListItem","position":2,"name":"Boutique","item":"https:\/\/amaruantiques.com\/fr\/boutique\/"},{"@type":"ListItem","position":3,"name":"Ancienne coupe en bois (c.1900)"}]},{"@type":"WebSite","@id":"https:\/\/amaruantiques.com\/#website","url":"https:\/\/amaruantiques.com\/","name":"AMARU - Timeless Antiques","description":"Timeless antiques","publisher":{"@id":"https:\/\/amaruantiques.com\/#organization"},"potentialAction":[{"@type":"SearchAction","target":{"@type":"EntryPoint","urlTemplate":"https:\/\/amaruantiques.com\/?s={search_term_string}"},"query-input":{"@type":"PropertyValueSpecification","valueRequired":true,"valueName":"search_term_string"}}],"inLanguage":"fr-FR"},{"@type":"Organization","@id":"https:\/\/amaruantiques.com\/#organization","name":"AMARU","url":"https:\/\/amaruantiques.com\/","logo":{"@type":"ImageObject","inLanguage":"fr-FR","@id":"https:\/\/amaruantiques.com\/#\/schema\/logo\/image\/","url":"https:\/\/amaruoptim.stg.uzero.cat\/wp-content\/uploads\/2025\/04\/logo-AMARU.svg","contentUrl":"https:\/\/amaruoptim.stg.uzero.cat\/wp-content\/uploads\/2025\/04\/logo-AMARU.svg","caption":"AMARU"},"image":{"@id":"https:\/\/amaruantiques.com\/#\/schema\/logo\/image\/"}}]}},"_links":{"self":[{"href":"https:\/\/amaruoptim.stg.uzero.cat\/fr\/wp-json\/wp\/v2\/product\/212926","targetHints":{"allow":["GET"]}}],"collection":[{"href":"https:\/\/amaruoptim.stg.uzero.cat\/fr\/wp-json\/wp\/v2\/product"}],"about":[{"href":"https:\/\/amaruoptim.stg.uzero.cat\/fr\/wp-json\/wp\/v2\/types\/product"}],"wp:featuredmedia":[{"embeddable":true,"href":"https:\/\/amaruoptim.stg.uzero.cat\/fr\/wp-json\/wp\/v2\/media\/236204"}],"wp:attachment":[{"href":"https:\/\/amaruoptim.stg.uzero.cat\/fr\/wp-json\/wp\/v2\/media?parent=212926"}],"wp:term":[{"taxonomy":"product_brand","embeddable":true,"href":"https:\/\/amaruoptim.stg.uzero.cat\/fr\/wp-json\/wp\/v2\/product_brand?post=212926"},{"taxonomy":"product_cat","embeddable":true,"href":"https:\/\/amaruoptim.stg.uzero.cat\/fr\/wp-json\/wp\/v2\/product_cat?post=212926"},{"taxonomy":"product_tag","embeddable":true,"href":"https:\/\/amaruoptim.stg.uzero.cat\/fr\/wp-json\/wp\/v2\/product_tag?post=212926"}],"curies":[{"name":"wp","href":"https:\/\/api.w.org\/{rel}","templated":true}]}}