{"id":212921,"date":"2024-03-18T14:56:59","date_gmt":"2024-03-18T14:57:00","guid":{"rendered":"https:\/\/amaruantiques.com\/?post_type=product&#038;p=212921"},"modified":"2025-06-26T15:51:17","modified_gmt":"2025-06-26T15:51:17","slug":"fauteuils-rouges-de-style-vintage-c-1960-set-de-deux-pieces-am04077-set-de-2","status":"publish","type":"product","link":"https:\/\/amaruoptim.stg.uzero.cat\/fr\/meubles-anciens\/fauteuils-anciens-bouffees-anciens\/fauteuils-rouges-de-style-vintage-c-1960-set-de-deux-pieces-am04077-set-de-2\/","title":{"rendered":"Fauteuils rouges de style vintage (vers 1960). Ensemble de 2 pi\u00e8ces"},"content":{"rendered":"<p><strong>Fauteuils rouges de style vintage (vers 1960). Ensemble de 2 pi\u00e8ces<\/strong><\/p>\n<ul>\n<li><strong>\u00c2ge approximatif:<\/strong> 60 ans<\/li>\n<li><strong>Mat\u00e9riau :<\/strong> Bois de bouleau massif et cuir synth\u00e9tique<\/li>\n<\/ul>\n<p>Nos<em> fauteuils de style vintage<\/em> sont des pi\u00e8ces uniques qui se distinguent par leur qualit\u00e9 :<\/p>\n<ol>\n<li>Sa couleur rouge vin vibrante \u00e9voque le charme r\u00e9tro et \u00e9l\u00e9gant de l&#8217;\u00e9poque.<\/li>\n<li>Le confort de son assise et de son dossier ergonomiques.<\/li>\n<li>Elles sont id\u00e9ales pour tout espace ou coin de votre maison, salon, salle \u00e0 manger ou m\u00eame votre biblioth\u00e8que personnelle.<\/li>\n<\/ol>\n<p>Il est en excellent \u00e9tat de conservation, \u00e0 l&#8217;exception des imperfections caract\u00e9ristiques de toute antiquit\u00e9, dues au passage du temps.<\/p>\n<p>Nos fauteuils peuvent \u00e9galement \u00eatre combin\u00e9s avec l&#8217;une de nos <a href=\"https:\/\/amaruantiques.com\/categoria-producto\/mesas-bajas-de-salon-de-centro-y-auxiliares\/?_gl=1*gd35a2*_up*MQ..*_ga*NzE2MDYzODk5LjE3MTA3NzQ4MDY.*_ga_3EZ30D8FVS*MTcxMDc3NDgwNi4xLjAuMTcxMDc3NDgwNi4wLjAuMTY3OTgxNDMz\">tables basses<\/a>.<\/p>\n<p><em>PI\u00c8CES UNIQUES<\/em><\/p>\n","protected":false},"excerpt":{"rendered":"<p><strong>Dimensions approximatives:<\/strong> 55 x 52 x 70 cm (Largeur x Profondeur x Hauteur) et 40 cm de hauteur d&#8217;assise<\/p>\n<p><em>PI\u00c8CES UNIQUES<\/em><\/p>\n","protected":false},"featured_media":236096,"template":"","meta":[],"product_brand":[],"product_cat":[630],"product_tag":[],"class_list":{"0":"post-212921","1":"product","2":"type-product","3":"status-publish","4":"has-post-thumbnail","6":"product_cat-fauteuils-anciens-bouffees-anciens","7":"product_shipping_class-gran-cargo-400-fr","8":"pa_estilo-style-vintage","10":"first","11":"instock","12":"sale","13":"taxable","14":"shipping-taxable","15":"purchasable","16":"product-type-simple"},"yoast_head":"<!-- This site is optimized with the Yoast SEO plugin v26.0 - https:\/\/yoast.com\/wordpress\/plugins\/seo\/ -->\n<title>Fauteuils vintage | Fauteuils r\u00e9tro | AMARU ANTIQUES<\/title>\n<meta name=\"description\" content=\"Fauteuils rouges de style vintage (vers 1960). Laissez-vous inspirer dans votre recherche de pi\u00e8ces uniques par notre collection de meubles anciens et d&#039;objets uniques.\" \/>\n<meta name=\"robots\" content=\"index, follow, max-snippet:-1, max-image-preview:large, max-video-preview:-1\" \/>\n<link rel=\"canonical\" href=\"https:\/\/amaruoptim.stg.uzero.cat\/fr\/meubles-anciens\/fauteuils-anciens-bouffees-anciens\/fauteuils-rouges-de-style-vintage-c-1960-set-de-deux-pieces-am04077-set-de-2\/\" \/>\n<meta property=\"og:locale\" content=\"fr_FR\" \/>\n<meta property=\"og:type\" content=\"article\" \/>\n<meta property=\"og:title\" content=\"Fauteuils vintage | Fauteuils r\u00e9tro | AMARU ANTIQUES\" \/>\n<meta property=\"og:description\" content=\"Fauteuils rouges de style vintage (vers 1960). Laissez-vous inspirer dans votre recherche de pi\u00e8ces uniques par notre collection de meubles anciens et d&#039;objets uniques.\" \/>\n<meta property=\"og:url\" content=\"https:\/\/amaruoptim.stg.uzero.cat\/fr\/meubles-anciens\/fauteuils-anciens-bouffees-anciens\/fauteuils-rouges-de-style-vintage-c-1960-set-de-deux-pieces-am04077-set-de-2\/\" \/>\n<meta property=\"og:site_name\" content=\"AMARU\" \/>\n<meta property=\"article:modified_time\" content=\"2025-06-26T15:51:17+00:00\" \/>\n<meta property=\"og:image\" content=\"https:\/\/amaruantiques.com\/wp-content\/uploads\/2025\/06\/AM04077-D-1-3.jpg\" \/>\n\t<meta property=\"og:image:width\" content=\"1600\" \/>\n\t<meta property=\"og:image:height\" content=\"1600\" \/>\n\t<meta property=\"og:image:type\" content=\"image\/jpeg\" \/>\n<meta name=\"twitter:card\" content=\"summary_large_image\" \/>\n<meta name=\"twitter:label1\" content=\"Dur\u00e9e de lecture estim\u00e9e\" \/>\n\t<meta name=\"twitter:data1\" content=\"1 minute\" \/>\n<!-- \/ Yoast SEO plugin. -->","yoast_head_json":{"title":"Fauteuils vintage | Fauteuils r\u00e9tro | AMARU ANTIQUES","description":"Fauteuils rouges de style vintage (vers 1960). Laissez-vous inspirer dans votre recherche de pi\u00e8ces uniques par notre collection de meubles anciens et d'objets uniques.","robots":{"index":"index","follow":"follow","max-snippet":"max-snippet:-1","max-image-preview":"max-image-preview:large","max-video-preview":"max-video-preview:-1"},"canonical":"https:\/\/amaruoptim.stg.uzero.cat\/fr\/meubles-anciens\/fauteuils-anciens-bouffees-anciens\/fauteuils-rouges-de-style-vintage-c-1960-set-de-deux-pieces-am04077-set-de-2\/","og_locale":"fr_FR","og_type":"article","og_title":"Fauteuils vintage | Fauteuils r\u00e9tro | AMARU ANTIQUES","og_description":"Fauteuils rouges de style vintage (vers 1960). Laissez-vous inspirer dans votre recherche de pi\u00e8ces uniques par notre collection de meubles anciens et d'objets uniques.","og_url":"https:\/\/amaruoptim.stg.uzero.cat\/fr\/meubles-anciens\/fauteuils-anciens-bouffees-anciens\/fauteuils-rouges-de-style-vintage-c-1960-set-de-deux-pieces-am04077-set-de-2\/","og_site_name":"AMARU","article_modified_time":"2025-06-26T15:51:17+00:00","og_image":[{"width":1600,"height":1600,"url":"https:\/\/amaruantiques.com\/wp-content\/uploads\/2025\/06\/AM04077-D-1-3.jpg","type":"image\/jpeg"}],"twitter_card":"summary_large_image","twitter_misc":{"Dur\u00e9e de lecture estim\u00e9e":"1 minute"},"schema":{"@context":"https:\/\/schema.org","@graph":[{"@type":"WebPage","@id":"https:\/\/amaruoptim.stg.uzero.cat\/fr\/meubles-anciens\/fauteuils-anciens-bouffees-anciens\/fauteuils-rouges-de-style-vintage-c-1960-set-de-deux-pieces-am04077-set-de-2\/","url":"https:\/\/amaruoptim.stg.uzero.cat\/fr\/meubles-anciens\/fauteuils-anciens-bouffees-anciens\/fauteuils-rouges-de-style-vintage-c-1960-set-de-deux-pieces-am04077-set-de-2\/","name":"Fauteuils vintage | Fauteuils r\u00e9tro | AMARU ANTIQUES","isPartOf":{"@id":"https:\/\/amaruantiques.com\/#website"},"primaryImageOfPage":{"@id":"https:\/\/amaruoptim.stg.uzero.cat\/fr\/meubles-anciens\/fauteuils-anciens-bouffees-anciens\/fauteuils-rouges-de-style-vintage-c-1960-set-de-deux-pieces-am04077-set-de-2\/#primaryimage"},"image":{"@id":"https:\/\/amaruoptim.stg.uzero.cat\/fr\/meubles-anciens\/fauteuils-anciens-bouffees-anciens\/fauteuils-rouges-de-style-vintage-c-1960-set-de-deux-pieces-am04077-set-de-2\/#primaryimage"},"thumbnailUrl":"https:\/\/amaruoptim.stg.uzero.cat\/wp-content\/uploads\/2025\/06\/AM04077-D-1-3.jpg","datePublished":"2024-03-18T14:57:00+00:00","dateModified":"2025-06-26T15:51:17+00:00","description":"Fauteuils rouges de style vintage (vers 1960). Laissez-vous inspirer dans votre recherche de pi\u00e8ces uniques par notre collection de meubles anciens et d'objets uniques.","breadcrumb":{"@id":"https:\/\/amaruoptim.stg.uzero.cat\/fr\/meubles-anciens\/fauteuils-anciens-bouffees-anciens\/fauteuils-rouges-de-style-vintage-c-1960-set-de-deux-pieces-am04077-set-de-2\/#breadcrumb"},"inLanguage":"fr-FR","potentialAction":[{"@type":"ReadAction","target":["https:\/\/amaruoptim.stg.uzero.cat\/fr\/meubles-anciens\/fauteuils-anciens-bouffees-anciens\/fauteuils-rouges-de-style-vintage-c-1960-set-de-deux-pieces-am04077-set-de-2\/"]}]},{"@type":"ImageObject","inLanguage":"fr-FR","@id":"https:\/\/amaruoptim.stg.uzero.cat\/fr\/meubles-anciens\/fauteuils-anciens-bouffees-anciens\/fauteuils-rouges-de-style-vintage-c-1960-set-de-deux-pieces-am04077-set-de-2\/#primaryimage","url":"https:\/\/amaruoptim.stg.uzero.cat\/wp-content\/uploads\/2025\/06\/AM04077-D-1-3.jpg","contentUrl":"https:\/\/amaruoptim.stg.uzero.cat\/wp-content\/uploads\/2025\/06\/AM04077-D-1-3.jpg","width":1600,"height":1600},{"@type":"BreadcrumbList","@id":"https:\/\/amaruoptim.stg.uzero.cat\/fr\/meubles-anciens\/fauteuils-anciens-bouffees-anciens\/fauteuils-rouges-de-style-vintage-c-1960-set-de-deux-pieces-am04077-set-de-2\/#breadcrumb","itemListElement":[{"@type":"ListItem","position":1,"name":"Accueil","item":"https:\/\/amaruantiques.com\/fr\/"},{"@type":"ListItem","position":2,"name":"Boutique","item":"https:\/\/amaruantiques.com\/fr\/boutique\/"},{"@type":"ListItem","position":3,"name":"Fauteuils rouges de style vintage (vers 1960). Ensemble de 2 pi\u00e8ces"}]},{"@type":"WebSite","@id":"https:\/\/amaruantiques.com\/#website","url":"https:\/\/amaruantiques.com\/","name":"AMARU - Timeless Antiques","description":"Timeless antiques","publisher":{"@id":"https:\/\/amaruantiques.com\/#organization"},"potentialAction":[{"@type":"SearchAction","target":{"@type":"EntryPoint","urlTemplate":"https:\/\/amaruantiques.com\/?s={search_term_string}"},"query-input":{"@type":"PropertyValueSpecification","valueRequired":true,"valueName":"search_term_string"}}],"inLanguage":"fr-FR"},{"@type":"Organization","@id":"https:\/\/amaruantiques.com\/#organization","name":"AMARU","url":"https:\/\/amaruantiques.com\/","logo":{"@type":"ImageObject","inLanguage":"fr-FR","@id":"https:\/\/amaruantiques.com\/#\/schema\/logo\/image\/","url":"https:\/\/amaruoptim.stg.uzero.cat\/wp-content\/uploads\/2025\/04\/logo-AMARU.svg","contentUrl":"https:\/\/amaruoptim.stg.uzero.cat\/wp-content\/uploads\/2025\/04\/logo-AMARU.svg","caption":"AMARU"},"image":{"@id":"https:\/\/amaruantiques.com\/#\/schema\/logo\/image\/"}}]}},"_links":{"self":[{"href":"https:\/\/amaruoptim.stg.uzero.cat\/fr\/wp-json\/wp\/v2\/product\/212921","targetHints":{"allow":["GET"]}}],"collection":[{"href":"https:\/\/amaruoptim.stg.uzero.cat\/fr\/wp-json\/wp\/v2\/product"}],"about":[{"href":"https:\/\/amaruoptim.stg.uzero.cat\/fr\/wp-json\/wp\/v2\/types\/product"}],"wp:featuredmedia":[{"embeddable":true,"href":"https:\/\/amaruoptim.stg.uzero.cat\/fr\/wp-json\/wp\/v2\/media\/236096"}],"wp:attachment":[{"href":"https:\/\/amaruoptim.stg.uzero.cat\/fr\/wp-json\/wp\/v2\/media?parent=212921"}],"wp:term":[{"taxonomy":"product_brand","embeddable":true,"href":"https:\/\/amaruoptim.stg.uzero.cat\/fr\/wp-json\/wp\/v2\/product_brand?post=212921"},{"taxonomy":"product_cat","embeddable":true,"href":"https:\/\/amaruoptim.stg.uzero.cat\/fr\/wp-json\/wp\/v2\/product_cat?post=212921"},{"taxonomy":"product_tag","embeddable":true,"href":"https:\/\/amaruoptim.stg.uzero.cat\/fr\/wp-json\/wp\/v2\/product_tag?post=212921"}],"curies":[{"name":"wp","href":"https:\/\/api.w.org\/{rel}","templated":true}]}}