{"id":212918,"date":"2024-02-16T12:26:16","date_gmt":"2024-02-16T12:26:18","guid":{"rendered":"https:\/\/amaruantiques.com\/?post_type=product&#038;p=212918"},"modified":"2025-06-26T15:51:13","modified_gmt":"2025-06-26T15:51:13","slug":"table-carree-en-bois-recupere-am03030","status":"publish","type":"product","link":"https:\/\/amaruoptim.stg.uzero.cat\/fr\/meubles-anciens\/tables-a-manger-et-de-cuisine\/table-carree-en-bois-recupere-am03030\/","title":{"rendered":"Table carr\u00e9e en bois r\u00e9cup\u00e9r\u00e9"},"content":{"rendered":"<p><strong>Table carr\u00e9e en bois r\u00e9cup\u00e9r\u00e9<\/strong><\/p>\n<ul>\n<li><strong>\u00c2ge du bois:<\/strong> 120 ans<\/li>\n<li><strong>Mat\u00e9riel:<\/strong> Bois d&#8217;orme massif<\/li>\n<\/ul>\n<p>Notre <em>table carr\u00e9e en bois r\u00e9cup\u00e9r\u00e9<\/em>\u00a0nous s\u00e9duit par :<\/p>\n<ul>\n<li>Son style intemporel s&#8217;int\u00e8gre parfaitement dans des environnements plus modernes et contemporains.<\/li>\n<li>Sa couleur bois naturel avec des tons dor\u00e9s<\/li>\n<li>Une pi\u00e8ce charg\u00e9e d&#8217;histoire qui transformera votre espace en un coin douillet au charme intemporel.<\/li>\n<\/ul>\n<p>Il est en excellent \u00e9tat de conservation, \u00e0 l&#8217;exception des imperfections caract\u00e9ristiques de toute antiquit\u00e9, dues au passage du temps.<\/p>\n<p>Elle peut \u00eatre combin\u00e9e avec l&#8217;une de nos malles anciennes.<\/p>\n<p><em>PI\u00c8CE UNIQUE<\/em><\/p>\n","protected":false},"excerpt":{"rendered":"<p><strong>Dimensions : <\/strong>100 x 100 x 80 cm (Longueur x Largeur x Hauteur)<\/p>\n","protected":false},"featured_media":236051,"template":"","meta":[],"product_brand":[],"product_cat":[629],"product_tag":[],"class_list":{"0":"post-212918","1":"product","2":"type-product","3":"status-publish","4":"has-post-thumbnail","6":"product_cat-tables-a-manger-et-de-cuisine","7":"product_shipping_class-gran-cargo-1000-fr","8":"pa_estilo-style-rustique","10":"first","11":"instock","12":"sale","13":"taxable","14":"shipping-taxable","15":"purchasable","16":"product-type-simple"},"yoast_head":"<!-- This site is optimized with the Yoast SEO plugin v26.0 - https:\/\/yoast.com\/wordpress\/plugins\/seo\/ -->\n<title>Table carr\u00e9e ancienne | Table en bois | AMARU ANTIQUES<\/title>\n<meta name=\"description\" content=\"Table carr\u00e9e en bois massif ancien (vers 1900). Venez d\u00e9couvrir notre collection de pi\u00e8ces uniques et de tr\u00e9sors du monde entier...\" \/>\n<meta name=\"robots\" content=\"index, follow, max-snippet:-1, max-image-preview:large, max-video-preview:-1\" \/>\n<link rel=\"canonical\" href=\"https:\/\/amaruoptim.stg.uzero.cat\/fr\/meubles-anciens\/tables-a-manger-et-de-cuisine\/table-carree-en-bois-recupere-am03030\/\" \/>\n<meta property=\"og:locale\" content=\"fr_FR\" \/>\n<meta property=\"og:type\" content=\"article\" \/>\n<meta property=\"og:title\" content=\"Table carr\u00e9e ancienne | Table en bois | AMARU ANTIQUES\" \/>\n<meta property=\"og:description\" content=\"Table carr\u00e9e en bois massif ancien (vers 1900). Venez d\u00e9couvrir notre collection de pi\u00e8ces uniques et de tr\u00e9sors du monde entier...\" \/>\n<meta property=\"og:url\" content=\"https:\/\/amaruoptim.stg.uzero.cat\/fr\/meubles-anciens\/tables-a-manger-et-de-cuisine\/table-carree-en-bois-recupere-am03030\/\" \/>\n<meta property=\"og:site_name\" content=\"AMARU\" \/>\n<meta property=\"article:modified_time\" content=\"2025-06-26T15:51:13+00:00\" \/>\n<meta property=\"og:image\" content=\"https:\/\/amaruantiques.com\/wp-content\/uploads\/2025\/06\/AM03030-D-1-3.jpg\" \/>\n\t<meta property=\"og:image:width\" content=\"924\" \/>\n\t<meta property=\"og:image:height\" content=\"924\" \/>\n\t<meta property=\"og:image:type\" content=\"image\/jpeg\" \/>\n<meta name=\"twitter:card\" content=\"summary_large_image\" \/>\n<meta name=\"twitter:label1\" content=\"Dur\u00e9e de lecture estim\u00e9e\" \/>\n\t<meta name=\"twitter:data1\" content=\"2 minutes\" \/>\n<!-- \/ Yoast SEO plugin. -->","yoast_head_json":{"title":"Table carr\u00e9e ancienne | Table en bois | AMARU ANTIQUES","description":"Table carr\u00e9e en bois massif ancien (vers 1900). Venez d\u00e9couvrir notre collection de pi\u00e8ces uniques et de tr\u00e9sors du monde entier...","robots":{"index":"index","follow":"follow","max-snippet":"max-snippet:-1","max-image-preview":"max-image-preview:large","max-video-preview":"max-video-preview:-1"},"canonical":"https:\/\/amaruoptim.stg.uzero.cat\/fr\/meubles-anciens\/tables-a-manger-et-de-cuisine\/table-carree-en-bois-recupere-am03030\/","og_locale":"fr_FR","og_type":"article","og_title":"Table carr\u00e9e ancienne | Table en bois | AMARU ANTIQUES","og_description":"Table carr\u00e9e en bois massif ancien (vers 1900). Venez d\u00e9couvrir notre collection de pi\u00e8ces uniques et de tr\u00e9sors du monde entier...","og_url":"https:\/\/amaruoptim.stg.uzero.cat\/fr\/meubles-anciens\/tables-a-manger-et-de-cuisine\/table-carree-en-bois-recupere-am03030\/","og_site_name":"AMARU","article_modified_time":"2025-06-26T15:51:13+00:00","og_image":[{"width":924,"height":924,"url":"https:\/\/amaruantiques.com\/wp-content\/uploads\/2025\/06\/AM03030-D-1-3.jpg","type":"image\/jpeg"}],"twitter_card":"summary_large_image","twitter_misc":{"Dur\u00e9e de lecture estim\u00e9e":"2 minutes"},"schema":{"@context":"https:\/\/schema.org","@graph":[{"@type":"WebPage","@id":"https:\/\/amaruoptim.stg.uzero.cat\/fr\/meubles-anciens\/tables-a-manger-et-de-cuisine\/table-carree-en-bois-recupere-am03030\/","url":"https:\/\/amaruoptim.stg.uzero.cat\/fr\/meubles-anciens\/tables-a-manger-et-de-cuisine\/table-carree-en-bois-recupere-am03030\/","name":"Table carr\u00e9e ancienne | Table en bois | AMARU ANTIQUES","isPartOf":{"@id":"https:\/\/amaruantiques.com\/#website"},"primaryImageOfPage":{"@id":"https:\/\/amaruoptim.stg.uzero.cat\/fr\/meubles-anciens\/tables-a-manger-et-de-cuisine\/table-carree-en-bois-recupere-am03030\/#primaryimage"},"image":{"@id":"https:\/\/amaruoptim.stg.uzero.cat\/fr\/meubles-anciens\/tables-a-manger-et-de-cuisine\/table-carree-en-bois-recupere-am03030\/#primaryimage"},"thumbnailUrl":"https:\/\/amaruoptim.stg.uzero.cat\/wp-content\/uploads\/2025\/06\/AM03030-D-1-3.jpg","datePublished":"2024-02-16T12:26:18+00:00","dateModified":"2025-06-26T15:51:13+00:00","description":"Table carr\u00e9e en bois massif ancien (vers 1900). Venez d\u00e9couvrir notre collection de pi\u00e8ces uniques et de tr\u00e9sors du monde entier...","breadcrumb":{"@id":"https:\/\/amaruoptim.stg.uzero.cat\/fr\/meubles-anciens\/tables-a-manger-et-de-cuisine\/table-carree-en-bois-recupere-am03030\/#breadcrumb"},"inLanguage":"fr-FR","potentialAction":[{"@type":"ReadAction","target":["https:\/\/amaruoptim.stg.uzero.cat\/fr\/meubles-anciens\/tables-a-manger-et-de-cuisine\/table-carree-en-bois-recupere-am03030\/"]}]},{"@type":"ImageObject","inLanguage":"fr-FR","@id":"https:\/\/amaruoptim.stg.uzero.cat\/fr\/meubles-anciens\/tables-a-manger-et-de-cuisine\/table-carree-en-bois-recupere-am03030\/#primaryimage","url":"https:\/\/amaruoptim.stg.uzero.cat\/wp-content\/uploads\/2025\/06\/AM03030-D-1-3.jpg","contentUrl":"https:\/\/amaruoptim.stg.uzero.cat\/wp-content\/uploads\/2025\/06\/AM03030-D-1-3.jpg","width":924,"height":924},{"@type":"BreadcrumbList","@id":"https:\/\/amaruoptim.stg.uzero.cat\/fr\/meubles-anciens\/tables-a-manger-et-de-cuisine\/table-carree-en-bois-recupere-am03030\/#breadcrumb","itemListElement":[{"@type":"ListItem","position":1,"name":"Accueil","item":"https:\/\/amaruantiques.com\/fr\/"},{"@type":"ListItem","position":2,"name":"Boutique","item":"https:\/\/amaruantiques.com\/fr\/boutique\/"},{"@type":"ListItem","position":3,"name":"Table carr\u00e9e en bois r\u00e9cup\u00e9r\u00e9"}]},{"@type":"WebSite","@id":"https:\/\/amaruantiques.com\/#website","url":"https:\/\/amaruantiques.com\/","name":"AMARU - Timeless Antiques","description":"Timeless antiques","publisher":{"@id":"https:\/\/amaruantiques.com\/#organization"},"potentialAction":[{"@type":"SearchAction","target":{"@type":"EntryPoint","urlTemplate":"https:\/\/amaruantiques.com\/?s={search_term_string}"},"query-input":{"@type":"PropertyValueSpecification","valueRequired":true,"valueName":"search_term_string"}}],"inLanguage":"fr-FR"},{"@type":"Organization","@id":"https:\/\/amaruantiques.com\/#organization","name":"AMARU","url":"https:\/\/amaruantiques.com\/","logo":{"@type":"ImageObject","inLanguage":"fr-FR","@id":"https:\/\/amaruantiques.com\/#\/schema\/logo\/image\/","url":"https:\/\/amaruoptim.stg.uzero.cat\/wp-content\/uploads\/2025\/04\/logo-AMARU.svg","contentUrl":"https:\/\/amaruoptim.stg.uzero.cat\/wp-content\/uploads\/2025\/04\/logo-AMARU.svg","caption":"AMARU"},"image":{"@id":"https:\/\/amaruantiques.com\/#\/schema\/logo\/image\/"}}]}},"_links":{"self":[{"href":"https:\/\/amaruoptim.stg.uzero.cat\/fr\/wp-json\/wp\/v2\/product\/212918","targetHints":{"allow":["GET"]}}],"collection":[{"href":"https:\/\/amaruoptim.stg.uzero.cat\/fr\/wp-json\/wp\/v2\/product"}],"about":[{"href":"https:\/\/amaruoptim.stg.uzero.cat\/fr\/wp-json\/wp\/v2\/types\/product"}],"wp:featuredmedia":[{"embeddable":true,"href":"https:\/\/amaruoptim.stg.uzero.cat\/fr\/wp-json\/wp\/v2\/media\/236051"}],"wp:attachment":[{"href":"https:\/\/amaruoptim.stg.uzero.cat\/fr\/wp-json\/wp\/v2\/media?parent=212918"}],"wp:term":[{"taxonomy":"product_brand","embeddable":true,"href":"https:\/\/amaruoptim.stg.uzero.cat\/fr\/wp-json\/wp\/v2\/product_brand?post=212918"},{"taxonomy":"product_cat","embeddable":true,"href":"https:\/\/amaruoptim.stg.uzero.cat\/fr\/wp-json\/wp\/v2\/product_cat?post=212918"},{"taxonomy":"product_tag","embeddable":true,"href":"https:\/\/amaruoptim.stg.uzero.cat\/fr\/wp-json\/wp\/v2\/product_tag?post=212918"}],"curies":[{"name":"wp","href":"https:\/\/api.w.org\/{rel}","templated":true}]}}