{"id":212912,"date":"2024-01-23T14:05:43","date_gmt":"2025-06-14T02:21:55","guid":{"rendered":"https:\/\/amaruantiques.com\/?post_type=product&#038;p=212912"},"modified":"2025-06-26T15:51:11","modified_gmt":"2025-06-26T15:51:11","slug":"coussin-en-lin-ancien-rayures-noires-am10004-d26","status":"publish","type":"product","link":"https:\/\/amaruoptim.stg.uzero.cat\/fr\/meubles-anciens\/coussins-en-lin\/coussin-en-lin-ancien-rayures-noires-am10004-d26\/","title":{"rendered":"Coussin en lin ancien \u00e0 rayures noires"},"content":{"rendered":"<p><strong>Coussin en lin ancien<\/strong> ray\u00e9 noir fabriqu\u00e9 \u00e0 la main \u00e0 partir d&#8217;anciens sacs de farine.<\/p>\n<ul>\n<li><strong>\u00c2ge approximatif:<\/strong> 100 ans<\/li>\n<li><strong>Mati\u00e8re :<\/strong> lin ancien<\/li>\n<li><strong>Grammage : <\/strong>600 gr\/m2<\/li>\n<\/ul>\n<p>Notre <em>coussin en lin <\/em>est une pi\u00e8ce unique qui se distingue par:<\/p>\n<ol>\n<li>Son \u00e9l\u00e9gance intemporelle.<\/li>\n<li>Les tissus de lin actuellement fabriqu\u00e9s p\u00e8sent g\u00e9n\u00e9ralement 160 grammes\/m2. Imaginez le confort, la solidit\u00e9 et la durabilit\u00e9 de nos coussins extra-\u00e9pais de 600 grammes\/m2 !<\/li>\n<li>Il peut \u00eatre utilis\u00e9 comme \u00e9l\u00e9ment d\u00e9coratif dans n&#8217;importe quel coin de votre maison, du salon \u00e0 la chambre \u00e0 coucher et m\u00eame au jardin.<\/li>\n<\/ol>\n<p>Il est en excellent \u00e9tat de conservation, \u00e0 l&#8217;exception des imperfections caract\u00e9ristiques de toute antiquit\u00e9, dues au passage du temps.<\/p>\n<p>Donnez \u00e0 votre int\u00e9rieur une touche d&#8217;originalit\u00e9 avec une pi\u00e8ce unique qui s&#8217;int\u00e8gre dans le style contemporain et apporte de la personnalit\u00e9 \u00e0 votre int\u00e9rieur. Ils s&#8217;accordent parfaitement avec plus<a href=\"https:\/\/amaruantiques.com\/fr\/meubles-anciens\/coussins-en-lin\/coussin-en-lin-naturel-a-rayures-noires\/\"> coussins en lin naturel<\/a> et avec le style wabisabi de notre<a href=\"https:\/\/amaruantiques.com\/fr\/categoria-producto\/tabourets-anciens\/\"> tabourets anciens<\/a> et de notre<a href=\"https:\/\/amaruantiques.com\/fr\/categoria-producto\/bancs-anciens\/\"> anciens bancs<\/a>.<\/p>\n<p>N&#8217;INCLUT PAS LE REMPLISSAGE.<\/p>\n<p>&nbsp;<\/p>\n","protected":false},"excerpt":{"rendered":"<p><strong>Dimensions: <\/strong>98 x 61cm (Longueur x Largeur)<\/p>\n<p><em>PI\u00c8CE UNIQUE<\/em><\/p>\n","protected":false},"featured_media":235921,"template":"","meta":[],"product_brand":[],"product_cat":[619],"product_tag":[],"class_list":{"0":"post-212912","1":"product","2":"type-product","3":"status-publish","4":"has-post-thumbnail","6":"product_cat-coussins-en-lin","7":"product_shipping_class-tiny-10-fr","8":"pa_estilo-provencal-francais","10":"first","11":"instock","12":"sold-individually","13":"taxable","14":"shipping-taxable","15":"purchasable","16":"product-type-simple"},"yoast_head":"<!-- This site is optimized with the Yoast SEO plugin v26.0 - https:\/\/yoast.com\/wordpress\/plugins\/seo\/ -->\n<title>Coussin en lin ancien | Coussins en lin naturel | AMARU ANTIQUES<\/title>\n<meta name=\"description\" content=\"Coussin en lin ancien ray\u00e9 noir fait \u00e0 la main avec des sacs anciens. D\u00e9couvrez d&#039;autres coussins aux motifs et couleurs vari\u00e9s ici...\" \/>\n<meta name=\"robots\" content=\"index, follow, max-snippet:-1, max-image-preview:large, max-video-preview:-1\" \/>\n<link rel=\"canonical\" href=\"https:\/\/amaruoptim.stg.uzero.cat\/fr\/meubles-anciens\/coussins-en-lin\/coussin-en-lin-ancien-rayures-noires-am10004-d26\/\" \/>\n<meta property=\"og:locale\" content=\"fr_FR\" \/>\n<meta property=\"og:type\" content=\"article\" \/>\n<meta property=\"og:title\" content=\"Coussin en lin ancien | Coussins en lin naturel | AMARU ANTIQUES\" \/>\n<meta property=\"og:description\" content=\"Coussin en lin ancien ray\u00e9 noir fait \u00e0 la main avec des sacs anciens. D\u00e9couvrez d&#039;autres coussins aux motifs et couleurs vari\u00e9s ici...\" \/>\n<meta property=\"og:url\" content=\"https:\/\/amaruoptim.stg.uzero.cat\/fr\/meubles-anciens\/coussins-en-lin\/coussin-en-lin-ancien-rayures-noires-am10004-d26\/\" \/>\n<meta property=\"og:site_name\" content=\"AMARU\" \/>\n<meta property=\"article:modified_time\" content=\"2025-06-26T15:51:11+00:00\" \/>\n<meta property=\"og:image\" content=\"https:\/\/amaruantiques.com\/wp-content\/uploads\/2025\/06\/AM11004-D26-1-2.jpg\" \/>\n\t<meta property=\"og:image:width\" content=\"924\" \/>\n\t<meta property=\"og:image:height\" content=\"924\" \/>\n\t<meta property=\"og:image:type\" content=\"image\/jpeg\" \/>\n<meta name=\"twitter:card\" content=\"summary_large_image\" \/>\n<meta name=\"twitter:label1\" content=\"Dur\u00e9e de lecture estim\u00e9e\" \/>\n\t<meta name=\"twitter:data1\" content=\"1 minute\" \/>\n<!-- \/ Yoast SEO plugin. -->","yoast_head_json":{"title":"Coussin en lin ancien | Coussins en lin naturel | AMARU ANTIQUES","description":"Coussin en lin ancien ray\u00e9 noir fait \u00e0 la main avec des sacs anciens. D\u00e9couvrez d'autres coussins aux motifs et couleurs vari\u00e9s ici...","robots":{"index":"index","follow":"follow","max-snippet":"max-snippet:-1","max-image-preview":"max-image-preview:large","max-video-preview":"max-video-preview:-1"},"canonical":"https:\/\/amaruoptim.stg.uzero.cat\/fr\/meubles-anciens\/coussins-en-lin\/coussin-en-lin-ancien-rayures-noires-am10004-d26\/","og_locale":"fr_FR","og_type":"article","og_title":"Coussin en lin ancien | Coussins en lin naturel | AMARU ANTIQUES","og_description":"Coussin en lin ancien ray\u00e9 noir fait \u00e0 la main avec des sacs anciens. D\u00e9couvrez d'autres coussins aux motifs et couleurs vari\u00e9s ici...","og_url":"https:\/\/amaruoptim.stg.uzero.cat\/fr\/meubles-anciens\/coussins-en-lin\/coussin-en-lin-ancien-rayures-noires-am10004-d26\/","og_site_name":"AMARU","article_modified_time":"2025-06-26T15:51:11+00:00","og_image":[{"width":924,"height":924,"url":"https:\/\/amaruantiques.com\/wp-content\/uploads\/2025\/06\/AM11004-D26-1-2.jpg","type":"image\/jpeg"}],"twitter_card":"summary_large_image","twitter_misc":{"Dur\u00e9e de lecture estim\u00e9e":"1 minute"},"schema":{"@context":"https:\/\/schema.org","@graph":[{"@type":"WebPage","@id":"https:\/\/amaruoptim.stg.uzero.cat\/fr\/meubles-anciens\/coussins-en-lin\/coussin-en-lin-ancien-rayures-noires-am10004-d26\/","url":"https:\/\/amaruoptim.stg.uzero.cat\/fr\/meubles-anciens\/coussins-en-lin\/coussin-en-lin-ancien-rayures-noires-am10004-d26\/","name":"Coussin en lin ancien | Coussins en lin naturel | AMARU ANTIQUES","isPartOf":{"@id":"https:\/\/amaruantiques.com\/#website"},"primaryImageOfPage":{"@id":"https:\/\/amaruoptim.stg.uzero.cat\/fr\/meubles-anciens\/coussins-en-lin\/coussin-en-lin-ancien-rayures-noires-am10004-d26\/#primaryimage"},"image":{"@id":"https:\/\/amaruoptim.stg.uzero.cat\/fr\/meubles-anciens\/coussins-en-lin\/coussin-en-lin-ancien-rayures-noires-am10004-d26\/#primaryimage"},"thumbnailUrl":"https:\/\/amaruoptim.stg.uzero.cat\/wp-content\/uploads\/2025\/06\/AM11004-D26-1-2.jpg","datePublished":"2025-06-14T02:21:55+00:00","dateModified":"2025-06-26T15:51:11+00:00","description":"Coussin en lin ancien ray\u00e9 noir fait \u00e0 la main avec des sacs anciens. D\u00e9couvrez d'autres coussins aux motifs et couleurs vari\u00e9s ici...","breadcrumb":{"@id":"https:\/\/amaruoptim.stg.uzero.cat\/fr\/meubles-anciens\/coussins-en-lin\/coussin-en-lin-ancien-rayures-noires-am10004-d26\/#breadcrumb"},"inLanguage":"fr-FR","potentialAction":[{"@type":"ReadAction","target":["https:\/\/amaruoptim.stg.uzero.cat\/fr\/meubles-anciens\/coussins-en-lin\/coussin-en-lin-ancien-rayures-noires-am10004-d26\/"]}]},{"@type":"ImageObject","inLanguage":"fr-FR","@id":"https:\/\/amaruoptim.stg.uzero.cat\/fr\/meubles-anciens\/coussins-en-lin\/coussin-en-lin-ancien-rayures-noires-am10004-d26\/#primaryimage","url":"https:\/\/amaruoptim.stg.uzero.cat\/wp-content\/uploads\/2025\/06\/AM11004-D26-1-2.jpg","contentUrl":"https:\/\/amaruoptim.stg.uzero.cat\/wp-content\/uploads\/2025\/06\/AM11004-D26-1-2.jpg","width":924,"height":924},{"@type":"BreadcrumbList","@id":"https:\/\/amaruoptim.stg.uzero.cat\/fr\/meubles-anciens\/coussins-en-lin\/coussin-en-lin-ancien-rayures-noires-am10004-d26\/#breadcrumb","itemListElement":[{"@type":"ListItem","position":1,"name":"Accueil","item":"https:\/\/amaruantiques.com\/fr\/"},{"@type":"ListItem","position":2,"name":"Boutique","item":"https:\/\/amaruantiques.com\/fr\/boutique\/"},{"@type":"ListItem","position":3,"name":"Coussin en lin ancien \u00e0 rayures noires"}]},{"@type":"WebSite","@id":"https:\/\/amaruantiques.com\/#website","url":"https:\/\/amaruantiques.com\/","name":"AMARU - Timeless Antiques","description":"Timeless antiques","publisher":{"@id":"https:\/\/amaruantiques.com\/#organization"},"potentialAction":[{"@type":"SearchAction","target":{"@type":"EntryPoint","urlTemplate":"https:\/\/amaruantiques.com\/?s={search_term_string}"},"query-input":{"@type":"PropertyValueSpecification","valueRequired":true,"valueName":"search_term_string"}}],"inLanguage":"fr-FR"},{"@type":"Organization","@id":"https:\/\/amaruantiques.com\/#organization","name":"AMARU","url":"https:\/\/amaruantiques.com\/","logo":{"@type":"ImageObject","inLanguage":"fr-FR","@id":"https:\/\/amaruantiques.com\/#\/schema\/logo\/image\/","url":"https:\/\/amaruoptim.stg.uzero.cat\/wp-content\/uploads\/2025\/04\/logo-AMARU.svg","contentUrl":"https:\/\/amaruoptim.stg.uzero.cat\/wp-content\/uploads\/2025\/04\/logo-AMARU.svg","caption":"AMARU"},"image":{"@id":"https:\/\/amaruantiques.com\/#\/schema\/logo\/image\/"}}]}},"_links":{"self":[{"href":"https:\/\/amaruoptim.stg.uzero.cat\/fr\/wp-json\/wp\/v2\/product\/212912","targetHints":{"allow":["GET"]}}],"collection":[{"href":"https:\/\/amaruoptim.stg.uzero.cat\/fr\/wp-json\/wp\/v2\/product"}],"about":[{"href":"https:\/\/amaruoptim.stg.uzero.cat\/fr\/wp-json\/wp\/v2\/types\/product"}],"wp:featuredmedia":[{"embeddable":true,"href":"https:\/\/amaruoptim.stg.uzero.cat\/fr\/wp-json\/wp\/v2\/media\/235921"}],"wp:attachment":[{"href":"https:\/\/amaruoptim.stg.uzero.cat\/fr\/wp-json\/wp\/v2\/media?parent=212912"}],"wp:term":[{"taxonomy":"product_brand","embeddable":true,"href":"https:\/\/amaruoptim.stg.uzero.cat\/fr\/wp-json\/wp\/v2\/product_brand?post=212912"},{"taxonomy":"product_cat","embeddable":true,"href":"https:\/\/amaruoptim.stg.uzero.cat\/fr\/wp-json\/wp\/v2\/product_cat?post=212912"},{"taxonomy":"product_tag","embeddable":true,"href":"https:\/\/amaruoptim.stg.uzero.cat\/fr\/wp-json\/wp\/v2\/product_tag?post=212912"}],"curies":[{"name":"wp","href":"https:\/\/api.w.org\/{rel}","templated":true}]}}