{"id":212813,"date":"2024-01-19T15:40:35","date_gmt":"2024-01-19T15:40:36","guid":{"rendered":"https:\/\/amaruantiques.com\/?post_type=product&#038;p=212813"},"modified":"2025-06-26T15:50:26","modified_gmt":"2025-06-26T15:50:26","slug":"ancienne-planche-a-decouper-carree-c-1920-1-am09061-1","status":"publish","type":"product","link":"https:\/\/amaruoptim.stg.uzero.cat\/fr\/meubles-anciens\/planches-a-decouper-anciennes\/ancienne-planche-a-decouper-carree-c-1920-1-am09061-1\/","title":{"rendered":"Ancienne planche \u00e0 d\u00e9couper carr\u00e9e (c.1920) #1"},"content":{"rendered":"<p><strong>Ancienne planche \u00e0 d\u00e9couper carr\u00e9e<\/strong> (c.1920)<\/p>\n<ul>\n<li><strong>\u00c2ge:<\/strong> 100 ans<\/li>\n<li><strong>Mat\u00e9riel:<\/strong> Bois<\/li>\n<\/ul>\n<p>Nos planches \u00e0 d\u00e9couper anciennes sont des pi\u00e8ces uniques sp\u00e9cialement s\u00e9lectionn\u00e9es pour faire partie d&#8217;espaces intemporels et s&#8217;accordent parfaitement avec certains de nos <a href=\"https:\/\/amaruantiques.com\/fr\/categoria-producto\/meubles-de-jardin-anciens\/\">meubles d&#8217;ext\u00e9rieur<\/a> et <a href=\"https:\/\/amaruantiques.com\/fr\/categoria-producto\/tables-anciennes\/\">tables anciennes<\/a>.<\/p>\n<p><em>PI\u00c8CE UNIQUE<\/em><\/p>\n","protected":false},"excerpt":{"rendered":"<p><strong>Dimensions : <\/strong>41 x 40 x 3 cm (L x L x H)<\/p>\n<p><em>PI\u00c8CE UNIQUE<\/em><\/p>\n","protected":false},"featured_media":235153,"template":"","meta":[],"product_brand":[],"product_cat":[632],"product_tag":[],"class_list":{"0":"post-212813","1":"product","2":"type-product","3":"status-publish","4":"has-post-thumbnail","6":"product_cat-planches-a-decouper-anciennes","7":"product_shipping_class-small-50-fr","8":"pa_estilo-style-rustique","10":"first","11":"instock","12":"sold-individually","13":"taxable","14":"shipping-taxable","15":"purchasable","16":"product-type-simple"},"yoast_head":"<!-- This site is optimized with the Yoast SEO plugin v26.0 - https:\/\/yoast.com\/wordpress\/plugins\/seo\/ -->\n<title>Planche \u00e0 d\u00e9couper ancienne | Planches en bois | AMARU ANTIQUES<\/title>\n<meta name=\"description\" content=\"Ancienne planche \u00e0 d\u00e9couper carr\u00e9e (vers 1920). Venez d\u00e9couvrir notre collection de pi\u00e8ces uniques et de tr\u00e9sors du monde entier...\" \/>\n<meta name=\"robots\" content=\"index, follow, max-snippet:-1, max-image-preview:large, max-video-preview:-1\" \/>\n<link rel=\"canonical\" href=\"https:\/\/amaruoptim.stg.uzero.cat\/fr\/meubles-anciens\/planches-a-decouper-anciennes\/ancienne-planche-a-decouper-carree-c-1920-1-am09061-1\/\" \/>\n<meta property=\"og:locale\" content=\"fr_FR\" \/>\n<meta property=\"og:type\" content=\"article\" \/>\n<meta property=\"og:title\" content=\"Planche \u00e0 d\u00e9couper ancienne | Planches en bois | AMARU ANTIQUES\" \/>\n<meta property=\"og:description\" content=\"Ancienne planche \u00e0 d\u00e9couper carr\u00e9e (vers 1920). Venez d\u00e9couvrir notre collection de pi\u00e8ces uniques et de tr\u00e9sors du monde entier...\" \/>\n<meta property=\"og:url\" content=\"https:\/\/amaruoptim.stg.uzero.cat\/fr\/meubles-anciens\/planches-a-decouper-anciennes\/ancienne-planche-a-decouper-carree-c-1920-1-am09061-1\/\" \/>\n<meta property=\"og:site_name\" content=\"AMARU\" \/>\n<meta property=\"article:modified_time\" content=\"2025-06-26T15:50:26+00:00\" \/>\n<meta property=\"og:image\" content=\"https:\/\/amaruantiques.com\/wp-content\/uploads\/2025\/06\/AM09061-1-1-2.jpg\" \/>\n\t<meta property=\"og:image:width\" content=\"924\" \/>\n\t<meta property=\"og:image:height\" content=\"924\" \/>\n\t<meta property=\"og:image:type\" content=\"image\/jpeg\" \/>\n<meta name=\"twitter:card\" content=\"summary_large_image\" \/>\n<!-- \/ Yoast SEO plugin. -->","yoast_head_json":{"title":"Planche \u00e0 d\u00e9couper ancienne | Planches en bois | AMARU ANTIQUES","description":"Ancienne planche \u00e0 d\u00e9couper carr\u00e9e (vers 1920). Venez d\u00e9couvrir notre collection de pi\u00e8ces uniques et de tr\u00e9sors du monde entier...","robots":{"index":"index","follow":"follow","max-snippet":"max-snippet:-1","max-image-preview":"max-image-preview:large","max-video-preview":"max-video-preview:-1"},"canonical":"https:\/\/amaruoptim.stg.uzero.cat\/fr\/meubles-anciens\/planches-a-decouper-anciennes\/ancienne-planche-a-decouper-carree-c-1920-1-am09061-1\/","og_locale":"fr_FR","og_type":"article","og_title":"Planche \u00e0 d\u00e9couper ancienne | Planches en bois | AMARU ANTIQUES","og_description":"Ancienne planche \u00e0 d\u00e9couper carr\u00e9e (vers 1920). Venez d\u00e9couvrir notre collection de pi\u00e8ces uniques et de tr\u00e9sors du monde entier...","og_url":"https:\/\/amaruoptim.stg.uzero.cat\/fr\/meubles-anciens\/planches-a-decouper-anciennes\/ancienne-planche-a-decouper-carree-c-1920-1-am09061-1\/","og_site_name":"AMARU","article_modified_time":"2025-06-26T15:50:26+00:00","og_image":[{"width":924,"height":924,"url":"https:\/\/amaruantiques.com\/wp-content\/uploads\/2025\/06\/AM09061-1-1-2.jpg","type":"image\/jpeg"}],"twitter_card":"summary_large_image","schema":{"@context":"https:\/\/schema.org","@graph":[{"@type":"WebPage","@id":"https:\/\/amaruoptim.stg.uzero.cat\/fr\/meubles-anciens\/planches-a-decouper-anciennes\/ancienne-planche-a-decouper-carree-c-1920-1-am09061-1\/","url":"https:\/\/amaruoptim.stg.uzero.cat\/fr\/meubles-anciens\/planches-a-decouper-anciennes\/ancienne-planche-a-decouper-carree-c-1920-1-am09061-1\/","name":"Planche \u00e0 d\u00e9couper ancienne | Planches en bois | AMARU ANTIQUES","isPartOf":{"@id":"https:\/\/amaruantiques.com\/#website"},"primaryImageOfPage":{"@id":"https:\/\/amaruoptim.stg.uzero.cat\/fr\/meubles-anciens\/planches-a-decouper-anciennes\/ancienne-planche-a-decouper-carree-c-1920-1-am09061-1\/#primaryimage"},"image":{"@id":"https:\/\/amaruoptim.stg.uzero.cat\/fr\/meubles-anciens\/planches-a-decouper-anciennes\/ancienne-planche-a-decouper-carree-c-1920-1-am09061-1\/#primaryimage"},"thumbnailUrl":"https:\/\/amaruoptim.stg.uzero.cat\/wp-content\/uploads\/2025\/06\/AM09061-1-1-2.jpg","datePublished":"2024-01-19T15:40:36+00:00","dateModified":"2025-06-26T15:50:26+00:00","description":"Ancienne planche \u00e0 d\u00e9couper carr\u00e9e (vers 1920). Venez d\u00e9couvrir notre collection de pi\u00e8ces uniques et de tr\u00e9sors du monde entier...","breadcrumb":{"@id":"https:\/\/amaruoptim.stg.uzero.cat\/fr\/meubles-anciens\/planches-a-decouper-anciennes\/ancienne-planche-a-decouper-carree-c-1920-1-am09061-1\/#breadcrumb"},"inLanguage":"fr-FR","potentialAction":[{"@type":"ReadAction","target":["https:\/\/amaruoptim.stg.uzero.cat\/fr\/meubles-anciens\/planches-a-decouper-anciennes\/ancienne-planche-a-decouper-carree-c-1920-1-am09061-1\/"]}]},{"@type":"ImageObject","inLanguage":"fr-FR","@id":"https:\/\/amaruoptim.stg.uzero.cat\/fr\/meubles-anciens\/planches-a-decouper-anciennes\/ancienne-planche-a-decouper-carree-c-1920-1-am09061-1\/#primaryimage","url":"https:\/\/amaruoptim.stg.uzero.cat\/wp-content\/uploads\/2025\/06\/AM09061-1-1-2.jpg","contentUrl":"https:\/\/amaruoptim.stg.uzero.cat\/wp-content\/uploads\/2025\/06\/AM09061-1-1-2.jpg","width":924,"height":924},{"@type":"BreadcrumbList","@id":"https:\/\/amaruoptim.stg.uzero.cat\/fr\/meubles-anciens\/planches-a-decouper-anciennes\/ancienne-planche-a-decouper-carree-c-1920-1-am09061-1\/#breadcrumb","itemListElement":[{"@type":"ListItem","position":1,"name":"Accueil","item":"https:\/\/amaruantiques.com\/fr\/"},{"@type":"ListItem","position":2,"name":"Boutique","item":"https:\/\/amaruantiques.com\/fr\/boutique\/"},{"@type":"ListItem","position":3,"name":"Ancienne planche \u00e0 d\u00e9couper carr\u00e9e (c.1920) #1"}]},{"@type":"WebSite","@id":"https:\/\/amaruantiques.com\/#website","url":"https:\/\/amaruantiques.com\/","name":"AMARU - Timeless Antiques","description":"Timeless antiques","publisher":{"@id":"https:\/\/amaruantiques.com\/#organization"},"potentialAction":[{"@type":"SearchAction","target":{"@type":"EntryPoint","urlTemplate":"https:\/\/amaruantiques.com\/?s={search_term_string}"},"query-input":{"@type":"PropertyValueSpecification","valueRequired":true,"valueName":"search_term_string"}}],"inLanguage":"fr-FR"},{"@type":"Organization","@id":"https:\/\/amaruantiques.com\/#organization","name":"AMARU","url":"https:\/\/amaruantiques.com\/","logo":{"@type":"ImageObject","inLanguage":"fr-FR","@id":"https:\/\/amaruantiques.com\/#\/schema\/logo\/image\/","url":"https:\/\/amaruoptim.stg.uzero.cat\/wp-content\/uploads\/2025\/04\/logo-AMARU.svg","contentUrl":"https:\/\/amaruoptim.stg.uzero.cat\/wp-content\/uploads\/2025\/04\/logo-AMARU.svg","caption":"AMARU"},"image":{"@id":"https:\/\/amaruantiques.com\/#\/schema\/logo\/image\/"}}]}},"_links":{"self":[{"href":"https:\/\/amaruoptim.stg.uzero.cat\/fr\/wp-json\/wp\/v2\/product\/212813","targetHints":{"allow":["GET"]}}],"collection":[{"href":"https:\/\/amaruoptim.stg.uzero.cat\/fr\/wp-json\/wp\/v2\/product"}],"about":[{"href":"https:\/\/amaruoptim.stg.uzero.cat\/fr\/wp-json\/wp\/v2\/types\/product"}],"wp:featuredmedia":[{"embeddable":true,"href":"https:\/\/amaruoptim.stg.uzero.cat\/fr\/wp-json\/wp\/v2\/media\/235153"}],"wp:attachment":[{"href":"https:\/\/amaruoptim.stg.uzero.cat\/fr\/wp-json\/wp\/v2\/media?parent=212813"}],"wp:term":[{"taxonomy":"product_brand","embeddable":true,"href":"https:\/\/amaruoptim.stg.uzero.cat\/fr\/wp-json\/wp\/v2\/product_brand?post=212813"},{"taxonomy":"product_cat","embeddable":true,"href":"https:\/\/amaruoptim.stg.uzero.cat\/fr\/wp-json\/wp\/v2\/product_cat?post=212813"},{"taxonomy":"product_tag","embeddable":true,"href":"https:\/\/amaruoptim.stg.uzero.cat\/fr\/wp-json\/wp\/v2\/product_tag?post=212813"}],"curies":[{"name":"wp","href":"https:\/\/api.w.org\/{rel}","templated":true}]}}