{"id":212767,"date":"2024-01-08T13:54:37","date_gmt":"2024-01-08T13:54:38","guid":{"rendered":"https:\/\/amaruantiques.com\/?post_type=product&#038;p=212767"},"modified":"2025-06-26T15:50:06","modified_gmt":"2025-06-26T15:50:06","slug":"anciennes-chaises-de-jardin-c-1920-conjunto-de-4-piezas-4-am09056-set-de-4-4","status":"publish","type":"product","link":"https:\/\/amaruoptim.stg.uzero.cat\/fr\/meubles-anciens\/chaises-exterieures-anciennes\/anciennes-chaises-de-jardin-c-1920-conjunto-de-4-piezas-4-am09056-set-de-4-4\/","title":{"rendered":"Anciennes chaises de jardin (c.1920). Ensemble 4 pi\u00e8ces #4"},"content":{"rendered":"<p><strong>Anciennes chaises de jardin<\/strong> (c.1920). Ensemble de 4 pi\u00e8ces<\/p>\n<ul>\n<li><strong>\u00c2ge approximatif:<\/strong> 100 ans<\/li>\n<li><strong>Mat\u00e9riau:<\/strong> Bois et fer<\/li>\n<\/ul>\n<p>Nos <em>chaises de jardin <\/em>de style industriel sont des pi\u00e8ces uniques qui se distinguent par:<\/p>\n<ol>\n<li>Son cadre m\u00e9tallique robuste et son bois massif.<\/li>\n<li>Sa couleur verte naturelle et sa patine vieillie au fil des ans lui conf\u00e8rent authenticit\u00e9 et caract\u00e8re.<\/li>\n<li>Parfait pour profiter des moments de calme \u00e0 l&#8217;ext\u00e9rieur ou pour transformer un jardin en une charmante touche intemporelle.<\/li>\n<\/ol>\n<p>Il est en excellent \u00e9tat de conservation, \u00e0 l&#8217;exception des imperfections caract\u00e9ristiques de toute antiquit\u00e9, dues au passage du temps.<\/p>\n<p>Notre ensemble de 4 chaises peut \u00e9galement \u00eatre combin\u00e9 avec l&#8217;une de nos <a href=\"https:\/\/amaruantiques.com\/fr\/categoria-producto\/meubles-de-jardin-anciens\/\">tables de jardin anciennes<\/a>.<\/p>\n<p><em>PI\u00c8CES UNIQUES<\/em><\/p>\n","protected":false},"excerpt":{"rendered":"<p><strong>Dimensions : <\/strong>40 x 41 x 87 cm (L x L x H).<\/p>\n<p><em>PI\u00c8CES UNIQUES.<\/em><\/p>\n","protected":false},"featured_media":234037,"template":"","meta":[],"product_brand":[],"product_cat":[625],"product_tag":[],"class_list":{"0":"post-212767","1":"product","2":"type-product","3":"status-publish","4":"has-post-thumbnail","6":"product_cat-chaises-exterieures-anciennes","7":"product_shipping_class-gran-cargo-625-fr","8":"pa_estilo-provencal-francais","10":"first","11":"instock","12":"taxable","13":"shipping-taxable","14":"purchasable","15":"product-type-simple"},"yoast_head":"<!-- This site is optimized with the Yoast SEO plugin v26.0 - https:\/\/yoast.com\/wordpress\/plugins\/seo\/ -->\n<title>Chaises de jardin | Chaises anciennes | AMARU ANTIQUES<\/title>\n<meta name=\"description\" content=\"Anciennes chaises de jardin (c.1920). Ensemble de 4 pi\u00e8ces. Venez d\u00e9couvrir notre collection de pi\u00e8ces uniques et de tr\u00e9sors du monde entier...\" \/>\n<meta name=\"robots\" content=\"index, follow, max-snippet:-1, max-image-preview:large, max-video-preview:-1\" \/>\n<link rel=\"canonical\" href=\"https:\/\/amaruoptim.stg.uzero.cat\/fr\/meubles-anciens\/chaises-exterieures-anciennes\/anciennes-chaises-de-jardin-c-1920-conjunto-de-4-piezas-4-am09056-set-de-4-4\/\" \/>\n<meta property=\"og:locale\" content=\"fr_FR\" \/>\n<meta property=\"og:type\" content=\"article\" \/>\n<meta property=\"og:title\" content=\"Chaises de jardin | Chaises anciennes | AMARU ANTIQUES\" \/>\n<meta property=\"og:description\" content=\"Anciennes chaises de jardin (c.1920). Ensemble de 4 pi\u00e8ces. Venez d\u00e9couvrir notre collection de pi\u00e8ces uniques et de tr\u00e9sors du monde entier...\" \/>\n<meta property=\"og:url\" content=\"https:\/\/amaruoptim.stg.uzero.cat\/fr\/meubles-anciens\/chaises-exterieures-anciennes\/anciennes-chaises-de-jardin-c-1920-conjunto-de-4-piezas-4-am09056-set-de-4-4\/\" \/>\n<meta property=\"og:site_name\" content=\"AMARU\" \/>\n<meta property=\"article:modified_time\" content=\"2025-06-26T15:50:06+00:00\" \/>\n<meta property=\"og:image\" content=\"https:\/\/amaruantiques.com\/wp-content\/uploads\/2025\/06\/AM09056-SET-DE-4-4-1-2.jpg\" \/>\n\t<meta property=\"og:image:width\" content=\"924\" \/>\n\t<meta property=\"og:image:height\" content=\"924\" \/>\n\t<meta property=\"og:image:type\" content=\"image\/jpeg\" \/>\n<meta name=\"twitter:card\" content=\"summary_large_image\" \/>\n<meta name=\"twitter:label1\" content=\"Dur\u00e9e de lecture estim\u00e9e\" \/>\n\t<meta name=\"twitter:data1\" content=\"1 minute\" \/>\n<!-- \/ Yoast SEO plugin. -->","yoast_head_json":{"title":"Chaises de jardin | Chaises anciennes | AMARU ANTIQUES","description":"Anciennes chaises de jardin (c.1920). Ensemble de 4 pi\u00e8ces. Venez d\u00e9couvrir notre collection de pi\u00e8ces uniques et de tr\u00e9sors du monde entier...","robots":{"index":"index","follow":"follow","max-snippet":"max-snippet:-1","max-image-preview":"max-image-preview:large","max-video-preview":"max-video-preview:-1"},"canonical":"https:\/\/amaruoptim.stg.uzero.cat\/fr\/meubles-anciens\/chaises-exterieures-anciennes\/anciennes-chaises-de-jardin-c-1920-conjunto-de-4-piezas-4-am09056-set-de-4-4\/","og_locale":"fr_FR","og_type":"article","og_title":"Chaises de jardin | Chaises anciennes | AMARU ANTIQUES","og_description":"Anciennes chaises de jardin (c.1920). Ensemble de 4 pi\u00e8ces. Venez d\u00e9couvrir notre collection de pi\u00e8ces uniques et de tr\u00e9sors du monde entier...","og_url":"https:\/\/amaruoptim.stg.uzero.cat\/fr\/meubles-anciens\/chaises-exterieures-anciennes\/anciennes-chaises-de-jardin-c-1920-conjunto-de-4-piezas-4-am09056-set-de-4-4\/","og_site_name":"AMARU","article_modified_time":"2025-06-26T15:50:06+00:00","og_image":[{"width":924,"height":924,"url":"https:\/\/amaruantiques.com\/wp-content\/uploads\/2025\/06\/AM09056-SET-DE-4-4-1-2.jpg","type":"image\/jpeg"}],"twitter_card":"summary_large_image","twitter_misc":{"Dur\u00e9e de lecture estim\u00e9e":"1 minute"},"schema":{"@context":"https:\/\/schema.org","@graph":[{"@type":"WebPage","@id":"https:\/\/amaruoptim.stg.uzero.cat\/fr\/meubles-anciens\/chaises-exterieures-anciennes\/anciennes-chaises-de-jardin-c-1920-conjunto-de-4-piezas-4-am09056-set-de-4-4\/","url":"https:\/\/amaruoptim.stg.uzero.cat\/fr\/meubles-anciens\/chaises-exterieures-anciennes\/anciennes-chaises-de-jardin-c-1920-conjunto-de-4-piezas-4-am09056-set-de-4-4\/","name":"Chaises de jardin | Chaises anciennes | AMARU ANTIQUES","isPartOf":{"@id":"https:\/\/amaruantiques.com\/#website"},"primaryImageOfPage":{"@id":"https:\/\/amaruoptim.stg.uzero.cat\/fr\/meubles-anciens\/chaises-exterieures-anciennes\/anciennes-chaises-de-jardin-c-1920-conjunto-de-4-piezas-4-am09056-set-de-4-4\/#primaryimage"},"image":{"@id":"https:\/\/amaruoptim.stg.uzero.cat\/fr\/meubles-anciens\/chaises-exterieures-anciennes\/anciennes-chaises-de-jardin-c-1920-conjunto-de-4-piezas-4-am09056-set-de-4-4\/#primaryimage"},"thumbnailUrl":"https:\/\/amaruoptim.stg.uzero.cat\/wp-content\/uploads\/2025\/06\/AM09056-SET-DE-4-4-1-2.jpg","datePublished":"2024-01-08T13:54:38+00:00","dateModified":"2025-06-26T15:50:06+00:00","description":"Anciennes chaises de jardin (c.1920). Ensemble de 4 pi\u00e8ces. Venez d\u00e9couvrir notre collection de pi\u00e8ces uniques et de tr\u00e9sors du monde entier...","breadcrumb":{"@id":"https:\/\/amaruoptim.stg.uzero.cat\/fr\/meubles-anciens\/chaises-exterieures-anciennes\/anciennes-chaises-de-jardin-c-1920-conjunto-de-4-piezas-4-am09056-set-de-4-4\/#breadcrumb"},"inLanguage":"fr-FR","potentialAction":[{"@type":"ReadAction","target":["https:\/\/amaruoptim.stg.uzero.cat\/fr\/meubles-anciens\/chaises-exterieures-anciennes\/anciennes-chaises-de-jardin-c-1920-conjunto-de-4-piezas-4-am09056-set-de-4-4\/"]}]},{"@type":"ImageObject","inLanguage":"fr-FR","@id":"https:\/\/amaruoptim.stg.uzero.cat\/fr\/meubles-anciens\/chaises-exterieures-anciennes\/anciennes-chaises-de-jardin-c-1920-conjunto-de-4-piezas-4-am09056-set-de-4-4\/#primaryimage","url":"https:\/\/amaruoptim.stg.uzero.cat\/wp-content\/uploads\/2025\/06\/AM09056-SET-DE-4-4-1-2.jpg","contentUrl":"https:\/\/amaruoptim.stg.uzero.cat\/wp-content\/uploads\/2025\/06\/AM09056-SET-DE-4-4-1-2.jpg","width":924,"height":924},{"@type":"BreadcrumbList","@id":"https:\/\/amaruoptim.stg.uzero.cat\/fr\/meubles-anciens\/chaises-exterieures-anciennes\/anciennes-chaises-de-jardin-c-1920-conjunto-de-4-piezas-4-am09056-set-de-4-4\/#breadcrumb","itemListElement":[{"@type":"ListItem","position":1,"name":"Accueil","item":"https:\/\/amaruantiques.com\/fr\/"},{"@type":"ListItem","position":2,"name":"Boutique","item":"https:\/\/amaruantiques.com\/fr\/boutique\/"},{"@type":"ListItem","position":3,"name":"Anciennes chaises de jardin (c.1920). Ensemble 4 pi\u00e8ces #4"}]},{"@type":"WebSite","@id":"https:\/\/amaruantiques.com\/#website","url":"https:\/\/amaruantiques.com\/","name":"AMARU - Timeless Antiques","description":"Timeless antiques","publisher":{"@id":"https:\/\/amaruantiques.com\/#organization"},"potentialAction":[{"@type":"SearchAction","target":{"@type":"EntryPoint","urlTemplate":"https:\/\/amaruantiques.com\/?s={search_term_string}"},"query-input":{"@type":"PropertyValueSpecification","valueRequired":true,"valueName":"search_term_string"}}],"inLanguage":"fr-FR"},{"@type":"Organization","@id":"https:\/\/amaruantiques.com\/#organization","name":"AMARU","url":"https:\/\/amaruantiques.com\/","logo":{"@type":"ImageObject","inLanguage":"fr-FR","@id":"https:\/\/amaruantiques.com\/#\/schema\/logo\/image\/","url":"https:\/\/amaruoptim.stg.uzero.cat\/wp-content\/uploads\/2025\/04\/logo-AMARU.svg","contentUrl":"https:\/\/amaruoptim.stg.uzero.cat\/wp-content\/uploads\/2025\/04\/logo-AMARU.svg","caption":"AMARU"},"image":{"@id":"https:\/\/amaruantiques.com\/#\/schema\/logo\/image\/"}}]}},"_links":{"self":[{"href":"https:\/\/amaruoptim.stg.uzero.cat\/fr\/wp-json\/wp\/v2\/product\/212767","targetHints":{"allow":["GET"]}}],"collection":[{"href":"https:\/\/amaruoptim.stg.uzero.cat\/fr\/wp-json\/wp\/v2\/product"}],"about":[{"href":"https:\/\/amaruoptim.stg.uzero.cat\/fr\/wp-json\/wp\/v2\/types\/product"}],"wp:featuredmedia":[{"embeddable":true,"href":"https:\/\/amaruoptim.stg.uzero.cat\/fr\/wp-json\/wp\/v2\/media\/234037"}],"wp:attachment":[{"href":"https:\/\/amaruoptim.stg.uzero.cat\/fr\/wp-json\/wp\/v2\/media?parent=212767"}],"wp:term":[{"taxonomy":"product_brand","embeddable":true,"href":"https:\/\/amaruoptim.stg.uzero.cat\/fr\/wp-json\/wp\/v2\/product_brand?post=212767"},{"taxonomy":"product_cat","embeddable":true,"href":"https:\/\/amaruoptim.stg.uzero.cat\/fr\/wp-json\/wp\/v2\/product_cat?post=212767"},{"taxonomy":"product_tag","embeddable":true,"href":"https:\/\/amaruoptim.stg.uzero.cat\/fr\/wp-json\/wp\/v2\/product_tag?post=212767"}],"curies":[{"name":"wp","href":"https:\/\/api.w.org\/{rel}","templated":true}]}}