{"id":212724,"date":"2023-12-28T10:08:29","date_gmt":"2023-12-28T10:08:31","guid":{"rendered":"https:\/\/amaruantiques.com\/?post_type=product&#038;p=212724"},"modified":"2025-06-26T15:49:45","modified_gmt":"2025-06-26T15:49:45","slug":"vase-en-ceramique-ancien-style-wabi-sabi-c-1920-4-am11014-4","status":"publish","type":"product","link":"https:\/\/amaruoptim.stg.uzero.cat\/fr\/meubles-anciens\/anciens-vases\/vase-en-ceramique-ancien-style-wabi-sabi-c-1920-4-am11014-4\/","title":{"rendered":"Vase ancien en c\u00e9ramique de style wabi sabi (c.1920) #4"},"content":{"rendered":"<p><strong>Vase ancien en c\u00e9ramique de style wabi sabi<\/strong> (vers 1920)<\/p>\n<ul>\n<li><strong>\u00c2ge:<\/strong> 100 ans<\/li>\n<li><strong>Mat\u00e9riel:<\/strong> C\u00e9ramique<\/li>\n<\/ul>\n<p>Nos vases anciens en c\u00e9ramique sont des pi\u00e8ces uniques sp\u00e9cialement s\u00e9lectionn\u00e9es pour faire partie d&#8217;espaces intemporels et s&#8217;accordent parfaitement avec certains de nos <a href=\"https:\/\/amaruantiques.com\/fr\/categoria-producto\/buffets-anciens\/\">buffets<\/a> et <a href=\"https:\/\/amaruantiques.com\/fr\/categoria-producto\/tables-anciennes\/\">tables anciens<\/a>.<\/p>\n<p><em>PI\u00c8CE UNIQUE<\/em><\/p>\n","protected":false},"excerpt":{"rendered":"<p><strong>Dimensions: <\/strong>33 cm de diam\u00e8tre x 38 cm de hauteur<\/p>\n<p><em>PI\u00c8CE UNIQUE<\/em><\/p>\n","protected":false},"featured_media":233401,"template":"","meta":[],"product_brand":[],"product_cat":[635],"product_tag":[112],"class_list":{"0":"post-212724","1":"product","2":"type-product","3":"status-publish","4":"has-post-thumbnail","6":"product_cat-anciens-vases","7":"product_tag-vase","8":"product_shipping_class-medium-100-fr","9":"pa_estilo-wabi-sabi-fr","11":"first","12":"instock","13":"taxable","14":"shipping-taxable","15":"purchasable","16":"product-type-simple"},"yoast_head":"<!-- This site is optimized with the Yoast SEO plugin v26.0 - https:\/\/yoast.com\/wordpress\/plugins\/seo\/ -->\n<title>Vase en c\u00e9ramique | Vase ancien | AMARU ANTIQUES<\/title>\n<meta name=\"description\" content=\"Vase ancien en c\u00e9ramique dans le style wabi sabi (vers 1920). Venez d\u00e9couvrir notre collection de pi\u00e8ces uniques et de tr\u00e9sors du monde entier sur notre site internet...\" \/>\n<meta name=\"robots\" content=\"index, follow, max-snippet:-1, max-image-preview:large, max-video-preview:-1\" \/>\n<link rel=\"canonical\" href=\"https:\/\/amaruoptim.stg.uzero.cat\/fr\/meubles-anciens\/anciens-vases\/vase-en-ceramique-ancien-style-wabi-sabi-c-1920-4-am11014-4\/\" \/>\n<meta property=\"og:locale\" content=\"fr_FR\" \/>\n<meta property=\"og:type\" content=\"article\" \/>\n<meta property=\"og:title\" content=\"Vase en c\u00e9ramique | Vase ancien | AMARU ANTIQUES\" \/>\n<meta property=\"og:description\" content=\"Vase ancien en c\u00e9ramique dans le style wabi sabi (vers 1920). Venez d\u00e9couvrir notre collection de pi\u00e8ces uniques et de tr\u00e9sors du monde entier sur notre site internet...\" \/>\n<meta property=\"og:url\" content=\"https:\/\/amaruoptim.stg.uzero.cat\/fr\/meubles-anciens\/anciens-vases\/vase-en-ceramique-ancien-style-wabi-sabi-c-1920-4-am11014-4\/\" \/>\n<meta property=\"og:site_name\" content=\"AMARU\" \/>\n<meta property=\"article:modified_time\" content=\"2025-06-26T15:49:45+00:00\" \/>\n<meta property=\"og:image\" content=\"https:\/\/amaruantiques.com\/wp-content\/uploads\/2025\/06\/AM11014-4-1-2.jpg\" \/>\n\t<meta property=\"og:image:width\" content=\"924\" \/>\n\t<meta property=\"og:image:height\" content=\"924\" \/>\n\t<meta property=\"og:image:type\" content=\"image\/jpeg\" \/>\n<meta name=\"twitter:card\" content=\"summary_large_image\" \/>\n<meta name=\"twitter:label1\" content=\"Dur\u00e9e de lecture estim\u00e9e\" \/>\n\t<meta name=\"twitter:data1\" content=\"2 minutes\" \/>\n<!-- \/ Yoast SEO plugin. -->","yoast_head_json":{"title":"Vase en c\u00e9ramique | Vase ancien | AMARU ANTIQUES","description":"Vase ancien en c\u00e9ramique dans le style wabi sabi (vers 1920). Venez d\u00e9couvrir notre collection de pi\u00e8ces uniques et de tr\u00e9sors du monde entier sur notre site internet...","robots":{"index":"index","follow":"follow","max-snippet":"max-snippet:-1","max-image-preview":"max-image-preview:large","max-video-preview":"max-video-preview:-1"},"canonical":"https:\/\/amaruoptim.stg.uzero.cat\/fr\/meubles-anciens\/anciens-vases\/vase-en-ceramique-ancien-style-wabi-sabi-c-1920-4-am11014-4\/","og_locale":"fr_FR","og_type":"article","og_title":"Vase en c\u00e9ramique | Vase ancien | AMARU ANTIQUES","og_description":"Vase ancien en c\u00e9ramique dans le style wabi sabi (vers 1920). Venez d\u00e9couvrir notre collection de pi\u00e8ces uniques et de tr\u00e9sors du monde entier sur notre site internet...","og_url":"https:\/\/amaruoptim.stg.uzero.cat\/fr\/meubles-anciens\/anciens-vases\/vase-en-ceramique-ancien-style-wabi-sabi-c-1920-4-am11014-4\/","og_site_name":"AMARU","article_modified_time":"2025-06-26T15:49:45+00:00","og_image":[{"width":924,"height":924,"url":"https:\/\/amaruantiques.com\/wp-content\/uploads\/2025\/06\/AM11014-4-1-2.jpg","type":"image\/jpeg"}],"twitter_card":"summary_large_image","twitter_misc":{"Dur\u00e9e de lecture estim\u00e9e":"2 minutes"},"schema":{"@context":"https:\/\/schema.org","@graph":[{"@type":"WebPage","@id":"https:\/\/amaruoptim.stg.uzero.cat\/fr\/meubles-anciens\/anciens-vases\/vase-en-ceramique-ancien-style-wabi-sabi-c-1920-4-am11014-4\/","url":"https:\/\/amaruoptim.stg.uzero.cat\/fr\/meubles-anciens\/anciens-vases\/vase-en-ceramique-ancien-style-wabi-sabi-c-1920-4-am11014-4\/","name":"Vase en c\u00e9ramique | Vase ancien | AMARU ANTIQUES","isPartOf":{"@id":"https:\/\/amaruantiques.com\/#website"},"primaryImageOfPage":{"@id":"https:\/\/amaruoptim.stg.uzero.cat\/fr\/meubles-anciens\/anciens-vases\/vase-en-ceramique-ancien-style-wabi-sabi-c-1920-4-am11014-4\/#primaryimage"},"image":{"@id":"https:\/\/amaruoptim.stg.uzero.cat\/fr\/meubles-anciens\/anciens-vases\/vase-en-ceramique-ancien-style-wabi-sabi-c-1920-4-am11014-4\/#primaryimage"},"thumbnailUrl":"https:\/\/amaruoptim.stg.uzero.cat\/wp-content\/uploads\/2025\/06\/AM11014-4-1-2.jpg","datePublished":"2023-12-28T10:08:31+00:00","dateModified":"2025-06-26T15:49:45+00:00","description":"Vase ancien en c\u00e9ramique dans le style wabi sabi (vers 1920). Venez d\u00e9couvrir notre collection de pi\u00e8ces uniques et de tr\u00e9sors du monde entier sur notre site internet...","breadcrumb":{"@id":"https:\/\/amaruoptim.stg.uzero.cat\/fr\/meubles-anciens\/anciens-vases\/vase-en-ceramique-ancien-style-wabi-sabi-c-1920-4-am11014-4\/#breadcrumb"},"inLanguage":"fr-FR","potentialAction":[{"@type":"ReadAction","target":["https:\/\/amaruoptim.stg.uzero.cat\/fr\/meubles-anciens\/anciens-vases\/vase-en-ceramique-ancien-style-wabi-sabi-c-1920-4-am11014-4\/"]}]},{"@type":"ImageObject","inLanguage":"fr-FR","@id":"https:\/\/amaruoptim.stg.uzero.cat\/fr\/meubles-anciens\/anciens-vases\/vase-en-ceramique-ancien-style-wabi-sabi-c-1920-4-am11014-4\/#primaryimage","url":"https:\/\/amaruoptim.stg.uzero.cat\/wp-content\/uploads\/2025\/06\/AM11014-4-1-2.jpg","contentUrl":"https:\/\/amaruoptim.stg.uzero.cat\/wp-content\/uploads\/2025\/06\/AM11014-4-1-2.jpg","width":924,"height":924},{"@type":"BreadcrumbList","@id":"https:\/\/amaruoptim.stg.uzero.cat\/fr\/meubles-anciens\/anciens-vases\/vase-en-ceramique-ancien-style-wabi-sabi-c-1920-4-am11014-4\/#breadcrumb","itemListElement":[{"@type":"ListItem","position":1,"name":"Accueil","item":"https:\/\/amaruantiques.com\/fr\/"},{"@type":"ListItem","position":2,"name":"Boutique","item":"https:\/\/amaruantiques.com\/fr\/boutique\/"},{"@type":"ListItem","position":3,"name":"Vase ancien en c\u00e9ramique de style wabi sabi (c.1920) #4"}]},{"@type":"WebSite","@id":"https:\/\/amaruantiques.com\/#website","url":"https:\/\/amaruantiques.com\/","name":"AMARU - Timeless Antiques","description":"Timeless antiques","publisher":{"@id":"https:\/\/amaruantiques.com\/#organization"},"potentialAction":[{"@type":"SearchAction","target":{"@type":"EntryPoint","urlTemplate":"https:\/\/amaruantiques.com\/?s={search_term_string}"},"query-input":{"@type":"PropertyValueSpecification","valueRequired":true,"valueName":"search_term_string"}}],"inLanguage":"fr-FR"},{"@type":"Organization","@id":"https:\/\/amaruantiques.com\/#organization","name":"AMARU","url":"https:\/\/amaruantiques.com\/","logo":{"@type":"ImageObject","inLanguage":"fr-FR","@id":"https:\/\/amaruantiques.com\/#\/schema\/logo\/image\/","url":"https:\/\/amaruoptim.stg.uzero.cat\/wp-content\/uploads\/2025\/04\/logo-AMARU.svg","contentUrl":"https:\/\/amaruoptim.stg.uzero.cat\/wp-content\/uploads\/2025\/04\/logo-AMARU.svg","caption":"AMARU"},"image":{"@id":"https:\/\/amaruantiques.com\/#\/schema\/logo\/image\/"}}]}},"_links":{"self":[{"href":"https:\/\/amaruoptim.stg.uzero.cat\/fr\/wp-json\/wp\/v2\/product\/212724","targetHints":{"allow":["GET"]}}],"collection":[{"href":"https:\/\/amaruoptim.stg.uzero.cat\/fr\/wp-json\/wp\/v2\/product"}],"about":[{"href":"https:\/\/amaruoptim.stg.uzero.cat\/fr\/wp-json\/wp\/v2\/types\/product"}],"wp:featuredmedia":[{"embeddable":true,"href":"https:\/\/amaruoptim.stg.uzero.cat\/fr\/wp-json\/wp\/v2\/media\/233401"}],"wp:attachment":[{"href":"https:\/\/amaruoptim.stg.uzero.cat\/fr\/wp-json\/wp\/v2\/media?parent=212724"}],"wp:term":[{"taxonomy":"product_brand","embeddable":true,"href":"https:\/\/amaruoptim.stg.uzero.cat\/fr\/wp-json\/wp\/v2\/product_brand?post=212724"},{"taxonomy":"product_cat","embeddable":true,"href":"https:\/\/amaruoptim.stg.uzero.cat\/fr\/wp-json\/wp\/v2\/product_cat?post=212724"},{"taxonomy":"product_tag","embeddable":true,"href":"https:\/\/amaruoptim.stg.uzero.cat\/fr\/wp-json\/wp\/v2\/product_tag?post=212724"}],"curies":[{"name":"wp","href":"https:\/\/api.w.org\/{rel}","templated":true}]}}