{"id":212643,"date":"2023-12-19T16:57:10","date_gmt":"2023-12-19T16:57:12","guid":{"rendered":"https:\/\/amaruantiques.com\/?post_type=product&#038;p=212643"},"modified":"2025-06-26T15:49:08","modified_gmt":"2025-06-26T15:49:08","slug":"table-de-terrasse-ancienne-ronde-c-1900-am10009","status":"publish","type":"product","link":"https:\/\/amaruoptim.stg.uzero.cat\/fr\/meubles-anciens\/meubles-de-jardin-anciens\/table-de-terrasse-ancienne-ronde-c-1900-am10009\/","title":{"rendered":"Table de terrasse ronde ancienne (c.1900)"},"content":{"rendered":"<p><strong>Table de terrasse ronde ancienne<\/strong> (c.1900)<\/p>\n<ul>\n<li><strong>\u00c2ge approximatif :<\/strong> 120 ans<\/li>\n<li><strong>Mat\u00e9riau :<\/strong> Fer et bois<\/li>\n<\/ul>\n<p>Notre <em>table de terrasse ancien<\/em> est une pi\u00e8ce unique qui se distingue par:<\/p>\n<ol>\n<li>Sa patine inimitable.<\/li>\n<li>Sa beaut\u00e9 r\u00e9side dans la combinaison du bois et du fer forg\u00e9.<\/li>\n<li>Elle peut \u00eatre utilis\u00e9e comme table d&#8217;ext\u00e9rieur dans n&#8217;importe quel espace de votre maison, que ce soit \u00e0 l&#8217;int\u00e9rieur d&#8217;un porche ou dans un jardin.<\/li>\n<\/ol>\n<p>Il est en excellent \u00e9tat de conservation, \u00e0 l&#8217;exception des imperfections caract\u00e9ristiques de toute antiquit\u00e9, dues au passage du temps.<\/p>\n<p>Nous recommandons \u00e9galement nos <a>chaises de jardin<\/a> qui compl\u00e8tent parfaitement cette table ronde ancienne.<\/p>\n<p>&nbsp;<\/p>\n","protected":false},"excerpt":{"rendered":"<p><strong>Dimensions: <\/strong>66 x 66 x 73 cm (L x P x H)<\/p>\n<p><em>PI\u00c8CE UNIQUE<\/em><\/p>\n","protected":false},"featured_media":232531,"template":"","meta":[],"product_brand":[],"product_cat":[626,621],"product_tag":[],"class_list":{"0":"post-212643","1":"product","2":"type-product","3":"status-publish","4":"has-post-thumbnail","6":"product_cat-tables-de-jardin-et-de-terrasse-anciennes","7":"product_cat-meubles-de-jardin-anciens","8":"product_shipping_class-gran-cargo-400-fr","9":"pa_estilo-style-rustique","11":"first","12":"instock","13":"sale","14":"taxable","15":"shipping-taxable","16":"purchasable","17":"product-type-simple"},"yoast_head":"<!-- This site is optimized with the Yoast SEO plugin v26.0 - https:\/\/yoast.com\/wordpress\/plugins\/seo\/ -->\n<title>Table de terrasse | Table d&#039;ext\u00e9rieur ancienne | AMARU ANTIQUES<\/title>\n<meta name=\"description\" content=\"Table de terrasse ronde ancienne (vers 1900). D\u00e9couvrez notre vaste s\u00e9lection de pi\u00e8ces uniques pour l&#039;ext\u00e9rieur sur notre site web...\" \/>\n<meta name=\"robots\" content=\"index, follow, max-snippet:-1, max-image-preview:large, max-video-preview:-1\" \/>\n<link rel=\"canonical\" href=\"https:\/\/amaruoptim.stg.uzero.cat\/fr\/meubles-anciens\/meubles-de-jardin-anciens\/table-de-terrasse-ancienne-ronde-c-1900-am10009\/\" \/>\n<meta property=\"og:locale\" content=\"fr_FR\" \/>\n<meta property=\"og:type\" content=\"article\" \/>\n<meta property=\"og:title\" content=\"Table de terrasse | Table d&#039;ext\u00e9rieur ancienne | AMARU ANTIQUES\" \/>\n<meta property=\"og:description\" content=\"Table de terrasse ronde ancienne (vers 1900). D\u00e9couvrez notre vaste s\u00e9lection de pi\u00e8ces uniques pour l&#039;ext\u00e9rieur sur notre site web...\" \/>\n<meta property=\"og:url\" content=\"https:\/\/amaruoptim.stg.uzero.cat\/fr\/meubles-anciens\/meubles-de-jardin-anciens\/table-de-terrasse-ancienne-ronde-c-1900-am10009\/\" \/>\n<meta property=\"og:site_name\" content=\"AMARU\" \/>\n<meta property=\"article:modified_time\" content=\"2025-06-26T15:49:08+00:00\" \/>\n<meta property=\"og:image\" content=\"https:\/\/amaruantiques.com\/wp-content\/uploads\/2025\/06\/AM10009-1-3.jpg\" \/>\n\t<meta property=\"og:image:width\" content=\"924\" \/>\n\t<meta property=\"og:image:height\" content=\"924\" \/>\n\t<meta property=\"og:image:type\" content=\"image\/jpeg\" \/>\n<meta name=\"twitter:card\" content=\"summary_large_image\" \/>\n<meta name=\"twitter:label1\" content=\"Dur\u00e9e de lecture estim\u00e9e\" \/>\n\t<meta name=\"twitter:data1\" content=\"1 minute\" \/>\n<!-- \/ Yoast SEO plugin. -->","yoast_head_json":{"title":"Table de terrasse | Table d'ext\u00e9rieur ancienne | AMARU ANTIQUES","description":"Table de terrasse ronde ancienne (vers 1900). D\u00e9couvrez notre vaste s\u00e9lection de pi\u00e8ces uniques pour l'ext\u00e9rieur sur notre site web...","robots":{"index":"index","follow":"follow","max-snippet":"max-snippet:-1","max-image-preview":"max-image-preview:large","max-video-preview":"max-video-preview:-1"},"canonical":"https:\/\/amaruoptim.stg.uzero.cat\/fr\/meubles-anciens\/meubles-de-jardin-anciens\/table-de-terrasse-ancienne-ronde-c-1900-am10009\/","og_locale":"fr_FR","og_type":"article","og_title":"Table de terrasse | Table d'ext\u00e9rieur ancienne | AMARU ANTIQUES","og_description":"Table de terrasse ronde ancienne (vers 1900). D\u00e9couvrez notre vaste s\u00e9lection de pi\u00e8ces uniques pour l'ext\u00e9rieur sur notre site web...","og_url":"https:\/\/amaruoptim.stg.uzero.cat\/fr\/meubles-anciens\/meubles-de-jardin-anciens\/table-de-terrasse-ancienne-ronde-c-1900-am10009\/","og_site_name":"AMARU","article_modified_time":"2025-06-26T15:49:08+00:00","og_image":[{"width":924,"height":924,"url":"https:\/\/amaruantiques.com\/wp-content\/uploads\/2025\/06\/AM10009-1-3.jpg","type":"image\/jpeg"}],"twitter_card":"summary_large_image","twitter_misc":{"Dur\u00e9e de lecture estim\u00e9e":"1 minute"},"schema":{"@context":"https:\/\/schema.org","@graph":[{"@type":"WebPage","@id":"https:\/\/amaruoptim.stg.uzero.cat\/fr\/meubles-anciens\/meubles-de-jardin-anciens\/table-de-terrasse-ancienne-ronde-c-1900-am10009\/","url":"https:\/\/amaruoptim.stg.uzero.cat\/fr\/meubles-anciens\/meubles-de-jardin-anciens\/table-de-terrasse-ancienne-ronde-c-1900-am10009\/","name":"Table de terrasse | Table d'ext\u00e9rieur ancienne | AMARU ANTIQUES","isPartOf":{"@id":"https:\/\/amaruantiques.com\/#website"},"primaryImageOfPage":{"@id":"https:\/\/amaruoptim.stg.uzero.cat\/fr\/meubles-anciens\/meubles-de-jardin-anciens\/table-de-terrasse-ancienne-ronde-c-1900-am10009\/#primaryimage"},"image":{"@id":"https:\/\/amaruoptim.stg.uzero.cat\/fr\/meubles-anciens\/meubles-de-jardin-anciens\/table-de-terrasse-ancienne-ronde-c-1900-am10009\/#primaryimage"},"thumbnailUrl":"https:\/\/amaruoptim.stg.uzero.cat\/wp-content\/uploads\/2025\/06\/AM10009-1-3.jpg","datePublished":"2023-12-19T16:57:12+00:00","dateModified":"2025-06-26T15:49:08+00:00","description":"Table de terrasse ronde ancienne (vers 1900). D\u00e9couvrez notre vaste s\u00e9lection de pi\u00e8ces uniques pour l'ext\u00e9rieur sur notre site web...","breadcrumb":{"@id":"https:\/\/amaruoptim.stg.uzero.cat\/fr\/meubles-anciens\/meubles-de-jardin-anciens\/table-de-terrasse-ancienne-ronde-c-1900-am10009\/#breadcrumb"},"inLanguage":"fr-FR","potentialAction":[{"@type":"ReadAction","target":["https:\/\/amaruoptim.stg.uzero.cat\/fr\/meubles-anciens\/meubles-de-jardin-anciens\/table-de-terrasse-ancienne-ronde-c-1900-am10009\/"]}]},{"@type":"ImageObject","inLanguage":"fr-FR","@id":"https:\/\/amaruoptim.stg.uzero.cat\/fr\/meubles-anciens\/meubles-de-jardin-anciens\/table-de-terrasse-ancienne-ronde-c-1900-am10009\/#primaryimage","url":"https:\/\/amaruoptim.stg.uzero.cat\/wp-content\/uploads\/2025\/06\/AM10009-1-3.jpg","contentUrl":"https:\/\/amaruoptim.stg.uzero.cat\/wp-content\/uploads\/2025\/06\/AM10009-1-3.jpg","width":924,"height":924},{"@type":"BreadcrumbList","@id":"https:\/\/amaruoptim.stg.uzero.cat\/fr\/meubles-anciens\/meubles-de-jardin-anciens\/table-de-terrasse-ancienne-ronde-c-1900-am10009\/#breadcrumb","itemListElement":[{"@type":"ListItem","position":1,"name":"Accueil","item":"https:\/\/amaruantiques.com\/fr\/"},{"@type":"ListItem","position":2,"name":"Boutique","item":"https:\/\/amaruantiques.com\/fr\/boutique\/"},{"@type":"ListItem","position":3,"name":"Table de terrasse ronde ancienne (c.1900)"}]},{"@type":"WebSite","@id":"https:\/\/amaruantiques.com\/#website","url":"https:\/\/amaruantiques.com\/","name":"AMARU - Timeless Antiques","description":"Timeless antiques","publisher":{"@id":"https:\/\/amaruantiques.com\/#organization"},"potentialAction":[{"@type":"SearchAction","target":{"@type":"EntryPoint","urlTemplate":"https:\/\/amaruantiques.com\/?s={search_term_string}"},"query-input":{"@type":"PropertyValueSpecification","valueRequired":true,"valueName":"search_term_string"}}],"inLanguage":"fr-FR"},{"@type":"Organization","@id":"https:\/\/amaruantiques.com\/#organization","name":"AMARU","url":"https:\/\/amaruantiques.com\/","logo":{"@type":"ImageObject","inLanguage":"fr-FR","@id":"https:\/\/amaruantiques.com\/#\/schema\/logo\/image\/","url":"https:\/\/amaruoptim.stg.uzero.cat\/wp-content\/uploads\/2025\/04\/logo-AMARU.svg","contentUrl":"https:\/\/amaruoptim.stg.uzero.cat\/wp-content\/uploads\/2025\/04\/logo-AMARU.svg","caption":"AMARU"},"image":{"@id":"https:\/\/amaruantiques.com\/#\/schema\/logo\/image\/"}}]}},"_links":{"self":[{"href":"https:\/\/amaruoptim.stg.uzero.cat\/fr\/wp-json\/wp\/v2\/product\/212643","targetHints":{"allow":["GET"]}}],"collection":[{"href":"https:\/\/amaruoptim.stg.uzero.cat\/fr\/wp-json\/wp\/v2\/product"}],"about":[{"href":"https:\/\/amaruoptim.stg.uzero.cat\/fr\/wp-json\/wp\/v2\/types\/product"}],"wp:featuredmedia":[{"embeddable":true,"href":"https:\/\/amaruoptim.stg.uzero.cat\/fr\/wp-json\/wp\/v2\/media\/232531"}],"wp:attachment":[{"href":"https:\/\/amaruoptim.stg.uzero.cat\/fr\/wp-json\/wp\/v2\/media?parent=212643"}],"wp:term":[{"taxonomy":"product_brand","embeddable":true,"href":"https:\/\/amaruoptim.stg.uzero.cat\/fr\/wp-json\/wp\/v2\/product_brand?post=212643"},{"taxonomy":"product_cat","embeddable":true,"href":"https:\/\/amaruoptim.stg.uzero.cat\/fr\/wp-json\/wp\/v2\/product_cat?post=212643"},{"taxonomy":"product_tag","embeddable":true,"href":"https:\/\/amaruoptim.stg.uzero.cat\/fr\/wp-json\/wp\/v2\/product_tag?post=212643"}],"curies":[{"name":"wp","href":"https:\/\/api.w.org\/{rel}","templated":true}]}}