{"id":212631,"date":"2023-12-19T12:29:39","date_gmt":"2023-12-19T12:29:41","guid":{"rendered":"https:\/\/amaruantiques.com\/?post_type=product&#038;p=212631"},"modified":"2025-06-26T15:49:00","modified_gmt":"2025-06-26T15:49:00","slug":"chaises-de-salle-a-mange-vintage-style-c-1950-ensemble-de-6-pieces-2-am09042set-de-6-2","status":"publish","type":"product","link":"https:\/\/amaruoptim.stg.uzero.cat\/fr\/meubles-anciens\/chaises-anciennes\/chaises-vintage-chaises-retro\/chaises-de-salle-a-mange-vintage-style-c-1950-ensemble-de-6-pieces-2-am09042set-de-6-2\/","title":{"rendered":"Chaises de salle \u00e0 manger de style vintage (vers 1950). Ensemble de 6 pi\u00e8ces #2"},"content":{"rendered":"<p><strong>Chaises de salle \u00e0 manger de style vintage<\/strong> (vers 1950). Ensemble de 6 pi\u00e8ces #2<\/p>\n<ul>\n<li><strong>\u00c2ge approximatif:<\/strong> 100 ans<\/li>\n<li><strong>Mat\u00e9riel:<\/strong> Bois<\/li>\n<\/ul>\n<p>Nos <em>chaises de salle \u00e0 manger<\/em> sont des pi\u00e8ces uniques qui se distinguent par leur qualit\u00e9:<\/p>\n<ol>\n<li>Sa structure en bois massif et ses lignes \u00e9l\u00e9gantes.<\/li>\n<li>Le confort de son assise et de son dossier ergonomiques invite \u00e0 prolonger les conversations ou les d\u00eeners.<\/li>\n<li>Il est id\u00e9al pour un espace familial comme la salle \u00e0 manger de votre maison qui apportera un point d&#8217;histoire, de sobri\u00e9t\u00e9 et de confort.<\/li>\n<\/ol>\n<p>Il est en excellent \u00e9tat de conservation, \u00e0 l&#8217;exception des imperfections caract\u00e9ristiques de toute antiquit\u00e9, dues au passage du temps.<\/p>\n<p>Notre ensemble de 6 chaises peut \u00e9galement \u00eatre combin\u00e9 avec l&#8217;une de nos <a href=\"https:\/\/amaruantiques.com\/fr\/categoria-producto\/tables-anciennes\/\">tables de salle \u00e0 manger anciennes<\/a>.<\/p>\n<p><em>PI\u00c8CE UNIQUE<\/em><\/p>\n","protected":false},"excerpt":{"rendered":"<p><strong>Dimensions: <\/strong>42 x 42 x 81 cm (L x L x H) et 45 cm de hauteur d&#8217;assise.<\/p>\n<p><em>PI\u00c8CE UNIQUE<\/em><\/p>\n","protected":false},"featured_media":232321,"template":"","meta":[],"product_brand":[],"product_cat":[618,641],"product_tag":[],"class_list":{"0":"post-212631","1":"product","2":"type-product","3":"status-publish","4":"has-post-thumbnail","6":"product_cat-chaises-anciennes","7":"product_cat-chaises-vintage-chaises-retro","8":"product_shipping_class-gran-cargo-750-fr","9":"pa_estilo-style-vintage","11":"first","12":"instock","13":"taxable","14":"shipping-taxable","15":"purchasable","16":"product-type-simple"},"yoast_head":"<!-- This site is optimized with the Yoast SEO plugin v26.0 - https:\/\/yoast.com\/wordpress\/plugins\/seo\/ -->\n<title>Chaises de salle \u00e0 manger | Chaises de style vintage | AMARU ANTIQUES<\/title>\n<meta name=\"description\" content=\"Chaises de salle \u00e0 manger de style vintage (c.1900). Ensemble de 6 pi\u00e8ces. D\u00e9couvrez notre large s\u00e9lection de pi\u00e8ces uniques sur notre site internet...\" \/>\n<meta name=\"robots\" content=\"index, follow, max-snippet:-1, max-image-preview:large, max-video-preview:-1\" \/>\n<link rel=\"canonical\" href=\"https:\/\/amaruoptim.stg.uzero.cat\/fr\/meubles-anciens\/chaises-anciennes\/chaises-vintage-chaises-retro\/chaises-de-salle-a-mange-vintage-style-c-1950-ensemble-de-6-pieces-2-am09042set-de-6-2\/\" \/>\n<meta property=\"og:locale\" content=\"fr_FR\" \/>\n<meta property=\"og:type\" content=\"article\" \/>\n<meta property=\"og:title\" content=\"Chaises de salle \u00e0 manger | Chaises de style vintage | AMARU ANTIQUES\" \/>\n<meta property=\"og:description\" content=\"Chaises de salle \u00e0 manger de style vintage (c.1900). Ensemble de 6 pi\u00e8ces. D\u00e9couvrez notre large s\u00e9lection de pi\u00e8ces uniques sur notre site internet...\" \/>\n<meta property=\"og:url\" content=\"https:\/\/amaruoptim.stg.uzero.cat\/fr\/meubles-anciens\/chaises-anciennes\/chaises-vintage-chaises-retro\/chaises-de-salle-a-mange-vintage-style-c-1950-ensemble-de-6-pieces-2-am09042set-de-6-2\/\" \/>\n<meta property=\"og:site_name\" content=\"AMARU\" \/>\n<meta property=\"article:modified_time\" content=\"2025-06-26T15:49:00+00:00\" \/>\n<meta property=\"og:image\" content=\"https:\/\/amaruantiques.com\/wp-content\/uploads\/2025\/06\/AM09042-1-5.jpg\" \/>\n\t<meta property=\"og:image:width\" content=\"924\" \/>\n\t<meta property=\"og:image:height\" content=\"924\" \/>\n\t<meta property=\"og:image:type\" content=\"image\/jpeg\" \/>\n<meta name=\"twitter:card\" content=\"summary_large_image\" \/>\n<meta name=\"twitter:label1\" content=\"Dur\u00e9e de lecture estim\u00e9e\" \/>\n\t<meta name=\"twitter:data1\" content=\"1 minute\" \/>\n<!-- \/ Yoast SEO plugin. -->","yoast_head_json":{"title":"Chaises de salle \u00e0 manger | Chaises de style vintage | AMARU ANTIQUES","description":"Chaises de salle \u00e0 manger de style vintage (c.1900). Ensemble de 6 pi\u00e8ces. D\u00e9couvrez notre large s\u00e9lection de pi\u00e8ces uniques sur notre site internet...","robots":{"index":"index","follow":"follow","max-snippet":"max-snippet:-1","max-image-preview":"max-image-preview:large","max-video-preview":"max-video-preview:-1"},"canonical":"https:\/\/amaruoptim.stg.uzero.cat\/fr\/meubles-anciens\/chaises-anciennes\/chaises-vintage-chaises-retro\/chaises-de-salle-a-mange-vintage-style-c-1950-ensemble-de-6-pieces-2-am09042set-de-6-2\/","og_locale":"fr_FR","og_type":"article","og_title":"Chaises de salle \u00e0 manger | Chaises de style vintage | AMARU ANTIQUES","og_description":"Chaises de salle \u00e0 manger de style vintage (c.1900). Ensemble de 6 pi\u00e8ces. D\u00e9couvrez notre large s\u00e9lection de pi\u00e8ces uniques sur notre site internet...","og_url":"https:\/\/amaruoptim.stg.uzero.cat\/fr\/meubles-anciens\/chaises-anciennes\/chaises-vintage-chaises-retro\/chaises-de-salle-a-mange-vintage-style-c-1950-ensemble-de-6-pieces-2-am09042set-de-6-2\/","og_site_name":"AMARU","article_modified_time":"2025-06-26T15:49:00+00:00","og_image":[{"width":924,"height":924,"url":"https:\/\/amaruantiques.com\/wp-content\/uploads\/2025\/06\/AM09042-1-5.jpg","type":"image\/jpeg"}],"twitter_card":"summary_large_image","twitter_misc":{"Dur\u00e9e de lecture estim\u00e9e":"1 minute"},"schema":{"@context":"https:\/\/schema.org","@graph":[{"@type":"WebPage","@id":"https:\/\/amaruoptim.stg.uzero.cat\/fr\/meubles-anciens\/chaises-anciennes\/chaises-vintage-chaises-retro\/chaises-de-salle-a-mange-vintage-style-c-1950-ensemble-de-6-pieces-2-am09042set-de-6-2\/","url":"https:\/\/amaruoptim.stg.uzero.cat\/fr\/meubles-anciens\/chaises-anciennes\/chaises-vintage-chaises-retro\/chaises-de-salle-a-mange-vintage-style-c-1950-ensemble-de-6-pieces-2-am09042set-de-6-2\/","name":"Chaises de salle \u00e0 manger | Chaises de style vintage | AMARU ANTIQUES","isPartOf":{"@id":"https:\/\/amaruantiques.com\/#website"},"primaryImageOfPage":{"@id":"https:\/\/amaruoptim.stg.uzero.cat\/fr\/meubles-anciens\/chaises-anciennes\/chaises-vintage-chaises-retro\/chaises-de-salle-a-mange-vintage-style-c-1950-ensemble-de-6-pieces-2-am09042set-de-6-2\/#primaryimage"},"image":{"@id":"https:\/\/amaruoptim.stg.uzero.cat\/fr\/meubles-anciens\/chaises-anciennes\/chaises-vintage-chaises-retro\/chaises-de-salle-a-mange-vintage-style-c-1950-ensemble-de-6-pieces-2-am09042set-de-6-2\/#primaryimage"},"thumbnailUrl":"https:\/\/amaruoptim.stg.uzero.cat\/wp-content\/uploads\/2025\/06\/AM09042-1-5.jpg","datePublished":"2023-12-19T12:29:41+00:00","dateModified":"2025-06-26T15:49:00+00:00","description":"Chaises de salle \u00e0 manger de style vintage (c.1900). Ensemble de 6 pi\u00e8ces. D\u00e9couvrez notre large s\u00e9lection de pi\u00e8ces uniques sur notre site internet...","breadcrumb":{"@id":"https:\/\/amaruoptim.stg.uzero.cat\/fr\/meubles-anciens\/chaises-anciennes\/chaises-vintage-chaises-retro\/chaises-de-salle-a-mange-vintage-style-c-1950-ensemble-de-6-pieces-2-am09042set-de-6-2\/#breadcrumb"},"inLanguage":"fr-FR","potentialAction":[{"@type":"ReadAction","target":["https:\/\/amaruoptim.stg.uzero.cat\/fr\/meubles-anciens\/chaises-anciennes\/chaises-vintage-chaises-retro\/chaises-de-salle-a-mange-vintage-style-c-1950-ensemble-de-6-pieces-2-am09042set-de-6-2\/"]}]},{"@type":"ImageObject","inLanguage":"fr-FR","@id":"https:\/\/amaruoptim.stg.uzero.cat\/fr\/meubles-anciens\/chaises-anciennes\/chaises-vintage-chaises-retro\/chaises-de-salle-a-mange-vintage-style-c-1950-ensemble-de-6-pieces-2-am09042set-de-6-2\/#primaryimage","url":"https:\/\/amaruoptim.stg.uzero.cat\/wp-content\/uploads\/2025\/06\/AM09042-1-5.jpg","contentUrl":"https:\/\/amaruoptim.stg.uzero.cat\/wp-content\/uploads\/2025\/06\/AM09042-1-5.jpg","width":924,"height":924},{"@type":"BreadcrumbList","@id":"https:\/\/amaruoptim.stg.uzero.cat\/fr\/meubles-anciens\/chaises-anciennes\/chaises-vintage-chaises-retro\/chaises-de-salle-a-mange-vintage-style-c-1950-ensemble-de-6-pieces-2-am09042set-de-6-2\/#breadcrumb","itemListElement":[{"@type":"ListItem","position":1,"name":"Accueil","item":"https:\/\/amaruantiques.com\/fr\/"},{"@type":"ListItem","position":2,"name":"Boutique","item":"https:\/\/amaruantiques.com\/fr\/boutique\/"},{"@type":"ListItem","position":3,"name":"Chaises de salle \u00e0 manger de style vintage (vers 1950). Ensemble de 6 pi\u00e8ces #2"}]},{"@type":"WebSite","@id":"https:\/\/amaruantiques.com\/#website","url":"https:\/\/amaruantiques.com\/","name":"AMARU - Timeless Antiques","description":"Timeless antiques","publisher":{"@id":"https:\/\/amaruantiques.com\/#organization"},"potentialAction":[{"@type":"SearchAction","target":{"@type":"EntryPoint","urlTemplate":"https:\/\/amaruantiques.com\/?s={search_term_string}"},"query-input":{"@type":"PropertyValueSpecification","valueRequired":true,"valueName":"search_term_string"}}],"inLanguage":"fr-FR"},{"@type":"Organization","@id":"https:\/\/amaruantiques.com\/#organization","name":"AMARU","url":"https:\/\/amaruantiques.com\/","logo":{"@type":"ImageObject","inLanguage":"fr-FR","@id":"https:\/\/amaruantiques.com\/#\/schema\/logo\/image\/","url":"https:\/\/amaruoptim.stg.uzero.cat\/wp-content\/uploads\/2025\/04\/logo-AMARU.svg","contentUrl":"https:\/\/amaruoptim.stg.uzero.cat\/wp-content\/uploads\/2025\/04\/logo-AMARU.svg","caption":"AMARU"},"image":{"@id":"https:\/\/amaruantiques.com\/#\/schema\/logo\/image\/"}}]}},"_links":{"self":[{"href":"https:\/\/amaruoptim.stg.uzero.cat\/fr\/wp-json\/wp\/v2\/product\/212631","targetHints":{"allow":["GET"]}}],"collection":[{"href":"https:\/\/amaruoptim.stg.uzero.cat\/fr\/wp-json\/wp\/v2\/product"}],"about":[{"href":"https:\/\/amaruoptim.stg.uzero.cat\/fr\/wp-json\/wp\/v2\/types\/product"}],"wp:featuredmedia":[{"embeddable":true,"href":"https:\/\/amaruoptim.stg.uzero.cat\/fr\/wp-json\/wp\/v2\/media\/232321"}],"wp:attachment":[{"href":"https:\/\/amaruoptim.stg.uzero.cat\/fr\/wp-json\/wp\/v2\/media?parent=212631"}],"wp:term":[{"taxonomy":"product_brand","embeddable":true,"href":"https:\/\/amaruoptim.stg.uzero.cat\/fr\/wp-json\/wp\/v2\/product_brand?post=212631"},{"taxonomy":"product_cat","embeddable":true,"href":"https:\/\/amaruoptim.stg.uzero.cat\/fr\/wp-json\/wp\/v2\/product_cat?post=212631"},{"taxonomy":"product_tag","embeddable":true,"href":"https:\/\/amaruoptim.stg.uzero.cat\/fr\/wp-json\/wp\/v2\/product_tag?post=212631"}],"curies":[{"name":"wp","href":"https:\/\/api.w.org\/{rel}","templated":true}]}}