{"id":212590,"date":"2023-12-11T09:25:28","date_gmt":"2025-06-14T02:10:02","guid":{"rendered":"https:\/\/amaruantiques.com\/?post_type=product&#038;p=212590"},"modified":"2025-06-26T15:48:37","modified_gmt":"2025-06-26T15:48:37","slug":"vase-decoratif-vintage-orange-c-1950-am06096-1","status":"publish","type":"product","link":"https:\/\/amaruoptim.stg.uzero.cat\/fr\/meubles-anciens\/anciens-vases\/vase-decoratif-vintage-orange-c-1950-am06096-1\/","title":{"rendered":"Vase d\u00e9coratif vintage orange (c.1950)"},"content":{"rendered":"<p><strong>Vase d\u00e9coratif vintage orange<\/strong> (c.1950)<\/p>\n<ul>\n<li style=\"font-weight: 400\"><span style=\"font-weight: 400\">\u00c2ge approximatif: 70 ans<\/span><\/li>\n<li style=\"font-weight: 400\"><span style=\"font-weight: 400\">Mat\u00e9riau: c\u00e9ramique<\/span><\/li>\n<\/ul>\n<p><span style=\"font-weight: 400\">Notre vase <\/span><i><span style=\"font-weight: 400\">vase vintage <\/span><\/i><span style=\"font-weight: 400\">est une pi\u00e8ce unique qui se distingue par :<\/span><\/p>\n<ol>\n<li style=\"font-weight: 400\"><span style=\"font-weight: 400\">Sa teinte vibrante ajoute une touche d&#8217;\u00e9clat et de charme ancien qui met en valeur le savoir-faire artisanal m\u00e9ticuleux de sa fabrication.<\/span><\/li>\n<li style=\"font-weight: 400\"><span style=\"font-weight: 400\">Son design classique et d\u00e9licat.<\/span><\/li>\n<li style=\"font-weight: 400\"><span style=\"font-weight: 400\">Parfait pour transformer n&#8217;importe quel espace en un coin plein de style et d&#8217;histoire.<\/span><\/li>\n<\/ol>\n<p><span style=\"font-weight: 400\">Il est en excellent \u00e9tat de conservation, \u00e0 l&#8217;exception des imperfections caract\u00e9ristiques de toute antiquit\u00e9, dues au passage du temps.<\/span><\/p>\n<p><span style=\"font-weight: 400\">Donnez \u00e0 votre int\u00e9rieur une touche d&#8217;originalit\u00e9 avec une pi\u00e8ce unique qui s&#8217;int\u00e8gre dans le style contemporain et apporte de la personnalit\u00e9 \u00e0 votre int\u00e9rieur. Ce vase d\u00e9coratif peut \u00eatre combin\u00e9 avec l&#8217;une de nos <a href=\"https:\/\/amaruantiques.com\/fr\/categoria-producto\/tables-dappoint-tables-du-salon-et-tables-basses\/\">tables basses<\/a>. <\/span><span style=\"font-weight: 400\">ou avec nos autres <a href=\"https:\/\/amaruantiques.com\/fr\/categoria-producto\/objets-anciens\/\">objets anciens<\/a><\/span><span style=\"font-weight: 400\"> disponible.<\/span><\/p>\n<p><em>PI\u00c8CE UNIQUE<\/em><\/p>\n","protected":false},"excerpt":{"rendered":"<p><strong>Vase d\u00e9coratif vintage orange<\/strong> (c.1950)<\/p>\n<p><strong>Dimensions : <\/strong>20 x 20 x 30 cm ( Longueur x Largeur x Hauteur )<\/p>\n<p><em>PI\u00c8CE UNIQUE<\/em><\/p>\n","protected":false},"featured_media":231952,"template":"","meta":[],"product_brand":[],"product_cat":[635],"product_tag":[112],"class_list":{"0":"post-212590","1":"product","2":"type-product","3":"status-publish","4":"has-post-thumbnail","6":"product_cat-anciens-vases","7":"product_tag-vase","8":"product_shipping_class-small-50-fr","9":"pa_estilo-style-vintage","11":"first","12":"instock","13":"taxable","14":"shipping-taxable","15":"purchasable","16":"product-type-simple"},"yoast_head":"<!-- This site is optimized with the Yoast SEO plugin v26.0 - https:\/\/yoast.com\/wordpress\/plugins\/seo\/ -->\n<title>Vase vintage | Antique vase | AMARU ANTIQUES<\/title>\n<meta name=\"description\" content=\"Vase d\u00e9coratif vintage orange (c.1950). Ce vase n&#039;est pas seulement une pi\u00e8ce d\u00e9corative, mais aussi une fen\u00eatre sur l&#039;\u00e9l\u00e9gance et les \u00e9poques r\u00e9volues.\" \/>\n<meta name=\"robots\" content=\"index, follow, max-snippet:-1, max-image-preview:large, max-video-preview:-1\" \/>\n<link rel=\"canonical\" href=\"https:\/\/amaruoptim.stg.uzero.cat\/fr\/meubles-anciens\/anciens-vases\/vase-decoratif-vintage-orange-c-1950-am06096-1\/\" \/>\n<meta property=\"og:locale\" content=\"fr_FR\" \/>\n<meta property=\"og:type\" content=\"article\" \/>\n<meta property=\"og:title\" content=\"Vase vintage | Antique vase | AMARU ANTIQUES\" \/>\n<meta property=\"og:description\" content=\"Vase d\u00e9coratif vintage orange (c.1950). Ce vase n&#039;est pas seulement une pi\u00e8ce d\u00e9corative, mais aussi une fen\u00eatre sur l&#039;\u00e9l\u00e9gance et les \u00e9poques r\u00e9volues.\" \/>\n<meta property=\"og:url\" content=\"https:\/\/amaruoptim.stg.uzero.cat\/fr\/meubles-anciens\/anciens-vases\/vase-decoratif-vintage-orange-c-1950-am06096-1\/\" \/>\n<meta property=\"og:site_name\" content=\"AMARU\" \/>\n<meta property=\"article:modified_time\" content=\"2025-06-26T15:48:37+00:00\" \/>\n<meta property=\"og:image\" content=\"https:\/\/amaruantiques.com\/wp-content\/uploads\/2025\/06\/AM06096-1-1-2.jpg\" \/>\n\t<meta property=\"og:image:width\" content=\"1000\" \/>\n\t<meta property=\"og:image:height\" content=\"1000\" \/>\n\t<meta property=\"og:image:type\" content=\"image\/jpeg\" \/>\n<meta name=\"twitter:card\" content=\"summary_large_image\" \/>\n<meta name=\"twitter:label1\" content=\"Dur\u00e9e de lecture estim\u00e9e\" \/>\n\t<meta name=\"twitter:data1\" content=\"2 minutes\" \/>\n<!-- \/ Yoast SEO plugin. -->","yoast_head_json":{"title":"Vase vintage | Antique vase | AMARU ANTIQUES","description":"Vase d\u00e9coratif vintage orange (c.1950). Ce vase n'est pas seulement une pi\u00e8ce d\u00e9corative, mais aussi une fen\u00eatre sur l'\u00e9l\u00e9gance et les \u00e9poques r\u00e9volues.","robots":{"index":"index","follow":"follow","max-snippet":"max-snippet:-1","max-image-preview":"max-image-preview:large","max-video-preview":"max-video-preview:-1"},"canonical":"https:\/\/amaruoptim.stg.uzero.cat\/fr\/meubles-anciens\/anciens-vases\/vase-decoratif-vintage-orange-c-1950-am06096-1\/","og_locale":"fr_FR","og_type":"article","og_title":"Vase vintage | Antique vase | AMARU ANTIQUES","og_description":"Vase d\u00e9coratif vintage orange (c.1950). Ce vase n'est pas seulement une pi\u00e8ce d\u00e9corative, mais aussi une fen\u00eatre sur l'\u00e9l\u00e9gance et les \u00e9poques r\u00e9volues.","og_url":"https:\/\/amaruoptim.stg.uzero.cat\/fr\/meubles-anciens\/anciens-vases\/vase-decoratif-vintage-orange-c-1950-am06096-1\/","og_site_name":"AMARU","article_modified_time":"2025-06-26T15:48:37+00:00","og_image":[{"width":1000,"height":1000,"url":"https:\/\/amaruantiques.com\/wp-content\/uploads\/2025\/06\/AM06096-1-1-2.jpg","type":"image\/jpeg"}],"twitter_card":"summary_large_image","twitter_misc":{"Dur\u00e9e de lecture estim\u00e9e":"2 minutes"},"schema":{"@context":"https:\/\/schema.org","@graph":[{"@type":"WebPage","@id":"https:\/\/amaruoptim.stg.uzero.cat\/fr\/meubles-anciens\/anciens-vases\/vase-decoratif-vintage-orange-c-1950-am06096-1\/","url":"https:\/\/amaruoptim.stg.uzero.cat\/fr\/meubles-anciens\/anciens-vases\/vase-decoratif-vintage-orange-c-1950-am06096-1\/","name":"Vase vintage | Antique vase | AMARU ANTIQUES","isPartOf":{"@id":"https:\/\/amaruantiques.com\/#website"},"primaryImageOfPage":{"@id":"https:\/\/amaruoptim.stg.uzero.cat\/fr\/meubles-anciens\/anciens-vases\/vase-decoratif-vintage-orange-c-1950-am06096-1\/#primaryimage"},"image":{"@id":"https:\/\/amaruoptim.stg.uzero.cat\/fr\/meubles-anciens\/anciens-vases\/vase-decoratif-vintage-orange-c-1950-am06096-1\/#primaryimage"},"thumbnailUrl":"https:\/\/amaruoptim.stg.uzero.cat\/wp-content\/uploads\/2025\/06\/AM06096-1-1-2.jpg","datePublished":"2025-06-14T02:10:02+00:00","dateModified":"2025-06-26T15:48:37+00:00","description":"Vase d\u00e9coratif vintage orange (c.1950). Ce vase n'est pas seulement une pi\u00e8ce d\u00e9corative, mais aussi une fen\u00eatre sur l'\u00e9l\u00e9gance et les \u00e9poques r\u00e9volues.","breadcrumb":{"@id":"https:\/\/amaruoptim.stg.uzero.cat\/fr\/meubles-anciens\/anciens-vases\/vase-decoratif-vintage-orange-c-1950-am06096-1\/#breadcrumb"},"inLanguage":"fr-FR","potentialAction":[{"@type":"ReadAction","target":["https:\/\/amaruoptim.stg.uzero.cat\/fr\/meubles-anciens\/anciens-vases\/vase-decoratif-vintage-orange-c-1950-am06096-1\/"]}]},{"@type":"ImageObject","inLanguage":"fr-FR","@id":"https:\/\/amaruoptim.stg.uzero.cat\/fr\/meubles-anciens\/anciens-vases\/vase-decoratif-vintage-orange-c-1950-am06096-1\/#primaryimage","url":"https:\/\/amaruoptim.stg.uzero.cat\/wp-content\/uploads\/2025\/06\/AM06096-1-1-2.jpg","contentUrl":"https:\/\/amaruoptim.stg.uzero.cat\/wp-content\/uploads\/2025\/06\/AM06096-1-1-2.jpg","width":1000,"height":1000},{"@type":"BreadcrumbList","@id":"https:\/\/amaruoptim.stg.uzero.cat\/fr\/meubles-anciens\/anciens-vases\/vase-decoratif-vintage-orange-c-1950-am06096-1\/#breadcrumb","itemListElement":[{"@type":"ListItem","position":1,"name":"Accueil","item":"https:\/\/amaruantiques.com\/fr\/"},{"@type":"ListItem","position":2,"name":"Boutique","item":"https:\/\/amaruantiques.com\/fr\/boutique\/"},{"@type":"ListItem","position":3,"name":"Vase d\u00e9coratif vintage orange (c.1950)"}]},{"@type":"WebSite","@id":"https:\/\/amaruantiques.com\/#website","url":"https:\/\/amaruantiques.com\/","name":"AMARU - Timeless Antiques","description":"Timeless antiques","publisher":{"@id":"https:\/\/amaruantiques.com\/#organization"},"potentialAction":[{"@type":"SearchAction","target":{"@type":"EntryPoint","urlTemplate":"https:\/\/amaruantiques.com\/?s={search_term_string}"},"query-input":{"@type":"PropertyValueSpecification","valueRequired":true,"valueName":"search_term_string"}}],"inLanguage":"fr-FR"},{"@type":"Organization","@id":"https:\/\/amaruantiques.com\/#organization","name":"AMARU","url":"https:\/\/amaruantiques.com\/","logo":{"@type":"ImageObject","inLanguage":"fr-FR","@id":"https:\/\/amaruantiques.com\/#\/schema\/logo\/image\/","url":"https:\/\/amaruoptim.stg.uzero.cat\/wp-content\/uploads\/2025\/04\/logo-AMARU.svg","contentUrl":"https:\/\/amaruoptim.stg.uzero.cat\/wp-content\/uploads\/2025\/04\/logo-AMARU.svg","caption":"AMARU"},"image":{"@id":"https:\/\/amaruantiques.com\/#\/schema\/logo\/image\/"}}]}},"_links":{"self":[{"href":"https:\/\/amaruoptim.stg.uzero.cat\/fr\/wp-json\/wp\/v2\/product\/212590","targetHints":{"allow":["GET"]}}],"collection":[{"href":"https:\/\/amaruoptim.stg.uzero.cat\/fr\/wp-json\/wp\/v2\/product"}],"about":[{"href":"https:\/\/amaruoptim.stg.uzero.cat\/fr\/wp-json\/wp\/v2\/types\/product"}],"wp:featuredmedia":[{"embeddable":true,"href":"https:\/\/amaruoptim.stg.uzero.cat\/fr\/wp-json\/wp\/v2\/media\/231952"}],"wp:attachment":[{"href":"https:\/\/amaruoptim.stg.uzero.cat\/fr\/wp-json\/wp\/v2\/media?parent=212590"}],"wp:term":[{"taxonomy":"product_brand","embeddable":true,"href":"https:\/\/amaruoptim.stg.uzero.cat\/fr\/wp-json\/wp\/v2\/product_brand?post=212590"},{"taxonomy":"product_cat","embeddable":true,"href":"https:\/\/amaruoptim.stg.uzero.cat\/fr\/wp-json\/wp\/v2\/product_cat?post=212590"},{"taxonomy":"product_tag","embeddable":true,"href":"https:\/\/amaruoptim.stg.uzero.cat\/fr\/wp-json\/wp\/v2\/product_tag?post=212590"}],"curies":[{"name":"wp","href":"https:\/\/api.w.org\/{rel}","templated":true}]}}