{"id":212582,"date":"2023-12-07T17:31:11","date_gmt":"2023-12-07T17:31:13","guid":{"rendered":"https:\/\/amaruantiques.com\/?post_type=product&#038;p=212582"},"modified":"2025-06-26T15:48:34","modified_gmt":"2025-06-26T15:48:34","slug":"bougeoir-ancien-en-metal-am06113-set-de-3-1","status":"publish","type":"product","link":"https:\/\/amaruoptim.stg.uzero.cat\/fr\/meubles-anciens\/autres-objets-et-artefacts-anciens\/bougeoir-ancien-en-metal-am06113-set-de-3-1\/","title":{"rendered":"Bougeoir ancien en m\u00e9tal (vers 1900). Ensemble de 3 pi\u00e8ces."},"content":{"rendered":"<p><strong>Bougeoir ancien en m\u00e9tal<\/strong> (vers 1900). Ensemble de 3 pi\u00e8ces.<\/p>\n<ul>\n<li style=\"font-weight: 400\"><span style=\"font-weight: 400\">\u00c2ge approximatif : 100 ans<\/span><\/li>\n<li style=\"font-weight: 400\"><span style=\"font-weight: 400\">Mat\u00e9riau : m\u00e9tal, laiton<\/span><\/li>\n<\/ul>\n<p><span style=\"font-weight: 400\">Notre <\/span><i><span style=\"font-weight: 400\">bougeoir ancien en m\u00e9tal <\/span><\/i><span style=\"font-weight: 400\">est une pi\u00e8ce unique qui se distingue par:<\/span><\/p>\n<ol>\n<li style=\"font-weight: 400\"><span style=\"font-weight: 400\">La couleur de son laiton chrom\u00e9 avec sa patine cr\u00e9\u00e9 au fil des ans.<\/span><\/li>\n<li style=\"font-weight: 400\"><span style=\"font-weight: 400\">Son design stylis\u00e9 et d\u00e9licat met en valeur sa \u00e9l\u00e9gante silhouette.<\/span><\/li>\n<li style=\"font-weight: 400\"><span style=\"font-weight: 400\">Parfaite pour \u00e9clairer des moments particuliers ou comme \u00e9l\u00e9ment d\u00e9coratif, son authenticit\u00e9 peut transformer n&#8217;importe quel coin en un espace plein de caract\u00e8re et d&#8217;originalit\u00e9.<\/span><\/li>\n<\/ol>\n<p><span style=\"font-weight: 400\">Il est en excellent \u00e9tat de conservation, \u00e0 l&#8217;exception des imperfections caract\u00e9ristiques de toute antiquit\u00e9, dues au passage du temps.<\/span><\/p>\n<p>Donnez \u00e0 votre int\u00e9rieur une touche d&#8217;originalit\u00e9 avec une pi\u00e8ce unique qui s&#8217;int\u00e8gre dans le style contemporain et apporte de la personnalit\u00e9 \u00e0 votre int\u00e9rieur. Ce chandelier ancien peut \u00eatre combin\u00e9 avec l&#8217;une de nos\u00a0<a href=\"https:\/\/amaruantiques.com\/fr\/categoria-producto\/tables-dappoint-tables-du-salon-et-tables-basses\/\">tables basses<\/a> ou avec d&#8217;autres <a href=\"https:\/\/amaruantiques.com\/fr\/categoria-producto\/objets-anciens\/\">objets anciens<\/a> disponibles.<\/p>\n<p><em>PI\u00c8CE UNIQUE<\/em><\/p>\n","protected":false},"excerpt":{"rendered":"<p><strong>Bougeoir ancien <\/strong>en m\u00e9tal (vers 1900). Ensemble de 3 pi\u00e8ces.<\/p>\n<p><strong>Dimensions<\/strong> <strong>grand chandelier : <\/strong>12 x 12 x 26 cm (L x l x h)<\/p>\n<p><strong>Dimensions du chandelier<\/strong> <strong>moyen : <\/strong>11 x 11 x 11 x 23 cm (L x l x h)<\/p>\n<p><strong>Dimensions du<\/strong> <strong>petit chandelier<\/strong> : 9 x 9 x 9 x 18 cm (L x l x h)<\/p>\n<p><em>PI\u00c8CES UNIQUES<\/em><\/p>\n","protected":false},"featured_media":231859,"template":"","meta":[],"product_brand":[],"product_cat":[638],"product_tag":[],"class_list":{"0":"post-212582","1":"product","2":"type-product","3":"status-publish","4":"has-post-thumbnail","6":"product_cat-autres-objets-et-artefacts-anciens","7":"product_shipping_class-small-50-fr","8":"pa_estilo-style-rustique","10":"first","11":"instock","12":"taxable","13":"shipping-taxable","14":"purchasable","15":"product-type-simple"},"yoast_head":"<!-- This site is optimized with the Yoast SEO plugin v26.0 - https:\/\/yoast.com\/wordpress\/plugins\/seo\/ -->\n<title>Bougeoir ancien en m\u00e9tal | Chandeliers anciens | AMARU<\/title>\n<meta name=\"description\" content=\"Bougeoir ancien en m\u00e9tal (vers 1900). Ensemble de 3 pi\u00e8ces. Un bijou intemporel qui conf\u00e8re charme et chaleur \u00e0 tout espace. Visitez notre site web...\" \/>\n<meta name=\"robots\" content=\"index, follow, max-snippet:-1, max-image-preview:large, max-video-preview:-1\" \/>\n<link rel=\"canonical\" href=\"https:\/\/amaruoptim.stg.uzero.cat\/fr\/meubles-anciens\/autres-objets-et-artefacts-anciens\/bougeoir-ancien-en-metal-am06113-set-de-3-1\/\" \/>\n<meta property=\"og:locale\" content=\"fr_FR\" \/>\n<meta property=\"og:type\" content=\"article\" \/>\n<meta property=\"og:title\" content=\"Bougeoir ancien en m\u00e9tal | Chandeliers anciens | AMARU\" \/>\n<meta property=\"og:description\" content=\"Bougeoir ancien en m\u00e9tal (vers 1900). Ensemble de 3 pi\u00e8ces. Un bijou intemporel qui conf\u00e8re charme et chaleur \u00e0 tout espace. Visitez notre site web...\" \/>\n<meta property=\"og:url\" content=\"https:\/\/amaruoptim.stg.uzero.cat\/fr\/meubles-anciens\/autres-objets-et-artefacts-anciens\/bougeoir-ancien-en-metal-am06113-set-de-3-1\/\" \/>\n<meta property=\"og:site_name\" content=\"AMARU\" \/>\n<meta property=\"article:modified_time\" content=\"2025-06-26T15:48:34+00:00\" \/>\n<meta property=\"og:image\" content=\"https:\/\/amaruantiques.com\/wp-content\/uploads\/2025\/06\/AM06113-1-8-2.jpg\" \/>\n\t<meta property=\"og:image:width\" content=\"924\" \/>\n\t<meta property=\"og:image:height\" content=\"924\" \/>\n\t<meta property=\"og:image:type\" content=\"image\/jpeg\" \/>\n<meta name=\"twitter:card\" content=\"summary_large_image\" \/>\n<meta name=\"twitter:label1\" content=\"Dur\u00e9e de lecture estim\u00e9e\" \/>\n\t<meta name=\"twitter:data1\" content=\"2 minutes\" \/>\n<!-- \/ Yoast SEO plugin. -->","yoast_head_json":{"title":"Bougeoir ancien en m\u00e9tal | Chandeliers anciens | AMARU","description":"Bougeoir ancien en m\u00e9tal (vers 1900). Ensemble de 3 pi\u00e8ces. Un bijou intemporel qui conf\u00e8re charme et chaleur \u00e0 tout espace. Visitez notre site web...","robots":{"index":"index","follow":"follow","max-snippet":"max-snippet:-1","max-image-preview":"max-image-preview:large","max-video-preview":"max-video-preview:-1"},"canonical":"https:\/\/amaruoptim.stg.uzero.cat\/fr\/meubles-anciens\/autres-objets-et-artefacts-anciens\/bougeoir-ancien-en-metal-am06113-set-de-3-1\/","og_locale":"fr_FR","og_type":"article","og_title":"Bougeoir ancien en m\u00e9tal | Chandeliers anciens | AMARU","og_description":"Bougeoir ancien en m\u00e9tal (vers 1900). Ensemble de 3 pi\u00e8ces. Un bijou intemporel qui conf\u00e8re charme et chaleur \u00e0 tout espace. Visitez notre site web...","og_url":"https:\/\/amaruoptim.stg.uzero.cat\/fr\/meubles-anciens\/autres-objets-et-artefacts-anciens\/bougeoir-ancien-en-metal-am06113-set-de-3-1\/","og_site_name":"AMARU","article_modified_time":"2025-06-26T15:48:34+00:00","og_image":[{"width":924,"height":924,"url":"https:\/\/amaruantiques.com\/wp-content\/uploads\/2025\/06\/AM06113-1-8-2.jpg","type":"image\/jpeg"}],"twitter_card":"summary_large_image","twitter_misc":{"Dur\u00e9e de lecture estim\u00e9e":"2 minutes"},"schema":{"@context":"https:\/\/schema.org","@graph":[{"@type":"WebPage","@id":"https:\/\/amaruoptim.stg.uzero.cat\/fr\/meubles-anciens\/autres-objets-et-artefacts-anciens\/bougeoir-ancien-en-metal-am06113-set-de-3-1\/","url":"https:\/\/amaruoptim.stg.uzero.cat\/fr\/meubles-anciens\/autres-objets-et-artefacts-anciens\/bougeoir-ancien-en-metal-am06113-set-de-3-1\/","name":"Bougeoir ancien en m\u00e9tal | Chandeliers anciens | AMARU","isPartOf":{"@id":"https:\/\/amaruantiques.com\/#website"},"primaryImageOfPage":{"@id":"https:\/\/amaruoptim.stg.uzero.cat\/fr\/meubles-anciens\/autres-objets-et-artefacts-anciens\/bougeoir-ancien-en-metal-am06113-set-de-3-1\/#primaryimage"},"image":{"@id":"https:\/\/amaruoptim.stg.uzero.cat\/fr\/meubles-anciens\/autres-objets-et-artefacts-anciens\/bougeoir-ancien-en-metal-am06113-set-de-3-1\/#primaryimage"},"thumbnailUrl":"https:\/\/amaruoptim.stg.uzero.cat\/wp-content\/uploads\/2025\/06\/AM06113-1-8-2.jpg","datePublished":"2023-12-07T17:31:13+00:00","dateModified":"2025-06-26T15:48:34+00:00","description":"Bougeoir ancien en m\u00e9tal (vers 1900). Ensemble de 3 pi\u00e8ces. Un bijou intemporel qui conf\u00e8re charme et chaleur \u00e0 tout espace. Visitez notre site web...","breadcrumb":{"@id":"https:\/\/amaruoptim.stg.uzero.cat\/fr\/meubles-anciens\/autres-objets-et-artefacts-anciens\/bougeoir-ancien-en-metal-am06113-set-de-3-1\/#breadcrumb"},"inLanguage":"fr-FR","potentialAction":[{"@type":"ReadAction","target":["https:\/\/amaruoptim.stg.uzero.cat\/fr\/meubles-anciens\/autres-objets-et-artefacts-anciens\/bougeoir-ancien-en-metal-am06113-set-de-3-1\/"]}]},{"@type":"ImageObject","inLanguage":"fr-FR","@id":"https:\/\/amaruoptim.stg.uzero.cat\/fr\/meubles-anciens\/autres-objets-et-artefacts-anciens\/bougeoir-ancien-en-metal-am06113-set-de-3-1\/#primaryimage","url":"https:\/\/amaruoptim.stg.uzero.cat\/wp-content\/uploads\/2025\/06\/AM06113-1-8-2.jpg","contentUrl":"https:\/\/amaruoptim.stg.uzero.cat\/wp-content\/uploads\/2025\/06\/AM06113-1-8-2.jpg","width":924,"height":924},{"@type":"BreadcrumbList","@id":"https:\/\/amaruoptim.stg.uzero.cat\/fr\/meubles-anciens\/autres-objets-et-artefacts-anciens\/bougeoir-ancien-en-metal-am06113-set-de-3-1\/#breadcrumb","itemListElement":[{"@type":"ListItem","position":1,"name":"Accueil","item":"https:\/\/amaruantiques.com\/fr\/"},{"@type":"ListItem","position":2,"name":"Boutique","item":"https:\/\/amaruantiques.com\/fr\/boutique\/"},{"@type":"ListItem","position":3,"name":"Bougeoir ancien en m\u00e9tal (vers 1900). Ensemble de 3 pi\u00e8ces."}]},{"@type":"WebSite","@id":"https:\/\/amaruantiques.com\/#website","url":"https:\/\/amaruantiques.com\/","name":"AMARU - Timeless Antiques","description":"Timeless antiques","publisher":{"@id":"https:\/\/amaruantiques.com\/#organization"},"potentialAction":[{"@type":"SearchAction","target":{"@type":"EntryPoint","urlTemplate":"https:\/\/amaruantiques.com\/?s={search_term_string}"},"query-input":{"@type":"PropertyValueSpecification","valueRequired":true,"valueName":"search_term_string"}}],"inLanguage":"fr-FR"},{"@type":"Organization","@id":"https:\/\/amaruantiques.com\/#organization","name":"AMARU","url":"https:\/\/amaruantiques.com\/","logo":{"@type":"ImageObject","inLanguage":"fr-FR","@id":"https:\/\/amaruantiques.com\/#\/schema\/logo\/image\/","url":"https:\/\/amaruoptim.stg.uzero.cat\/wp-content\/uploads\/2025\/04\/logo-AMARU.svg","contentUrl":"https:\/\/amaruoptim.stg.uzero.cat\/wp-content\/uploads\/2025\/04\/logo-AMARU.svg","caption":"AMARU"},"image":{"@id":"https:\/\/amaruantiques.com\/#\/schema\/logo\/image\/"}}]}},"_links":{"self":[{"href":"https:\/\/amaruoptim.stg.uzero.cat\/fr\/wp-json\/wp\/v2\/product\/212582","targetHints":{"allow":["GET"]}}],"collection":[{"href":"https:\/\/amaruoptim.stg.uzero.cat\/fr\/wp-json\/wp\/v2\/product"}],"about":[{"href":"https:\/\/amaruoptim.stg.uzero.cat\/fr\/wp-json\/wp\/v2\/types\/product"}],"wp:featuredmedia":[{"embeddable":true,"href":"https:\/\/amaruoptim.stg.uzero.cat\/fr\/wp-json\/wp\/v2\/media\/231859"}],"wp:attachment":[{"href":"https:\/\/amaruoptim.stg.uzero.cat\/fr\/wp-json\/wp\/v2\/media?parent=212582"}],"wp:term":[{"taxonomy":"product_brand","embeddable":true,"href":"https:\/\/amaruoptim.stg.uzero.cat\/fr\/wp-json\/wp\/v2\/product_brand?post=212582"},{"taxonomy":"product_cat","embeddable":true,"href":"https:\/\/amaruoptim.stg.uzero.cat\/fr\/wp-json\/wp\/v2\/product_cat?post=212582"},{"taxonomy":"product_tag","embeddable":true,"href":"https:\/\/amaruoptim.stg.uzero.cat\/fr\/wp-json\/wp\/v2\/product_tag?post=212582"}],"curies":[{"name":"wp","href":"https:\/\/api.w.org\/{rel}","templated":true}]}}