{"id":212572,"date":"2023-12-04T10:23:34","date_gmt":"2023-12-04T10:23:36","guid":{"rendered":"https:\/\/amaruantiques.com\/?post_type=product&#038;p=212572"},"modified":"2025-06-26T15:48:29","modified_gmt":"2025-06-26T15:48:29","slug":"chaise-de-jardin-vintage-en-fer-c-1930-am09059","status":"publish","type":"product","link":"https:\/\/amaruoptim.stg.uzero.cat\/fr\/meubles-anciens\/chaises-anciennes\/chaise-de-jardin-vintage-en-fer-c-1930-am09059\/","title":{"rendered":"Chaise de jardin vintage en fer (c.1950)"},"content":{"rendered":"<p><strong>Chaise de jardin vintage en fer<\/strong> (c.1950)<\/p>\n<ul>\n<li><strong>\u00c2ge approximatif:<\/strong> 70 ans<\/li>\n<li><strong>Mat\u00e9riel:<\/strong> Fer<\/li>\n<\/ul>\n<p>Notre <em>chaise en fer <\/em>est une pi\u00e8ce unique qui se distingue par:<\/p>\n<ol>\n<li>Son dessin aux courbes complexes t\u00e9moigne d&#8217;un savoir-faire unique et intemporel.<\/li>\n<li>Sa structure m\u00e9tallique conf\u00e8rent durabilit\u00e9 et charme \u00e0 chaque coin de votre jardin ou de votre terrasse.<\/li>\n<li>Il est id\u00e9al pour tout espace ext\u00e9rieur de votre maison et m\u00eame comme pi\u00e8ce d\u00e9corative dans un salon ou pour donner du charme \u00e0 cet espace sp\u00e9cial que vous avez pr\u00e9vu de changer.<\/li>\n<\/ol>\n<p>Il est en excellent \u00e9tat de conservation, \u00e0 l&#8217;exception des imperfections caract\u00e9ristiques de toute antiquit\u00e9, dues au passage du temps.<\/p>\n<p>Nos chaises peuvent \u00e9galement \u00eatre combin\u00e9es avec l&#8217;une de nos <a href=\"https:\/\/amaruantiques.com\/fr\/categoria-producto\/meubles-de-jardin-anciens\/\">tables d&#8217;ext\u00e9rieur anciennes<\/a>.<\/p>\n<p><em>PI\u00c8CES UNIQUE<\/em><\/p>\n","protected":false},"excerpt":{"rendered":"<p><strong>Dimensions : <\/strong>54 x 65 x 80 cm (L x P x H) et 43 cm de hauteur d&#8217;assise.<\/p>\n<p><em>PI\u00c8CE UNIQUE<\/em><\/p>\n","protected":false},"featured_media":245730,"template":"","meta":[],"product_brand":[],"product_cat":[618,625,621],"product_tag":[],"class_list":{"0":"post-212572","1":"product","2":"type-product","3":"status-publish","4":"has-post-thumbnail","6":"product_cat-chaises-anciennes","7":"product_cat-chaises-exterieures-anciennes","8":"product_cat-meubles-de-jardin-anciens","9":"product_shipping_class-extra-large-250-fr","10":"pa_estilo-style-industriel","12":"first","13":"instock","14":"sale","15":"taxable","16":"shipping-taxable","17":"purchasable","18":"product-type-simple"},"yoast_head":"<!-- This site is optimized with the Yoast SEO plugin v26.0 - https:\/\/yoast.com\/wordpress\/plugins\/seo\/ -->\n<title>Chaise en fer | Chaise vintage | AMARU ANTIQUES<\/title>\n<meta name=\"description\" content=\"Chaise de jardin vintage en fer (c.1950). La noblesse et l&#039;\u00e9l\u00e9gance sont les mots qui d\u00e9finissent mieux la beaut\u00e9 de cette pi\u00e8ce unique...\" \/>\n<meta name=\"robots\" content=\"index, follow, max-snippet:-1, max-image-preview:large, max-video-preview:-1\" \/>\n<link rel=\"canonical\" href=\"https:\/\/amaruoptim.stg.uzero.cat\/fr\/meubles-anciens\/chaises-anciennes\/chaise-de-jardin-vintage-en-fer-c-1930-am09059\/\" \/>\n<meta property=\"og:locale\" content=\"fr_FR\" \/>\n<meta property=\"og:type\" content=\"article\" \/>\n<meta property=\"og:title\" content=\"Chaise en fer | Chaise vintage | AMARU ANTIQUES\" \/>\n<meta property=\"og:description\" content=\"Chaise de jardin vintage en fer (c.1950). La noblesse et l&#039;\u00e9l\u00e9gance sont les mots qui d\u00e9finissent mieux la beaut\u00e9 de cette pi\u00e8ce unique...\" \/>\n<meta property=\"og:url\" content=\"https:\/\/amaruoptim.stg.uzero.cat\/fr\/meubles-anciens\/chaises-anciennes\/chaise-de-jardin-vintage-en-fer-c-1930-am09059\/\" \/>\n<meta property=\"og:site_name\" content=\"AMARU\" \/>\n<meta property=\"article:modified_time\" content=\"2025-06-26T15:48:29+00:00\" \/>\n<meta property=\"og:image\" content=\"https:\/\/amaruantiques.com\/wp-content\/uploads\/2023\/12\/AM09059-D-.jpg\" \/>\n\t<meta property=\"og:image:width\" content=\"1600\" \/>\n\t<meta property=\"og:image:height\" content=\"1600\" \/>\n\t<meta property=\"og:image:type\" content=\"image\/jpeg\" \/>\n<meta name=\"twitter:card\" content=\"summary_large_image\" \/>\n<meta name=\"twitter:label1\" content=\"Dur\u00e9e de lecture estim\u00e9e\" \/>\n\t<meta name=\"twitter:data1\" content=\"2 minutes\" \/>\n<!-- \/ Yoast SEO plugin. -->","yoast_head_json":{"title":"Chaise en fer | Chaise vintage | AMARU ANTIQUES","description":"Chaise de jardin vintage en fer (c.1950). La noblesse et l'\u00e9l\u00e9gance sont les mots qui d\u00e9finissent mieux la beaut\u00e9 de cette pi\u00e8ce unique...","robots":{"index":"index","follow":"follow","max-snippet":"max-snippet:-1","max-image-preview":"max-image-preview:large","max-video-preview":"max-video-preview:-1"},"canonical":"https:\/\/amaruoptim.stg.uzero.cat\/fr\/meubles-anciens\/chaises-anciennes\/chaise-de-jardin-vintage-en-fer-c-1930-am09059\/","og_locale":"fr_FR","og_type":"article","og_title":"Chaise en fer | Chaise vintage | AMARU ANTIQUES","og_description":"Chaise de jardin vintage en fer (c.1950). La noblesse et l'\u00e9l\u00e9gance sont les mots qui d\u00e9finissent mieux la beaut\u00e9 de cette pi\u00e8ce unique...","og_url":"https:\/\/amaruoptim.stg.uzero.cat\/fr\/meubles-anciens\/chaises-anciennes\/chaise-de-jardin-vintage-en-fer-c-1930-am09059\/","og_site_name":"AMARU","article_modified_time":"2025-06-26T15:48:29+00:00","og_image":[{"width":1600,"height":1600,"url":"https:\/\/amaruantiques.com\/wp-content\/uploads\/2023\/12\/AM09059-D-.jpg","type":"image\/jpeg"}],"twitter_card":"summary_large_image","twitter_misc":{"Dur\u00e9e de lecture estim\u00e9e":"2 minutes"},"schema":{"@context":"https:\/\/schema.org","@graph":[{"@type":"WebPage","@id":"https:\/\/amaruoptim.stg.uzero.cat\/fr\/meubles-anciens\/chaises-anciennes\/chaise-de-jardin-vintage-en-fer-c-1930-am09059\/","url":"https:\/\/amaruoptim.stg.uzero.cat\/fr\/meubles-anciens\/chaises-anciennes\/chaise-de-jardin-vintage-en-fer-c-1930-am09059\/","name":"Chaise en fer | Chaise vintage | AMARU ANTIQUES","isPartOf":{"@id":"https:\/\/amaruantiques.com\/#website"},"primaryImageOfPage":{"@id":"https:\/\/amaruoptim.stg.uzero.cat\/fr\/meubles-anciens\/chaises-anciennes\/chaise-de-jardin-vintage-en-fer-c-1930-am09059\/#primaryimage"},"image":{"@id":"https:\/\/amaruoptim.stg.uzero.cat\/fr\/meubles-anciens\/chaises-anciennes\/chaise-de-jardin-vintage-en-fer-c-1930-am09059\/#primaryimage"},"thumbnailUrl":"https:\/\/amaruoptim.stg.uzero.cat\/wp-content\/uploads\/2023\/12\/AM09059-D-.jpg","datePublished":"2023-12-04T10:23:36+00:00","dateModified":"2025-06-26T15:48:29+00:00","description":"Chaise de jardin vintage en fer (c.1950). La noblesse et l'\u00e9l\u00e9gance sont les mots qui d\u00e9finissent mieux la beaut\u00e9 de cette pi\u00e8ce unique...","breadcrumb":{"@id":"https:\/\/amaruoptim.stg.uzero.cat\/fr\/meubles-anciens\/chaises-anciennes\/chaise-de-jardin-vintage-en-fer-c-1930-am09059\/#breadcrumb"},"inLanguage":"fr-FR","potentialAction":[{"@type":"ReadAction","target":["https:\/\/amaruoptim.stg.uzero.cat\/fr\/meubles-anciens\/chaises-anciennes\/chaise-de-jardin-vintage-en-fer-c-1930-am09059\/"]}]},{"@type":"ImageObject","inLanguage":"fr-FR","@id":"https:\/\/amaruoptim.stg.uzero.cat\/fr\/meubles-anciens\/chaises-anciennes\/chaise-de-jardin-vintage-en-fer-c-1930-am09059\/#primaryimage","url":"https:\/\/amaruoptim.stg.uzero.cat\/wp-content\/uploads\/2023\/12\/AM09059-D-.jpg","contentUrl":"https:\/\/amaruoptim.stg.uzero.cat\/wp-content\/uploads\/2023\/12\/AM09059-D-.jpg","width":1600,"height":1600,"caption":"Silla de hierro vintage para jard\u00edn (c.1950)"},{"@type":"BreadcrumbList","@id":"https:\/\/amaruoptim.stg.uzero.cat\/fr\/meubles-anciens\/chaises-anciennes\/chaise-de-jardin-vintage-en-fer-c-1930-am09059\/#breadcrumb","itemListElement":[{"@type":"ListItem","position":1,"name":"Accueil","item":"https:\/\/amaruantiques.com\/fr\/"},{"@type":"ListItem","position":2,"name":"Boutique","item":"https:\/\/amaruantiques.com\/fr\/boutique\/"},{"@type":"ListItem","position":3,"name":"Chaise de jardin vintage en fer (c.1950)"}]},{"@type":"WebSite","@id":"https:\/\/amaruantiques.com\/#website","url":"https:\/\/amaruantiques.com\/","name":"AMARU - Timeless Antiques","description":"Timeless antiques","publisher":{"@id":"https:\/\/amaruantiques.com\/#organization"},"potentialAction":[{"@type":"SearchAction","target":{"@type":"EntryPoint","urlTemplate":"https:\/\/amaruantiques.com\/?s={search_term_string}"},"query-input":{"@type":"PropertyValueSpecification","valueRequired":true,"valueName":"search_term_string"}}],"inLanguage":"fr-FR"},{"@type":"Organization","@id":"https:\/\/amaruantiques.com\/#organization","name":"AMARU","url":"https:\/\/amaruantiques.com\/","logo":{"@type":"ImageObject","inLanguage":"fr-FR","@id":"https:\/\/amaruantiques.com\/#\/schema\/logo\/image\/","url":"https:\/\/amaruoptim.stg.uzero.cat\/wp-content\/uploads\/2025\/04\/logo-AMARU.svg","contentUrl":"https:\/\/amaruoptim.stg.uzero.cat\/wp-content\/uploads\/2025\/04\/logo-AMARU.svg","caption":"AMARU"},"image":{"@id":"https:\/\/amaruantiques.com\/#\/schema\/logo\/image\/"}}]}},"_links":{"self":[{"href":"https:\/\/amaruoptim.stg.uzero.cat\/fr\/wp-json\/wp\/v2\/product\/212572","targetHints":{"allow":["GET"]}}],"collection":[{"href":"https:\/\/amaruoptim.stg.uzero.cat\/fr\/wp-json\/wp\/v2\/product"}],"about":[{"href":"https:\/\/amaruoptim.stg.uzero.cat\/fr\/wp-json\/wp\/v2\/types\/product"}],"wp:featuredmedia":[{"embeddable":true,"href":"https:\/\/amaruoptim.stg.uzero.cat\/fr\/wp-json\/wp\/v2\/media\/245730"}],"wp:attachment":[{"href":"https:\/\/amaruoptim.stg.uzero.cat\/fr\/wp-json\/wp\/v2\/media?parent=212572"}],"wp:term":[{"taxonomy":"product_brand","embeddable":true,"href":"https:\/\/amaruoptim.stg.uzero.cat\/fr\/wp-json\/wp\/v2\/product_brand?post=212572"},{"taxonomy":"product_cat","embeddable":true,"href":"https:\/\/amaruoptim.stg.uzero.cat\/fr\/wp-json\/wp\/v2\/product_cat?post=212572"},{"taxonomy":"product_tag","embeddable":true,"href":"https:\/\/amaruoptim.stg.uzero.cat\/fr\/wp-json\/wp\/v2\/product_tag?post=212572"}],"curies":[{"name":"wp","href":"https:\/\/api.w.org\/{rel}","templated":true}]}}