{"id":212569,"date":"2023-12-04T09:39:57","date_gmt":"2023-12-04T09:39:57","guid":{"rendered":"https:\/\/amaruantiques.com\/?post_type=product&#038;p=212569"},"modified":"2025-06-26T15:48:28","modified_gmt":"2025-06-26T15:48:28","slug":"chaises-industrielles-vintage-c-1950-ensemble-de-4-pieces-am09016-set-de-4","status":"publish","type":"product","link":"https:\/\/amaruoptim.stg.uzero.cat\/fr\/meubles-anciens\/chaises-anciennes\/chaises-vintage-chaises-retro\/chaises-industrielles-vintage-c-1950-ensemble-de-4-pieces-am09016-set-de-4\/","title":{"rendered":"Chaises industrielles vintage (c.1950). Ensemble de 4 pi\u00e8ces"},"content":{"rendered":"<p><strong>Chaises industrielles vintage<\/strong> (c.1950). Ensemble de 4 pi\u00e8ces.<\/p>\n<ul>\n<li><strong>\u00c2ge approximatif:<\/strong> 70 ans<\/li>\n<li><strong>Mat\u00e9riau :<\/strong> Bois et m\u00e9tal<\/li>\n<\/ul>\n<p>Nos <em>chaises industrielles vintage<\/em> sont des pi\u00e8ces uniques qui se distinguent par leur qualit\u00e9 :<\/p>\n<ol>\n<li>Son cadre m\u00e9tallique robuste et son bois solide.<\/li>\n<li>Le confort de son assise et de son dossier ergonomiques \u00e9voque le design robuste et moderne du style industriel.<\/li>\n<li>Il est id\u00e9al pour un espace familial comme la salle \u00e0 manger de votre maison qui apportera un point d&#8217;histoire, de sobri\u00e9t\u00e9 et de confort.<\/li>\n<\/ol>\n<p>Il est en excellent \u00e9tat de conservation, \u00e0 l&#8217;exception des imperfections caract\u00e9ristiques de toute antiquit\u00e9, dues au passage du temps.<\/p>\n<p>Notre ensemble de 4 chaises peut \u00e9galement \u00eatre combin\u00e9 avec l&#8217;une de nos <a href=\"https:\/\/amaruantiques.com\/fr\/categoria-producto\/tables-anciennes\/\">tables de salle \u00e0 manger anciennes<\/a>.<\/p>\n<p><em>PI\u00c8CES UNIQUES<\/em><\/p>\n","protected":false},"excerpt":{"rendered":"<p><strong>Chaises industrielles vintage<\/strong> (c.1900). Ensemble de 4 pi\u00e8ces<\/p>\n<p><strong>Dimensions: <\/strong>47 x 40 x 85 cm (L x L x H).<\/p>\n<p><em>PI\u00c8CES UNIQUES<\/em><\/p>\n","protected":false},"featured_media":231643,"template":"","meta":[],"product_brand":[],"product_cat":[618,641],"product_tag":[],"class_list":{"0":"post-212569","1":"product","2":"type-product","3":"status-publish","4":"has-post-thumbnail","6":"product_cat-chaises-anciennes","7":"product_cat-chaises-vintage-chaises-retro","8":"product_shipping_class-gran-cargo-625-fr","9":"pa_estilo-style-industriel","11":"first","12":"instock","13":"sale","14":"taxable","15":"shipping-taxable","16":"purchasable","17":"product-type-simple"},"yoast_head":"<!-- This site is optimized with the Yoast SEO plugin v26.0 - https:\/\/yoast.com\/wordpress\/plugins\/seo\/ -->\n<title>Chaises industrielles vintage | Chaises en m\u00e9tal | AMARU<\/title>\n<meta name=\"description\" content=\"Chaises industrielles vintage (c.1950). Ensemble de 4 pi\u00e8ces. Des chaises qui donnent de l&#039;\u00e9nergie et de l&#039;originalit\u00e9 \u00e0 votre espace.\" \/>\n<meta name=\"robots\" content=\"index, follow, max-snippet:-1, max-image-preview:large, max-video-preview:-1\" \/>\n<link rel=\"canonical\" href=\"https:\/\/amaruoptim.stg.uzero.cat\/fr\/meubles-anciens\/chaises-anciennes\/chaises-vintage-chaises-retro\/chaises-industrielles-vintage-c-1950-ensemble-de-4-pieces-am09016-set-de-4\/\" \/>\n<meta property=\"og:locale\" content=\"fr_FR\" \/>\n<meta property=\"og:type\" content=\"article\" \/>\n<meta property=\"og:title\" content=\"Chaises industrielles vintage | Chaises en m\u00e9tal | AMARU\" \/>\n<meta property=\"og:description\" content=\"Chaises industrielles vintage (c.1950). Ensemble de 4 pi\u00e8ces. Des chaises qui donnent de l&#039;\u00e9nergie et de l&#039;originalit\u00e9 \u00e0 votre espace.\" \/>\n<meta property=\"og:url\" content=\"https:\/\/amaruoptim.stg.uzero.cat\/fr\/meubles-anciens\/chaises-anciennes\/chaises-vintage-chaises-retro\/chaises-industrielles-vintage-c-1950-ensemble-de-4-pieces-am09016-set-de-4\/\" \/>\n<meta property=\"og:site_name\" content=\"AMARU\" \/>\n<meta property=\"article:modified_time\" content=\"2025-06-26T15:48:28+00:00\" \/>\n<meta property=\"og:image\" content=\"https:\/\/amaruantiques.com\/wp-content\/uploads\/2025\/06\/AM09016-SET-DE-4-1-2.jpg\" \/>\n\t<meta property=\"og:image:width\" content=\"924\" \/>\n\t<meta property=\"og:image:height\" content=\"924\" \/>\n\t<meta property=\"og:image:type\" content=\"image\/jpeg\" \/>\n<meta name=\"twitter:card\" content=\"summary_large_image\" \/>\n<meta name=\"twitter:label1\" content=\"Dur\u00e9e de lecture estim\u00e9e\" \/>\n\t<meta name=\"twitter:data1\" content=\"1 minute\" \/>\n<!-- \/ Yoast SEO plugin. -->","yoast_head_json":{"title":"Chaises industrielles vintage | Chaises en m\u00e9tal | AMARU","description":"Chaises industrielles vintage (c.1950). Ensemble de 4 pi\u00e8ces. Des chaises qui donnent de l'\u00e9nergie et de l'originalit\u00e9 \u00e0 votre espace.","robots":{"index":"index","follow":"follow","max-snippet":"max-snippet:-1","max-image-preview":"max-image-preview:large","max-video-preview":"max-video-preview:-1"},"canonical":"https:\/\/amaruoptim.stg.uzero.cat\/fr\/meubles-anciens\/chaises-anciennes\/chaises-vintage-chaises-retro\/chaises-industrielles-vintage-c-1950-ensemble-de-4-pieces-am09016-set-de-4\/","og_locale":"fr_FR","og_type":"article","og_title":"Chaises industrielles vintage | Chaises en m\u00e9tal | AMARU","og_description":"Chaises industrielles vintage (c.1950). Ensemble de 4 pi\u00e8ces. Des chaises qui donnent de l'\u00e9nergie et de l'originalit\u00e9 \u00e0 votre espace.","og_url":"https:\/\/amaruoptim.stg.uzero.cat\/fr\/meubles-anciens\/chaises-anciennes\/chaises-vintage-chaises-retro\/chaises-industrielles-vintage-c-1950-ensemble-de-4-pieces-am09016-set-de-4\/","og_site_name":"AMARU","article_modified_time":"2025-06-26T15:48:28+00:00","og_image":[{"width":924,"height":924,"url":"https:\/\/amaruantiques.com\/wp-content\/uploads\/2025\/06\/AM09016-SET-DE-4-1-2.jpg","type":"image\/jpeg"}],"twitter_card":"summary_large_image","twitter_misc":{"Dur\u00e9e de lecture estim\u00e9e":"1 minute"},"schema":{"@context":"https:\/\/schema.org","@graph":[{"@type":"WebPage","@id":"https:\/\/amaruoptim.stg.uzero.cat\/fr\/meubles-anciens\/chaises-anciennes\/chaises-vintage-chaises-retro\/chaises-industrielles-vintage-c-1950-ensemble-de-4-pieces-am09016-set-de-4\/","url":"https:\/\/amaruoptim.stg.uzero.cat\/fr\/meubles-anciens\/chaises-anciennes\/chaises-vintage-chaises-retro\/chaises-industrielles-vintage-c-1950-ensemble-de-4-pieces-am09016-set-de-4\/","name":"Chaises industrielles vintage | Chaises en m\u00e9tal | AMARU","isPartOf":{"@id":"https:\/\/amaruantiques.com\/#website"},"primaryImageOfPage":{"@id":"https:\/\/amaruoptim.stg.uzero.cat\/fr\/meubles-anciens\/chaises-anciennes\/chaises-vintage-chaises-retro\/chaises-industrielles-vintage-c-1950-ensemble-de-4-pieces-am09016-set-de-4\/#primaryimage"},"image":{"@id":"https:\/\/amaruoptim.stg.uzero.cat\/fr\/meubles-anciens\/chaises-anciennes\/chaises-vintage-chaises-retro\/chaises-industrielles-vintage-c-1950-ensemble-de-4-pieces-am09016-set-de-4\/#primaryimage"},"thumbnailUrl":"https:\/\/amaruoptim.stg.uzero.cat\/wp-content\/uploads\/2025\/06\/AM09016-SET-DE-4-1-2.jpg","datePublished":"2023-12-04T09:39:57+00:00","dateModified":"2025-06-26T15:48:28+00:00","description":"Chaises industrielles vintage (c.1950). Ensemble de 4 pi\u00e8ces. Des chaises qui donnent de l'\u00e9nergie et de l'originalit\u00e9 \u00e0 votre espace.","breadcrumb":{"@id":"https:\/\/amaruoptim.stg.uzero.cat\/fr\/meubles-anciens\/chaises-anciennes\/chaises-vintage-chaises-retro\/chaises-industrielles-vintage-c-1950-ensemble-de-4-pieces-am09016-set-de-4\/#breadcrumb"},"inLanguage":"fr-FR","potentialAction":[{"@type":"ReadAction","target":["https:\/\/amaruoptim.stg.uzero.cat\/fr\/meubles-anciens\/chaises-anciennes\/chaises-vintage-chaises-retro\/chaises-industrielles-vintage-c-1950-ensemble-de-4-pieces-am09016-set-de-4\/"]}]},{"@type":"ImageObject","inLanguage":"fr-FR","@id":"https:\/\/amaruoptim.stg.uzero.cat\/fr\/meubles-anciens\/chaises-anciennes\/chaises-vintage-chaises-retro\/chaises-industrielles-vintage-c-1950-ensemble-de-4-pieces-am09016-set-de-4\/#primaryimage","url":"https:\/\/amaruoptim.stg.uzero.cat\/wp-content\/uploads\/2025\/06\/AM09016-SET-DE-4-1-2.jpg","contentUrl":"https:\/\/amaruoptim.stg.uzero.cat\/wp-content\/uploads\/2025\/06\/AM09016-SET-DE-4-1-2.jpg","width":924,"height":924},{"@type":"BreadcrumbList","@id":"https:\/\/amaruoptim.stg.uzero.cat\/fr\/meubles-anciens\/chaises-anciennes\/chaises-vintage-chaises-retro\/chaises-industrielles-vintage-c-1950-ensemble-de-4-pieces-am09016-set-de-4\/#breadcrumb","itemListElement":[{"@type":"ListItem","position":1,"name":"Accueil","item":"https:\/\/amaruantiques.com\/fr\/"},{"@type":"ListItem","position":2,"name":"Boutique","item":"https:\/\/amaruantiques.com\/fr\/boutique\/"},{"@type":"ListItem","position":3,"name":"Chaises industrielles vintage (c.1950). Ensemble de 4 pi\u00e8ces"}]},{"@type":"WebSite","@id":"https:\/\/amaruantiques.com\/#website","url":"https:\/\/amaruantiques.com\/","name":"AMARU - Timeless Antiques","description":"Timeless antiques","publisher":{"@id":"https:\/\/amaruantiques.com\/#organization"},"potentialAction":[{"@type":"SearchAction","target":{"@type":"EntryPoint","urlTemplate":"https:\/\/amaruantiques.com\/?s={search_term_string}"},"query-input":{"@type":"PropertyValueSpecification","valueRequired":true,"valueName":"search_term_string"}}],"inLanguage":"fr-FR"},{"@type":"Organization","@id":"https:\/\/amaruantiques.com\/#organization","name":"AMARU","url":"https:\/\/amaruantiques.com\/","logo":{"@type":"ImageObject","inLanguage":"fr-FR","@id":"https:\/\/amaruantiques.com\/#\/schema\/logo\/image\/","url":"https:\/\/amaruoptim.stg.uzero.cat\/wp-content\/uploads\/2025\/04\/logo-AMARU.svg","contentUrl":"https:\/\/amaruoptim.stg.uzero.cat\/wp-content\/uploads\/2025\/04\/logo-AMARU.svg","caption":"AMARU"},"image":{"@id":"https:\/\/amaruantiques.com\/#\/schema\/logo\/image\/"}}]}},"_links":{"self":[{"href":"https:\/\/amaruoptim.stg.uzero.cat\/fr\/wp-json\/wp\/v2\/product\/212569","targetHints":{"allow":["GET"]}}],"collection":[{"href":"https:\/\/amaruoptim.stg.uzero.cat\/fr\/wp-json\/wp\/v2\/product"}],"about":[{"href":"https:\/\/amaruoptim.stg.uzero.cat\/fr\/wp-json\/wp\/v2\/types\/product"}],"wp:featuredmedia":[{"embeddable":true,"href":"https:\/\/amaruoptim.stg.uzero.cat\/fr\/wp-json\/wp\/v2\/media\/231643"}],"wp:attachment":[{"href":"https:\/\/amaruoptim.stg.uzero.cat\/fr\/wp-json\/wp\/v2\/media?parent=212569"}],"wp:term":[{"taxonomy":"product_brand","embeddable":true,"href":"https:\/\/amaruoptim.stg.uzero.cat\/fr\/wp-json\/wp\/v2\/product_brand?post=212569"},{"taxonomy":"product_cat","embeddable":true,"href":"https:\/\/amaruoptim.stg.uzero.cat\/fr\/wp-json\/wp\/v2\/product_cat?post=212569"},{"taxonomy":"product_tag","embeddable":true,"href":"https:\/\/amaruoptim.stg.uzero.cat\/fr\/wp-json\/wp\/v2\/product_tag?post=212569"}],"curies":[{"name":"wp","href":"https:\/\/api.w.org\/{rel}","templated":true}]}}