{"id":212487,"date":"2023-11-23T16:07:16","date_gmt":"2023-11-23T16:07:23","guid":{"rendered":"https:\/\/amaruantiques.com\/?post_type=product&#038;p=212487"},"modified":"2025-06-26T15:47:50","modified_gmt":"2025-06-26T15:47:50","slug":"coussin-en-lin-naturel-rayures-noir-am04bk-s-2-d15","status":"publish","type":"product","link":"https:\/\/amaruoptim.stg.uzero.cat\/fr\/meubles-anciens\/coussins-en-lin\/coussin-en-lin-naturel-rayures-noir-am04bk-s-2-d15\/","title":{"rendered":"Coussin en lin ray\u00e9 noir"},"content":{"rendered":"<p><strong>Coussin en lin <\/strong>ray\u00e9 noir fabriqu\u00e9 \u00e0 la main \u00e0 partir de anciens sacs de farine.<\/p>\n<ul>\n<li><strong>\u00c2ge approximatif:<\/strong> 100 ans<\/li>\n<li><strong>Mati\u00e8re :<\/strong> lin ancien<\/li>\n<li><strong>Grammage : <\/strong>600 gr\/m2<\/li>\n<\/ul>\n<p>Notre <em>coussin en lin<\/em> est une pi\u00e8ce unique qui se distingue par:<\/p>\n<ol>\n<li>Son \u00e9l\u00e9gance intemporelle.<\/li>\n<li>Les tissus de lin actuellement fabriqu\u00e9s p\u00e8sent g\u00e9n\u00e9ralement 160 grammes\/m2. Imaginez le confort, la solidit\u00e9 et la durabilit\u00e9 de nos coussins extra-\u00e9pais de 600 grammes\/m2 !<\/li>\n<li>Il peut \u00eatre utilis\u00e9 comme \u00e9l\u00e9ment d\u00e9coratif dans n&#8217;importe quel coin de votre maison, du salon \u00e0 la chambre \u00e0 coucher et m\u00eame au jardin.<\/li>\n<\/ol>\n<p>Il est en excellent \u00e9tat de conservation, \u00e0 l&#8217;exception des imperfections caract\u00e9ristiques de toute antiquit\u00e9, dues au passage du temps.<\/p>\n<p>Donnez \u00e0 votre int\u00e9rieur une touche d&#8217;originalit\u00e9 avec une pi\u00e8ce unique qui s&#8217;int\u00e8gre dans le style contemporain et apporte de la personnalit\u00e9 \u00e0 votre int\u00e9rieur. Ils s&#8217;accordent parfaitement avec plus<a href=\"https:\/\/amaruantiques.com\/fr\/meubles-anciens\/coussins-en-lin\/coussin-en-lin-naturel-a-rayures-noires\/\"> coussins en lin naturel<\/a> et avec le style wabisabi de notre<a href=\"https:\/\/amaruantiques.com\/fr\/categoria-producto\/tabourets-anciens\/\"> tabourets anciens<\/a> et de notre<a href=\"https:\/\/amaruantiques.com\/fr\/categoria-producto\/bancs-anciens\/\"> vieux bancs<\/a>.<\/p>\n<p>N&#8217;INCLUT PAS LE REMPLISSAGE.<\/p>\n<p>&nbsp;<\/p>\n","protected":false},"excerpt":{"rendered":"<p><strong>Coussin en lin <\/strong>\u00e0 rayures noires<\/p>\n<p><strong>Grammage : <\/strong>Tr\u00e8s \u00e9pais 600 grammes\/m2<\/p>\n<p><strong>Dimensions et prix :<\/strong><\/p>\n<ul>\n<li>50 x 70 cm : 59 \u20ac.<\/li>\n<li>50 x 50 cm : 49 \u20ac.<\/li>\n<li>30 x 50 cm : 36 \u20ac.<\/li>\n<\/ul>\n<p>Des dimensions personnalis\u00e9es sont possibles.<\/p>\n<p>Diff\u00e9rents mod\u00e8les sont disponibles avec des bandes de la m\u00eame couleur.<\/p>\n<p>Pour plus d&#8217;informations, veuillez nous contacter par courrier \u00e9lectronique \u00e0 l&#8217;adresse oriol@amaruantiques.com.<\/p>\n<p>N&#8217;INCLUT PAS LE REMPLISSAGE.<br \/>\nTEMPS DE PREPARATION APPROXIMATIF DE 5 JOURS OUVRABLES.<\/p>\n<p>&nbsp;<\/p>\n","protected":false},"featured_media":230725,"template":"","meta":[],"product_brand":[],"product_cat":[619],"product_tag":[753],"class_list":{"0":"post-212487","1":"product","2":"type-product","3":"status-publish","4":"has-post-thumbnail","6":"product_cat-coussins-en-lin","7":"product_tag-coussin-en-lin-ancien","8":"product_shipping_class-tiny-10-fr","10":"first","11":"instock","12":"sale","13":"taxable","14":"shipping-taxable","15":"purchasable","16":"product-type-variable"},"yoast_head":"<!-- This site is optimized with the Yoast SEO plugin v26.0 - https:\/\/yoast.com\/wordpress\/plugins\/seo\/ -->\n<title>Coussin en lin | Coussin en lin naturel | AMARU ANTIQUES<\/title>\n<meta name=\"description\" content=\"Coussin en lin ray\u00e9 noir fabriqu\u00e9 \u00e0 la main \u00e0 partir de vieux sacs de farine. D\u00e9couvrez plus de coussins avec des designs et des couleurs diff\u00e9rents ici...\" \/>\n<meta name=\"robots\" content=\"index, follow, max-snippet:-1, max-image-preview:large, max-video-preview:-1\" \/>\n<link rel=\"canonical\" href=\"https:\/\/amaruoptim.stg.uzero.cat\/fr\/meubles-anciens\/coussins-en-lin\/coussin-en-lin-naturel-rayures-noir-am04bk-s-2-d15\/\" \/>\n<meta property=\"og:locale\" content=\"fr_FR\" \/>\n<meta property=\"og:type\" content=\"article\" \/>\n<meta property=\"og:title\" content=\"Coussin en lin | Coussin en lin naturel | AMARU ANTIQUES\" \/>\n<meta property=\"og:description\" content=\"Coussin en lin ray\u00e9 noir fabriqu\u00e9 \u00e0 la main \u00e0 partir de vieux sacs de farine. D\u00e9couvrez plus de coussins avec des designs et des couleurs diff\u00e9rents ici...\" \/>\n<meta property=\"og:url\" content=\"https:\/\/amaruoptim.stg.uzero.cat\/fr\/meubles-anciens\/coussins-en-lin\/coussin-en-lin-naturel-rayures-noir-am04bk-s-2-d15\/\" \/>\n<meta property=\"og:site_name\" content=\"AMARU\" \/>\n<meta property=\"article:modified_time\" content=\"2025-06-26T15:47:50+00:00\" \/>\n<meta property=\"og:image\" content=\"https:\/\/amaruantiques.com\/wp-content\/uploads\/2025\/06\/AM04BK-S-2-D15-1-2.jpg\" \/>\n\t<meta property=\"og:image:width\" content=\"924\" \/>\n\t<meta property=\"og:image:height\" content=\"924\" \/>\n\t<meta property=\"og:image:type\" content=\"image\/jpeg\" \/>\n<meta name=\"twitter:card\" content=\"summary_large_image\" \/>\n<meta name=\"twitter:label1\" content=\"Dur\u00e9e de lecture estim\u00e9e\" \/>\n\t<meta name=\"twitter:data1\" content=\"1 minute\" \/>\n<!-- \/ Yoast SEO plugin. -->","yoast_head_json":{"title":"Coussin en lin | Coussin en lin naturel | AMARU ANTIQUES","description":"Coussin en lin ray\u00e9 noir fabriqu\u00e9 \u00e0 la main \u00e0 partir de vieux sacs de farine. D\u00e9couvrez plus de coussins avec des designs et des couleurs diff\u00e9rents ici...","robots":{"index":"index","follow":"follow","max-snippet":"max-snippet:-1","max-image-preview":"max-image-preview:large","max-video-preview":"max-video-preview:-1"},"canonical":"https:\/\/amaruoptim.stg.uzero.cat\/fr\/meubles-anciens\/coussins-en-lin\/coussin-en-lin-naturel-rayures-noir-am04bk-s-2-d15\/","og_locale":"fr_FR","og_type":"article","og_title":"Coussin en lin | Coussin en lin naturel | AMARU ANTIQUES","og_description":"Coussin en lin ray\u00e9 noir fabriqu\u00e9 \u00e0 la main \u00e0 partir de vieux sacs de farine. D\u00e9couvrez plus de coussins avec des designs et des couleurs diff\u00e9rents ici...","og_url":"https:\/\/amaruoptim.stg.uzero.cat\/fr\/meubles-anciens\/coussins-en-lin\/coussin-en-lin-naturel-rayures-noir-am04bk-s-2-d15\/","og_site_name":"AMARU","article_modified_time":"2025-06-26T15:47:50+00:00","og_image":[{"width":924,"height":924,"url":"https:\/\/amaruantiques.com\/wp-content\/uploads\/2025\/06\/AM04BK-S-2-D15-1-2.jpg","type":"image\/jpeg"}],"twitter_card":"summary_large_image","twitter_misc":{"Dur\u00e9e de lecture estim\u00e9e":"1 minute"},"schema":{"@context":"https:\/\/schema.org","@graph":[{"@type":"WebPage","@id":"https:\/\/amaruoptim.stg.uzero.cat\/fr\/meubles-anciens\/coussins-en-lin\/coussin-en-lin-naturel-rayures-noir-am04bk-s-2-d15\/","url":"https:\/\/amaruoptim.stg.uzero.cat\/fr\/meubles-anciens\/coussins-en-lin\/coussin-en-lin-naturel-rayures-noir-am04bk-s-2-d15\/","name":"Coussin en lin | Coussin en lin naturel | AMARU ANTIQUES","isPartOf":{"@id":"https:\/\/amaruantiques.com\/#website"},"primaryImageOfPage":{"@id":"https:\/\/amaruoptim.stg.uzero.cat\/fr\/meubles-anciens\/coussins-en-lin\/coussin-en-lin-naturel-rayures-noir-am04bk-s-2-d15\/#primaryimage"},"image":{"@id":"https:\/\/amaruoptim.stg.uzero.cat\/fr\/meubles-anciens\/coussins-en-lin\/coussin-en-lin-naturel-rayures-noir-am04bk-s-2-d15\/#primaryimage"},"thumbnailUrl":"https:\/\/amaruoptim.stg.uzero.cat\/wp-content\/uploads\/2025\/06\/AM04BK-S-2-D15-1-2.jpg","datePublished":"2023-11-23T16:07:23+00:00","dateModified":"2025-06-26T15:47:50+00:00","description":"Coussin en lin ray\u00e9 noir fabriqu\u00e9 \u00e0 la main \u00e0 partir de vieux sacs de farine. D\u00e9couvrez plus de coussins avec des designs et des couleurs diff\u00e9rents ici...","breadcrumb":{"@id":"https:\/\/amaruoptim.stg.uzero.cat\/fr\/meubles-anciens\/coussins-en-lin\/coussin-en-lin-naturel-rayures-noir-am04bk-s-2-d15\/#breadcrumb"},"inLanguage":"fr-FR","potentialAction":[{"@type":"ReadAction","target":["https:\/\/amaruoptim.stg.uzero.cat\/fr\/meubles-anciens\/coussins-en-lin\/coussin-en-lin-naturel-rayures-noir-am04bk-s-2-d15\/"]}]},{"@type":"ImageObject","inLanguage":"fr-FR","@id":"https:\/\/amaruoptim.stg.uzero.cat\/fr\/meubles-anciens\/coussins-en-lin\/coussin-en-lin-naturel-rayures-noir-am04bk-s-2-d15\/#primaryimage","url":"https:\/\/amaruoptim.stg.uzero.cat\/wp-content\/uploads\/2025\/06\/AM04BK-S-2-D15-1-2.jpg","contentUrl":"https:\/\/amaruoptim.stg.uzero.cat\/wp-content\/uploads\/2025\/06\/AM04BK-S-2-D15-1-2.jpg","width":924,"height":924},{"@type":"BreadcrumbList","@id":"https:\/\/amaruoptim.stg.uzero.cat\/fr\/meubles-anciens\/coussins-en-lin\/coussin-en-lin-naturel-rayures-noir-am04bk-s-2-d15\/#breadcrumb","itemListElement":[{"@type":"ListItem","position":1,"name":"Accueil","item":"https:\/\/amaruantiques.com\/fr\/"},{"@type":"ListItem","position":2,"name":"Boutique","item":"https:\/\/amaruantiques.com\/fr\/boutique\/"},{"@type":"ListItem","position":3,"name":"Coussin en lin ray\u00e9 noir"}]},{"@type":"WebSite","@id":"https:\/\/amaruantiques.com\/#website","url":"https:\/\/amaruantiques.com\/","name":"AMARU - Timeless Antiques","description":"Timeless antiques","publisher":{"@id":"https:\/\/amaruantiques.com\/#organization"},"potentialAction":[{"@type":"SearchAction","target":{"@type":"EntryPoint","urlTemplate":"https:\/\/amaruantiques.com\/?s={search_term_string}"},"query-input":{"@type":"PropertyValueSpecification","valueRequired":true,"valueName":"search_term_string"}}],"inLanguage":"fr-FR"},{"@type":"Organization","@id":"https:\/\/amaruantiques.com\/#organization","name":"AMARU","url":"https:\/\/amaruantiques.com\/","logo":{"@type":"ImageObject","inLanguage":"fr-FR","@id":"https:\/\/amaruantiques.com\/#\/schema\/logo\/image\/","url":"https:\/\/amaruoptim.stg.uzero.cat\/wp-content\/uploads\/2025\/04\/logo-AMARU.svg","contentUrl":"https:\/\/amaruoptim.stg.uzero.cat\/wp-content\/uploads\/2025\/04\/logo-AMARU.svg","caption":"AMARU"},"image":{"@id":"https:\/\/amaruantiques.com\/#\/schema\/logo\/image\/"}}]}},"_links":{"self":[{"href":"https:\/\/amaruoptim.stg.uzero.cat\/fr\/wp-json\/wp\/v2\/product\/212487","targetHints":{"allow":["GET"]}}],"collection":[{"href":"https:\/\/amaruoptim.stg.uzero.cat\/fr\/wp-json\/wp\/v2\/product"}],"about":[{"href":"https:\/\/amaruoptim.stg.uzero.cat\/fr\/wp-json\/wp\/v2\/types\/product"}],"wp:featuredmedia":[{"embeddable":true,"href":"https:\/\/amaruoptim.stg.uzero.cat\/fr\/wp-json\/wp\/v2\/media\/230725"}],"wp:attachment":[{"href":"https:\/\/amaruoptim.stg.uzero.cat\/fr\/wp-json\/wp\/v2\/media?parent=212487"}],"wp:term":[{"taxonomy":"product_brand","embeddable":true,"href":"https:\/\/amaruoptim.stg.uzero.cat\/fr\/wp-json\/wp\/v2\/product_brand?post=212487"},{"taxonomy":"product_cat","embeddable":true,"href":"https:\/\/amaruoptim.stg.uzero.cat\/fr\/wp-json\/wp\/v2\/product_cat?post=212487"},{"taxonomy":"product_tag","embeddable":true,"href":"https:\/\/amaruoptim.stg.uzero.cat\/fr\/wp-json\/wp\/v2\/product_tag?post=212487"}],"curies":[{"name":"wp","href":"https:\/\/api.w.org\/{rel}","templated":true}]}}