{"id":212473,"date":"2023-11-16T17:17:05","date_gmt":"2023-11-16T17:17:06","guid":{"rendered":"https:\/\/amaruantiques.com\/?post_type=product&#038;p=212473"},"modified":"2025-06-26T15:47:37","modified_gmt":"2025-06-26T15:47:37","slug":"fauteuils-anciens-en-chene-vers-1900-ensemble-de-2-pieces-am11011","status":"publish","type":"product","link":"https:\/\/amaruoptim.stg.uzero.cat\/fr\/meubles-anciens\/fauteuils-anciens-bouffees-anciens\/fauteuils-anciens-en-chene-vers-1900-ensemble-de-2-pieces-am11011\/","title":{"rendered":"Fauteuils anciens en ch\u00eane (vers 1900). Ensemble de 2 pi\u00e8ces"},"content":{"rendered":"<p><strong>Fauteuils anciens en ch\u00eane <\/strong> (vers 1900). Ensemble de 2 pi\u00e8ces<\/p>\n<ul>\n<li><strong>\u00c2ge approximatif:<\/strong> 100 ans<\/li>\n<li><strong>Mat\u00e9riau :<\/strong> bois de ch\u00eane et assise en fibre naturelle.<\/li>\n<\/ul>\n<p>Nos <em>fauteuils<\/em> sont des pi\u00e8ces uniques qui se distinguent par:<\/p>\n<ol>\n<li>Le mariage du bois et de la fibre naturelle \u00e9voque un savoir-faire ancestral et unique.<\/li>\n<li>Le confort de son assise et de son posture ergonomiques.<\/li>\n<li>Il est id\u00e9al pour tout espace ou coin de votre maison, salon, salle \u00e0 manger ou m\u00eame votre biblioth\u00e8que personnelle.<\/li>\n<\/ol>\n<p>Il est en excellent \u00e9tat de conservation, \u00e0 l&#8217;exception des imperfections caract\u00e9ristiques de toute antiquit\u00e9, dues au passage du temps.<\/p>\n<p>Nos chaises peuvent \u00e9galement \u00eatre combin\u00e9es avec l&#8217;une de nos <a href=\"https:\/\/amaruantiques.com\/fr\/categoria-producto\/tables-anciennes\/\">tables de salle \u00e0 manger anciennes<\/a>.<\/p>\n<p><em>PI\u00c8CES UNIQUES<\/em><\/p>\n","protected":false},"excerpt":{"rendered":"<p><strong>Dimensions : <\/strong>52 x 52 x 88 cm (L x L x H) et 48 cm de hauteur d&#8217;assise.<\/p>\n<p><em>PI\u00c8CES UNIQUES.<\/em><\/p>\n","protected":false},"featured_media":230404,"template":"","meta":[],"product_brand":[],"product_cat":[630],"product_tag":[],"class_list":{"0":"post-212473","1":"product","2":"type-product","3":"status-publish","4":"has-post-thumbnail","6":"product_cat-fauteuils-anciens-bouffees-anciens","7":"product_shipping_class-gran-cargo-625-fr","8":"pa_estilo-style-rustique","10":"first","11":"instock","12":"sale","13":"taxable","14":"shipping-taxable","15":"purchasable","16":"product-type-simple"},"yoast_head":"<!-- This site is optimized with the Yoast SEO plugin v26.0 - https:\/\/yoast.com\/wordpress\/plugins\/seo\/ -->\n<title>Fauteuils | Chaises en bois anciennes | AMARU ANTIQUES<\/title>\n<meta name=\"description\" content=\"Fauteuils anciens en ch\u00eane (vers 1900). Ensemble de 2 pi\u00e8ces. Des chaises uniques qui allient le naturel et le ancestral. Venez sur notre site web.\" \/>\n<meta name=\"robots\" content=\"index, follow, max-snippet:-1, max-image-preview:large, max-video-preview:-1\" \/>\n<link rel=\"canonical\" href=\"https:\/\/amaruoptim.stg.uzero.cat\/fr\/meubles-anciens\/fauteuils-anciens-bouffees-anciens\/fauteuils-anciens-en-chene-vers-1900-ensemble-de-2-pieces-am11011\/\" \/>\n<meta property=\"og:locale\" content=\"fr_FR\" \/>\n<meta property=\"og:type\" content=\"article\" \/>\n<meta property=\"og:title\" content=\"Fauteuils | Chaises en bois anciennes | AMARU ANTIQUES\" \/>\n<meta property=\"og:description\" content=\"Fauteuils anciens en ch\u00eane (vers 1900). Ensemble de 2 pi\u00e8ces. Des chaises uniques qui allient le naturel et le ancestral. Venez sur notre site web.\" \/>\n<meta property=\"og:url\" content=\"https:\/\/amaruoptim.stg.uzero.cat\/fr\/meubles-anciens\/fauteuils-anciens-bouffees-anciens\/fauteuils-anciens-en-chene-vers-1900-ensemble-de-2-pieces-am11011\/\" \/>\n<meta property=\"og:site_name\" content=\"AMARU\" \/>\n<meta property=\"article:modified_time\" content=\"2025-06-26T15:47:37+00:00\" \/>\n<meta property=\"og:image\" content=\"https:\/\/amaruantiques.com\/wp-content\/uploads\/2025\/06\/AM11011-1-2.jpg\" \/>\n\t<meta property=\"og:image:width\" content=\"924\" \/>\n\t<meta property=\"og:image:height\" content=\"924\" \/>\n\t<meta property=\"og:image:type\" content=\"image\/jpeg\" \/>\n<meta name=\"twitter:card\" content=\"summary_large_image\" \/>\n<meta name=\"twitter:label1\" content=\"Dur\u00e9e de lecture estim\u00e9e\" \/>\n\t<meta name=\"twitter:data1\" content=\"1 minute\" \/>\n<!-- \/ Yoast SEO plugin. -->","yoast_head_json":{"title":"Fauteuils | Chaises en bois anciennes | AMARU ANTIQUES","description":"Fauteuils anciens en ch\u00eane (vers 1900). Ensemble de 2 pi\u00e8ces. Des chaises uniques qui allient le naturel et le ancestral. Venez sur notre site web.","robots":{"index":"index","follow":"follow","max-snippet":"max-snippet:-1","max-image-preview":"max-image-preview:large","max-video-preview":"max-video-preview:-1"},"canonical":"https:\/\/amaruoptim.stg.uzero.cat\/fr\/meubles-anciens\/fauteuils-anciens-bouffees-anciens\/fauteuils-anciens-en-chene-vers-1900-ensemble-de-2-pieces-am11011\/","og_locale":"fr_FR","og_type":"article","og_title":"Fauteuils | Chaises en bois anciennes | AMARU ANTIQUES","og_description":"Fauteuils anciens en ch\u00eane (vers 1900). Ensemble de 2 pi\u00e8ces. Des chaises uniques qui allient le naturel et le ancestral. Venez sur notre site web.","og_url":"https:\/\/amaruoptim.stg.uzero.cat\/fr\/meubles-anciens\/fauteuils-anciens-bouffees-anciens\/fauteuils-anciens-en-chene-vers-1900-ensemble-de-2-pieces-am11011\/","og_site_name":"AMARU","article_modified_time":"2025-06-26T15:47:37+00:00","og_image":[{"width":924,"height":924,"url":"https:\/\/amaruantiques.com\/wp-content\/uploads\/2025\/06\/AM11011-1-2.jpg","type":"image\/jpeg"}],"twitter_card":"summary_large_image","twitter_misc":{"Dur\u00e9e de lecture estim\u00e9e":"1 minute"},"schema":{"@context":"https:\/\/schema.org","@graph":[{"@type":"WebPage","@id":"https:\/\/amaruoptim.stg.uzero.cat\/fr\/meubles-anciens\/fauteuils-anciens-bouffees-anciens\/fauteuils-anciens-en-chene-vers-1900-ensemble-de-2-pieces-am11011\/","url":"https:\/\/amaruoptim.stg.uzero.cat\/fr\/meubles-anciens\/fauteuils-anciens-bouffees-anciens\/fauteuils-anciens-en-chene-vers-1900-ensemble-de-2-pieces-am11011\/","name":"Fauteuils | Chaises en bois anciennes | AMARU ANTIQUES","isPartOf":{"@id":"https:\/\/amaruantiques.com\/#website"},"primaryImageOfPage":{"@id":"https:\/\/amaruoptim.stg.uzero.cat\/fr\/meubles-anciens\/fauteuils-anciens-bouffees-anciens\/fauteuils-anciens-en-chene-vers-1900-ensemble-de-2-pieces-am11011\/#primaryimage"},"image":{"@id":"https:\/\/amaruoptim.stg.uzero.cat\/fr\/meubles-anciens\/fauteuils-anciens-bouffees-anciens\/fauteuils-anciens-en-chene-vers-1900-ensemble-de-2-pieces-am11011\/#primaryimage"},"thumbnailUrl":"https:\/\/amaruoptim.stg.uzero.cat\/wp-content\/uploads\/2025\/06\/AM11011-1-2.jpg","datePublished":"2023-11-16T17:17:06+00:00","dateModified":"2025-06-26T15:47:37+00:00","description":"Fauteuils anciens en ch\u00eane (vers 1900). Ensemble de 2 pi\u00e8ces. Des chaises uniques qui allient le naturel et le ancestral. Venez sur notre site web.","breadcrumb":{"@id":"https:\/\/amaruoptim.stg.uzero.cat\/fr\/meubles-anciens\/fauteuils-anciens-bouffees-anciens\/fauteuils-anciens-en-chene-vers-1900-ensemble-de-2-pieces-am11011\/#breadcrumb"},"inLanguage":"fr-FR","potentialAction":[{"@type":"ReadAction","target":["https:\/\/amaruoptim.stg.uzero.cat\/fr\/meubles-anciens\/fauteuils-anciens-bouffees-anciens\/fauteuils-anciens-en-chene-vers-1900-ensemble-de-2-pieces-am11011\/"]}]},{"@type":"ImageObject","inLanguage":"fr-FR","@id":"https:\/\/amaruoptim.stg.uzero.cat\/fr\/meubles-anciens\/fauteuils-anciens-bouffees-anciens\/fauteuils-anciens-en-chene-vers-1900-ensemble-de-2-pieces-am11011\/#primaryimage","url":"https:\/\/amaruoptim.stg.uzero.cat\/wp-content\/uploads\/2025\/06\/AM11011-1-2.jpg","contentUrl":"https:\/\/amaruoptim.stg.uzero.cat\/wp-content\/uploads\/2025\/06\/AM11011-1-2.jpg","width":924,"height":924},{"@type":"BreadcrumbList","@id":"https:\/\/amaruoptim.stg.uzero.cat\/fr\/meubles-anciens\/fauteuils-anciens-bouffees-anciens\/fauteuils-anciens-en-chene-vers-1900-ensemble-de-2-pieces-am11011\/#breadcrumb","itemListElement":[{"@type":"ListItem","position":1,"name":"Accueil","item":"https:\/\/amaruantiques.com\/fr\/"},{"@type":"ListItem","position":2,"name":"Boutique","item":"https:\/\/amaruantiques.com\/fr\/boutique\/"},{"@type":"ListItem","position":3,"name":"Fauteuils anciens en ch\u00eane (vers 1900). Ensemble de 2 pi\u00e8ces"}]},{"@type":"WebSite","@id":"https:\/\/amaruantiques.com\/#website","url":"https:\/\/amaruantiques.com\/","name":"AMARU - Timeless Antiques","description":"Timeless antiques","publisher":{"@id":"https:\/\/amaruantiques.com\/#organization"},"potentialAction":[{"@type":"SearchAction","target":{"@type":"EntryPoint","urlTemplate":"https:\/\/amaruantiques.com\/?s={search_term_string}"},"query-input":{"@type":"PropertyValueSpecification","valueRequired":true,"valueName":"search_term_string"}}],"inLanguage":"fr-FR"},{"@type":"Organization","@id":"https:\/\/amaruantiques.com\/#organization","name":"AMARU","url":"https:\/\/amaruantiques.com\/","logo":{"@type":"ImageObject","inLanguage":"fr-FR","@id":"https:\/\/amaruantiques.com\/#\/schema\/logo\/image\/","url":"https:\/\/amaruoptim.stg.uzero.cat\/wp-content\/uploads\/2025\/04\/logo-AMARU.svg","contentUrl":"https:\/\/amaruoptim.stg.uzero.cat\/wp-content\/uploads\/2025\/04\/logo-AMARU.svg","caption":"AMARU"},"image":{"@id":"https:\/\/amaruantiques.com\/#\/schema\/logo\/image\/"}}]}},"_links":{"self":[{"href":"https:\/\/amaruoptim.stg.uzero.cat\/fr\/wp-json\/wp\/v2\/product\/212473","targetHints":{"allow":["GET"]}}],"collection":[{"href":"https:\/\/amaruoptim.stg.uzero.cat\/fr\/wp-json\/wp\/v2\/product"}],"about":[{"href":"https:\/\/amaruoptim.stg.uzero.cat\/fr\/wp-json\/wp\/v2\/types\/product"}],"wp:featuredmedia":[{"embeddable":true,"href":"https:\/\/amaruoptim.stg.uzero.cat\/fr\/wp-json\/wp\/v2\/media\/230404"}],"wp:attachment":[{"href":"https:\/\/amaruoptim.stg.uzero.cat\/fr\/wp-json\/wp\/v2\/media?parent=212473"}],"wp:term":[{"taxonomy":"product_brand","embeddable":true,"href":"https:\/\/amaruoptim.stg.uzero.cat\/fr\/wp-json\/wp\/v2\/product_brand?post=212473"},{"taxonomy":"product_cat","embeddable":true,"href":"https:\/\/amaruoptim.stg.uzero.cat\/fr\/wp-json\/wp\/v2\/product_cat?post=212473"},{"taxonomy":"product_tag","embeddable":true,"href":"https:\/\/amaruoptim.stg.uzero.cat\/fr\/wp-json\/wp\/v2\/product_tag?post=212473"}],"curies":[{"name":"wp","href":"https:\/\/api.w.org\/{rel}","templated":true}]}}