{"id":212472,"date":"2023-11-16T16:51:39","date_gmt":"2023-11-16T16:51:40","guid":{"rendered":"https:\/\/amaruantiques.com\/?post_type=product&#038;p=212472"},"modified":"2025-06-26T15:47:37","modified_gmt":"2025-06-26T15:47:37","slug":"chaises-decoratives-vintage-c-1900-ensemble-de-2-pieces-am11017","status":"publish","type":"product","link":"https:\/\/amaruoptim.stg.uzero.cat\/fr\/meubles-anciens\/chaises-anciennes\/chaises-vintage-chaises-retro\/chaises-decoratives-vintage-c-1900-ensemble-de-2-pieces-am11017\/","title":{"rendered":"Chaises d\u00e9coratives vintage (c.1950). Ensemble de 2 pi\u00e8ces"},"content":{"rendered":"<p><strong>Chaises d\u00e9coratives vintage<\/strong> (c.1950). Ensemble de 2 pi\u00e8ces.<\/p>\n<ul>\n<li><strong>\u00c2ge approximatif:<\/strong> 70 ans<\/li>\n<li><strong>Mat\u00e9riau :<\/strong> tissu et bois<\/li>\n<\/ul>\n<p>Nos <em>chaises vintage<\/em> sont des pi\u00e8ces uniques qui se distinguent par:<\/p>\n<ol>\n<li>La combinaison du bois et du tissu cr\u00e9e une harmonie visuelle unique.<\/li>\n<li>Le confort de son assise et de son posture ergonomiques.<\/li>\n<li>Il est id\u00e9al pour tout espace ou coin de votre maison, salon, salle \u00e0 manger ou m\u00eame votre biblioth\u00e8que personnelle.<\/li>\n<\/ol>\n<p>Il est en excellent \u00e9tat de conservation, \u00e0 l&#8217;exception des imperfections caract\u00e9ristiques de toute antiquit\u00e9, dues au passage du temps.<\/p>\n<p>Nos chaises peuvent \u00e9galement \u00eatre combin\u00e9es avec l&#8217;une de nos <a href=\"https:\/\/amaruantiques.com\/fr\/categoria-producto\/tables-anciennes\/\">tables de salle \u00e0 manger anciennes<\/a>.<\/p>\n<p><em>PI\u00c8CES UNIQUES<\/em><\/p>\n","protected":false},"excerpt":{"rendered":"<p><strong>Dimensions : <\/strong>58 x 48 x 80 cm (L x L x H) et 42 cm de hauteur d&#8217;assise.<\/p>\n<p><em>PI\u00c8CES UNIQUES.<\/em><\/p>\n","protected":false},"featured_media":230380,"template":"","meta":[],"product_brand":[],"product_cat":[618,641],"product_tag":[],"class_list":{"0":"post-212472","1":"product","2":"type-product","3":"status-publish","4":"has-post-thumbnail","6":"product_cat-chaises-anciennes","7":"product_cat-chaises-vintage-chaises-retro","8":"product_shipping_class-extra-large-250-fr","9":"pa_estilo-style-vintage","11":"first","12":"instock","13":"sale","14":"taxable","15":"shipping-taxable","16":"purchasable","17":"product-type-simple"},"yoast_head":"<!-- This site is optimized with the Yoast SEO plugin v26.0 - https:\/\/yoast.com\/wordpress\/plugins\/seo\/ -->\n<title>Chaises vintage | Chaises d\u00e9coratives | AMARU ANTIQUES<\/title>\n<meta name=\"description\" content=\"Chaises d\u00e9coratives vintage (c.1950). Ensemble de 2 pi\u00e8ces. Des chaises uniques qui donnent de l&#039;\u00e9nergie et de l&#039;originalit\u00e9 \u00e0 votre espace.\" \/>\n<meta name=\"robots\" content=\"index, follow, max-snippet:-1, max-image-preview:large, max-video-preview:-1\" \/>\n<link rel=\"canonical\" href=\"https:\/\/amaruoptim.stg.uzero.cat\/fr\/meubles-anciens\/chaises-anciennes\/chaises-vintage-chaises-retro\/chaises-decoratives-vintage-c-1900-ensemble-de-2-pieces-am11017\/\" \/>\n<meta property=\"og:locale\" content=\"fr_FR\" \/>\n<meta property=\"og:type\" content=\"article\" \/>\n<meta property=\"og:title\" content=\"Chaises vintage | Chaises d\u00e9coratives | AMARU ANTIQUES\" \/>\n<meta property=\"og:description\" content=\"Chaises d\u00e9coratives vintage (c.1950). Ensemble de 2 pi\u00e8ces. Des chaises uniques qui donnent de l&#039;\u00e9nergie et de l&#039;originalit\u00e9 \u00e0 votre espace.\" \/>\n<meta property=\"og:url\" content=\"https:\/\/amaruoptim.stg.uzero.cat\/fr\/meubles-anciens\/chaises-anciennes\/chaises-vintage-chaises-retro\/chaises-decoratives-vintage-c-1900-ensemble-de-2-pieces-am11017\/\" \/>\n<meta property=\"og:site_name\" content=\"AMARU\" \/>\n<meta property=\"article:modified_time\" content=\"2025-06-26T15:47:37+00:00\" \/>\n<meta property=\"og:image\" content=\"https:\/\/amaruantiques.com\/wp-content\/uploads\/2025\/06\/AM11017-1-3.jpg\" \/>\n\t<meta property=\"og:image:width\" content=\"924\" \/>\n\t<meta property=\"og:image:height\" content=\"924\" \/>\n\t<meta property=\"og:image:type\" content=\"image\/jpeg\" \/>\n<meta name=\"twitter:card\" content=\"summary_large_image\" \/>\n<meta name=\"twitter:label1\" content=\"Dur\u00e9e de lecture estim\u00e9e\" \/>\n\t<meta name=\"twitter:data1\" content=\"1 minute\" \/>\n<!-- \/ Yoast SEO plugin. -->","yoast_head_json":{"title":"Chaises vintage | Chaises d\u00e9coratives | AMARU ANTIQUES","description":"Chaises d\u00e9coratives vintage (c.1950). Ensemble de 2 pi\u00e8ces. Des chaises uniques qui donnent de l'\u00e9nergie et de l'originalit\u00e9 \u00e0 votre espace.","robots":{"index":"index","follow":"follow","max-snippet":"max-snippet:-1","max-image-preview":"max-image-preview:large","max-video-preview":"max-video-preview:-1"},"canonical":"https:\/\/amaruoptim.stg.uzero.cat\/fr\/meubles-anciens\/chaises-anciennes\/chaises-vintage-chaises-retro\/chaises-decoratives-vintage-c-1900-ensemble-de-2-pieces-am11017\/","og_locale":"fr_FR","og_type":"article","og_title":"Chaises vintage | Chaises d\u00e9coratives | AMARU ANTIQUES","og_description":"Chaises d\u00e9coratives vintage (c.1950). Ensemble de 2 pi\u00e8ces. Des chaises uniques qui donnent de l'\u00e9nergie et de l'originalit\u00e9 \u00e0 votre espace.","og_url":"https:\/\/amaruoptim.stg.uzero.cat\/fr\/meubles-anciens\/chaises-anciennes\/chaises-vintage-chaises-retro\/chaises-decoratives-vintage-c-1900-ensemble-de-2-pieces-am11017\/","og_site_name":"AMARU","article_modified_time":"2025-06-26T15:47:37+00:00","og_image":[{"width":924,"height":924,"url":"https:\/\/amaruantiques.com\/wp-content\/uploads\/2025\/06\/AM11017-1-3.jpg","type":"image\/jpeg"}],"twitter_card":"summary_large_image","twitter_misc":{"Dur\u00e9e de lecture estim\u00e9e":"1 minute"},"schema":{"@context":"https:\/\/schema.org","@graph":[{"@type":"WebPage","@id":"https:\/\/amaruoptim.stg.uzero.cat\/fr\/meubles-anciens\/chaises-anciennes\/chaises-vintage-chaises-retro\/chaises-decoratives-vintage-c-1900-ensemble-de-2-pieces-am11017\/","url":"https:\/\/amaruoptim.stg.uzero.cat\/fr\/meubles-anciens\/chaises-anciennes\/chaises-vintage-chaises-retro\/chaises-decoratives-vintage-c-1900-ensemble-de-2-pieces-am11017\/","name":"Chaises vintage | Chaises d\u00e9coratives | AMARU ANTIQUES","isPartOf":{"@id":"https:\/\/amaruantiques.com\/#website"},"primaryImageOfPage":{"@id":"https:\/\/amaruoptim.stg.uzero.cat\/fr\/meubles-anciens\/chaises-anciennes\/chaises-vintage-chaises-retro\/chaises-decoratives-vintage-c-1900-ensemble-de-2-pieces-am11017\/#primaryimage"},"image":{"@id":"https:\/\/amaruoptim.stg.uzero.cat\/fr\/meubles-anciens\/chaises-anciennes\/chaises-vintage-chaises-retro\/chaises-decoratives-vintage-c-1900-ensemble-de-2-pieces-am11017\/#primaryimage"},"thumbnailUrl":"https:\/\/amaruoptim.stg.uzero.cat\/wp-content\/uploads\/2025\/06\/AM11017-1-3.jpg","datePublished":"2023-11-16T16:51:40+00:00","dateModified":"2025-06-26T15:47:37+00:00","description":"Chaises d\u00e9coratives vintage (c.1950). Ensemble de 2 pi\u00e8ces. Des chaises uniques qui donnent de l'\u00e9nergie et de l'originalit\u00e9 \u00e0 votre espace.","breadcrumb":{"@id":"https:\/\/amaruoptim.stg.uzero.cat\/fr\/meubles-anciens\/chaises-anciennes\/chaises-vintage-chaises-retro\/chaises-decoratives-vintage-c-1900-ensemble-de-2-pieces-am11017\/#breadcrumb"},"inLanguage":"fr-FR","potentialAction":[{"@type":"ReadAction","target":["https:\/\/amaruoptim.stg.uzero.cat\/fr\/meubles-anciens\/chaises-anciennes\/chaises-vintage-chaises-retro\/chaises-decoratives-vintage-c-1900-ensemble-de-2-pieces-am11017\/"]}]},{"@type":"ImageObject","inLanguage":"fr-FR","@id":"https:\/\/amaruoptim.stg.uzero.cat\/fr\/meubles-anciens\/chaises-anciennes\/chaises-vintage-chaises-retro\/chaises-decoratives-vintage-c-1900-ensemble-de-2-pieces-am11017\/#primaryimage","url":"https:\/\/amaruoptim.stg.uzero.cat\/wp-content\/uploads\/2025\/06\/AM11017-1-3.jpg","contentUrl":"https:\/\/amaruoptim.stg.uzero.cat\/wp-content\/uploads\/2025\/06\/AM11017-1-3.jpg","width":924,"height":924},{"@type":"BreadcrumbList","@id":"https:\/\/amaruoptim.stg.uzero.cat\/fr\/meubles-anciens\/chaises-anciennes\/chaises-vintage-chaises-retro\/chaises-decoratives-vintage-c-1900-ensemble-de-2-pieces-am11017\/#breadcrumb","itemListElement":[{"@type":"ListItem","position":1,"name":"Accueil","item":"https:\/\/amaruantiques.com\/fr\/"},{"@type":"ListItem","position":2,"name":"Boutique","item":"https:\/\/amaruantiques.com\/fr\/boutique\/"},{"@type":"ListItem","position":3,"name":"Chaises d\u00e9coratives vintage (c.1950). Ensemble de 2 pi\u00e8ces"}]},{"@type":"WebSite","@id":"https:\/\/amaruantiques.com\/#website","url":"https:\/\/amaruantiques.com\/","name":"AMARU - Timeless Antiques","description":"Timeless antiques","publisher":{"@id":"https:\/\/amaruantiques.com\/#organization"},"potentialAction":[{"@type":"SearchAction","target":{"@type":"EntryPoint","urlTemplate":"https:\/\/amaruantiques.com\/?s={search_term_string}"},"query-input":{"@type":"PropertyValueSpecification","valueRequired":true,"valueName":"search_term_string"}}],"inLanguage":"fr-FR"},{"@type":"Organization","@id":"https:\/\/amaruantiques.com\/#organization","name":"AMARU","url":"https:\/\/amaruantiques.com\/","logo":{"@type":"ImageObject","inLanguage":"fr-FR","@id":"https:\/\/amaruantiques.com\/#\/schema\/logo\/image\/","url":"https:\/\/amaruoptim.stg.uzero.cat\/wp-content\/uploads\/2025\/04\/logo-AMARU.svg","contentUrl":"https:\/\/amaruoptim.stg.uzero.cat\/wp-content\/uploads\/2025\/04\/logo-AMARU.svg","caption":"AMARU"},"image":{"@id":"https:\/\/amaruantiques.com\/#\/schema\/logo\/image\/"}}]}},"_links":{"self":[{"href":"https:\/\/amaruoptim.stg.uzero.cat\/fr\/wp-json\/wp\/v2\/product\/212472","targetHints":{"allow":["GET"]}}],"collection":[{"href":"https:\/\/amaruoptim.stg.uzero.cat\/fr\/wp-json\/wp\/v2\/product"}],"about":[{"href":"https:\/\/amaruoptim.stg.uzero.cat\/fr\/wp-json\/wp\/v2\/types\/product"}],"wp:featuredmedia":[{"embeddable":true,"href":"https:\/\/amaruoptim.stg.uzero.cat\/fr\/wp-json\/wp\/v2\/media\/230380"}],"wp:attachment":[{"href":"https:\/\/amaruoptim.stg.uzero.cat\/fr\/wp-json\/wp\/v2\/media?parent=212472"}],"wp:term":[{"taxonomy":"product_brand","embeddable":true,"href":"https:\/\/amaruoptim.stg.uzero.cat\/fr\/wp-json\/wp\/v2\/product_brand?post=212472"},{"taxonomy":"product_cat","embeddable":true,"href":"https:\/\/amaruoptim.stg.uzero.cat\/fr\/wp-json\/wp\/v2\/product_cat?post=212472"},{"taxonomy":"product_tag","embeddable":true,"href":"https:\/\/amaruoptim.stg.uzero.cat\/fr\/wp-json\/wp\/v2\/product_tag?post=212472"}],"curies":[{"name":"wp","href":"https:\/\/api.w.org\/{rel}","templated":true}]}}