{"id":212467,"date":"2023-11-13T19:39:41","date_gmt":"2023-11-13T19:39:43","guid":{"rendered":"https:\/\/amaruantiques.com\/?post_type=product&#038;p=212467"},"modified":"2025-06-26T15:47:35","modified_gmt":"2025-06-26T15:47:35","slug":"ancienne-porte-chinoise-en-bois-am03040","status":"publish","type":"product","link":"https:\/\/amaruoptim.stg.uzero.cat\/fr\/meubles-anciens\/portes-anciennes\/ancienne-porte-chinoise-en-bois-am03040\/","title":{"rendered":"Ancienne porte chinoise en bois (vers 1890)"},"content":{"rendered":"<p><strong>Ancienne porte chinoise<\/strong> (vers 1890)<\/p>\n<ul>\n<li><strong>\u00c2ge approximatif :<\/strong> 130 ans<\/li>\n<li><strong>Mat\u00e9riel:<\/strong> Bois<\/li>\n<\/ul>\n<p>Notre <em>porte chinoise ancienne<\/em> est une pi\u00e8ce unique qui se distingue par son aspect :<\/p>\n<ol>\n<li>Sa sculpture pr\u00e9cise et ses d\u00e9tails complexes ajoutent une dimension de beaut\u00e9 unique.<\/li>\n<li>Son bois gracieusement vieilli lui conf\u00e8re un caract\u00e8re authentique.<\/li>\n<li>Ses dimensions sont parfaites non seulement comme entr\u00e9e fonctionnelle, mais aussi comme pi\u00e8ce unique pour une chambre, un bureau, une biblioth\u00e8que personnelle, car son art vous transporte dans une \u00e9poque pleine de spiritualit\u00e9 et d&#8217;artisanat.<\/li>\n<\/ol>\n<p>Il est en excellent \u00e9tat de conservation, \u00e0 l&#8217;exception des imperfections caract\u00e9ristiques de toute antiquit\u00e9, dues au passage du temps.<\/p>\n<p>Il peut \u00eatre combin\u00e9 avec l&#8217;un de nos <a href=\"https:\/\/amaruantiques.com\/fr\/meubles-anciens\/bancs-anciens\/banc-ancien-avec-details-floraux-c-1870-3am02013-9\/\">bancs anciens<\/a> ou <a href=\"https:\/\/amaruantiques.com\/fr\/meubles-anciens\/fauteuils-anciens-bouffees-anciens\/fauteuil-rouge-vintage-avec-accoudoirs-vers-1960\/\">fauteuils<\/a> anciens.<\/p>\n<p><em>PI\u00c8CE UNIQUE<\/em><\/p>\n","protected":false},"excerpt":{"rendered":"<p><strong>Ancienne porte chinoise<\/strong> (vers 1890)<\/p>\n<p><strong>Dimensions: <\/strong>53 x 12 x 233 cm (Largeur x Profondeur x Hauteur)<\/p>\n<p><em>PI\u00c8CE UNIQUE<\/em><\/p>\n","protected":false},"featured_media":230269,"template":"","meta":[],"product_brand":[],"product_cat":[605],"product_tag":[98],"class_list":{"0":"post-212467","1":"product","2":"type-product","3":"status-publish","4":"has-post-thumbnail","6":"product_cat-portes-anciennes","7":"product_tag-portes-anciennes","8":"product_shipping_class-gran-cargo-625-fr","9":"pa_estilo-dynastie-qing","11":"first","12":"instock","13":"sale","14":"taxable","15":"shipping-taxable","16":"purchasable","17":"product-type-simple"},"yoast_head":"<!-- This site is optimized with the Yoast SEO plugin v26.0 - https:\/\/yoast.com\/wordpress\/plugins\/seo\/ -->\n<title>Porte ancienne chinoise | Porte en bois | AMARU ANTIQUES<\/title>\n<meta name=\"description\" content=\"Ancienne porte chinoise en bois (vers 1890). Sa pr\u00e9sence dans n&#039;importe quel espace cr\u00e9e un lien agr\u00e9able avec l&#039;histoire. Pour en savoir plus, consultez notre site web.\" \/>\n<meta name=\"robots\" content=\"index, follow, max-snippet:-1, max-image-preview:large, max-video-preview:-1\" \/>\n<link rel=\"canonical\" href=\"https:\/\/amaruoptim.stg.uzero.cat\/fr\/meubles-anciens\/portes-anciennes\/ancienne-porte-chinoise-en-bois-am03040\/\" \/>\n<meta property=\"og:locale\" content=\"fr_FR\" \/>\n<meta property=\"og:type\" content=\"article\" \/>\n<meta property=\"og:title\" content=\"Porte ancienne chinoise | Porte en bois | AMARU ANTIQUES\" \/>\n<meta property=\"og:description\" content=\"Ancienne porte chinoise en bois (vers 1890). Sa pr\u00e9sence dans n&#039;importe quel espace cr\u00e9e un lien agr\u00e9able avec l&#039;histoire. Pour en savoir plus, consultez notre site web.\" \/>\n<meta property=\"og:url\" content=\"https:\/\/amaruoptim.stg.uzero.cat\/fr\/meubles-anciens\/portes-anciennes\/ancienne-porte-chinoise-en-bois-am03040\/\" \/>\n<meta property=\"og:site_name\" content=\"AMARU\" \/>\n<meta property=\"article:modified_time\" content=\"2025-06-26T15:47:35+00:00\" \/>\n<meta property=\"og:image\" content=\"https:\/\/amaruantiques.com\/wp-content\/uploads\/2025\/06\/AM03040-1-3-2.jpg\" \/>\n\t<meta property=\"og:image:width\" content=\"924\" \/>\n\t<meta property=\"og:image:height\" content=\"924\" \/>\n\t<meta property=\"og:image:type\" content=\"image\/jpeg\" \/>\n<meta name=\"twitter:card\" content=\"summary_large_image\" \/>\n<meta name=\"twitter:label1\" content=\"Dur\u00e9e de lecture estim\u00e9e\" \/>\n\t<meta name=\"twitter:data1\" content=\"1 minute\" \/>\n<!-- \/ Yoast SEO plugin. -->","yoast_head_json":{"title":"Porte ancienne chinoise | Porte en bois | AMARU ANTIQUES","description":"Ancienne porte chinoise en bois (vers 1890). Sa pr\u00e9sence dans n'importe quel espace cr\u00e9e un lien agr\u00e9able avec l'histoire. Pour en savoir plus, consultez notre site web.","robots":{"index":"index","follow":"follow","max-snippet":"max-snippet:-1","max-image-preview":"max-image-preview:large","max-video-preview":"max-video-preview:-1"},"canonical":"https:\/\/amaruoptim.stg.uzero.cat\/fr\/meubles-anciens\/portes-anciennes\/ancienne-porte-chinoise-en-bois-am03040\/","og_locale":"fr_FR","og_type":"article","og_title":"Porte ancienne chinoise | Porte en bois | AMARU ANTIQUES","og_description":"Ancienne porte chinoise en bois (vers 1890). Sa pr\u00e9sence dans n'importe quel espace cr\u00e9e un lien agr\u00e9able avec l'histoire. Pour en savoir plus, consultez notre site web.","og_url":"https:\/\/amaruoptim.stg.uzero.cat\/fr\/meubles-anciens\/portes-anciennes\/ancienne-porte-chinoise-en-bois-am03040\/","og_site_name":"AMARU","article_modified_time":"2025-06-26T15:47:35+00:00","og_image":[{"width":924,"height":924,"url":"https:\/\/amaruantiques.com\/wp-content\/uploads\/2025\/06\/AM03040-1-3-2.jpg","type":"image\/jpeg"}],"twitter_card":"summary_large_image","twitter_misc":{"Dur\u00e9e de lecture estim\u00e9e":"1 minute"},"schema":{"@context":"https:\/\/schema.org","@graph":[{"@type":"WebPage","@id":"https:\/\/amaruoptim.stg.uzero.cat\/fr\/meubles-anciens\/portes-anciennes\/ancienne-porte-chinoise-en-bois-am03040\/","url":"https:\/\/amaruoptim.stg.uzero.cat\/fr\/meubles-anciens\/portes-anciennes\/ancienne-porte-chinoise-en-bois-am03040\/","name":"Porte ancienne chinoise | Porte en bois | AMARU ANTIQUES","isPartOf":{"@id":"https:\/\/amaruantiques.com\/#website"},"primaryImageOfPage":{"@id":"https:\/\/amaruoptim.stg.uzero.cat\/fr\/meubles-anciens\/portes-anciennes\/ancienne-porte-chinoise-en-bois-am03040\/#primaryimage"},"image":{"@id":"https:\/\/amaruoptim.stg.uzero.cat\/fr\/meubles-anciens\/portes-anciennes\/ancienne-porte-chinoise-en-bois-am03040\/#primaryimage"},"thumbnailUrl":"https:\/\/amaruoptim.stg.uzero.cat\/wp-content\/uploads\/2025\/06\/AM03040-1-3-2.jpg","datePublished":"2023-11-13T19:39:43+00:00","dateModified":"2025-06-26T15:47:35+00:00","description":"Ancienne porte chinoise en bois (vers 1890). Sa pr\u00e9sence dans n'importe quel espace cr\u00e9e un lien agr\u00e9able avec l'histoire. Pour en savoir plus, consultez notre site web.","breadcrumb":{"@id":"https:\/\/amaruoptim.stg.uzero.cat\/fr\/meubles-anciens\/portes-anciennes\/ancienne-porte-chinoise-en-bois-am03040\/#breadcrumb"},"inLanguage":"fr-FR","potentialAction":[{"@type":"ReadAction","target":["https:\/\/amaruoptim.stg.uzero.cat\/fr\/meubles-anciens\/portes-anciennes\/ancienne-porte-chinoise-en-bois-am03040\/"]}]},{"@type":"ImageObject","inLanguage":"fr-FR","@id":"https:\/\/amaruoptim.stg.uzero.cat\/fr\/meubles-anciens\/portes-anciennes\/ancienne-porte-chinoise-en-bois-am03040\/#primaryimage","url":"https:\/\/amaruoptim.stg.uzero.cat\/wp-content\/uploads\/2025\/06\/AM03040-1-3-2.jpg","contentUrl":"https:\/\/amaruoptim.stg.uzero.cat\/wp-content\/uploads\/2025\/06\/AM03040-1-3-2.jpg","width":924,"height":924},{"@type":"BreadcrumbList","@id":"https:\/\/amaruoptim.stg.uzero.cat\/fr\/meubles-anciens\/portes-anciennes\/ancienne-porte-chinoise-en-bois-am03040\/#breadcrumb","itemListElement":[{"@type":"ListItem","position":1,"name":"Accueil","item":"https:\/\/amaruantiques.com\/fr\/"},{"@type":"ListItem","position":2,"name":"Boutique","item":"https:\/\/amaruantiques.com\/fr\/boutique\/"},{"@type":"ListItem","position":3,"name":"Ancienne porte chinoise en bois (vers 1890)"}]},{"@type":"WebSite","@id":"https:\/\/amaruantiques.com\/#website","url":"https:\/\/amaruantiques.com\/","name":"AMARU - Timeless Antiques","description":"Timeless antiques","publisher":{"@id":"https:\/\/amaruantiques.com\/#organization"},"potentialAction":[{"@type":"SearchAction","target":{"@type":"EntryPoint","urlTemplate":"https:\/\/amaruantiques.com\/?s={search_term_string}"},"query-input":{"@type":"PropertyValueSpecification","valueRequired":true,"valueName":"search_term_string"}}],"inLanguage":"fr-FR"},{"@type":"Organization","@id":"https:\/\/amaruantiques.com\/#organization","name":"AMARU","url":"https:\/\/amaruantiques.com\/","logo":{"@type":"ImageObject","inLanguage":"fr-FR","@id":"https:\/\/amaruantiques.com\/#\/schema\/logo\/image\/","url":"https:\/\/amaruoptim.stg.uzero.cat\/wp-content\/uploads\/2025\/04\/logo-AMARU.svg","contentUrl":"https:\/\/amaruoptim.stg.uzero.cat\/wp-content\/uploads\/2025\/04\/logo-AMARU.svg","caption":"AMARU"},"image":{"@id":"https:\/\/amaruantiques.com\/#\/schema\/logo\/image\/"}}]}},"_links":{"self":[{"href":"https:\/\/amaruoptim.stg.uzero.cat\/fr\/wp-json\/wp\/v2\/product\/212467","targetHints":{"allow":["GET"]}}],"collection":[{"href":"https:\/\/amaruoptim.stg.uzero.cat\/fr\/wp-json\/wp\/v2\/product"}],"about":[{"href":"https:\/\/amaruoptim.stg.uzero.cat\/fr\/wp-json\/wp\/v2\/types\/product"}],"wp:featuredmedia":[{"embeddable":true,"href":"https:\/\/amaruoptim.stg.uzero.cat\/fr\/wp-json\/wp\/v2\/media\/230269"}],"wp:attachment":[{"href":"https:\/\/amaruoptim.stg.uzero.cat\/fr\/wp-json\/wp\/v2\/media?parent=212467"}],"wp:term":[{"taxonomy":"product_brand","embeddable":true,"href":"https:\/\/amaruoptim.stg.uzero.cat\/fr\/wp-json\/wp\/v2\/product_brand?post=212467"},{"taxonomy":"product_cat","embeddable":true,"href":"https:\/\/amaruoptim.stg.uzero.cat\/fr\/wp-json\/wp\/v2\/product_cat?post=212467"},{"taxonomy":"product_tag","embeddable":true,"href":"https:\/\/amaruoptim.stg.uzero.cat\/fr\/wp-json\/wp\/v2\/product_tag?post=212467"}],"curies":[{"name":"wp","href":"https:\/\/api.w.org\/{rel}","templated":true}]}}