{"id":212461,"date":"2023-11-13T15:37:24","date_gmt":"2023-11-13T15:37:26","guid":{"rendered":"https:\/\/amaruantiques.com\/?post_type=product&#038;p=212461"},"modified":"2025-06-26T15:47:33","modified_gmt":"2025-06-26T15:47:33","slug":"malle-ancienne-en-bois-massif-vers-1890-am06054","status":"publish","type":"product","link":"https:\/\/amaruoptim.stg.uzero.cat\/fr\/meubles-anciens\/malles-anciennes\/malle-ancienne-en-bois-massif-vers-1890-am06054\/","title":{"rendered":"Malle ancienne en bois massif (vers 1913)"},"content":{"rendered":"<p><strong>Malle ancienne en bois <\/strong>(vers 1913)<\/p>\n<ul>\n<li><strong>\u00c2ge approximatif :<\/strong> 110 ans<\/li>\n<li><strong>Mat\u00e9riel:<\/strong> Bois du pin<\/li>\n<\/ul>\n<p>Notre <em>ancienne malle<\/em> est une pi\u00e8ce unique qui se distingue par:<\/p>\n<ol>\n<li>Son caract\u00e8re artisanal, chaque courbe et chaque coin t\u00e9moignent de l&#8217;habilet\u00e9 du travail manuel.<\/li>\n<li>Sa combinaison de couleurs apporte de la joie \u00e0 la vie, ravit l&#8217;\u0153il et r\u00e9jouit l&#8217;\u00e2me.<\/li>\n<li>Ses dimensions sont parfaites pour une utilisation comme meuble de rangement, table d&#8217;appoint ou m\u00eame table basse.<\/li>\n<\/ol>\n<p>Il est en excellent \u00e9tat de conservation, \u00e0 l&#8217;exception des imperfections caract\u00e9ristiques de toute antiquit\u00e9, dues au passage du temps.<\/p>\n<p>Elle peut \u00eatre combin\u00e9e avec l&#8217;une de nos <a href=\"https:\/\/amaruantiques.com\/fr\/categoria-producto\/tables-dappoint-tables-du-salon-et-tables-basses\/\">tables anciennes<\/a>.<\/p>\n<p><em>PI\u00c8CE UNIQUE<\/em><\/p>\n","protected":false},"excerpt":{"rendered":"<p><strong>Dimensions: <\/strong>110 x 57 x 51 cm (Largeur x Profondeur x Hauteur)<\/p>\n<p><em>PI\u00c8CE UNIQUE<\/em><\/p>\n","protected":false},"featured_media":230122,"template":"","meta":[],"product_brand":[],"product_cat":[608],"product_tag":[749],"class_list":{"0":"post-212461","1":"product","2":"type-product","3":"status-publish","4":"has-post-thumbnail","6":"product_cat-malles-anciennes","7":"product_tag-malles-anciennes","8":"product_shipping_class-gran-cargo-625-fr","9":"pa_estilo-art-populaire","11":"first","12":"instock","13":"taxable","14":"shipping-taxable","15":"purchasable","16":"product-type-simple"},"yoast_head":"<!-- This site is optimized with the Yoast SEO plugin v26.0 - https:\/\/yoast.com\/wordpress\/plugins\/seo\/ -->\n<title>Malle ancienne | Malle en bois | AMARU ANTIQUES<\/title>\n<meta name=\"description\" content=\"Malle ancienne en bois massif (vers 1913). Malle exquise qui fusionne fonctionnalit\u00e9 et \u00e9l\u00e9gance en un seul objet. D\u00e9couvrez notre s\u00e9lection des malles ici.\" \/>\n<meta name=\"robots\" content=\"index, follow, max-snippet:-1, max-image-preview:large, max-video-preview:-1\" \/>\n<link rel=\"canonical\" href=\"https:\/\/amaruoptim.stg.uzero.cat\/fr\/meubles-anciens\/malles-anciennes\/malle-ancienne-en-bois-massif-vers-1890-am06054\/\" \/>\n<meta property=\"og:locale\" content=\"fr_FR\" \/>\n<meta property=\"og:type\" content=\"article\" \/>\n<meta property=\"og:title\" content=\"Malle ancienne | Malle en bois | AMARU ANTIQUES\" \/>\n<meta property=\"og:description\" content=\"Malle ancienne en bois massif (vers 1913). Malle exquise qui fusionne fonctionnalit\u00e9 et \u00e9l\u00e9gance en un seul objet. D\u00e9couvrez notre s\u00e9lection des malles ici.\" \/>\n<meta property=\"og:url\" content=\"https:\/\/amaruoptim.stg.uzero.cat\/fr\/meubles-anciens\/malles-anciennes\/malle-ancienne-en-bois-massif-vers-1890-am06054\/\" \/>\n<meta property=\"og:site_name\" content=\"AMARU\" \/>\n<meta property=\"article:modified_time\" content=\"2025-06-26T15:47:33+00:00\" \/>\n<meta property=\"og:image\" content=\"https:\/\/amaruantiques.com\/wp-content\/uploads\/2025\/06\/AM06054-D-2-2.jpg\" \/>\n\t<meta property=\"og:image:width\" content=\"1200\" \/>\n\t<meta property=\"og:image:height\" content=\"1200\" \/>\n\t<meta property=\"og:image:type\" content=\"image\/jpeg\" \/>\n<meta name=\"twitter:card\" content=\"summary_large_image\" \/>\n<meta name=\"twitter:label1\" content=\"Dur\u00e9e de lecture estim\u00e9e\" \/>\n\t<meta name=\"twitter:data1\" content=\"1 minute\" \/>\n<!-- \/ Yoast SEO plugin. -->","yoast_head_json":{"title":"Malle ancienne | Malle en bois | AMARU ANTIQUES","description":"Malle ancienne en bois massif (vers 1913). Malle exquise qui fusionne fonctionnalit\u00e9 et \u00e9l\u00e9gance en un seul objet. D\u00e9couvrez notre s\u00e9lection des malles ici.","robots":{"index":"index","follow":"follow","max-snippet":"max-snippet:-1","max-image-preview":"max-image-preview:large","max-video-preview":"max-video-preview:-1"},"canonical":"https:\/\/amaruoptim.stg.uzero.cat\/fr\/meubles-anciens\/malles-anciennes\/malle-ancienne-en-bois-massif-vers-1890-am06054\/","og_locale":"fr_FR","og_type":"article","og_title":"Malle ancienne | Malle en bois | AMARU ANTIQUES","og_description":"Malle ancienne en bois massif (vers 1913). Malle exquise qui fusionne fonctionnalit\u00e9 et \u00e9l\u00e9gance en un seul objet. D\u00e9couvrez notre s\u00e9lection des malles ici.","og_url":"https:\/\/amaruoptim.stg.uzero.cat\/fr\/meubles-anciens\/malles-anciennes\/malle-ancienne-en-bois-massif-vers-1890-am06054\/","og_site_name":"AMARU","article_modified_time":"2025-06-26T15:47:33+00:00","og_image":[{"width":1200,"height":1200,"url":"https:\/\/amaruantiques.com\/wp-content\/uploads\/2025\/06\/AM06054-D-2-2.jpg","type":"image\/jpeg"}],"twitter_card":"summary_large_image","twitter_misc":{"Dur\u00e9e de lecture estim\u00e9e":"1 minute"},"schema":{"@context":"https:\/\/schema.org","@graph":[{"@type":"WebPage","@id":"https:\/\/amaruoptim.stg.uzero.cat\/fr\/meubles-anciens\/malles-anciennes\/malle-ancienne-en-bois-massif-vers-1890-am06054\/","url":"https:\/\/amaruoptim.stg.uzero.cat\/fr\/meubles-anciens\/malles-anciennes\/malle-ancienne-en-bois-massif-vers-1890-am06054\/","name":"Malle ancienne | Malle en bois | AMARU ANTIQUES","isPartOf":{"@id":"https:\/\/amaruantiques.com\/#website"},"primaryImageOfPage":{"@id":"https:\/\/amaruoptim.stg.uzero.cat\/fr\/meubles-anciens\/malles-anciennes\/malle-ancienne-en-bois-massif-vers-1890-am06054\/#primaryimage"},"image":{"@id":"https:\/\/amaruoptim.stg.uzero.cat\/fr\/meubles-anciens\/malles-anciennes\/malle-ancienne-en-bois-massif-vers-1890-am06054\/#primaryimage"},"thumbnailUrl":"https:\/\/amaruoptim.stg.uzero.cat\/wp-content\/uploads\/2025\/06\/AM06054-D-2-2.jpg","datePublished":"2023-11-13T15:37:26+00:00","dateModified":"2025-06-26T15:47:33+00:00","description":"Malle ancienne en bois massif (vers 1913). Malle exquise qui fusionne fonctionnalit\u00e9 et \u00e9l\u00e9gance en un seul objet. D\u00e9couvrez notre s\u00e9lection des malles ici.","breadcrumb":{"@id":"https:\/\/amaruoptim.stg.uzero.cat\/fr\/meubles-anciens\/malles-anciennes\/malle-ancienne-en-bois-massif-vers-1890-am06054\/#breadcrumb"},"inLanguage":"fr-FR","potentialAction":[{"@type":"ReadAction","target":["https:\/\/amaruoptim.stg.uzero.cat\/fr\/meubles-anciens\/malles-anciennes\/malle-ancienne-en-bois-massif-vers-1890-am06054\/"]}]},{"@type":"ImageObject","inLanguage":"fr-FR","@id":"https:\/\/amaruoptim.stg.uzero.cat\/fr\/meubles-anciens\/malles-anciennes\/malle-ancienne-en-bois-massif-vers-1890-am06054\/#primaryimage","url":"https:\/\/amaruoptim.stg.uzero.cat\/wp-content\/uploads\/2025\/06\/AM06054-D-2-2.jpg","contentUrl":"https:\/\/amaruoptim.stg.uzero.cat\/wp-content\/uploads\/2025\/06\/AM06054-D-2-2.jpg","width":1200,"height":1200},{"@type":"BreadcrumbList","@id":"https:\/\/amaruoptim.stg.uzero.cat\/fr\/meubles-anciens\/malles-anciennes\/malle-ancienne-en-bois-massif-vers-1890-am06054\/#breadcrumb","itemListElement":[{"@type":"ListItem","position":1,"name":"Accueil","item":"https:\/\/amaruantiques.com\/fr\/"},{"@type":"ListItem","position":2,"name":"Boutique","item":"https:\/\/amaruantiques.com\/fr\/boutique\/"},{"@type":"ListItem","position":3,"name":"Malle ancienne en bois massif (vers 1913)"}]},{"@type":"WebSite","@id":"https:\/\/amaruantiques.com\/#website","url":"https:\/\/amaruantiques.com\/","name":"AMARU - Timeless Antiques","description":"Timeless antiques","publisher":{"@id":"https:\/\/amaruantiques.com\/#organization"},"potentialAction":[{"@type":"SearchAction","target":{"@type":"EntryPoint","urlTemplate":"https:\/\/amaruantiques.com\/?s={search_term_string}"},"query-input":{"@type":"PropertyValueSpecification","valueRequired":true,"valueName":"search_term_string"}}],"inLanguage":"fr-FR"},{"@type":"Organization","@id":"https:\/\/amaruantiques.com\/#organization","name":"AMARU","url":"https:\/\/amaruantiques.com\/","logo":{"@type":"ImageObject","inLanguage":"fr-FR","@id":"https:\/\/amaruantiques.com\/#\/schema\/logo\/image\/","url":"https:\/\/amaruoptim.stg.uzero.cat\/wp-content\/uploads\/2025\/04\/logo-AMARU.svg","contentUrl":"https:\/\/amaruoptim.stg.uzero.cat\/wp-content\/uploads\/2025\/04\/logo-AMARU.svg","caption":"AMARU"},"image":{"@id":"https:\/\/amaruantiques.com\/#\/schema\/logo\/image\/"}}]}},"_links":{"self":[{"href":"https:\/\/amaruoptim.stg.uzero.cat\/fr\/wp-json\/wp\/v2\/product\/212461","targetHints":{"allow":["GET"]}}],"collection":[{"href":"https:\/\/amaruoptim.stg.uzero.cat\/fr\/wp-json\/wp\/v2\/product"}],"about":[{"href":"https:\/\/amaruoptim.stg.uzero.cat\/fr\/wp-json\/wp\/v2\/types\/product"}],"wp:featuredmedia":[{"embeddable":true,"href":"https:\/\/amaruoptim.stg.uzero.cat\/fr\/wp-json\/wp\/v2\/media\/230122"}],"wp:attachment":[{"href":"https:\/\/amaruoptim.stg.uzero.cat\/fr\/wp-json\/wp\/v2\/media?parent=212461"}],"wp:term":[{"taxonomy":"product_brand","embeddable":true,"href":"https:\/\/amaruoptim.stg.uzero.cat\/fr\/wp-json\/wp\/v2\/product_brand?post=212461"},{"taxonomy":"product_cat","embeddable":true,"href":"https:\/\/amaruoptim.stg.uzero.cat\/fr\/wp-json\/wp\/v2\/product_cat?post=212461"},{"taxonomy":"product_tag","embeddable":true,"href":"https:\/\/amaruoptim.stg.uzero.cat\/fr\/wp-json\/wp\/v2\/product_tag?post=212461"}],"curies":[{"name":"wp","href":"https:\/\/api.w.org\/{rel}","templated":true}]}}