{"id":212451,"date":"2023-11-06T17:04:27","date_gmt":"2025-06-14T02:05:51","guid":{"rendered":"https:\/\/amaruantiques.com\/?post_type=product&#038;p=212451"},"modified":"2025-06-26T15:47:27","modified_gmt":"2025-06-26T15:47:27","slug":"panier-ancien-en-osier-am10026-8","status":"publish","type":"product","link":"https:\/\/amaruoptim.stg.uzero.cat\/fr\/meubles-anciens\/paniers-en-osier-anciens\/panier-ancien-en-osier-am10026-8\/","title":{"rendered":"Panier ancien en osier (c.1930) #8"},"content":{"rendered":"<p><strong>Panier ancien en osier<\/strong> (c.1930) #8<\/p>\n<ul>\n<li><strong>\u00c2ge approximatif :<\/strong> 90 ans<\/li>\n<li><strong>Mat\u00e9riau :<\/strong> Osier<\/li>\n<\/ul>\n<p>Notre panier d\u00e9coratif en osier est une pi\u00e8ce unique qui se d\u00e9marque par sa qualit\u00e9 :<\/p>\n<ol>\n<li>Sa couleur brun dor\u00e9.<\/li>\n<li>Sa mati\u00e8re naturelle et son tissage unique.<\/li>\n<li>Il peut \u00eatre utilis\u00e9 comme grand bac \u00e0 plantes dans un jardin ou comme pi\u00e8ce d\u00e9corative dans n&#8217;importe quel espace ext\u00e9rieur.<\/li>\n<\/ol>\n<p>Il est en excellent \u00e9tat de conservation, \u00e0 l&#8217;exception des imperfections caract\u00e9ristiques de toute antiquit\u00e9, dues au passage du temps.<\/p>\n<p>Id\u00e9al comme \u00e9l\u00e9ment d\u00e9coratif sur les terrasses et les porches, combin\u00e9 \u00e0 l&#8217;une de nos <a href=\"https:\/\/amaruantiques.com\/fr\/categoria-producto\/tables-anciennes\/\">tables de jardin <\/a>ou \u00e0 des <a href=\"https:\/\/amaruantiques.com\/fr\/meubles-anciens\/objets-anciens\/regadera-de-zinc-galvanizado-antigua-c-1920-am06080-3\/\">arrosoirs anciens<\/a>.<\/p>\n<p><em>PI\u00c8CE UNIQUE<\/em><\/p>\n","protected":false},"excerpt":{"rendered":"<p><strong>Dimensions : <\/strong>31 x 31 x 20 cm (L x L x H)<\/p>\n<p><em>PI\u00c8CE UNIQUE<\/em><\/p>\n","protected":false},"featured_media":229927,"template":"","meta":[],"product_brand":[],"product_cat":[633],"product_tag":[],"class_list":{"0":"post-212451","1":"product","2":"type-product","3":"status-publish","4":"has-post-thumbnail","6":"product_cat-paniers-en-osier-anciens","7":"product_shipping_class-small-50-fr","8":"pa_estilo-provencal-francais","10":"first","11":"instock","12":"sold-individually","13":"taxable","14":"shipping-taxable","15":"purchasable","16":"product-type-simple"},"yoast_head":"<!-- This site is optimized with the Yoast SEO plugin v26.0 - https:\/\/yoast.com\/wordpress\/plugins\/seo\/ -->\n<title>Panier ancien en osier | Panier ancien | AMARU<\/title>\n<meta name=\"description\" content=\"Panier ancien en osier (vers 1930). Sa polyvalence en fait le compl\u00e9ment id\u00e9al de tout espace. Pour en savoir plus, consultez notre site web...\" \/>\n<meta name=\"robots\" content=\"index, follow, max-snippet:-1, max-image-preview:large, max-video-preview:-1\" \/>\n<link rel=\"canonical\" href=\"https:\/\/amaruoptim.stg.uzero.cat\/fr\/meubles-anciens\/paniers-en-osier-anciens\/panier-ancien-en-osier-am10026-8\/\" \/>\n<meta property=\"og:locale\" content=\"fr_FR\" \/>\n<meta property=\"og:type\" content=\"article\" \/>\n<meta property=\"og:title\" content=\"Panier ancien en osier | Panier ancien | AMARU\" \/>\n<meta property=\"og:description\" content=\"Panier ancien en osier (vers 1930). Sa polyvalence en fait le compl\u00e9ment id\u00e9al de tout espace. Pour en savoir plus, consultez notre site web...\" \/>\n<meta property=\"og:url\" content=\"https:\/\/amaruoptim.stg.uzero.cat\/fr\/meubles-anciens\/paniers-en-osier-anciens\/panier-ancien-en-osier-am10026-8\/\" \/>\n<meta property=\"og:site_name\" content=\"AMARU\" \/>\n<meta property=\"article:modified_time\" content=\"2025-06-26T15:47:27+00:00\" \/>\n<meta property=\"og:image\" content=\"https:\/\/amaruantiques.com\/wp-content\/uploads\/2025\/06\/AM009026-8-1-2.jpg\" \/>\n\t<meta property=\"og:image:width\" content=\"924\" \/>\n\t<meta property=\"og:image:height\" content=\"924\" \/>\n\t<meta property=\"og:image:type\" content=\"image\/jpeg\" \/>\n<meta name=\"twitter:card\" content=\"summary_large_image\" \/>\n<meta name=\"twitter:label1\" content=\"Dur\u00e9e de lecture estim\u00e9e\" \/>\n\t<meta name=\"twitter:data1\" content=\"1 minute\" \/>\n<!-- \/ Yoast SEO plugin. -->","yoast_head_json":{"title":"Panier ancien en osier | Panier ancien | AMARU","description":"Panier ancien en osier (vers 1930). Sa polyvalence en fait le compl\u00e9ment id\u00e9al de tout espace. Pour en savoir plus, consultez notre site web...","robots":{"index":"index","follow":"follow","max-snippet":"max-snippet:-1","max-image-preview":"max-image-preview:large","max-video-preview":"max-video-preview:-1"},"canonical":"https:\/\/amaruoptim.stg.uzero.cat\/fr\/meubles-anciens\/paniers-en-osier-anciens\/panier-ancien-en-osier-am10026-8\/","og_locale":"fr_FR","og_type":"article","og_title":"Panier ancien en osier | Panier ancien | AMARU","og_description":"Panier ancien en osier (vers 1930). Sa polyvalence en fait le compl\u00e9ment id\u00e9al de tout espace. Pour en savoir plus, consultez notre site web...","og_url":"https:\/\/amaruoptim.stg.uzero.cat\/fr\/meubles-anciens\/paniers-en-osier-anciens\/panier-ancien-en-osier-am10026-8\/","og_site_name":"AMARU","article_modified_time":"2025-06-26T15:47:27+00:00","og_image":[{"width":924,"height":924,"url":"https:\/\/amaruantiques.com\/wp-content\/uploads\/2025\/06\/AM009026-8-1-2.jpg","type":"image\/jpeg"}],"twitter_card":"summary_large_image","twitter_misc":{"Dur\u00e9e de lecture estim\u00e9e":"1 minute"},"schema":{"@context":"https:\/\/schema.org","@graph":[{"@type":"WebPage","@id":"https:\/\/amaruoptim.stg.uzero.cat\/fr\/meubles-anciens\/paniers-en-osier-anciens\/panier-ancien-en-osier-am10026-8\/","url":"https:\/\/amaruoptim.stg.uzero.cat\/fr\/meubles-anciens\/paniers-en-osier-anciens\/panier-ancien-en-osier-am10026-8\/","name":"Panier ancien en osier | Panier ancien | AMARU","isPartOf":{"@id":"https:\/\/amaruantiques.com\/#website"},"primaryImageOfPage":{"@id":"https:\/\/amaruoptim.stg.uzero.cat\/fr\/meubles-anciens\/paniers-en-osier-anciens\/panier-ancien-en-osier-am10026-8\/#primaryimage"},"image":{"@id":"https:\/\/amaruoptim.stg.uzero.cat\/fr\/meubles-anciens\/paniers-en-osier-anciens\/panier-ancien-en-osier-am10026-8\/#primaryimage"},"thumbnailUrl":"https:\/\/amaruoptim.stg.uzero.cat\/wp-content\/uploads\/2025\/06\/AM009026-8-1-2.jpg","datePublished":"2025-06-14T02:05:51+00:00","dateModified":"2025-06-26T15:47:27+00:00","description":"Panier ancien en osier (vers 1930). Sa polyvalence en fait le compl\u00e9ment id\u00e9al de tout espace. Pour en savoir plus, consultez notre site web...","breadcrumb":{"@id":"https:\/\/amaruoptim.stg.uzero.cat\/fr\/meubles-anciens\/paniers-en-osier-anciens\/panier-ancien-en-osier-am10026-8\/#breadcrumb"},"inLanguage":"fr-FR","potentialAction":[{"@type":"ReadAction","target":["https:\/\/amaruoptim.stg.uzero.cat\/fr\/meubles-anciens\/paniers-en-osier-anciens\/panier-ancien-en-osier-am10026-8\/"]}]},{"@type":"ImageObject","inLanguage":"fr-FR","@id":"https:\/\/amaruoptim.stg.uzero.cat\/fr\/meubles-anciens\/paniers-en-osier-anciens\/panier-ancien-en-osier-am10026-8\/#primaryimage","url":"https:\/\/amaruoptim.stg.uzero.cat\/wp-content\/uploads\/2025\/06\/AM009026-8-1-2.jpg","contentUrl":"https:\/\/amaruoptim.stg.uzero.cat\/wp-content\/uploads\/2025\/06\/AM009026-8-1-2.jpg","width":924,"height":924},{"@type":"BreadcrumbList","@id":"https:\/\/amaruoptim.stg.uzero.cat\/fr\/meubles-anciens\/paniers-en-osier-anciens\/panier-ancien-en-osier-am10026-8\/#breadcrumb","itemListElement":[{"@type":"ListItem","position":1,"name":"Accueil","item":"https:\/\/amaruantiques.com\/fr\/"},{"@type":"ListItem","position":2,"name":"Boutique","item":"https:\/\/amaruantiques.com\/fr\/boutique\/"},{"@type":"ListItem","position":3,"name":"Panier ancien en osier (c.1930) #8"}]},{"@type":"WebSite","@id":"https:\/\/amaruantiques.com\/#website","url":"https:\/\/amaruantiques.com\/","name":"AMARU - Timeless Antiques","description":"Timeless antiques","publisher":{"@id":"https:\/\/amaruantiques.com\/#organization"},"potentialAction":[{"@type":"SearchAction","target":{"@type":"EntryPoint","urlTemplate":"https:\/\/amaruantiques.com\/?s={search_term_string}"},"query-input":{"@type":"PropertyValueSpecification","valueRequired":true,"valueName":"search_term_string"}}],"inLanguage":"fr-FR"},{"@type":"Organization","@id":"https:\/\/amaruantiques.com\/#organization","name":"AMARU","url":"https:\/\/amaruantiques.com\/","logo":{"@type":"ImageObject","inLanguage":"fr-FR","@id":"https:\/\/amaruantiques.com\/#\/schema\/logo\/image\/","url":"https:\/\/amaruoptim.stg.uzero.cat\/wp-content\/uploads\/2025\/04\/logo-AMARU.svg","contentUrl":"https:\/\/amaruoptim.stg.uzero.cat\/wp-content\/uploads\/2025\/04\/logo-AMARU.svg","caption":"AMARU"},"image":{"@id":"https:\/\/amaruantiques.com\/#\/schema\/logo\/image\/"}}]}},"_links":{"self":[{"href":"https:\/\/amaruoptim.stg.uzero.cat\/fr\/wp-json\/wp\/v2\/product\/212451","targetHints":{"allow":["GET"]}}],"collection":[{"href":"https:\/\/amaruoptim.stg.uzero.cat\/fr\/wp-json\/wp\/v2\/product"}],"about":[{"href":"https:\/\/amaruoptim.stg.uzero.cat\/fr\/wp-json\/wp\/v2\/types\/product"}],"wp:featuredmedia":[{"embeddable":true,"href":"https:\/\/amaruoptim.stg.uzero.cat\/fr\/wp-json\/wp\/v2\/media\/229927"}],"wp:attachment":[{"href":"https:\/\/amaruoptim.stg.uzero.cat\/fr\/wp-json\/wp\/v2\/media?parent=212451"}],"wp:term":[{"taxonomy":"product_brand","embeddable":true,"href":"https:\/\/amaruoptim.stg.uzero.cat\/fr\/wp-json\/wp\/v2\/product_brand?post=212451"},{"taxonomy":"product_cat","embeddable":true,"href":"https:\/\/amaruoptim.stg.uzero.cat\/fr\/wp-json\/wp\/v2\/product_cat?post=212451"},{"taxonomy":"product_tag","embeddable":true,"href":"https:\/\/amaruoptim.stg.uzero.cat\/fr\/wp-json\/wp\/v2\/product_tag?post=212451"}],"curies":[{"name":"wp","href":"https:\/\/api.w.org\/{rel}","templated":true}]}}