{"id":212401,"date":"2023-11-03T10:24:46","date_gmt":"2023-11-03T10:24:48","guid":{"rendered":"https:\/\/amaruantiques.com\/?post_type=product&#038;p=212401"},"modified":"2025-06-26T15:47:04","modified_gmt":"2025-06-26T15:47:04","slug":"chaudron-ancien-en-metal-c-1920-am06082-6","status":"publish","type":"product","link":"https:\/\/amaruoptim.stg.uzero.cat\/fr\/meubles-anciens\/seaux-metalliques-anciens\/chaudron-ancien-en-metal-c-1920-am06082-6\/","title":{"rendered":"Grand chaudron ancien en m\u00e9tal (vers 1920) #6"},"content":{"rendered":"<p><strong>Grand chaudron ancien en m\u00e9tal<\/strong> (vers 1920) #6<\/p>\n<ul>\n<li><strong>\u00c2ge approximatif :<\/strong> 100 ans<\/li>\n<li><strong>Mat\u00e9riau :<\/strong> m\u00e9tal<\/li>\n<\/ul>\n<p>Notre <em>grand chaudron <\/em>est une pi\u00e8ce unique qui se distingue par:<\/p>\n<ol>\n<li>Sa couleur gris\u00e2tre et sa base tourn\u00e9e.<\/li>\n<li>Sa solidit\u00e9 due \u00e0 sa structure m\u00e9tallique.<\/li>\n<li>Il peut \u00eatre utilis\u00e9 comme grand bac \u00e0 plantes dans un jardin, comme pi\u00e8ce d\u00e9corative dans tout espace ext\u00e9rieur ou m\u00eame comme glaci\u00e8re ext\u00e9rieure pour l&#8217;\u00e9t\u00e9.<\/li>\n<\/ol>\n<p>Il est en excellent \u00e9tat de conservation, \u00e0 l&#8217;exception des imperfections caract\u00e9ristiques de toute antiquit\u00e9, dues au passage du temps.<\/p>\n<p>Id\u00e9al comme \u00e9l\u00e9ment d\u00e9coratif sur les patios et les porches combin\u00e9 avec l&#8217;une de nos <a href=\"https:\/\/amaruantiques.com\/fr\/categoria-producto\/tables-anciennes\/\">tables de jardin<\/a> .<\/p>\n<p><em>PI\u00c8CE UNIQUE\u00a0<\/em><\/p>\n","protected":false},"excerpt":{"rendered":"<p><strong>Grand chaudron ancien en m\u00e9tal <\/strong> utilis\u00e9 pour cuisiner et chauffer l&#8217;eau (vers 1920).<\/p>\n<p><strong>Dimensions : <\/strong>72 x 66 x 47 cm (Longueur x Largeur x Hauteur)<\/p>\n<p><em>PI\u00c8CE UNIQUE<\/em><\/p>\n","protected":false},"featured_media":229204,"template":"","meta":[],"product_brand":[],"product_cat":[634],"product_tag":[],"class_list":{"0":"post-212401","1":"product","2":"type-product","3":"status-publish","4":"has-post-thumbnail","6":"product_cat-seaux-metalliques-anciens","7":"product_shipping_class-extra-large-250-fr","8":"pa_estilo-style-rustique","10":"first","11":"instock","12":"taxable","13":"shipping-taxable","14":"purchasable","15":"product-type-simple"},"yoast_head":"<!-- This site is optimized with the Yoast SEO plugin v26.0 - https:\/\/yoast.com\/wordpress\/plugins\/seo\/ -->\n<title>Grand chaudron | Pot en m\u00e9tal ancien | AMARU ANTIQUES<\/title>\n<meta name=\"description\" content=\"Grand chaudron ancien (vers 1920). Donnez vie \u00e0 votre maison avec ce chaudron qui capture l&#039;essence d&#039;une \u00e9poque r\u00e9volue. Visitez notre site web ...\" \/>\n<meta name=\"robots\" content=\"index, follow, max-snippet:-1, max-image-preview:large, max-video-preview:-1\" \/>\n<link rel=\"canonical\" href=\"https:\/\/amaruoptim.stg.uzero.cat\/fr\/meubles-anciens\/seaux-metalliques-anciens\/chaudron-ancien-en-metal-c-1920-am06082-6\/\" \/>\n<meta property=\"og:locale\" content=\"fr_FR\" \/>\n<meta property=\"og:type\" content=\"article\" \/>\n<meta property=\"og:title\" content=\"Grand chaudron | Pot en m\u00e9tal ancien | AMARU ANTIQUES\" \/>\n<meta property=\"og:description\" content=\"Grand chaudron ancien (vers 1920). Donnez vie \u00e0 votre maison avec ce chaudron qui capture l&#039;essence d&#039;une \u00e9poque r\u00e9volue. Visitez notre site web ...\" \/>\n<meta property=\"og:url\" content=\"https:\/\/amaruoptim.stg.uzero.cat\/fr\/meubles-anciens\/seaux-metalliques-anciens\/chaudron-ancien-en-metal-c-1920-am06082-6\/\" \/>\n<meta property=\"og:site_name\" content=\"AMARU\" \/>\n<meta property=\"article:modified_time\" content=\"2025-06-26T15:47:04+00:00\" \/>\n<meta property=\"og:image\" content=\"https:\/\/amaruantiques.com\/wp-content\/uploads\/2025\/06\/AM06082-6-1-2.jpg\" \/>\n\t<meta property=\"og:image:width\" content=\"924\" \/>\n\t<meta property=\"og:image:height\" content=\"924\" \/>\n\t<meta property=\"og:image:type\" content=\"image\/jpeg\" \/>\n<meta name=\"twitter:card\" content=\"summary_large_image\" \/>\n<meta name=\"twitter:label1\" content=\"Dur\u00e9e de lecture estim\u00e9e\" \/>\n\t<meta name=\"twitter:data1\" content=\"1 minute\" \/>\n<!-- \/ Yoast SEO plugin. -->","yoast_head_json":{"title":"Grand chaudron | Pot en m\u00e9tal ancien | AMARU ANTIQUES","description":"Grand chaudron ancien (vers 1920). Donnez vie \u00e0 votre maison avec ce chaudron qui capture l'essence d'une \u00e9poque r\u00e9volue. Visitez notre site web ...","robots":{"index":"index","follow":"follow","max-snippet":"max-snippet:-1","max-image-preview":"max-image-preview:large","max-video-preview":"max-video-preview:-1"},"canonical":"https:\/\/amaruoptim.stg.uzero.cat\/fr\/meubles-anciens\/seaux-metalliques-anciens\/chaudron-ancien-en-metal-c-1920-am06082-6\/","og_locale":"fr_FR","og_type":"article","og_title":"Grand chaudron | Pot en m\u00e9tal ancien | AMARU ANTIQUES","og_description":"Grand chaudron ancien (vers 1920). Donnez vie \u00e0 votre maison avec ce chaudron qui capture l'essence d'une \u00e9poque r\u00e9volue. Visitez notre site web ...","og_url":"https:\/\/amaruoptim.stg.uzero.cat\/fr\/meubles-anciens\/seaux-metalliques-anciens\/chaudron-ancien-en-metal-c-1920-am06082-6\/","og_site_name":"AMARU","article_modified_time":"2025-06-26T15:47:04+00:00","og_image":[{"width":924,"height":924,"url":"https:\/\/amaruantiques.com\/wp-content\/uploads\/2025\/06\/AM06082-6-1-2.jpg","type":"image\/jpeg"}],"twitter_card":"summary_large_image","twitter_misc":{"Dur\u00e9e de lecture estim\u00e9e":"1 minute"},"schema":{"@context":"https:\/\/schema.org","@graph":[{"@type":"WebPage","@id":"https:\/\/amaruoptim.stg.uzero.cat\/fr\/meubles-anciens\/seaux-metalliques-anciens\/chaudron-ancien-en-metal-c-1920-am06082-6\/","url":"https:\/\/amaruoptim.stg.uzero.cat\/fr\/meubles-anciens\/seaux-metalliques-anciens\/chaudron-ancien-en-metal-c-1920-am06082-6\/","name":"Grand chaudron | Pot en m\u00e9tal ancien | AMARU ANTIQUES","isPartOf":{"@id":"https:\/\/amaruantiques.com\/#website"},"primaryImageOfPage":{"@id":"https:\/\/amaruoptim.stg.uzero.cat\/fr\/meubles-anciens\/seaux-metalliques-anciens\/chaudron-ancien-en-metal-c-1920-am06082-6\/#primaryimage"},"image":{"@id":"https:\/\/amaruoptim.stg.uzero.cat\/fr\/meubles-anciens\/seaux-metalliques-anciens\/chaudron-ancien-en-metal-c-1920-am06082-6\/#primaryimage"},"thumbnailUrl":"https:\/\/amaruoptim.stg.uzero.cat\/wp-content\/uploads\/2025\/06\/AM06082-6-1-2.jpg","datePublished":"2023-11-03T10:24:48+00:00","dateModified":"2025-06-26T15:47:04+00:00","description":"Grand chaudron ancien (vers 1920). Donnez vie \u00e0 votre maison avec ce chaudron qui capture l'essence d'une \u00e9poque r\u00e9volue. Visitez notre site web ...","breadcrumb":{"@id":"https:\/\/amaruoptim.stg.uzero.cat\/fr\/meubles-anciens\/seaux-metalliques-anciens\/chaudron-ancien-en-metal-c-1920-am06082-6\/#breadcrumb"},"inLanguage":"fr-FR","potentialAction":[{"@type":"ReadAction","target":["https:\/\/amaruoptim.stg.uzero.cat\/fr\/meubles-anciens\/seaux-metalliques-anciens\/chaudron-ancien-en-metal-c-1920-am06082-6\/"]}]},{"@type":"ImageObject","inLanguage":"fr-FR","@id":"https:\/\/amaruoptim.stg.uzero.cat\/fr\/meubles-anciens\/seaux-metalliques-anciens\/chaudron-ancien-en-metal-c-1920-am06082-6\/#primaryimage","url":"https:\/\/amaruoptim.stg.uzero.cat\/wp-content\/uploads\/2025\/06\/AM06082-6-1-2.jpg","contentUrl":"https:\/\/amaruoptim.stg.uzero.cat\/wp-content\/uploads\/2025\/06\/AM06082-6-1-2.jpg","width":924,"height":924},{"@type":"BreadcrumbList","@id":"https:\/\/amaruoptim.stg.uzero.cat\/fr\/meubles-anciens\/seaux-metalliques-anciens\/chaudron-ancien-en-metal-c-1920-am06082-6\/#breadcrumb","itemListElement":[{"@type":"ListItem","position":1,"name":"Accueil","item":"https:\/\/amaruantiques.com\/fr\/"},{"@type":"ListItem","position":2,"name":"Boutique","item":"https:\/\/amaruantiques.com\/fr\/boutique\/"},{"@type":"ListItem","position":3,"name":"Grand chaudron ancien en m\u00e9tal (vers 1920) #6"}]},{"@type":"WebSite","@id":"https:\/\/amaruantiques.com\/#website","url":"https:\/\/amaruantiques.com\/","name":"AMARU - Timeless Antiques","description":"Timeless antiques","publisher":{"@id":"https:\/\/amaruantiques.com\/#organization"},"potentialAction":[{"@type":"SearchAction","target":{"@type":"EntryPoint","urlTemplate":"https:\/\/amaruantiques.com\/?s={search_term_string}"},"query-input":{"@type":"PropertyValueSpecification","valueRequired":true,"valueName":"search_term_string"}}],"inLanguage":"fr-FR"},{"@type":"Organization","@id":"https:\/\/amaruantiques.com\/#organization","name":"AMARU","url":"https:\/\/amaruantiques.com\/","logo":{"@type":"ImageObject","inLanguage":"fr-FR","@id":"https:\/\/amaruantiques.com\/#\/schema\/logo\/image\/","url":"https:\/\/amaruoptim.stg.uzero.cat\/wp-content\/uploads\/2025\/04\/logo-AMARU.svg","contentUrl":"https:\/\/amaruoptim.stg.uzero.cat\/wp-content\/uploads\/2025\/04\/logo-AMARU.svg","caption":"AMARU"},"image":{"@id":"https:\/\/amaruantiques.com\/#\/schema\/logo\/image\/"}}]}},"_links":{"self":[{"href":"https:\/\/amaruoptim.stg.uzero.cat\/fr\/wp-json\/wp\/v2\/product\/212401","targetHints":{"allow":["GET"]}}],"collection":[{"href":"https:\/\/amaruoptim.stg.uzero.cat\/fr\/wp-json\/wp\/v2\/product"}],"about":[{"href":"https:\/\/amaruoptim.stg.uzero.cat\/fr\/wp-json\/wp\/v2\/types\/product"}],"wp:featuredmedia":[{"embeddable":true,"href":"https:\/\/amaruoptim.stg.uzero.cat\/fr\/wp-json\/wp\/v2\/media\/229204"}],"wp:attachment":[{"href":"https:\/\/amaruoptim.stg.uzero.cat\/fr\/wp-json\/wp\/v2\/media?parent=212401"}],"wp:term":[{"taxonomy":"product_brand","embeddable":true,"href":"https:\/\/amaruoptim.stg.uzero.cat\/fr\/wp-json\/wp\/v2\/product_brand?post=212401"},{"taxonomy":"product_cat","embeddable":true,"href":"https:\/\/amaruoptim.stg.uzero.cat\/fr\/wp-json\/wp\/v2\/product_cat?post=212401"},{"taxonomy":"product_tag","embeddable":true,"href":"https:\/\/amaruoptim.stg.uzero.cat\/fr\/wp-json\/wp\/v2\/product_tag?post=212401"}],"curies":[{"name":"wp","href":"https:\/\/api.w.org\/{rel}","templated":true}]}}