{"id":212392,"date":"2023-11-02T15:39:19","date_gmt":"2023-11-02T15:39:21","guid":{"rendered":"https:\/\/amaruantiques.com\/?post_type=product&#038;p=212392"},"modified":"2025-06-26T15:46:59","modified_gmt":"2025-06-26T15:46:59","slug":"banera-para-bebe-antigua-c-1920-am06061-1","status":"publish","type":"product","link":"https:\/\/amaruoptim.stg.uzero.cat\/fr\/meubles-anciens\/autres-objets-et-artefacts-anciens\/banera-para-bebe-antigua-c-1920-am06061-1\/","title":{"rendered":"Baignoire ancienne pour b\u00e9b\u00e9 (c.1920)"},"content":{"rendered":"<p><strong>Baignoire ancienne pour b\u00e9b\u00e9 <\/strong>(vers 1920).<\/p>\n<ul>\n<li><strong>\u00c2ge approximatif:<\/strong> 100 ans<\/li>\n<li><strong>Mat\u00e9riau :<\/strong> m\u00e9tal \u00e9maill\u00e9<\/li>\n<\/ul>\n<p>Notre <em>baignoire ancienne pour b\u00e9b\u00e9<\/em> est une pi\u00e8ce unique qui se distingue par:<\/p>\n<ol>\n<li>Ses pieds m\u00e9talliques pliants et sa cuve \u00e9maill\u00e9e aux bords l\u00e9g\u00e8rement incurv\u00e9s.<\/li>\n<li>Trou de vidange facile<\/li>\n<li>Elle peut \u00eatre utilis\u00e9e comme baignoire d\u00e9corative dans votre jardin, ou \u00e9galement comme pi\u00e8ce d\u00e9corative dans une chambre de b\u00e9b\u00e9 ou \u00e0 th\u00e8me vintage pour y ranger des jouets ou d&#8217;autres articles de b\u00e9b\u00e9. Cette baignoire peut \u00eatre utilis\u00e9e comme rangement cr\u00e9atif dans n&#8217;importe quelle pi\u00e8ce de votre maison.<\/li>\n<\/ol>\n<p>Il est en excellent \u00e9tat de conservation, \u00e0 l&#8217;exception des imperfections caract\u00e9ristiques de toute antiquit\u00e9, dues au passage du temps.<\/p>\n<p>Il peut \u00eatre associ\u00e9 \u00e0 l&#8217;une de nos <a href=\"https:\/\/amaruantiques.com\/fr\/categoria-producto\/meubles-de-jardin-anciens\/\">tables d&#8217;ext\u00e9rieur <\/a>ou \u00e0 un <a href=\"https:\/\/amaruantiques.com\/fr\/meubles-anciens\/objets-anciens\/ancien\/\">cheval \u00e0 bascule antique<\/a> pour d\u00e9corer une chambre de b\u00e9b\u00e9.<\/p>\n<p><em>PI\u00c8CE UNIQUE<\/em><\/p>\n","protected":false},"excerpt":{"rendered":"<p><strong>Baignoire ancienne pour b\u00e9b\u00e9 <\/strong>(vers 1920).<\/p>\n<p><strong>Dimensions: <\/strong>100 x 45 x 74 cm (Longueur x Largeur x Hauteur)<\/p>\n<p>&nbsp;<\/p>\n","protected":false},"featured_media":229093,"template":"","meta":[],"product_brand":[],"product_cat":[638],"product_tag":[],"class_list":{"0":"post-212392","1":"product","2":"type-product","3":"status-publish","4":"has-post-thumbnail","6":"product_cat-autres-objets-et-artefacts-anciens","7":"product_shipping_class-extra-large-250-fr","8":"pa_estilo-style-rustique","10":"first","11":"instock","12":"sale","13":"taxable","14":"shipping-taxable","15":"purchasable","16":"product-type-simple"},"yoast_head":"<!-- This site is optimized with the Yoast SEO plugin v26.0 - https:\/\/yoast.com\/wordpress\/plugins\/seo\/ -->\n<title>Baignoire b\u00e9b\u00e9 ancienne | Baignoire en m\u00e9tal \u00e9maill\u00e9 | AMARU<\/title>\n<meta name=\"description\" content=\"Baignoire ancienne pour b\u00e9b\u00e9 (vers 1920) Baignoire au charme classique et au design intemporel. D\u00e9couvrez d&#039;autres pi\u00e8ces uniques et meubles anciens sur notre site web...\" \/>\n<meta name=\"robots\" content=\"index, follow, max-snippet:-1, max-image-preview:large, max-video-preview:-1\" \/>\n<link rel=\"canonical\" href=\"https:\/\/amaruoptim.stg.uzero.cat\/fr\/meubles-anciens\/autres-objets-et-artefacts-anciens\/banera-para-bebe-antigua-c-1920-am06061-1\/\" \/>\n<meta property=\"og:locale\" content=\"fr_FR\" \/>\n<meta property=\"og:type\" content=\"article\" \/>\n<meta property=\"og:title\" content=\"Baignoire b\u00e9b\u00e9 ancienne | Baignoire en m\u00e9tal \u00e9maill\u00e9 | AMARU\" \/>\n<meta property=\"og:description\" content=\"Baignoire ancienne pour b\u00e9b\u00e9 (vers 1920) Baignoire au charme classique et au design intemporel. D\u00e9couvrez d&#039;autres pi\u00e8ces uniques et meubles anciens sur notre site web...\" \/>\n<meta property=\"og:url\" content=\"https:\/\/amaruoptim.stg.uzero.cat\/fr\/meubles-anciens\/autres-objets-et-artefacts-anciens\/banera-para-bebe-antigua-c-1920-am06061-1\/\" \/>\n<meta property=\"og:site_name\" content=\"AMARU\" \/>\n<meta property=\"article:modified_time\" content=\"2025-06-26T15:46:59+00:00\" \/>\n<meta property=\"og:image\" content=\"https:\/\/amaruantiques.com\/wp-content\/uploads\/2025\/06\/AM06061-1-2-2.jpg\" \/>\n\t<meta property=\"og:image:width\" content=\"924\" \/>\n\t<meta property=\"og:image:height\" content=\"924\" \/>\n\t<meta property=\"og:image:type\" content=\"image\/jpeg\" \/>\n<meta name=\"twitter:card\" content=\"summary_large_image\" \/>\n<meta name=\"twitter:label1\" content=\"Dur\u00e9e de lecture estim\u00e9e\" \/>\n\t<meta name=\"twitter:data1\" content=\"1 minute\" \/>\n<!-- \/ Yoast SEO plugin. -->","yoast_head_json":{"title":"Baignoire b\u00e9b\u00e9 ancienne | Baignoire en m\u00e9tal \u00e9maill\u00e9 | AMARU","description":"Baignoire ancienne pour b\u00e9b\u00e9 (vers 1920) Baignoire au charme classique et au design intemporel. D\u00e9couvrez d'autres pi\u00e8ces uniques et meubles anciens sur notre site web...","robots":{"index":"index","follow":"follow","max-snippet":"max-snippet:-1","max-image-preview":"max-image-preview:large","max-video-preview":"max-video-preview:-1"},"canonical":"https:\/\/amaruoptim.stg.uzero.cat\/fr\/meubles-anciens\/autres-objets-et-artefacts-anciens\/banera-para-bebe-antigua-c-1920-am06061-1\/","og_locale":"fr_FR","og_type":"article","og_title":"Baignoire b\u00e9b\u00e9 ancienne | Baignoire en m\u00e9tal \u00e9maill\u00e9 | AMARU","og_description":"Baignoire ancienne pour b\u00e9b\u00e9 (vers 1920) Baignoire au charme classique et au design intemporel. D\u00e9couvrez d'autres pi\u00e8ces uniques et meubles anciens sur notre site web...","og_url":"https:\/\/amaruoptim.stg.uzero.cat\/fr\/meubles-anciens\/autres-objets-et-artefacts-anciens\/banera-para-bebe-antigua-c-1920-am06061-1\/","og_site_name":"AMARU","article_modified_time":"2025-06-26T15:46:59+00:00","og_image":[{"width":924,"height":924,"url":"https:\/\/amaruantiques.com\/wp-content\/uploads\/2025\/06\/AM06061-1-2-2.jpg","type":"image\/jpeg"}],"twitter_card":"summary_large_image","twitter_misc":{"Dur\u00e9e de lecture estim\u00e9e":"1 minute"},"schema":{"@context":"https:\/\/schema.org","@graph":[{"@type":"WebPage","@id":"https:\/\/amaruoptim.stg.uzero.cat\/fr\/meubles-anciens\/autres-objets-et-artefacts-anciens\/banera-para-bebe-antigua-c-1920-am06061-1\/","url":"https:\/\/amaruoptim.stg.uzero.cat\/fr\/meubles-anciens\/autres-objets-et-artefacts-anciens\/banera-para-bebe-antigua-c-1920-am06061-1\/","name":"Baignoire b\u00e9b\u00e9 ancienne | Baignoire en m\u00e9tal \u00e9maill\u00e9 | AMARU","isPartOf":{"@id":"https:\/\/amaruantiques.com\/#website"},"primaryImageOfPage":{"@id":"https:\/\/amaruoptim.stg.uzero.cat\/fr\/meubles-anciens\/autres-objets-et-artefacts-anciens\/banera-para-bebe-antigua-c-1920-am06061-1\/#primaryimage"},"image":{"@id":"https:\/\/amaruoptim.stg.uzero.cat\/fr\/meubles-anciens\/autres-objets-et-artefacts-anciens\/banera-para-bebe-antigua-c-1920-am06061-1\/#primaryimage"},"thumbnailUrl":"https:\/\/amaruoptim.stg.uzero.cat\/wp-content\/uploads\/2025\/06\/AM06061-1-2-2.jpg","datePublished":"2023-11-02T15:39:21+00:00","dateModified":"2025-06-26T15:46:59+00:00","description":"Baignoire ancienne pour b\u00e9b\u00e9 (vers 1920) Baignoire au charme classique et au design intemporel. D\u00e9couvrez d'autres pi\u00e8ces uniques et meubles anciens sur notre site web...","breadcrumb":{"@id":"https:\/\/amaruoptim.stg.uzero.cat\/fr\/meubles-anciens\/autres-objets-et-artefacts-anciens\/banera-para-bebe-antigua-c-1920-am06061-1\/#breadcrumb"},"inLanguage":"fr-FR","potentialAction":[{"@type":"ReadAction","target":["https:\/\/amaruoptim.stg.uzero.cat\/fr\/meubles-anciens\/autres-objets-et-artefacts-anciens\/banera-para-bebe-antigua-c-1920-am06061-1\/"]}]},{"@type":"ImageObject","inLanguage":"fr-FR","@id":"https:\/\/amaruoptim.stg.uzero.cat\/fr\/meubles-anciens\/autres-objets-et-artefacts-anciens\/banera-para-bebe-antigua-c-1920-am06061-1\/#primaryimage","url":"https:\/\/amaruoptim.stg.uzero.cat\/wp-content\/uploads\/2025\/06\/AM06061-1-2-2.jpg","contentUrl":"https:\/\/amaruoptim.stg.uzero.cat\/wp-content\/uploads\/2025\/06\/AM06061-1-2-2.jpg","width":924,"height":924},{"@type":"BreadcrumbList","@id":"https:\/\/amaruoptim.stg.uzero.cat\/fr\/meubles-anciens\/autres-objets-et-artefacts-anciens\/banera-para-bebe-antigua-c-1920-am06061-1\/#breadcrumb","itemListElement":[{"@type":"ListItem","position":1,"name":"Accueil","item":"https:\/\/amaruantiques.com\/fr\/"},{"@type":"ListItem","position":2,"name":"Boutique","item":"https:\/\/amaruantiques.com\/fr\/boutique\/"},{"@type":"ListItem","position":3,"name":"Baignoire ancienne pour b\u00e9b\u00e9 (c.1920)"}]},{"@type":"WebSite","@id":"https:\/\/amaruantiques.com\/#website","url":"https:\/\/amaruantiques.com\/","name":"AMARU - Timeless Antiques","description":"Timeless antiques","publisher":{"@id":"https:\/\/amaruantiques.com\/#organization"},"potentialAction":[{"@type":"SearchAction","target":{"@type":"EntryPoint","urlTemplate":"https:\/\/amaruantiques.com\/?s={search_term_string}"},"query-input":{"@type":"PropertyValueSpecification","valueRequired":true,"valueName":"search_term_string"}}],"inLanguage":"fr-FR"},{"@type":"Organization","@id":"https:\/\/amaruantiques.com\/#organization","name":"AMARU","url":"https:\/\/amaruantiques.com\/","logo":{"@type":"ImageObject","inLanguage":"fr-FR","@id":"https:\/\/amaruantiques.com\/#\/schema\/logo\/image\/","url":"https:\/\/amaruoptim.stg.uzero.cat\/wp-content\/uploads\/2025\/04\/logo-AMARU.svg","contentUrl":"https:\/\/amaruoptim.stg.uzero.cat\/wp-content\/uploads\/2025\/04\/logo-AMARU.svg","caption":"AMARU"},"image":{"@id":"https:\/\/amaruantiques.com\/#\/schema\/logo\/image\/"}}]}},"_links":{"self":[{"href":"https:\/\/amaruoptim.stg.uzero.cat\/fr\/wp-json\/wp\/v2\/product\/212392","targetHints":{"allow":["GET"]}}],"collection":[{"href":"https:\/\/amaruoptim.stg.uzero.cat\/fr\/wp-json\/wp\/v2\/product"}],"about":[{"href":"https:\/\/amaruoptim.stg.uzero.cat\/fr\/wp-json\/wp\/v2\/types\/product"}],"wp:featuredmedia":[{"embeddable":true,"href":"https:\/\/amaruoptim.stg.uzero.cat\/fr\/wp-json\/wp\/v2\/media\/229093"}],"wp:attachment":[{"href":"https:\/\/amaruoptim.stg.uzero.cat\/fr\/wp-json\/wp\/v2\/media?parent=212392"}],"wp:term":[{"taxonomy":"product_brand","embeddable":true,"href":"https:\/\/amaruoptim.stg.uzero.cat\/fr\/wp-json\/wp\/v2\/product_brand?post=212392"},{"taxonomy":"product_cat","embeddable":true,"href":"https:\/\/amaruoptim.stg.uzero.cat\/fr\/wp-json\/wp\/v2\/product_cat?post=212392"},{"taxonomy":"product_tag","embeddable":true,"href":"https:\/\/amaruoptim.stg.uzero.cat\/fr\/wp-json\/wp\/v2\/product_tag?post=212392"}],"curies":[{"name":"wp","href":"https:\/\/api.w.org\/{rel}","templated":true}]}}