{"id":212382,"date":"2023-10-31T17:54:25","date_gmt":"2023-10-31T17:54:26","guid":{"rendered":"https:\/\/amaruantiques.com\/?post_type=product&#038;p=212382"},"modified":"2025-06-26T15:46:56","modified_gmt":"2025-06-26T15:46:56","slug":"barril-medidor-antiguo-de-madera-c-1920-am06059","status":"publish","type":"product","link":"https:\/\/amaruoptim.stg.uzero.cat\/fr\/meubles-anciens\/tonneaux-anciens\/barril-medidor-antiguo-de-madera-c-1920-am06059\/","title":{"rendered":"Ancien tonneau de mesure en bois (c.1920)"},"content":{"rendered":"<p><strong>Ancien tonneau de mesure <\/strong>en bois (vers 1920).<\/p>\n<ul>\n<li><strong>\u00c2ge approximatif:<\/strong> 100 ans<\/li>\n<li><strong>Mat\u00e9riau :<\/strong> Bois de ch\u00eane<\/li>\n<\/ul>\n<p>Notre <em>tonneau de mesure ancien <\/em>en bois est une pi\u00e8ce unique qui se distingue par:<\/p>\n<ol>\n<li>Ses planches de ch\u00eane sont maintenues par des bandes de m\u00e9tal et par sa poign\u00e9e en bois.<\/li>\n<li>\u00c0 l&#8217;origine, il \u00e9tait utilis\u00e9 pour la production de vin, ainsi que pour la conservation d&#8217;autres liquides.<\/li>\n<li>Il peut \u00eatre utilis\u00e9 comme \u00e9l\u00e9ment d\u00e9coratif \u00e0 l&#8217;int\u00e9rieur comme \u00e0 l&#8217;ext\u00e9rieur.<\/li>\n<\/ol>\n<p>Il est en excellent \u00e9tat de conservation, \u00e0 l&#8217;exception des imperfections caract\u00e9ristiques de toute antiquit\u00e9, dues au passage du temps.<\/p>\n<p>Nos tonneaux anciens sont des pi\u00e8ces uniques sp\u00e9cialement s\u00e9lectionn\u00e9es pour faire partie d&#8217;espaces intemporels et s&#8217;accordent parfaitement avec certaines de nos <a href=\"https:\/\/amaruantiques.com\/fr\/categoria-producto\/chaises-anciennes\/\">chaises,<\/a> <a href=\"https:\/\/amaruantiques.com\/fr\/categoria-producto\/tabourets-anciens\/\">tabourets<\/a> et <a href=\"https:\/\/amaruantiques.com\/fr\/categoria-producto\/bancs-anciens\/\">bancs anciens<\/a>.<\/p>\n","protected":false},"excerpt":{"rendered":"<p><strong>Ancien tonneau de mesure <\/strong>en bois (vers 1920).<\/p>\n<p><strong>Dimensions : <\/strong>44 x 40 x 44 cm (Longueur x Largeur x Hauteur)<\/p>\n","protected":false},"featured_media":228925,"template":"","meta":[],"product_brand":[],"product_cat":[636],"product_tag":[],"class_list":{"0":"post-212382","1":"product","2":"type-product","3":"status-publish","4":"has-post-thumbnail","6":"product_cat-tonneaux-anciens","7":"product_shipping_class-large-150-fr","8":"pa_estilo-style-rustique","10":"first","11":"instock","12":"taxable","13":"shipping-taxable","14":"purchasable","15":"product-type-simple"},"yoast_head":"<!-- This site is optimized with the Yoast SEO plugin v26.0 - https:\/\/yoast.com\/wordpress\/plugins\/seo\/ -->\n<title>Tonneau de mesure ancien | Tonneau en bois de ch\u00eane | AMARU<\/title>\n<meta name=\"description\" content=\"Ancien tonneau de mesure en bois (vers 1920). Ce tonneau a r\u00e9sist\u00e9 \u00e0 l&#039;\u00e9preuve du temps et est pr\u00eat \u00e0 faire partie de votre maison ou de votre entreprise. Visitez notre site web.\" \/>\n<meta name=\"robots\" content=\"index, follow, max-snippet:-1, max-image-preview:large, max-video-preview:-1\" \/>\n<link rel=\"canonical\" href=\"https:\/\/amaruoptim.stg.uzero.cat\/fr\/meubles-anciens\/tonneaux-anciens\/barril-medidor-antiguo-de-madera-c-1920-am06059\/\" \/>\n<meta property=\"og:locale\" content=\"fr_FR\" \/>\n<meta property=\"og:type\" content=\"article\" \/>\n<meta property=\"og:title\" content=\"Tonneau de mesure ancien | Tonneau en bois de ch\u00eane | AMARU\" \/>\n<meta property=\"og:description\" content=\"Ancien tonneau de mesure en bois (vers 1920). Ce tonneau a r\u00e9sist\u00e9 \u00e0 l&#039;\u00e9preuve du temps et est pr\u00eat \u00e0 faire partie de votre maison ou de votre entreprise. Visitez notre site web.\" \/>\n<meta property=\"og:url\" content=\"https:\/\/amaruoptim.stg.uzero.cat\/fr\/meubles-anciens\/tonneaux-anciens\/barril-medidor-antiguo-de-madera-c-1920-am06059\/\" \/>\n<meta property=\"og:site_name\" content=\"AMARU\" \/>\n<meta property=\"article:modified_time\" content=\"2025-06-26T15:46:56+00:00\" \/>\n<meta property=\"og:image\" content=\"https:\/\/amaruantiques.com\/wp-content\/uploads\/2025\/06\/AM06059-1-1-2.jpg\" \/>\n\t<meta property=\"og:image:width\" content=\"924\" \/>\n\t<meta property=\"og:image:height\" content=\"924\" \/>\n\t<meta property=\"og:image:type\" content=\"image\/jpeg\" \/>\n<meta name=\"twitter:card\" content=\"summary_large_image\" \/>\n<meta name=\"twitter:label1\" content=\"Dur\u00e9e de lecture estim\u00e9e\" \/>\n\t<meta name=\"twitter:data1\" content=\"2 minutes\" \/>\n<!-- \/ Yoast SEO plugin. -->","yoast_head_json":{"title":"Tonneau de mesure ancien | Tonneau en bois de ch\u00eane | AMARU","description":"Ancien tonneau de mesure en bois (vers 1920). Ce tonneau a r\u00e9sist\u00e9 \u00e0 l'\u00e9preuve du temps et est pr\u00eat \u00e0 faire partie de votre maison ou de votre entreprise. Visitez notre site web.","robots":{"index":"index","follow":"follow","max-snippet":"max-snippet:-1","max-image-preview":"max-image-preview:large","max-video-preview":"max-video-preview:-1"},"canonical":"https:\/\/amaruoptim.stg.uzero.cat\/fr\/meubles-anciens\/tonneaux-anciens\/barril-medidor-antiguo-de-madera-c-1920-am06059\/","og_locale":"fr_FR","og_type":"article","og_title":"Tonneau de mesure ancien | Tonneau en bois de ch\u00eane | AMARU","og_description":"Ancien tonneau de mesure en bois (vers 1920). Ce tonneau a r\u00e9sist\u00e9 \u00e0 l'\u00e9preuve du temps et est pr\u00eat \u00e0 faire partie de votre maison ou de votre entreprise. Visitez notre site web.","og_url":"https:\/\/amaruoptim.stg.uzero.cat\/fr\/meubles-anciens\/tonneaux-anciens\/barril-medidor-antiguo-de-madera-c-1920-am06059\/","og_site_name":"AMARU","article_modified_time":"2025-06-26T15:46:56+00:00","og_image":[{"width":924,"height":924,"url":"https:\/\/amaruantiques.com\/wp-content\/uploads\/2025\/06\/AM06059-1-1-2.jpg","type":"image\/jpeg"}],"twitter_card":"summary_large_image","twitter_misc":{"Dur\u00e9e de lecture estim\u00e9e":"2 minutes"},"schema":{"@context":"https:\/\/schema.org","@graph":[{"@type":"WebPage","@id":"https:\/\/amaruoptim.stg.uzero.cat\/fr\/meubles-anciens\/tonneaux-anciens\/barril-medidor-antiguo-de-madera-c-1920-am06059\/","url":"https:\/\/amaruoptim.stg.uzero.cat\/fr\/meubles-anciens\/tonneaux-anciens\/barril-medidor-antiguo-de-madera-c-1920-am06059\/","name":"Tonneau de mesure ancien | Tonneau en bois de ch\u00eane | AMARU","isPartOf":{"@id":"https:\/\/amaruantiques.com\/#website"},"primaryImageOfPage":{"@id":"https:\/\/amaruoptim.stg.uzero.cat\/fr\/meubles-anciens\/tonneaux-anciens\/barril-medidor-antiguo-de-madera-c-1920-am06059\/#primaryimage"},"image":{"@id":"https:\/\/amaruoptim.stg.uzero.cat\/fr\/meubles-anciens\/tonneaux-anciens\/barril-medidor-antiguo-de-madera-c-1920-am06059\/#primaryimage"},"thumbnailUrl":"https:\/\/amaruoptim.stg.uzero.cat\/wp-content\/uploads\/2025\/06\/AM06059-1-1-2.jpg","datePublished":"2023-10-31T17:54:26+00:00","dateModified":"2025-06-26T15:46:56+00:00","description":"Ancien tonneau de mesure en bois (vers 1920). Ce tonneau a r\u00e9sist\u00e9 \u00e0 l'\u00e9preuve du temps et est pr\u00eat \u00e0 faire partie de votre maison ou de votre entreprise. Visitez notre site web.","breadcrumb":{"@id":"https:\/\/amaruoptim.stg.uzero.cat\/fr\/meubles-anciens\/tonneaux-anciens\/barril-medidor-antiguo-de-madera-c-1920-am06059\/#breadcrumb"},"inLanguage":"fr-FR","potentialAction":[{"@type":"ReadAction","target":["https:\/\/amaruoptim.stg.uzero.cat\/fr\/meubles-anciens\/tonneaux-anciens\/barril-medidor-antiguo-de-madera-c-1920-am06059\/"]}]},{"@type":"ImageObject","inLanguage":"fr-FR","@id":"https:\/\/amaruoptim.stg.uzero.cat\/fr\/meubles-anciens\/tonneaux-anciens\/barril-medidor-antiguo-de-madera-c-1920-am06059\/#primaryimage","url":"https:\/\/amaruoptim.stg.uzero.cat\/wp-content\/uploads\/2025\/06\/AM06059-1-1-2.jpg","contentUrl":"https:\/\/amaruoptim.stg.uzero.cat\/wp-content\/uploads\/2025\/06\/AM06059-1-1-2.jpg","width":924,"height":924},{"@type":"BreadcrumbList","@id":"https:\/\/amaruoptim.stg.uzero.cat\/fr\/meubles-anciens\/tonneaux-anciens\/barril-medidor-antiguo-de-madera-c-1920-am06059\/#breadcrumb","itemListElement":[{"@type":"ListItem","position":1,"name":"Accueil","item":"https:\/\/amaruantiques.com\/fr\/"},{"@type":"ListItem","position":2,"name":"Boutique","item":"https:\/\/amaruantiques.com\/fr\/boutique\/"},{"@type":"ListItem","position":3,"name":"Ancien tonneau de mesure en bois (c.1920)"}]},{"@type":"WebSite","@id":"https:\/\/amaruantiques.com\/#website","url":"https:\/\/amaruantiques.com\/","name":"AMARU - Timeless Antiques","description":"Timeless antiques","publisher":{"@id":"https:\/\/amaruantiques.com\/#organization"},"potentialAction":[{"@type":"SearchAction","target":{"@type":"EntryPoint","urlTemplate":"https:\/\/amaruantiques.com\/?s={search_term_string}"},"query-input":{"@type":"PropertyValueSpecification","valueRequired":true,"valueName":"search_term_string"}}],"inLanguage":"fr-FR"},{"@type":"Organization","@id":"https:\/\/amaruantiques.com\/#organization","name":"AMARU","url":"https:\/\/amaruantiques.com\/","logo":{"@type":"ImageObject","inLanguage":"fr-FR","@id":"https:\/\/amaruantiques.com\/#\/schema\/logo\/image\/","url":"https:\/\/amaruoptim.stg.uzero.cat\/wp-content\/uploads\/2025\/04\/logo-AMARU.svg","contentUrl":"https:\/\/amaruoptim.stg.uzero.cat\/wp-content\/uploads\/2025\/04\/logo-AMARU.svg","caption":"AMARU"},"image":{"@id":"https:\/\/amaruantiques.com\/#\/schema\/logo\/image\/"}}]}},"_links":{"self":[{"href":"https:\/\/amaruoptim.stg.uzero.cat\/fr\/wp-json\/wp\/v2\/product\/212382","targetHints":{"allow":["GET"]}}],"collection":[{"href":"https:\/\/amaruoptim.stg.uzero.cat\/fr\/wp-json\/wp\/v2\/product"}],"about":[{"href":"https:\/\/amaruoptim.stg.uzero.cat\/fr\/wp-json\/wp\/v2\/types\/product"}],"wp:featuredmedia":[{"embeddable":true,"href":"https:\/\/amaruoptim.stg.uzero.cat\/fr\/wp-json\/wp\/v2\/media\/228925"}],"wp:attachment":[{"href":"https:\/\/amaruoptim.stg.uzero.cat\/fr\/wp-json\/wp\/v2\/media?parent=212382"}],"wp:term":[{"taxonomy":"product_brand","embeddable":true,"href":"https:\/\/amaruoptim.stg.uzero.cat\/fr\/wp-json\/wp\/v2\/product_brand?post=212382"},{"taxonomy":"product_cat","embeddable":true,"href":"https:\/\/amaruoptim.stg.uzero.cat\/fr\/wp-json\/wp\/v2\/product_cat?post=212382"},{"taxonomy":"product_tag","embeddable":true,"href":"https:\/\/amaruoptim.stg.uzero.cat\/fr\/wp-json\/wp\/v2\/product_tag?post=212382"}],"curies":[{"name":"wp","href":"https:\/\/api.w.org\/{rel}","templated":true}]}}