{"id":212380,"date":"2023-10-31T15:28:24","date_gmt":"2023-10-31T15:28:26","guid":{"rendered":"https:\/\/amaruantiques.com\/?post_type=product&#038;p=212380"},"modified":"2025-06-26T15:46:52","modified_gmt":"2025-06-26T15:46:52","slug":"table-de-travail-ancienne-en-bois-massif-et-fer-c-1920-am06007","status":"publish","type":"product","link":"https:\/\/amaruoptim.stg.uzero.cat\/fr\/meubles-anciens\/tables-a-manger-et-de-cuisine\/table-de-travail-ancienne-en-bois-massif-et-fer-c-1920-am06007\/","title":{"rendered":"Table de travail ancienne en bois massif et fer (vers 1920)"},"content":{"rendered":"<p><strong>Table de travail ancienne <\/strong>en bois massif et en fer (vers 1920).<\/p>\n<ul>\n<li><strong>\u00c2ge approximatif:<\/strong> 100 ans<\/li>\n<li><strong>Mat\u00e9riau :<\/strong> Bois et m\u00e9tal<\/li>\n<\/ul>\n<p>Notre <em>table de travail ancienne<\/em> est une pi\u00e8ce unique qui se d\u00e9marque par sa qualit\u00e9 :<\/p>\n<ol>\n<li>Il combine deux mat\u00e9riaux : le bois massif rustique et le m\u00e9tal.<\/li>\n<li>A l&#8217;origine, elle \u00e9tait utilis\u00e9e comme table de d\u00e9coupe et de travail. Par la suite, cette table de travail a \u00e9t\u00e9 transform\u00e9e en table de salle \u00e0 manger en ajustant les pieds en m\u00e9tal.<\/li>\n<li>Elle peut \u00eatre utilis\u00e9e comme table de salle \u00e0 manger, comme table de jardin ou encore comme meuble d\u00e9coratif dans le hall d&#8217;entr\u00e9e de votre maison.<\/li>\n<\/ol>\n<p>Il est en excellent \u00e9tat de conservation, \u00e0 l&#8217;exception des imperfections caract\u00e9ristiques de toute antiquit\u00e9, dues au passage du temps.<\/p>\n<p>Nous recommandons \u00e9galement nos <a href=\"https:\/\/amaruantiques.com\/fr\/categoria-producto\/chaises-anciennes\/\">chaises anciennes<\/a> qui compl\u00e8tent parfaitement cette table en m\u00e9tal ancienne.<\/p>\n<p>&nbsp;<\/p>\n","protected":false},"excerpt":{"rendered":"<p><strong>Table de travail ancienne<\/strong> en bois massif et fer (vers 1920)<\/p>\n<p><strong>Dimensions: <\/strong>163 x 52 x 85 cm (Longueur x Largeur x Hauteur)<\/p>\n","protected":false},"featured_media":228898,"template":"","meta":[],"product_brand":[],"product_cat":[629],"product_tag":[133],"class_list":{"0":"post-212380","1":"product","2":"type-product","3":"status-publish","4":"has-post-thumbnail","6":"product_cat-tables-a-manger-et-de-cuisine","7":"product_tag-anciennes-tables","8":"product_shipping_class-gran-cargo-1000-fr","9":"pa_estilo-style-primitif","11":"first","12":"instock","13":"taxable","14":"shipping-taxable","15":"purchasable","16":"product-type-simple"},"yoast_head":"<!-- This site is optimized with the Yoast SEO plugin v26.0 - https:\/\/yoast.com\/wordpress\/plugins\/seo\/ -->\n<title>Table de travail ancienne | Table rectangulaire | AMARU<\/title>\n<meta name=\"description\" content=\"Table de travail ancienne en bois massif et en fer (vers 1920). D\u00e9couvrez d&#039;autres tables anciennes, tables vintage et pi\u00e8ces uniques sur notre site web...\" \/>\n<meta name=\"robots\" content=\"index, follow, max-snippet:-1, max-image-preview:large, max-video-preview:-1\" \/>\n<link rel=\"canonical\" href=\"https:\/\/amaruoptim.stg.uzero.cat\/fr\/meubles-anciens\/tables-a-manger-et-de-cuisine\/table-de-travail-ancienne-en-bois-massif-et-fer-c-1920-am06007\/\" \/>\n<meta property=\"og:locale\" content=\"fr_FR\" \/>\n<meta property=\"og:type\" content=\"article\" \/>\n<meta property=\"og:title\" content=\"Table de travail ancienne | Table rectangulaire | AMARU\" \/>\n<meta property=\"og:description\" content=\"Table de travail ancienne en bois massif et en fer (vers 1920). D\u00e9couvrez d&#039;autres tables anciennes, tables vintage et pi\u00e8ces uniques sur notre site web...\" \/>\n<meta property=\"og:url\" content=\"https:\/\/amaruoptim.stg.uzero.cat\/fr\/meubles-anciens\/tables-a-manger-et-de-cuisine\/table-de-travail-ancienne-en-bois-massif-et-fer-c-1920-am06007\/\" \/>\n<meta property=\"og:site_name\" content=\"AMARU\" \/>\n<meta property=\"article:modified_time\" content=\"2025-06-26T15:46:52+00:00\" \/>\n<meta property=\"og:image\" content=\"https:\/\/amaruantiques.com\/wp-content\/uploads\/2025\/06\/AM006007-1-2-2.jpg\" \/>\n\t<meta property=\"og:image:width\" content=\"924\" \/>\n\t<meta property=\"og:image:height\" content=\"924\" \/>\n\t<meta property=\"og:image:type\" content=\"image\/jpeg\" \/>\n<meta name=\"twitter:card\" content=\"summary_large_image\" \/>\n<meta name=\"twitter:label1\" content=\"Dur\u00e9e de lecture estim\u00e9e\" \/>\n\t<meta name=\"twitter:data1\" content=\"1 minute\" \/>\n<!-- \/ Yoast SEO plugin. -->","yoast_head_json":{"title":"Table de travail ancienne | Table rectangulaire | AMARU","description":"Table de travail ancienne en bois massif et en fer (vers 1920). D\u00e9couvrez d'autres tables anciennes, tables vintage et pi\u00e8ces uniques sur notre site web...","robots":{"index":"index","follow":"follow","max-snippet":"max-snippet:-1","max-image-preview":"max-image-preview:large","max-video-preview":"max-video-preview:-1"},"canonical":"https:\/\/amaruoptim.stg.uzero.cat\/fr\/meubles-anciens\/tables-a-manger-et-de-cuisine\/table-de-travail-ancienne-en-bois-massif-et-fer-c-1920-am06007\/","og_locale":"fr_FR","og_type":"article","og_title":"Table de travail ancienne | Table rectangulaire | AMARU","og_description":"Table de travail ancienne en bois massif et en fer (vers 1920). D\u00e9couvrez d'autres tables anciennes, tables vintage et pi\u00e8ces uniques sur notre site web...","og_url":"https:\/\/amaruoptim.stg.uzero.cat\/fr\/meubles-anciens\/tables-a-manger-et-de-cuisine\/table-de-travail-ancienne-en-bois-massif-et-fer-c-1920-am06007\/","og_site_name":"AMARU","article_modified_time":"2025-06-26T15:46:52+00:00","og_image":[{"width":924,"height":924,"url":"https:\/\/amaruantiques.com\/wp-content\/uploads\/2025\/06\/AM006007-1-2-2.jpg","type":"image\/jpeg"}],"twitter_card":"summary_large_image","twitter_misc":{"Dur\u00e9e de lecture estim\u00e9e":"1 minute"},"schema":{"@context":"https:\/\/schema.org","@graph":[{"@type":"WebPage","@id":"https:\/\/amaruoptim.stg.uzero.cat\/fr\/meubles-anciens\/tables-a-manger-et-de-cuisine\/table-de-travail-ancienne-en-bois-massif-et-fer-c-1920-am06007\/","url":"https:\/\/amaruoptim.stg.uzero.cat\/fr\/meubles-anciens\/tables-a-manger-et-de-cuisine\/table-de-travail-ancienne-en-bois-massif-et-fer-c-1920-am06007\/","name":"Table de travail ancienne | Table rectangulaire | AMARU","isPartOf":{"@id":"https:\/\/amaruantiques.com\/#website"},"primaryImageOfPage":{"@id":"https:\/\/amaruoptim.stg.uzero.cat\/fr\/meubles-anciens\/tables-a-manger-et-de-cuisine\/table-de-travail-ancienne-en-bois-massif-et-fer-c-1920-am06007\/#primaryimage"},"image":{"@id":"https:\/\/amaruoptim.stg.uzero.cat\/fr\/meubles-anciens\/tables-a-manger-et-de-cuisine\/table-de-travail-ancienne-en-bois-massif-et-fer-c-1920-am06007\/#primaryimage"},"thumbnailUrl":"https:\/\/amaruoptim.stg.uzero.cat\/wp-content\/uploads\/2025\/06\/AM006007-1-2-2.jpg","datePublished":"2023-10-31T15:28:26+00:00","dateModified":"2025-06-26T15:46:52+00:00","description":"Table de travail ancienne en bois massif et en fer (vers 1920). D\u00e9couvrez d'autres tables anciennes, tables vintage et pi\u00e8ces uniques sur notre site web...","breadcrumb":{"@id":"https:\/\/amaruoptim.stg.uzero.cat\/fr\/meubles-anciens\/tables-a-manger-et-de-cuisine\/table-de-travail-ancienne-en-bois-massif-et-fer-c-1920-am06007\/#breadcrumb"},"inLanguage":"fr-FR","potentialAction":[{"@type":"ReadAction","target":["https:\/\/amaruoptim.stg.uzero.cat\/fr\/meubles-anciens\/tables-a-manger-et-de-cuisine\/table-de-travail-ancienne-en-bois-massif-et-fer-c-1920-am06007\/"]}]},{"@type":"ImageObject","inLanguage":"fr-FR","@id":"https:\/\/amaruoptim.stg.uzero.cat\/fr\/meubles-anciens\/tables-a-manger-et-de-cuisine\/table-de-travail-ancienne-en-bois-massif-et-fer-c-1920-am06007\/#primaryimage","url":"https:\/\/amaruoptim.stg.uzero.cat\/wp-content\/uploads\/2025\/06\/AM006007-1-2-2.jpg","contentUrl":"https:\/\/amaruoptim.stg.uzero.cat\/wp-content\/uploads\/2025\/06\/AM006007-1-2-2.jpg","width":924,"height":924},{"@type":"BreadcrumbList","@id":"https:\/\/amaruoptim.stg.uzero.cat\/fr\/meubles-anciens\/tables-a-manger-et-de-cuisine\/table-de-travail-ancienne-en-bois-massif-et-fer-c-1920-am06007\/#breadcrumb","itemListElement":[{"@type":"ListItem","position":1,"name":"Accueil","item":"https:\/\/amaruantiques.com\/fr\/"},{"@type":"ListItem","position":2,"name":"Boutique","item":"https:\/\/amaruantiques.com\/fr\/boutique\/"},{"@type":"ListItem","position":3,"name":"Table de travail ancienne en bois massif et fer (vers 1920)"}]},{"@type":"WebSite","@id":"https:\/\/amaruantiques.com\/#website","url":"https:\/\/amaruantiques.com\/","name":"AMARU - Timeless Antiques","description":"Timeless antiques","publisher":{"@id":"https:\/\/amaruantiques.com\/#organization"},"potentialAction":[{"@type":"SearchAction","target":{"@type":"EntryPoint","urlTemplate":"https:\/\/amaruantiques.com\/?s={search_term_string}"},"query-input":{"@type":"PropertyValueSpecification","valueRequired":true,"valueName":"search_term_string"}}],"inLanguage":"fr-FR"},{"@type":"Organization","@id":"https:\/\/amaruantiques.com\/#organization","name":"AMARU","url":"https:\/\/amaruantiques.com\/","logo":{"@type":"ImageObject","inLanguage":"fr-FR","@id":"https:\/\/amaruantiques.com\/#\/schema\/logo\/image\/","url":"https:\/\/amaruoptim.stg.uzero.cat\/wp-content\/uploads\/2025\/04\/logo-AMARU.svg","contentUrl":"https:\/\/amaruoptim.stg.uzero.cat\/wp-content\/uploads\/2025\/04\/logo-AMARU.svg","caption":"AMARU"},"image":{"@id":"https:\/\/amaruantiques.com\/#\/schema\/logo\/image\/"}}]}},"_links":{"self":[{"href":"https:\/\/amaruoptim.stg.uzero.cat\/fr\/wp-json\/wp\/v2\/product\/212380","targetHints":{"allow":["GET"]}}],"collection":[{"href":"https:\/\/amaruoptim.stg.uzero.cat\/fr\/wp-json\/wp\/v2\/product"}],"about":[{"href":"https:\/\/amaruoptim.stg.uzero.cat\/fr\/wp-json\/wp\/v2\/types\/product"}],"wp:featuredmedia":[{"embeddable":true,"href":"https:\/\/amaruoptim.stg.uzero.cat\/fr\/wp-json\/wp\/v2\/media\/228898"}],"wp:attachment":[{"href":"https:\/\/amaruoptim.stg.uzero.cat\/fr\/wp-json\/wp\/v2\/media?parent=212380"}],"wp:term":[{"taxonomy":"product_brand","embeddable":true,"href":"https:\/\/amaruoptim.stg.uzero.cat\/fr\/wp-json\/wp\/v2\/product_brand?post=212380"},{"taxonomy":"product_cat","embeddable":true,"href":"https:\/\/amaruoptim.stg.uzero.cat\/fr\/wp-json\/wp\/v2\/product_cat?post=212380"},{"taxonomy":"product_tag","embeddable":true,"href":"https:\/\/amaruoptim.stg.uzero.cat\/fr\/wp-json\/wp\/v2\/product_tag?post=212380"}],"curies":[{"name":"wp","href":"https:\/\/api.w.org\/{rel}","templated":true}]}}