{"id":212349,"date":"2023-07-31T16:59:20","date_gmt":"2023-08-01T19:53:14","guid":{"rendered":"https:\/\/amaruantiques.com\/?post_type=product&#038;p=212349"},"modified":"2025-06-26T15:46:43","modified_gmt":"2025-06-26T15:46:43","slug":"table-basse-ronde-ancienne-am07011-3","status":"publish","type":"product","link":"https:\/\/amaruoptim.stg.uzero.cat\/fr\/meubles-anciens\/tables-dappoint-tables-du-salon-et-tables-basses\/table-basse-ronde-ancienne-am07011-3\/","title":{"rendered":"Table basse ronde ancienne en bois massif (c.1920)"},"content":{"rendered":"<p><strong>Table basse ronde ancienne<\/strong> (c.1920)<\/p>\n<ul>\n<li><strong>\u00c2ge approximatif:<\/strong> 100 ans<\/li>\n<li><strong>Mat\u00e9riel:<\/strong> Bois de pin massif<\/li>\n<\/ul>\n<p>Notre <em>table basse ronde <\/em> est une pi\u00e8ce unique qui se distingue par son design :<\/p>\n<ol>\n<li>Sa couleur bois naturel int\u00e8gre les espaces avec des mat\u00e9riaux respectueux de la nature.<\/li>\n<li>Sa forme ronde est agr\u00e9able \u00e0 l&#8217;\u0153il et donne du mouvement aux espaces plus rectilignes qui sont courants dans la plupart de nos espaces quotidiens.<\/li>\n<li>Elle peut \u00eatre utilis\u00e9e comme table basse devant un canap\u00e9 ou comme table d&#8217;appoint d\u00e9corative dans n&#8217;importe quel coin de la maison.<\/li>\n<\/ol>\n<p>Il est en excellent \u00e9tat de conservation, \u00e0 l&#8217;exception des imperfections caract\u00e9ristiques de toute antiquit\u00e9, dues au passage du temps.<\/p>\n<p>Notre table basse ronde ancienne est id\u00e9ale comme <a href=\"https:\/\/amaruantiques.com\/fr\/meubles-anciens\/buffets-anciens\/buffet-a-pharmacie-ancien-en-bois-vers-1840\/\">meuble d\u00e9coratif<\/a> dans un coin d&#8217;une pi\u00e8ce spacieuse et lumineuse, ainsi que comme table basse dans une salle \u00e0 manger pour un usage quotidien. Vous pouvez \u00e9galement le combiner avec l&#8217;un de nos<a href=\"https:\/\/amaruantiques.com\/fr\/categoria-producto\/chaises-anciennes\/\"> chaises vintage<\/a> .<\/p>\n<p><em>PI\u00c8CE UNIQUE<\/em><\/p>\n","protected":false},"excerpt":{"rendered":"<p><strong>Dimensions : <\/strong>67 x 65 x 26 cm (Longueur x Largeur x Hauteur)<\/p>\n<p><em>PI\u00c8CE UNIQUE<\/em><\/p>\n","protected":false},"featured_media":228262,"template":"","meta":[],"product_brand":[],"product_cat":[622],"product_tag":[133],"class_list":{"0":"post-212349","1":"product","2":"type-product","3":"status-publish","4":"has-post-thumbnail","6":"product_cat-tables-dappoint-tables-du-salon-et-tables-basses","7":"product_tag-anciennes-tables","8":"product_shipping_class-extra-large-250-fr","9":"pa_estilo-style-rustique","11":"first","12":"instock","13":"sold-individually","14":"taxable","15":"shipping-taxable","16":"purchasable","17":"product-type-simple"},"yoast_head":"<!-- This site is optimized with the Yoast SEO plugin v26.0 - https:\/\/yoast.com\/wordpress\/plugins\/seo\/ -->\n<title>Table basse ronde | Table basse en bois | AMARU ANTIQUES<\/title>\n<meta name=\"description\" content=\"Table basse ronde ancienne (c.1920). D\u00e9couvrez d&#039;autres tables et tabourets anciens et d&#039;autres pi\u00e8ces uniques sur notre site web.\" \/>\n<meta name=\"robots\" content=\"index, follow, max-snippet:-1, max-image-preview:large, max-video-preview:-1\" \/>\n<link rel=\"canonical\" href=\"https:\/\/amaruoptim.stg.uzero.cat\/fr\/meubles-anciens\/tables-dappoint-tables-du-salon-et-tables-basses\/table-basse-ronde-ancienne-am07011-3\/\" \/>\n<meta property=\"og:locale\" content=\"fr_FR\" \/>\n<meta property=\"og:type\" content=\"article\" \/>\n<meta property=\"og:title\" content=\"Table basse ronde | Table basse en bois | AMARU ANTIQUES\" \/>\n<meta property=\"og:description\" content=\"Table basse ronde ancienne (c.1920). D\u00e9couvrez d&#039;autres tables et tabourets anciens et d&#039;autres pi\u00e8ces uniques sur notre site web.\" \/>\n<meta property=\"og:url\" content=\"https:\/\/amaruoptim.stg.uzero.cat\/fr\/meubles-anciens\/tables-dappoint-tables-du-salon-et-tables-basses\/table-basse-ronde-ancienne-am07011-3\/\" \/>\n<meta property=\"og:site_name\" content=\"AMARU\" \/>\n<meta property=\"article:modified_time\" content=\"2025-06-26T15:46:43+00:00\" \/>\n<meta property=\"og:image\" content=\"https:\/\/amaruantiques.com\/wp-content\/uploads\/2025\/06\/AM07011-3-D-1-3.jpg\" \/>\n\t<meta property=\"og:image:width\" content=\"924\" \/>\n\t<meta property=\"og:image:height\" content=\"924\" \/>\n\t<meta property=\"og:image:type\" content=\"image\/jpeg\" \/>\n<meta name=\"twitter:card\" content=\"summary_large_image\" \/>\n<meta name=\"twitter:label1\" content=\"Dur\u00e9e de lecture estim\u00e9e\" \/>\n\t<meta name=\"twitter:data1\" content=\"1 minute\" \/>\n<!-- \/ Yoast SEO plugin. -->","yoast_head_json":{"title":"Table basse ronde | Table basse en bois | AMARU ANTIQUES","description":"Table basse ronde ancienne (c.1920). D\u00e9couvrez d'autres tables et tabourets anciens et d'autres pi\u00e8ces uniques sur notre site web.","robots":{"index":"index","follow":"follow","max-snippet":"max-snippet:-1","max-image-preview":"max-image-preview:large","max-video-preview":"max-video-preview:-1"},"canonical":"https:\/\/amaruoptim.stg.uzero.cat\/fr\/meubles-anciens\/tables-dappoint-tables-du-salon-et-tables-basses\/table-basse-ronde-ancienne-am07011-3\/","og_locale":"fr_FR","og_type":"article","og_title":"Table basse ronde | Table basse en bois | AMARU ANTIQUES","og_description":"Table basse ronde ancienne (c.1920). D\u00e9couvrez d'autres tables et tabourets anciens et d'autres pi\u00e8ces uniques sur notre site web.","og_url":"https:\/\/amaruoptim.stg.uzero.cat\/fr\/meubles-anciens\/tables-dappoint-tables-du-salon-et-tables-basses\/table-basse-ronde-ancienne-am07011-3\/","og_site_name":"AMARU","article_modified_time":"2025-06-26T15:46:43+00:00","og_image":[{"width":924,"height":924,"url":"https:\/\/amaruantiques.com\/wp-content\/uploads\/2025\/06\/AM07011-3-D-1-3.jpg","type":"image\/jpeg"}],"twitter_card":"summary_large_image","twitter_misc":{"Dur\u00e9e de lecture estim\u00e9e":"1 minute"},"schema":{"@context":"https:\/\/schema.org","@graph":[{"@type":"WebPage","@id":"https:\/\/amaruoptim.stg.uzero.cat\/fr\/meubles-anciens\/tables-dappoint-tables-du-salon-et-tables-basses\/table-basse-ronde-ancienne-am07011-3\/","url":"https:\/\/amaruoptim.stg.uzero.cat\/fr\/meubles-anciens\/tables-dappoint-tables-du-salon-et-tables-basses\/table-basse-ronde-ancienne-am07011-3\/","name":"Table basse ronde | Table basse en bois | AMARU ANTIQUES","isPartOf":{"@id":"https:\/\/amaruantiques.com\/#website"},"primaryImageOfPage":{"@id":"https:\/\/amaruoptim.stg.uzero.cat\/fr\/meubles-anciens\/tables-dappoint-tables-du-salon-et-tables-basses\/table-basse-ronde-ancienne-am07011-3\/#primaryimage"},"image":{"@id":"https:\/\/amaruoptim.stg.uzero.cat\/fr\/meubles-anciens\/tables-dappoint-tables-du-salon-et-tables-basses\/table-basse-ronde-ancienne-am07011-3\/#primaryimage"},"thumbnailUrl":"https:\/\/amaruoptim.stg.uzero.cat\/wp-content\/uploads\/2025\/06\/AM07011-3-D-1-3.jpg","datePublished":"2023-08-01T19:53:14+00:00","dateModified":"2025-06-26T15:46:43+00:00","description":"Table basse ronde ancienne (c.1920). D\u00e9couvrez d'autres tables et tabourets anciens et d'autres pi\u00e8ces uniques sur notre site web.","breadcrumb":{"@id":"https:\/\/amaruoptim.stg.uzero.cat\/fr\/meubles-anciens\/tables-dappoint-tables-du-salon-et-tables-basses\/table-basse-ronde-ancienne-am07011-3\/#breadcrumb"},"inLanguage":"fr-FR","potentialAction":[{"@type":"ReadAction","target":["https:\/\/amaruoptim.stg.uzero.cat\/fr\/meubles-anciens\/tables-dappoint-tables-du-salon-et-tables-basses\/table-basse-ronde-ancienne-am07011-3\/"]}]},{"@type":"ImageObject","inLanguage":"fr-FR","@id":"https:\/\/amaruoptim.stg.uzero.cat\/fr\/meubles-anciens\/tables-dappoint-tables-du-salon-et-tables-basses\/table-basse-ronde-ancienne-am07011-3\/#primaryimage","url":"https:\/\/amaruoptim.stg.uzero.cat\/wp-content\/uploads\/2025\/06\/AM07011-3-D-1-3.jpg","contentUrl":"https:\/\/amaruoptim.stg.uzero.cat\/wp-content\/uploads\/2025\/06\/AM07011-3-D-1-3.jpg","width":924,"height":924},{"@type":"BreadcrumbList","@id":"https:\/\/amaruoptim.stg.uzero.cat\/fr\/meubles-anciens\/tables-dappoint-tables-du-salon-et-tables-basses\/table-basse-ronde-ancienne-am07011-3\/#breadcrumb","itemListElement":[{"@type":"ListItem","position":1,"name":"Accueil","item":"https:\/\/amaruantiques.com\/fr\/"},{"@type":"ListItem","position":2,"name":"Boutique","item":"https:\/\/amaruantiques.com\/fr\/boutique\/"},{"@type":"ListItem","position":3,"name":"Table basse ronde ancienne en bois massif (c.1920)"}]},{"@type":"WebSite","@id":"https:\/\/amaruantiques.com\/#website","url":"https:\/\/amaruantiques.com\/","name":"AMARU - Timeless Antiques","description":"Timeless antiques","publisher":{"@id":"https:\/\/amaruantiques.com\/#organization"},"potentialAction":[{"@type":"SearchAction","target":{"@type":"EntryPoint","urlTemplate":"https:\/\/amaruantiques.com\/?s={search_term_string}"},"query-input":{"@type":"PropertyValueSpecification","valueRequired":true,"valueName":"search_term_string"}}],"inLanguage":"fr-FR"},{"@type":"Organization","@id":"https:\/\/amaruantiques.com\/#organization","name":"AMARU","url":"https:\/\/amaruantiques.com\/","logo":{"@type":"ImageObject","inLanguage":"fr-FR","@id":"https:\/\/amaruantiques.com\/#\/schema\/logo\/image\/","url":"https:\/\/amaruoptim.stg.uzero.cat\/wp-content\/uploads\/2025\/04\/logo-AMARU.svg","contentUrl":"https:\/\/amaruoptim.stg.uzero.cat\/wp-content\/uploads\/2025\/04\/logo-AMARU.svg","caption":"AMARU"},"image":{"@id":"https:\/\/amaruantiques.com\/#\/schema\/logo\/image\/"}}]}},"_links":{"self":[{"href":"https:\/\/amaruoptim.stg.uzero.cat\/fr\/wp-json\/wp\/v2\/product\/212349","targetHints":{"allow":["GET"]}}],"collection":[{"href":"https:\/\/amaruoptim.stg.uzero.cat\/fr\/wp-json\/wp\/v2\/product"}],"about":[{"href":"https:\/\/amaruoptim.stg.uzero.cat\/fr\/wp-json\/wp\/v2\/types\/product"}],"wp:featuredmedia":[{"embeddable":true,"href":"https:\/\/amaruoptim.stg.uzero.cat\/fr\/wp-json\/wp\/v2\/media\/228262"}],"wp:attachment":[{"href":"https:\/\/amaruoptim.stg.uzero.cat\/fr\/wp-json\/wp\/v2\/media?parent=212349"}],"wp:term":[{"taxonomy":"product_brand","embeddable":true,"href":"https:\/\/amaruoptim.stg.uzero.cat\/fr\/wp-json\/wp\/v2\/product_brand?post=212349"},{"taxonomy":"product_cat","embeddable":true,"href":"https:\/\/amaruoptim.stg.uzero.cat\/fr\/wp-json\/wp\/v2\/product_cat?post=212349"},{"taxonomy":"product_tag","embeddable":true,"href":"https:\/\/amaruoptim.stg.uzero.cat\/fr\/wp-json\/wp\/v2\/product_tag?post=212349"}],"curies":[{"name":"wp","href":"https:\/\/api.w.org\/{rel}","templated":true}]}}