{"id":212339,"date":"2023-07-27T11:27:21","date_gmt":"2023-07-27T11:31:08","guid":{"rendered":"https:\/\/amaruantiques.com\/?post_type=product&#038;p=212339"},"modified":"2025-06-26T15:46:35","modified_gmt":"2025-06-26T15:46:35","slug":"table-ancienne-blanche-en-bois-massif-france-c-1900","status":"publish","type":"product","link":"https:\/\/amaruoptim.stg.uzero.cat\/fr\/meubles-anciens\/tables-a-manger-et-de-cuisine\/table-ancienne-blanche-en-bois-massif-france-c-1900\/","title":{"rendered":"Table ancienne en bois massif blanc (France, vers 1900)"},"content":{"rendered":"<p><strong>Table ancienne blanche<\/strong>en bois massif \u00e0 deux tiroirs (France, vers 1900).<\/p>\n<ul>\n<li><strong>Mat\u00e9riau :<\/strong> Bois de pin rouge<\/li>\n<li><strong>\u00c2ge: <\/strong>120 ans<\/li>\n<li><strong>Origine:<\/strong> France<\/li>\n<\/ul>\n<p>Notre <em>table blanche ancienne <\/em>est une pi\u00e8ce unique qui se d\u00e9marque par sa qualit\u00e9 :<\/p>\n<ol>\n<li>La combinaison du plan de travail en bois naturel et du reste de la carrosserie avec une patine unique blanc cr\u00e8me.<\/li>\n<li>Ses pieds ont \u00e9t\u00e9 sculpt\u00e9s \u00e0 l&#8217;imitation des colonnes doriques grecques pour mettre en valeur et d\u00e9corer la table, comme s&#8217;il s&#8217;agissait d&#8217;une table de palais.<\/li>\n<li>Id\u00e9al comme pi\u00e8ce d\u00e9corative dans un magasin.<\/li>\n<\/ol>\n<p>Il est en excellent \u00e9tat de conservation, \u00e0 l&#8217;exception des imperfections caract\u00e9ristiques de toute antiquit\u00e9, dues au passage du temps.<\/p>\n<p>Il peut \u00eatre combin\u00e9 avec l&#8217;une de nos <a href=\"https:\/\/amaruantiques.com\/fr\/categoria-producto\/chaises-anciennes\/\">chaises anciennes.<\/a><\/p>\n<p><em>PI\u00c8CE UNIQUE<\/em><\/p>\n","protected":false},"excerpt":{"rendered":"<p><strong>Table ancienne blanche<\/strong>en bois massif \u00e0 deux tiroirs (France, vers 1900).<\/p>\n<p><strong>Dimensions: <\/strong>115 x 77 x 78 cm (L x P x H)<\/p>\n<p><em>PI\u00c8CE UNIQUE<\/em><\/p>\n","protected":false},"featured_media":227995,"template":"","meta":[],"product_brand":[],"product_cat":[629,631],"product_tag":[],"class_list":{"0":"post-212339","1":"product","2":"type-product","3":"status-publish","4":"has-post-thumbnail","6":"product_cat-tables-a-manger-et-de-cuisine","7":"product_cat-ilots-de-cuisine-anciennes","8":"product_shipping_class-gran-cargo-1000-fr","9":"pa_estilo-provencal-francais","11":"first","12":"instock","13":"sale","14":"taxable","15":"shipping-taxable","16":"purchasable","17":"product-type-simple"},"yoast_head":"<!-- This site is optimized with the Yoast SEO plugin v26.0 - https:\/\/yoast.com\/wordpress\/plugins\/seo\/ -->\n<title>Table blanche ancienne | Table en bois blanc | AMARU ANTIQUES<\/title>\n<meta name=\"description\" content=\"Table ancienne en bois massif blanc \u00e0 deux tiroirs (France, vers 1900). D\u00e9couvrez plus de tables anciennes, tabourets et plus de pi\u00e8ces uniques sur notre site\" \/>\n<meta name=\"robots\" content=\"index, follow, max-snippet:-1, max-image-preview:large, max-video-preview:-1\" \/>\n<link rel=\"canonical\" href=\"https:\/\/amaruoptim.stg.uzero.cat\/fr\/meubles-anciens\/tables-a-manger-et-de-cuisine\/table-ancienne-blanche-en-bois-massif-france-c-1900\/\" \/>\n<meta property=\"og:locale\" content=\"fr_FR\" \/>\n<meta property=\"og:type\" content=\"article\" \/>\n<meta property=\"og:title\" content=\"Table blanche ancienne | Table en bois blanc | AMARU ANTIQUES\" \/>\n<meta property=\"og:description\" content=\"Table ancienne en bois massif blanc \u00e0 deux tiroirs (France, vers 1900). D\u00e9couvrez plus de tables anciennes, tabourets et plus de pi\u00e8ces uniques sur notre site\" \/>\n<meta property=\"og:url\" content=\"https:\/\/amaruoptim.stg.uzero.cat\/fr\/meubles-anciens\/tables-a-manger-et-de-cuisine\/table-ancienne-blanche-en-bois-massif-france-c-1900\/\" \/>\n<meta property=\"og:site_name\" content=\"AMARU\" \/>\n<meta property=\"article:modified_time\" content=\"2025-06-26T15:46:35+00:00\" \/>\n<meta property=\"og:image\" content=\"https:\/\/amaruantiques.com\/wp-content\/uploads\/2025\/06\/AM06108-D-1-4.jpg\" \/>\n\t<meta property=\"og:image:width\" content=\"1600\" \/>\n\t<meta property=\"og:image:height\" content=\"1600\" \/>\n\t<meta property=\"og:image:type\" content=\"image\/jpeg\" \/>\n<meta name=\"twitter:card\" content=\"summary_large_image\" \/>\n<meta name=\"twitter:label1\" content=\"Dur\u00e9e de lecture estim\u00e9e\" \/>\n\t<meta name=\"twitter:data1\" content=\"1 minute\" \/>\n<!-- \/ Yoast SEO plugin. -->","yoast_head_json":{"title":"Table blanche ancienne | Table en bois blanc | AMARU ANTIQUES","description":"Table ancienne en bois massif blanc \u00e0 deux tiroirs (France, vers 1900). D\u00e9couvrez plus de tables anciennes, tabourets et plus de pi\u00e8ces uniques sur notre site","robots":{"index":"index","follow":"follow","max-snippet":"max-snippet:-1","max-image-preview":"max-image-preview:large","max-video-preview":"max-video-preview:-1"},"canonical":"https:\/\/amaruoptim.stg.uzero.cat\/fr\/meubles-anciens\/tables-a-manger-et-de-cuisine\/table-ancienne-blanche-en-bois-massif-france-c-1900\/","og_locale":"fr_FR","og_type":"article","og_title":"Table blanche ancienne | Table en bois blanc | AMARU ANTIQUES","og_description":"Table ancienne en bois massif blanc \u00e0 deux tiroirs (France, vers 1900). D\u00e9couvrez plus de tables anciennes, tabourets et plus de pi\u00e8ces uniques sur notre site","og_url":"https:\/\/amaruoptim.stg.uzero.cat\/fr\/meubles-anciens\/tables-a-manger-et-de-cuisine\/table-ancienne-blanche-en-bois-massif-france-c-1900\/","og_site_name":"AMARU","article_modified_time":"2025-06-26T15:46:35+00:00","og_image":[{"width":1600,"height":1600,"url":"https:\/\/amaruantiques.com\/wp-content\/uploads\/2025\/06\/AM06108-D-1-4.jpg","type":"image\/jpeg"}],"twitter_card":"summary_large_image","twitter_misc":{"Dur\u00e9e de lecture estim\u00e9e":"1 minute"},"schema":{"@context":"https:\/\/schema.org","@graph":[{"@type":"WebPage","@id":"https:\/\/amaruoptim.stg.uzero.cat\/fr\/meubles-anciens\/tables-a-manger-et-de-cuisine\/table-ancienne-blanche-en-bois-massif-france-c-1900\/","url":"https:\/\/amaruoptim.stg.uzero.cat\/fr\/meubles-anciens\/tables-a-manger-et-de-cuisine\/table-ancienne-blanche-en-bois-massif-france-c-1900\/","name":"Table blanche ancienne | Table en bois blanc | AMARU ANTIQUES","isPartOf":{"@id":"https:\/\/amaruantiques.com\/#website"},"primaryImageOfPage":{"@id":"https:\/\/amaruoptim.stg.uzero.cat\/fr\/meubles-anciens\/tables-a-manger-et-de-cuisine\/table-ancienne-blanche-en-bois-massif-france-c-1900\/#primaryimage"},"image":{"@id":"https:\/\/amaruoptim.stg.uzero.cat\/fr\/meubles-anciens\/tables-a-manger-et-de-cuisine\/table-ancienne-blanche-en-bois-massif-france-c-1900\/#primaryimage"},"thumbnailUrl":"https:\/\/amaruoptim.stg.uzero.cat\/wp-content\/uploads\/2025\/06\/AM06108-D-1-4.jpg","datePublished":"2023-07-27T11:31:08+00:00","dateModified":"2025-06-26T15:46:35+00:00","description":"Table ancienne en bois massif blanc \u00e0 deux tiroirs (France, vers 1900). D\u00e9couvrez plus de tables anciennes, tabourets et plus de pi\u00e8ces uniques sur notre site","breadcrumb":{"@id":"https:\/\/amaruoptim.stg.uzero.cat\/fr\/meubles-anciens\/tables-a-manger-et-de-cuisine\/table-ancienne-blanche-en-bois-massif-france-c-1900\/#breadcrumb"},"inLanguage":"fr-FR","potentialAction":[{"@type":"ReadAction","target":["https:\/\/amaruoptim.stg.uzero.cat\/fr\/meubles-anciens\/tables-a-manger-et-de-cuisine\/table-ancienne-blanche-en-bois-massif-france-c-1900\/"]}]},{"@type":"ImageObject","inLanguage":"fr-FR","@id":"https:\/\/amaruoptim.stg.uzero.cat\/fr\/meubles-anciens\/tables-a-manger-et-de-cuisine\/table-ancienne-blanche-en-bois-massif-france-c-1900\/#primaryimage","url":"https:\/\/amaruoptim.stg.uzero.cat\/wp-content\/uploads\/2025\/06\/AM06108-D-1-4.jpg","contentUrl":"https:\/\/amaruoptim.stg.uzero.cat\/wp-content\/uploads\/2025\/06\/AM06108-D-1-4.jpg","width":1600,"height":1600},{"@type":"BreadcrumbList","@id":"https:\/\/amaruoptim.stg.uzero.cat\/fr\/meubles-anciens\/tables-a-manger-et-de-cuisine\/table-ancienne-blanche-en-bois-massif-france-c-1900\/#breadcrumb","itemListElement":[{"@type":"ListItem","position":1,"name":"Accueil","item":"https:\/\/amaruantiques.com\/fr\/"},{"@type":"ListItem","position":2,"name":"Boutique","item":"https:\/\/amaruantiques.com\/fr\/boutique\/"},{"@type":"ListItem","position":3,"name":"Table ancienne en bois massif blanc (France, vers 1900)"}]},{"@type":"WebSite","@id":"https:\/\/amaruantiques.com\/#website","url":"https:\/\/amaruantiques.com\/","name":"AMARU - Timeless Antiques","description":"Timeless antiques","publisher":{"@id":"https:\/\/amaruantiques.com\/#organization"},"potentialAction":[{"@type":"SearchAction","target":{"@type":"EntryPoint","urlTemplate":"https:\/\/amaruantiques.com\/?s={search_term_string}"},"query-input":{"@type":"PropertyValueSpecification","valueRequired":true,"valueName":"search_term_string"}}],"inLanguage":"fr-FR"},{"@type":"Organization","@id":"https:\/\/amaruantiques.com\/#organization","name":"AMARU","url":"https:\/\/amaruantiques.com\/","logo":{"@type":"ImageObject","inLanguage":"fr-FR","@id":"https:\/\/amaruantiques.com\/#\/schema\/logo\/image\/","url":"https:\/\/amaruoptim.stg.uzero.cat\/wp-content\/uploads\/2025\/04\/logo-AMARU.svg","contentUrl":"https:\/\/amaruoptim.stg.uzero.cat\/wp-content\/uploads\/2025\/04\/logo-AMARU.svg","caption":"AMARU"},"image":{"@id":"https:\/\/amaruantiques.com\/#\/schema\/logo\/image\/"}}]}},"_links":{"self":[{"href":"https:\/\/amaruoptim.stg.uzero.cat\/fr\/wp-json\/wp\/v2\/product\/212339","targetHints":{"allow":["GET"]}}],"collection":[{"href":"https:\/\/amaruoptim.stg.uzero.cat\/fr\/wp-json\/wp\/v2\/product"}],"about":[{"href":"https:\/\/amaruoptim.stg.uzero.cat\/fr\/wp-json\/wp\/v2\/types\/product"}],"wp:featuredmedia":[{"embeddable":true,"href":"https:\/\/amaruoptim.stg.uzero.cat\/fr\/wp-json\/wp\/v2\/media\/227995"}],"wp:attachment":[{"href":"https:\/\/amaruoptim.stg.uzero.cat\/fr\/wp-json\/wp\/v2\/media?parent=212339"}],"wp:term":[{"taxonomy":"product_brand","embeddable":true,"href":"https:\/\/amaruoptim.stg.uzero.cat\/fr\/wp-json\/wp\/v2\/product_brand?post=212339"},{"taxonomy":"product_cat","embeddable":true,"href":"https:\/\/amaruoptim.stg.uzero.cat\/fr\/wp-json\/wp\/v2\/product_cat?post=212339"},{"taxonomy":"product_tag","embeddable":true,"href":"https:\/\/amaruoptim.stg.uzero.cat\/fr\/wp-json\/wp\/v2\/product_tag?post=212339"}],"curies":[{"name":"wp","href":"https:\/\/api.w.org\/{rel}","templated":true}]}}